{"id":5135,"date":"2025-05-16T20:01:46","date_gmt":"2025-05-17T00:01:46","guid":{"rendered":"https:\/\/bboxbeauty.ca\/product\/tizo-mineral-sun-defence-tinted\/"},"modified":"2026-01-19T08:25:40","modified_gmt":"2026-01-19T13:25:40","slug":"tizo-mineral-sun-defence-tinted","status":"publish","type":"product","link":"https:\/\/bboxbeauty.ca\/fr\/produit\/tizo-mineral-sun-defence-tinted\/","title":{"rendered":"Tizo Mineral Sun Defence Teint\u00e9e"},"content":{"rendered":"<p>TiZO\u00ae Mineral Sun Defense est un \u00e9cran solaire min\u00e9ral doux et teint\u00e9 con\u00e7u pour aider \u00e0 prot\u00e9ger la peau chaque jour des effets n\u00e9fastes du soleil. Les oxydes de titane et de zinc r\u00e9fl\u00e9chissent les rayons UVA et UVB, tandis que les antioxydants aident \u00e0 d\u00e9fendre la peau contre les radicaux libres. Le fini satin\u00e9 est id\u00e9al pour une utilisation quotidienne.<\/p>\n<ul>\n<li>M\u00e9lange de dioxyde de titane et d&rsquo;oxyde de zinc<\/li>\n<li>R\u00e9sistant \u00e0 l&rsquo;eau (40 minutes)<\/li>\n<li>Teinte claire, fini satin\u00e9 l\u00e9ger<\/li>\n<li>Protection douce id\u00e9ale pour une utilisation quotidienne<\/li>\n<li>Exempt de filtres solaires chimiques, de colorants, de parfums, d&rsquo;huiles et de conservateurs.<\/li>\n<li>Respectueux des r\u00e9cifs<\/li>\n<\/ul>\n","protected":false},"excerpt":{"rendered":"<p>TiZO\u00ae Mineral Sun Defense est un \u00e9cran solaire min\u00e9ral doux et teint\u00e9 con\u00e7u pour aider \u00e0 prot\u00e9ger la peau chaque jour des effets n\u00e9fastes du soleil. Les oxydes de titane et de zinc r\u00e9fl\u00e9chissent les rayons UVA et UVB, tandis que les antioxydants aident \u00e0 d\u00e9fendre la peau contre les radicaux libres. Le fini satin\u00e9 [&#8230;]\n","protected":false},"featured_media":5132,"comment_status":"open","ping_status":"closed","template":"","meta":[],"product_brand":[],"product_cat":[119,104,117,114,115,112,101,121,109,92],"product_tag":[],"giftcard-category":[],"class_list":{"0":"post-5135","1":"product","2":"type-product","3":"status-publish","4":"has-post-thumbnail","6":"product_cat-anti-age","7":"product_cat-marques","8":"product_cat-peau-deshydratee","9":"product_cat-peau-seche","10":"product_cat-peau-sensible","11":"product_cat-preoccupations-cutanees","12":"product_cat-protection-solaire","13":"product_cat-taches-de-vieillesse-et-hyperpigmentation","14":"product_cat-tizo-fr","15":"product_cat-visage-corps","17":"first","18":"instock","19":"taxable","20":"shipping-taxable","21":"purchasable","22":"product-type-simple"},"yoast_head":"<!-- This site is optimized with the Yoast SEO plugin v27.3 - https:\/\/yoast.com\/product\/yoast-seo-wordpress\/ -->\n<title>Tizo Mineral Sun Defence Teint\u00e9e | B-BOX Beauty<\/title>\n<meta name=\"description\" content=\"Prot\u00e9gez votre peau avec Tizo Mineral Sun Defense - un \u00e9cran solaire l\u00e9ger \u00e0 large spectre SPF 40 \u00e0 base d&#039;oxyde de zinc et de dioxyde de titane. Id\u00e9al pour les peaux sensibles et les peaux ayant subi une intervention chirurgicale. Sans danger pour les r\u00e9cifs, non com\u00e9dog\u00e8ne et finition soyeuse.\" \/>\n<meta name=\"robots\" content=\"index, follow, max-snippet:-1, max-image-preview:large, max-video-preview:-1\" \/>\n<link rel=\"canonical\" href=\"https:\/\/bboxbeauty.ca\/fr\/produit\/tizo-mineral-sun-defence-tinted\/\" \/>\n<script type=\"application\/ld+json\" class=\"yoast-schema-graph\">{\"@context\":\"https:\\\/\\\/schema.org\",\"@graph\":[{\"@type\":\"WebPage\",\"@id\":\"https:\\\/\\\/bboxbeauty.ca\\\/fr\\\/produit\\\/tizo-mineral-sun-defence-tinted\\\/\",\"url\":\"https:\\\/\\\/bboxbeauty.ca\\\/fr\\\/produit\\\/tizo-mineral-sun-defence-tinted\\\/\",\"name\":\"Tizo Mineral Sun Defence Teint\u00e9e | B-BOX Beauty\",\"isPartOf\":{\"@id\":\"https:\\\/\\\/bboxbeauty.ca\\\/fr\\\/#website\"},\"primaryImageOfPage\":{\"@id\":\"https:\\\/\\\/bboxbeauty.ca\\\/fr\\\/produit\\\/tizo-mineral-sun-defence-tinted\\\/#primaryimage\"},\"image\":{\"@id\":\"https:\\\/\\\/bboxbeauty.ca\\\/fr\\\/produit\\\/tizo-mineral-sun-defence-tinted\\\/#primaryimage\"},\"thumbnailUrl\":\"https:\\\/\\\/bboxbeauty.ca\\\/wp-content\\\/uploads\\\/2025\\\/05\\\/TiZO_Mineral_Sun_Defense.webp\",\"datePublished\":\"2025-05-17T00:01:46+00:00\",\"dateModified\":\"2026-01-19T13:25:40+00:00\",\"description\":\"Prot\u00e9gez votre peau avec Tizo Mineral Sun Defense - un \u00e9cran solaire l\u00e9ger \u00e0 large spectre SPF 40 \u00e0 base d'oxyde de zinc et de dioxyde de titane. Id\u00e9al pour les peaux sensibles et les peaux ayant subi une intervention chirurgicale. Sans danger pour les r\u00e9cifs, non com\u00e9dog\u00e8ne et finition soyeuse.\",\"breadcrumb\":{\"@id\":\"https:\\\/\\\/bboxbeauty.ca\\\/fr\\\/produit\\\/tizo-mineral-sun-defence-tinted\\\/#breadcrumb\"},\"inLanguage\":\"fr-FR\",\"potentialAction\":[{\"@type\":\"ReadAction\",\"target\":[\"https:\\\/\\\/bboxbeauty.ca\\\/fr\\\/produit\\\/tizo-mineral-sun-defence-tinted\\\/\"]}]},{\"@type\":\"ImageObject\",\"inLanguage\":\"fr-FR\",\"@id\":\"https:\\\/\\\/bboxbeauty.ca\\\/fr\\\/produit\\\/tizo-mineral-sun-defence-tinted\\\/#primaryimage\",\"url\":\"https:\\\/\\\/bboxbeauty.ca\\\/wp-content\\\/uploads\\\/2025\\\/05\\\/TiZO_Mineral_Sun_Defense.webp\",\"contentUrl\":\"https:\\\/\\\/bboxbeauty.ca\\\/wp-content\\\/uploads\\\/2025\\\/05\\\/TiZO_Mineral_Sun_Defense.webp\",\"width\":1800,\"height\":1800},{\"@type\":\"BreadcrumbList\",\"@id\":\"https:\\\/\\\/bboxbeauty.ca\\\/fr\\\/produit\\\/tizo-mineral-sun-defence-tinted\\\/#breadcrumb\",\"itemListElement\":[{\"@type\":\"ListItem\",\"position\":1,\"name\":\"Home\",\"item\":\"https:\\\/\\\/bboxbeauty.ca\\\/fr\\\/\"},{\"@type\":\"ListItem\",\"position\":2,\"name\":\"Boutique\",\"item\":\"https:\\\/\\\/bboxbeauty.ca\\\/fr\\\/boutique\\\/\"},{\"@type\":\"ListItem\",\"position\":3,\"name\":\"Tizo Mineral Sun Defence Teint\u00e9e\"}]},{\"@type\":\"WebSite\",\"@id\":\"https:\\\/\\\/bboxbeauty.ca\\\/fr\\\/#website\",\"url\":\"https:\\\/\\\/bboxbeauty.ca\\\/fr\\\/\",\"name\":\"B-BOX Beauty\",\"description\":\"Skin Care To The Next Level\",\"publisher\":{\"@id\":\"https:\\\/\\\/bboxbeauty.ca\\\/fr\\\/#organization\"},\"alternateName\":\"B-Box\",\"potentialAction\":[{\"@type\":\"SearchAction\",\"target\":{\"@type\":\"EntryPoint\",\"urlTemplate\":\"https:\\\/\\\/bboxbeauty.ca\\\/fr\\\/?s={search_term_string}\"},\"query-input\":{\"@type\":\"PropertyValueSpecification\",\"valueRequired\":true,\"valueName\":\"search_term_string\"}}],\"inLanguage\":\"fr-FR\"},{\"@type\":\"Organization\",\"@id\":\"https:\\\/\\\/bboxbeauty.ca\\\/fr\\\/#organization\",\"name\":\"B-Box Beauty\",\"alternateName\":\"B-Box\",\"url\":\"https:\\\/\\\/bboxbeauty.ca\\\/fr\\\/\",\"logo\":{\"@type\":\"ImageObject\",\"inLanguage\":\"fr-FR\",\"@id\":\"https:\\\/\\\/bboxbeauty.ca\\\/fr\\\/#\\\/schema\\\/logo\\\/image\\\/\",\"url\":\"https:\\\/\\\/bboxbeauty.ca\\\/wp-content\\\/uploads\\\/2022\\\/11\\\/logo.png\",\"contentUrl\":\"https:\\\/\\\/bboxbeauty.ca\\\/wp-content\\\/uploads\\\/2022\\\/11\\\/logo.png\",\"width\":250,\"height\":87,\"caption\":\"B-Box Beauty\"},\"image\":{\"@id\":\"https:\\\/\\\/bboxbeauty.ca\\\/fr\\\/#\\\/schema\\\/logo\\\/image\\\/\"},\"sameAs\":[\"https:\\\/\\\/www.facebook.com\\\/BBoxBeauty\\\/\",\"https:\\\/\\\/www.instagram.com\\\/bboxbeauty\\\/\",\"https:\\\/\\\/www.linkedin.com\\\/company\\\/b-box-beauty\\\/\"]}]}<\/script>\n<!-- \/ Yoast SEO plugin. -->","yoast_head_json":{"title":"Tizo Mineral Sun Defence Teint\u00e9e | B-BOX Beauty","description":"Prot\u00e9gez votre peau avec Tizo Mineral Sun Defense - un \u00e9cran solaire l\u00e9ger \u00e0 large spectre SPF 40 \u00e0 base d'oxyde de zinc et de dioxyde de titane. Id\u00e9al pour les peaux sensibles et les peaux ayant subi une intervention chirurgicale. Sans danger pour les r\u00e9cifs, non com\u00e9dog\u00e8ne et finition soyeuse.","robots":{"index":"index","follow":"follow","max-snippet":"max-snippet:-1","max-image-preview":"max-image-preview:large","max-video-preview":"max-video-preview:-1"},"canonical":"https:\/\/bboxbeauty.ca\/fr\/produit\/tizo-mineral-sun-defence-tinted\/","schema":{"@context":"https:\/\/schema.org","@graph":[{"@type":"WebPage","@id":"https:\/\/bboxbeauty.ca\/fr\/produit\/tizo-mineral-sun-defence-tinted\/","url":"https:\/\/bboxbeauty.ca\/fr\/produit\/tizo-mineral-sun-defence-tinted\/","name":"Tizo Mineral Sun Defence Teint\u00e9e | B-BOX Beauty","isPartOf":{"@id":"https:\/\/bboxbeauty.ca\/fr\/#website"},"primaryImageOfPage":{"@id":"https:\/\/bboxbeauty.ca\/fr\/produit\/tizo-mineral-sun-defence-tinted\/#primaryimage"},"image":{"@id":"https:\/\/bboxbeauty.ca\/fr\/produit\/tizo-mineral-sun-defence-tinted\/#primaryimage"},"thumbnailUrl":"https:\/\/bboxbeauty.ca\/wp-content\/uploads\/2025\/05\/TiZO_Mineral_Sun_Defense.webp","datePublished":"2025-05-17T00:01:46+00:00","dateModified":"2026-01-19T13:25:40+00:00","description":"Prot\u00e9gez votre peau avec Tizo Mineral Sun Defense - un \u00e9cran solaire l\u00e9ger \u00e0 large spectre SPF 40 \u00e0 base d'oxyde de zinc et de dioxyde de titane. Id\u00e9al pour les peaux sensibles et les peaux ayant subi une intervention chirurgicale. Sans danger pour les r\u00e9cifs, non com\u00e9dog\u00e8ne et finition soyeuse.","breadcrumb":{"@id":"https:\/\/bboxbeauty.ca\/fr\/produit\/tizo-mineral-sun-defence-tinted\/#breadcrumb"},"inLanguage":"fr-FR","potentialAction":[{"@type":"ReadAction","target":["https:\/\/bboxbeauty.ca\/fr\/produit\/tizo-mineral-sun-defence-tinted\/"]}]},{"@type":"ImageObject","inLanguage":"fr-FR","@id":"https:\/\/bboxbeauty.ca\/fr\/produit\/tizo-mineral-sun-defence-tinted\/#primaryimage","url":"https:\/\/bboxbeauty.ca\/wp-content\/uploads\/2025\/05\/TiZO_Mineral_Sun_Defense.webp","contentUrl":"https:\/\/bboxbeauty.ca\/wp-content\/uploads\/2025\/05\/TiZO_Mineral_Sun_Defense.webp","width":1800,"height":1800},{"@type":"BreadcrumbList","@id":"https:\/\/bboxbeauty.ca\/fr\/produit\/tizo-mineral-sun-defence-tinted\/#breadcrumb","itemListElement":[{"@type":"ListItem","position":1,"name":"Home","item":"https:\/\/bboxbeauty.ca\/fr\/"},{"@type":"ListItem","position":2,"name":"Boutique","item":"https:\/\/bboxbeauty.ca\/fr\/boutique\/"},{"@type":"ListItem","position":3,"name":"Tizo Mineral Sun Defence Teint\u00e9e"}]},{"@type":"WebSite","@id":"https:\/\/bboxbeauty.ca\/fr\/#website","url":"https:\/\/bboxbeauty.ca\/fr\/","name":"B-BOX Beauty","description":"Skin Care To The Next Level","publisher":{"@id":"https:\/\/bboxbeauty.ca\/fr\/#organization"},"alternateName":"B-Box","potentialAction":[{"@type":"SearchAction","target":{"@type":"EntryPoint","urlTemplate":"https:\/\/bboxbeauty.ca\/fr\/?s={search_term_string}"},"query-input":{"@type":"PropertyValueSpecification","valueRequired":true,"valueName":"search_term_string"}}],"inLanguage":"fr-FR"},{"@type":"Organization","@id":"https:\/\/bboxbeauty.ca\/fr\/#organization","name":"B-Box Beauty","alternateName":"B-Box","url":"https:\/\/bboxbeauty.ca\/fr\/","logo":{"@type":"ImageObject","inLanguage":"fr-FR","@id":"https:\/\/bboxbeauty.ca\/fr\/#\/schema\/logo\/image\/","url":"https:\/\/bboxbeauty.ca\/wp-content\/uploads\/2022\/11\/logo.png","contentUrl":"https:\/\/bboxbeauty.ca\/wp-content\/uploads\/2022\/11\/logo.png","width":250,"height":87,"caption":"B-Box Beauty"},"image":{"@id":"https:\/\/bboxbeauty.ca\/fr\/#\/schema\/logo\/image\/"},"sameAs":["https:\/\/www.facebook.com\/BBoxBeauty\/","https:\/\/www.instagram.com\/bboxbeauty\/","https:\/\/www.linkedin.com\/company\/b-box-beauty\/"]}]}},"_links":{"self":[{"href":"https:\/\/bboxbeauty.ca\/fr\/wp-json\/wp\/v2\/product\/5135","targetHints":{"allow":["GET"]}}],"collection":[{"href":"https:\/\/bboxbeauty.ca\/fr\/wp-json\/wp\/v2\/product"}],"about":[{"href":"https:\/\/bboxbeauty.ca\/fr\/wp-json\/wp\/v2\/types\/product"}],"replies":[{"embeddable":true,"href":"https:\/\/bboxbeauty.ca\/fr\/wp-json\/wp\/v2\/comments?post=5135"}],"wp:featuredmedia":[{"embeddable":true,"href":"https:\/\/bboxbeauty.ca\/fr\/wp-json\/wp\/v2\/media\/5132"}],"wp:attachment":[{"href":"https:\/\/bboxbeauty.ca\/fr\/wp-json\/wp\/v2\/media?parent=5135"}],"wp:term":[{"taxonomy":"product_brand","embeddable":true,"href":"https:\/\/bboxbeauty.ca\/fr\/wp-json\/wp\/v2\/product_brand?post=5135"},{"taxonomy":"product_cat","embeddable":true,"href":"https:\/\/bboxbeauty.ca\/fr\/wp-json\/wp\/v2\/product_cat?post=5135"},{"taxonomy":"product_tag","embeddable":true,"href":"https:\/\/bboxbeauty.ca\/fr\/wp-json\/wp\/v2\/product_tag?post=5135"},{"taxonomy":"giftcard-category","embeddable":true,"href":"https:\/\/bboxbeauty.ca\/fr\/wp-json\/wp\/v2\/giftcard-category?post=5135"}],"curies":[{"name":"wp","href":"https:\/\/api.w.org\/{rel}","templated":true}]}}