{"id":4873,"date":"2024-12-09T11:23:58","date_gmt":"2024-12-09T16:23:58","guid":{"rendered":"https:\/\/bboxbeauty.ca\/product\/cell-rejuvenation-post-cream\/"},"modified":"2024-12-09T11:31:05","modified_gmt":"2024-12-09T16:31:05","slug":"cell-rejuvenation-post-cream","status":"publish","type":"product","link":"https:\/\/bboxbeauty.ca\/fr\/produit\/cell-rejuvenation-post-cream\/","title":{"rendered":"Cell Rejuvenation Post Cream"},"content":{"rendered":"<p>Donnez un coup de pouce \u00e0 votre peau apr\u00e8s les proc\u00e9dures dermatologiques avec la cr\u00e8me post-rajeunissement cellulaire de TRANDMI. Cette cr\u00e8me luxueuse est formul\u00e9e pour acc\u00e9l\u00e9rer le processus naturel de gu\u00e9rison de votre peau, favorisant une r\u00e9g\u00e9n\u00e9ration rapide apr\u00e8s des traitements tels que les peelings chimiques et les traitements lasers.<\/p>\n<ul>\n<li>Enrichie de 6 types de peptides facteurs de croissance, elle aide \u00e0 r\u00e9parer et \u00e0 restaurer la peau endommag\u00e9e.<\/li>\n<li>5 types d&rsquo;acide hyaluronique assurent une hydratation en profondeur.<\/li>\n<\/ul>\n<p>La formule enti\u00e8rement naturelle de TRANDMI, class\u00e9e verte, contient \u00e9galement de l&rsquo;extrait de Centella Asiatica, des extraits de plantes et des huiles \u00e0 base de plantes pour apaiser, prot\u00e9ger et renforcer la barri\u00e8re cutan\u00e9e. Il suffit de l&rsquo;appliquer comme derni\u00e8re \u00e9tape de votre routine de soins de la peau, ou de l&rsquo;utiliser plus fr\u00e9quemment pour obtenir un suppl\u00e9ment de soins apr\u00e8s l&rsquo;intervention.<\/p>\n","protected":false},"excerpt":{"rendered":"<p>Une cr\u00e8me con\u00e7ue pour favoriser une r\u00e9g\u00e9n\u00e9ration rapide de la peau apr\u00e8s des proc\u00e9dures dermatologiques. Elle contient des peptides (facteurs de croissance \u00e9pidermiques) pour restaurer la peau endommag\u00e9e et de l&rsquo;acide hyaluronique pour l&rsquo;hydrater. La cr\u00e8me est formul\u00e9e \u00e0 partir d&rsquo;ingr\u00e9dients enti\u00e8rement naturels, class\u00e9s verts, et convient \u00e0 tous les types de peau.<\/p>\n","protected":false},"featured_media":4872,"comment_status":"open","ping_status":"closed","template":"","meta":[],"product_brand":[],"product_cat":[97,104,117,114,115,112,167,92],"product_tag":[],"giftcard-category":[],"class_list":{"0":"post-4873","1":"product","2":"type-product","3":"status-publish","4":"has-post-thumbnail","6":"product_cat-emulsions-cremes-de-traitement","7":"product_cat-marques","8":"product_cat-peau-deshydratee","9":"product_cat-peau-seche","10":"product_cat-peau-sensible","11":"product_cat-preoccupations-cutanees","12":"product_cat-trandmi-fr","13":"product_cat-visage-corps","15":"first","16":"instock","17":"taxable","18":"shipping-taxable","19":"purchasable","20":"product-type-simple"},"yoast_head":"<!-- This site is optimized with the Yoast SEO plugin v27.5 - https:\/\/yoast.com\/product\/yoast-seo-wordpress\/ -->\n<title>Cell Rejuvenation Post Cream | B-BOX Beauty<\/title>\n<meta name=\"description\" content=\"Une cr\u00e8me con\u00e7ue pour favoriser une r\u00e9g\u00e9n\u00e9ration rapide de la peau apr\u00e8s des proc\u00e9dures dermatologiques. Elle contient des peptides (facteurs de croissance \u00e9pidermiques) pour restaurer la peau endommag\u00e9e et de l&#039;acide hyaluronique pour l&#039;hydrater. La cr\u00e8me est formul\u00e9e \u00e0 partir d&#039;ingr\u00e9dients enti\u00e8rement naturels, class\u00e9s verts, et convient \u00e0 tous les types de peau.\" \/>\n<meta name=\"robots\" content=\"index, follow, max-snippet:-1, max-image-preview:large, max-video-preview:-1\" \/>\n<link rel=\"canonical\" href=\"https:\/\/bboxbeauty.ca\/fr\/produit\/cell-rejuvenation-post-cream\/\" \/>\n<script type=\"application\/ld+json\" class=\"yoast-schema-graph\">{\"@context\":\"https:\\\/\\\/schema.org\",\"@graph\":[{\"@type\":\"WebPage\",\"@id\":\"https:\\\/\\\/bboxbeauty.ca\\\/fr\\\/produit\\\/cell-rejuvenation-post-cream\\\/\",\"url\":\"https:\\\/\\\/bboxbeauty.ca\\\/fr\\\/produit\\\/cell-rejuvenation-post-cream\\\/\",\"name\":\"Cell Rejuvenation Post Cream | B-BOX Beauty\",\"isPartOf\":{\"@id\":\"https:\\\/\\\/bboxbeauty.ca\\\/fr\\\/#website\"},\"primaryImageOfPage\":{\"@id\":\"https:\\\/\\\/bboxbeauty.ca\\\/fr\\\/produit\\\/cell-rejuvenation-post-cream\\\/#primaryimage\"},\"image\":{\"@id\":\"https:\\\/\\\/bboxbeauty.ca\\\/fr\\\/produit\\\/cell-rejuvenation-post-cream\\\/#primaryimage\"},\"thumbnailUrl\":\"https:\\\/\\\/bboxbeauty.ca\\\/wp-content\\\/uploads\\\/2024\\\/12\\\/Cell_rejuvenation_post_cream.png\",\"datePublished\":\"2024-12-09T16:23:58+00:00\",\"dateModified\":\"2024-12-09T16:31:05+00:00\",\"description\":\"Une cr\u00e8me con\u00e7ue pour favoriser une r\u00e9g\u00e9n\u00e9ration rapide de la peau apr\u00e8s des proc\u00e9dures dermatologiques. Elle contient des peptides (facteurs de croissance \u00e9pidermiques) pour restaurer la peau endommag\u00e9e et de l'acide hyaluronique pour l'hydrater. La cr\u00e8me est formul\u00e9e \u00e0 partir d'ingr\u00e9dients enti\u00e8rement naturels, class\u00e9s verts, et convient \u00e0 tous les types de peau.\",\"breadcrumb\":{\"@id\":\"https:\\\/\\\/bboxbeauty.ca\\\/fr\\\/produit\\\/cell-rejuvenation-post-cream\\\/#breadcrumb\"},\"inLanguage\":\"fr-FR\",\"potentialAction\":[{\"@type\":\"ReadAction\",\"target\":[\"https:\\\/\\\/bboxbeauty.ca\\\/fr\\\/produit\\\/cell-rejuvenation-post-cream\\\/\"]}]},{\"@type\":\"ImageObject\",\"inLanguage\":\"fr-FR\",\"@id\":\"https:\\\/\\\/bboxbeauty.ca\\\/fr\\\/produit\\\/cell-rejuvenation-post-cream\\\/#primaryimage\",\"url\":\"https:\\\/\\\/bboxbeauty.ca\\\/wp-content\\\/uploads\\\/2024\\\/12\\\/Cell_rejuvenation_post_cream.png\",\"contentUrl\":\"https:\\\/\\\/bboxbeauty.ca\\\/wp-content\\\/uploads\\\/2024\\\/12\\\/Cell_rejuvenation_post_cream.png\",\"width\":800,\"height\":800},{\"@type\":\"BreadcrumbList\",\"@id\":\"https:\\\/\\\/bboxbeauty.ca\\\/fr\\\/produit\\\/cell-rejuvenation-post-cream\\\/#breadcrumb\",\"itemListElement\":[{\"@type\":\"ListItem\",\"position\":1,\"name\":\"Home\",\"item\":\"https:\\\/\\\/bboxbeauty.ca\\\/fr\\\/\"},{\"@type\":\"ListItem\",\"position\":2,\"name\":\"Boutique\",\"item\":\"https:\\\/\\\/bboxbeauty.ca\\\/fr\\\/boutique\\\/\"},{\"@type\":\"ListItem\",\"position\":3,\"name\":\"Cell Rejuvenation Post Cream\"}]},{\"@type\":\"WebSite\",\"@id\":\"https:\\\/\\\/bboxbeauty.ca\\\/fr\\\/#website\",\"url\":\"https:\\\/\\\/bboxbeauty.ca\\\/fr\\\/\",\"name\":\"B-BOX Beauty\",\"description\":\"Skin Care To The Next Level\",\"publisher\":{\"@id\":\"https:\\\/\\\/bboxbeauty.ca\\\/fr\\\/#organization\"},\"alternateName\":\"B-Box\",\"potentialAction\":[{\"@type\":\"SearchAction\",\"target\":{\"@type\":\"EntryPoint\",\"urlTemplate\":\"https:\\\/\\\/bboxbeauty.ca\\\/fr\\\/?s={search_term_string}\"},\"query-input\":{\"@type\":\"PropertyValueSpecification\",\"valueRequired\":true,\"valueName\":\"search_term_string\"}}],\"inLanguage\":\"fr-FR\"},{\"@type\":\"Organization\",\"@id\":\"https:\\\/\\\/bboxbeauty.ca\\\/fr\\\/#organization\",\"name\":\"B-Box Beauty\",\"alternateName\":\"B-Box\",\"url\":\"https:\\\/\\\/bboxbeauty.ca\\\/fr\\\/\",\"logo\":{\"@type\":\"ImageObject\",\"inLanguage\":\"fr-FR\",\"@id\":\"https:\\\/\\\/bboxbeauty.ca\\\/fr\\\/#\\\/schema\\\/logo\\\/image\\\/\",\"url\":\"https:\\\/\\\/bboxbeauty.ca\\\/wp-content\\\/uploads\\\/2022\\\/11\\\/logo.png\",\"contentUrl\":\"https:\\\/\\\/bboxbeauty.ca\\\/wp-content\\\/uploads\\\/2022\\\/11\\\/logo.png\",\"width\":250,\"height\":87,\"caption\":\"B-Box Beauty\"},\"image\":{\"@id\":\"https:\\\/\\\/bboxbeauty.ca\\\/fr\\\/#\\\/schema\\\/logo\\\/image\\\/\"},\"sameAs\":[\"https:\\\/\\\/www.facebook.com\\\/BBoxBeauty\\\/\",\"https:\\\/\\\/www.instagram.com\\\/bboxbeauty\\\/\",\"https:\\\/\\\/www.linkedin.com\\\/company\\\/b-box-beauty\\\/\"]}]}<\/script>\n<!-- \/ Yoast SEO plugin. -->","yoast_head_json":{"title":"Cell Rejuvenation Post Cream | B-BOX Beauty","description":"Une cr\u00e8me con\u00e7ue pour favoriser une r\u00e9g\u00e9n\u00e9ration rapide de la peau apr\u00e8s des proc\u00e9dures dermatologiques. Elle contient des peptides (facteurs de croissance \u00e9pidermiques) pour restaurer la peau endommag\u00e9e et de l'acide hyaluronique pour l'hydrater. La cr\u00e8me est formul\u00e9e \u00e0 partir d'ingr\u00e9dients enti\u00e8rement naturels, class\u00e9s verts, et convient \u00e0 tous les types de peau.","robots":{"index":"index","follow":"follow","max-snippet":"max-snippet:-1","max-image-preview":"max-image-preview:large","max-video-preview":"max-video-preview:-1"},"canonical":"https:\/\/bboxbeauty.ca\/fr\/produit\/cell-rejuvenation-post-cream\/","schema":{"@context":"https:\/\/schema.org","@graph":[{"@type":"WebPage","@id":"https:\/\/bboxbeauty.ca\/fr\/produit\/cell-rejuvenation-post-cream\/","url":"https:\/\/bboxbeauty.ca\/fr\/produit\/cell-rejuvenation-post-cream\/","name":"Cell Rejuvenation Post Cream | B-BOX Beauty","isPartOf":{"@id":"https:\/\/bboxbeauty.ca\/fr\/#website"},"primaryImageOfPage":{"@id":"https:\/\/bboxbeauty.ca\/fr\/produit\/cell-rejuvenation-post-cream\/#primaryimage"},"image":{"@id":"https:\/\/bboxbeauty.ca\/fr\/produit\/cell-rejuvenation-post-cream\/#primaryimage"},"thumbnailUrl":"https:\/\/bboxbeauty.ca\/wp-content\/uploads\/2024\/12\/Cell_rejuvenation_post_cream.png","datePublished":"2024-12-09T16:23:58+00:00","dateModified":"2024-12-09T16:31:05+00:00","description":"Une cr\u00e8me con\u00e7ue pour favoriser une r\u00e9g\u00e9n\u00e9ration rapide de la peau apr\u00e8s des proc\u00e9dures dermatologiques. Elle contient des peptides (facteurs de croissance \u00e9pidermiques) pour restaurer la peau endommag\u00e9e et de l'acide hyaluronique pour l'hydrater. La cr\u00e8me est formul\u00e9e \u00e0 partir d'ingr\u00e9dients enti\u00e8rement naturels, class\u00e9s verts, et convient \u00e0 tous les types de peau.","breadcrumb":{"@id":"https:\/\/bboxbeauty.ca\/fr\/produit\/cell-rejuvenation-post-cream\/#breadcrumb"},"inLanguage":"fr-FR","potentialAction":[{"@type":"ReadAction","target":["https:\/\/bboxbeauty.ca\/fr\/produit\/cell-rejuvenation-post-cream\/"]}]},{"@type":"ImageObject","inLanguage":"fr-FR","@id":"https:\/\/bboxbeauty.ca\/fr\/produit\/cell-rejuvenation-post-cream\/#primaryimage","url":"https:\/\/bboxbeauty.ca\/wp-content\/uploads\/2024\/12\/Cell_rejuvenation_post_cream.png","contentUrl":"https:\/\/bboxbeauty.ca\/wp-content\/uploads\/2024\/12\/Cell_rejuvenation_post_cream.png","width":800,"height":800},{"@type":"BreadcrumbList","@id":"https:\/\/bboxbeauty.ca\/fr\/produit\/cell-rejuvenation-post-cream\/#breadcrumb","itemListElement":[{"@type":"ListItem","position":1,"name":"Home","item":"https:\/\/bboxbeauty.ca\/fr\/"},{"@type":"ListItem","position":2,"name":"Boutique","item":"https:\/\/bboxbeauty.ca\/fr\/boutique\/"},{"@type":"ListItem","position":3,"name":"Cell Rejuvenation Post Cream"}]},{"@type":"WebSite","@id":"https:\/\/bboxbeauty.ca\/fr\/#website","url":"https:\/\/bboxbeauty.ca\/fr\/","name":"B-BOX Beauty","description":"Skin Care To The Next Level","publisher":{"@id":"https:\/\/bboxbeauty.ca\/fr\/#organization"},"alternateName":"B-Box","potentialAction":[{"@type":"SearchAction","target":{"@type":"EntryPoint","urlTemplate":"https:\/\/bboxbeauty.ca\/fr\/?s={search_term_string}"},"query-input":{"@type":"PropertyValueSpecification","valueRequired":true,"valueName":"search_term_string"}}],"inLanguage":"fr-FR"},{"@type":"Organization","@id":"https:\/\/bboxbeauty.ca\/fr\/#organization","name":"B-Box Beauty","alternateName":"B-Box","url":"https:\/\/bboxbeauty.ca\/fr\/","logo":{"@type":"ImageObject","inLanguage":"fr-FR","@id":"https:\/\/bboxbeauty.ca\/fr\/#\/schema\/logo\/image\/","url":"https:\/\/bboxbeauty.ca\/wp-content\/uploads\/2022\/11\/logo.png","contentUrl":"https:\/\/bboxbeauty.ca\/wp-content\/uploads\/2022\/11\/logo.png","width":250,"height":87,"caption":"B-Box Beauty"},"image":{"@id":"https:\/\/bboxbeauty.ca\/fr\/#\/schema\/logo\/image\/"},"sameAs":["https:\/\/www.facebook.com\/BBoxBeauty\/","https:\/\/www.instagram.com\/bboxbeauty\/","https:\/\/www.linkedin.com\/company\/b-box-beauty\/"]}]}},"_links":{"self":[{"href":"https:\/\/bboxbeauty.ca\/fr\/wp-json\/wp\/v2\/product\/4873","targetHints":{"allow":["GET"]}}],"collection":[{"href":"https:\/\/bboxbeauty.ca\/fr\/wp-json\/wp\/v2\/product"}],"about":[{"href":"https:\/\/bboxbeauty.ca\/fr\/wp-json\/wp\/v2\/types\/product"}],"replies":[{"embeddable":true,"href":"https:\/\/bboxbeauty.ca\/fr\/wp-json\/wp\/v2\/comments?post=4873"}],"wp:featuredmedia":[{"embeddable":true,"href":"https:\/\/bboxbeauty.ca\/fr\/wp-json\/wp\/v2\/media\/4872"}],"wp:attachment":[{"href":"https:\/\/bboxbeauty.ca\/fr\/wp-json\/wp\/v2\/media?parent=4873"}],"wp:term":[{"taxonomy":"product_brand","embeddable":true,"href":"https:\/\/bboxbeauty.ca\/fr\/wp-json\/wp\/v2\/product_brand?post=4873"},{"taxonomy":"product_cat","embeddable":true,"href":"https:\/\/bboxbeauty.ca\/fr\/wp-json\/wp\/v2\/product_cat?post=4873"},{"taxonomy":"product_tag","embeddable":true,"href":"https:\/\/bboxbeauty.ca\/fr\/wp-json\/wp\/v2\/product_tag?post=4873"},{"taxonomy":"giftcard-category","embeddable":true,"href":"https:\/\/bboxbeauty.ca\/fr\/wp-json\/wp\/v2\/giftcard-category?post=4873"}],"curies":[{"name":"wp","href":"https:\/\/api.w.org\/{rel}","templated":true}]}}