{"id":4829,"date":"2024-12-01T15:13:32","date_gmt":"2024-12-01T20:13:32","guid":{"rendered":"https:\/\/bboxbeauty.ca\/product\/24k-gold-intensive-ampoule-essence\/"},"modified":"2026-01-24T17:18:01","modified_gmt":"2026-01-24T22:18:01","slug":"24k-gold-intensive-ampoule-essence","status":"publish","type":"product","link":"https:\/\/bboxbeauty.ca\/fr\/produit\/24k-gold-intensive-ampoule-essence\/","title":{"rendered":"24K Gold Intensive Ampoule Essence"},"content":{"rendered":"<p>Transformez votre routine de soins avec notre luxueuse ampoule-essence intensive \u00e0 l&rsquo;or 24k. Cette ampoule-essence, qui contient de puissants ingr\u00e9dients, est con\u00e7ue pour donner \u00e0 votre peau un \u00e9clat radieux et rajeunit.<\/p>\n<p><strong>Caract\u00e9ristiques principales :<\/strong><\/p>\n<ul>\n<li>Infusion d&rsquo;or 24k : D\u00e9couvrez le luxe des particules d&rsquo;or v\u00e9ritable qui contribuent \u00e0 am\u00e9liorer la texture de la peau et \u00e0 donner un teint \u00e9clatant.<\/li>\n<li>Hydratation intensive : L&rsquo;acide hyaluronique hydrate et repulpe la peau en profondeur, r\u00e9duisant l&rsquo;apparence des rides et ridules.<\/li>\n<li>Protection antioxydante : Les vitamines C et E agissent de concert pour prot\u00e9ger la peau des agressions ext\u00e9rieures et favoriser un teint plus uniforme.<\/li>\n<li>Absorption rapide : La formule l\u00e9g\u00e8re est rapidement absorb\u00e9e par la peau sans laisser de r\u00e9sidu gras, ce qui convient parfaitement \u00e0 tous les types de peau.<\/li>\n<\/ul>\n<p>&nbsp;<\/p>\n","protected":false},"excerpt":{"rendered":"<p>Illuminez votre peau avec l&rsquo;Ampoule Essence 24K, une formule luxueuse enrichie en or pur 24K, con\u00e7ue pour hydrater, raffermir et r\u00e9v\u00e9ler l&rsquo;\u00e9clat naturel de votre teint. Un soin d&rsquo;exception pour une peau \u00e9clatante et revitalis\u00e9e !<\/p>\n","protected":false},"featured_media":4828,"comment_status":"open","ping_status":"closed","template":"","meta":[],"product_brand":[],"product_cat":[119,111,104,117,114,115,112,95,121,167,92],"product_tag":[],"giftcard-category":[],"class_list":{"0":"post-4829","1":"product","2":"type-product","3":"status-publish","4":"has-post-thumbnail","6":"product_cat-anti-age","7":"product_cat-autres","8":"product_cat-marques","9":"product_cat-peau-deshydratee","10":"product_cat-peau-seche","11":"product_cat-peau-sensible","12":"product_cat-preoccupations-cutanees","13":"product_cat-serums-huiles-seches","14":"product_cat-taches-de-vieillesse-et-hyperpigmentation","15":"product_cat-trandmi-fr","16":"product_cat-visage-corps","18":"first","19":"instock","20":"taxable","21":"shipping-taxable","22":"purchasable","23":"product-type-simple"},"yoast_head":"<!-- This site is optimized with the Yoast SEO plugin v27.4 - https:\/\/yoast.com\/product\/yoast-seo-wordpress\/ -->\n<title>24K Gold Intensive Ampoule Essence | B-BOX Beauty<\/title>\n<meta name=\"description\" content=\"Illuminez votre peau avec 24K Essence Ampoule, une formule luxueuse enrichie en or pur 24K, con\u00e7ue pour hydrater, raffermir et r\u00e9v\u00e9ler l&#039;\u00e9clat naturel de votre teint. Un soin d&#039;exception pour une peau \u00e9clatante et revitalis\u00e9e !\" \/>\n<meta name=\"robots\" content=\"index, follow, max-snippet:-1, max-image-preview:large, max-video-preview:-1\" \/>\n<link rel=\"canonical\" href=\"https:\/\/bboxbeauty.ca\/fr\/produit\/24k-gold-intensive-ampoule-essence\/\" \/>\n<script type=\"application\/ld+json\" class=\"yoast-schema-graph\">{\"@context\":\"https:\\\/\\\/schema.org\",\"@graph\":[{\"@type\":\"WebPage\",\"@id\":\"https:\\\/\\\/bboxbeauty.ca\\\/fr\\\/produit\\\/24k-gold-intensive-ampoule-essence\\\/\",\"url\":\"https:\\\/\\\/bboxbeauty.ca\\\/fr\\\/produit\\\/24k-gold-intensive-ampoule-essence\\\/\",\"name\":\"24K Gold Intensive Ampoule Essence | B-BOX Beauty\",\"isPartOf\":{\"@id\":\"https:\\\/\\\/bboxbeauty.ca\\\/fr\\\/#website\"},\"primaryImageOfPage\":{\"@id\":\"https:\\\/\\\/bboxbeauty.ca\\\/fr\\\/produit\\\/24k-gold-intensive-ampoule-essence\\\/#primaryimage\"},\"image\":{\"@id\":\"https:\\\/\\\/bboxbeauty.ca\\\/fr\\\/produit\\\/24k-gold-intensive-ampoule-essence\\\/#primaryimage\"},\"thumbnailUrl\":\"https:\\\/\\\/bboxbeauty.ca\\\/wp-content\\\/uploads\\\/2024\\\/12\\\/24k-ampoule-essence.webp\",\"datePublished\":\"2024-12-01T20:13:32+00:00\",\"dateModified\":\"2026-01-24T22:18:01+00:00\",\"description\":\"Illuminez votre peau avec 24K Essence Ampoule, une formule luxueuse enrichie en or pur 24K, con\u00e7ue pour hydrater, raffermir et r\u00e9v\u00e9ler l'\u00e9clat naturel de votre teint. Un soin d'exception pour une peau \u00e9clatante et revitalis\u00e9e !\",\"breadcrumb\":{\"@id\":\"https:\\\/\\\/bboxbeauty.ca\\\/fr\\\/produit\\\/24k-gold-intensive-ampoule-essence\\\/#breadcrumb\"},\"inLanguage\":\"fr-FR\",\"potentialAction\":[{\"@type\":\"ReadAction\",\"target\":[\"https:\\\/\\\/bboxbeauty.ca\\\/fr\\\/produit\\\/24k-gold-intensive-ampoule-essence\\\/\"]}]},{\"@type\":\"ImageObject\",\"inLanguage\":\"fr-FR\",\"@id\":\"https:\\\/\\\/bboxbeauty.ca\\\/fr\\\/produit\\\/24k-gold-intensive-ampoule-essence\\\/#primaryimage\",\"url\":\"https:\\\/\\\/bboxbeauty.ca\\\/wp-content\\\/uploads\\\/2024\\\/12\\\/24k-ampoule-essence.webp\",\"contentUrl\":\"https:\\\/\\\/bboxbeauty.ca\\\/wp-content\\\/uploads\\\/2024\\\/12\\\/24k-ampoule-essence.webp\",\"width\":800,\"height\":800},{\"@type\":\"BreadcrumbList\",\"@id\":\"https:\\\/\\\/bboxbeauty.ca\\\/fr\\\/produit\\\/24k-gold-intensive-ampoule-essence\\\/#breadcrumb\",\"itemListElement\":[{\"@type\":\"ListItem\",\"position\":1,\"name\":\"Home\",\"item\":\"https:\\\/\\\/bboxbeauty.ca\\\/fr\\\/\"},{\"@type\":\"ListItem\",\"position\":2,\"name\":\"Boutique\",\"item\":\"https:\\\/\\\/bboxbeauty.ca\\\/fr\\\/boutique\\\/\"},{\"@type\":\"ListItem\",\"position\":3,\"name\":\"24K Gold Intensive Ampoule Essence\"}]},{\"@type\":\"WebSite\",\"@id\":\"https:\\\/\\\/bboxbeauty.ca\\\/fr\\\/#website\",\"url\":\"https:\\\/\\\/bboxbeauty.ca\\\/fr\\\/\",\"name\":\"B-BOX Beauty\",\"description\":\"Skin Care To The Next Level\",\"publisher\":{\"@id\":\"https:\\\/\\\/bboxbeauty.ca\\\/fr\\\/#organization\"},\"alternateName\":\"B-Box\",\"potentialAction\":[{\"@type\":\"SearchAction\",\"target\":{\"@type\":\"EntryPoint\",\"urlTemplate\":\"https:\\\/\\\/bboxbeauty.ca\\\/fr\\\/?s={search_term_string}\"},\"query-input\":{\"@type\":\"PropertyValueSpecification\",\"valueRequired\":true,\"valueName\":\"search_term_string\"}}],\"inLanguage\":\"fr-FR\"},{\"@type\":\"Organization\",\"@id\":\"https:\\\/\\\/bboxbeauty.ca\\\/fr\\\/#organization\",\"name\":\"B-Box Beauty\",\"alternateName\":\"B-Box\",\"url\":\"https:\\\/\\\/bboxbeauty.ca\\\/fr\\\/\",\"logo\":{\"@type\":\"ImageObject\",\"inLanguage\":\"fr-FR\",\"@id\":\"https:\\\/\\\/bboxbeauty.ca\\\/fr\\\/#\\\/schema\\\/logo\\\/image\\\/\",\"url\":\"https:\\\/\\\/bboxbeauty.ca\\\/wp-content\\\/uploads\\\/2022\\\/11\\\/logo.png\",\"contentUrl\":\"https:\\\/\\\/bboxbeauty.ca\\\/wp-content\\\/uploads\\\/2022\\\/11\\\/logo.png\",\"width\":250,\"height\":87,\"caption\":\"B-Box Beauty\"},\"image\":{\"@id\":\"https:\\\/\\\/bboxbeauty.ca\\\/fr\\\/#\\\/schema\\\/logo\\\/image\\\/\"},\"sameAs\":[\"https:\\\/\\\/www.facebook.com\\\/BBoxBeauty\\\/\",\"https:\\\/\\\/www.instagram.com\\\/bboxbeauty\\\/\",\"https:\\\/\\\/www.linkedin.com\\\/company\\\/b-box-beauty\\\/\"]}]}<\/script>\n<!-- \/ Yoast SEO plugin. -->","yoast_head_json":{"title":"24K Gold Intensive Ampoule Essence | B-BOX Beauty","description":"Illuminez votre peau avec 24K Essence Ampoule, une formule luxueuse enrichie en or pur 24K, con\u00e7ue pour hydrater, raffermir et r\u00e9v\u00e9ler l'\u00e9clat naturel de votre teint. Un soin d'exception pour une peau \u00e9clatante et revitalis\u00e9e !","robots":{"index":"index","follow":"follow","max-snippet":"max-snippet:-1","max-image-preview":"max-image-preview:large","max-video-preview":"max-video-preview:-1"},"canonical":"https:\/\/bboxbeauty.ca\/fr\/produit\/24k-gold-intensive-ampoule-essence\/","schema":{"@context":"https:\/\/schema.org","@graph":[{"@type":"WebPage","@id":"https:\/\/bboxbeauty.ca\/fr\/produit\/24k-gold-intensive-ampoule-essence\/","url":"https:\/\/bboxbeauty.ca\/fr\/produit\/24k-gold-intensive-ampoule-essence\/","name":"24K Gold Intensive Ampoule Essence | B-BOX Beauty","isPartOf":{"@id":"https:\/\/bboxbeauty.ca\/fr\/#website"},"primaryImageOfPage":{"@id":"https:\/\/bboxbeauty.ca\/fr\/produit\/24k-gold-intensive-ampoule-essence\/#primaryimage"},"image":{"@id":"https:\/\/bboxbeauty.ca\/fr\/produit\/24k-gold-intensive-ampoule-essence\/#primaryimage"},"thumbnailUrl":"https:\/\/bboxbeauty.ca\/wp-content\/uploads\/2024\/12\/24k-ampoule-essence.webp","datePublished":"2024-12-01T20:13:32+00:00","dateModified":"2026-01-24T22:18:01+00:00","description":"Illuminez votre peau avec 24K Essence Ampoule, une formule luxueuse enrichie en or pur 24K, con\u00e7ue pour hydrater, raffermir et r\u00e9v\u00e9ler l'\u00e9clat naturel de votre teint. Un soin d'exception pour une peau \u00e9clatante et revitalis\u00e9e !","breadcrumb":{"@id":"https:\/\/bboxbeauty.ca\/fr\/produit\/24k-gold-intensive-ampoule-essence\/#breadcrumb"},"inLanguage":"fr-FR","potentialAction":[{"@type":"ReadAction","target":["https:\/\/bboxbeauty.ca\/fr\/produit\/24k-gold-intensive-ampoule-essence\/"]}]},{"@type":"ImageObject","inLanguage":"fr-FR","@id":"https:\/\/bboxbeauty.ca\/fr\/produit\/24k-gold-intensive-ampoule-essence\/#primaryimage","url":"https:\/\/bboxbeauty.ca\/wp-content\/uploads\/2024\/12\/24k-ampoule-essence.webp","contentUrl":"https:\/\/bboxbeauty.ca\/wp-content\/uploads\/2024\/12\/24k-ampoule-essence.webp","width":800,"height":800},{"@type":"BreadcrumbList","@id":"https:\/\/bboxbeauty.ca\/fr\/produit\/24k-gold-intensive-ampoule-essence\/#breadcrumb","itemListElement":[{"@type":"ListItem","position":1,"name":"Home","item":"https:\/\/bboxbeauty.ca\/fr\/"},{"@type":"ListItem","position":2,"name":"Boutique","item":"https:\/\/bboxbeauty.ca\/fr\/boutique\/"},{"@type":"ListItem","position":3,"name":"24K Gold Intensive Ampoule Essence"}]},{"@type":"WebSite","@id":"https:\/\/bboxbeauty.ca\/fr\/#website","url":"https:\/\/bboxbeauty.ca\/fr\/","name":"B-BOX Beauty","description":"Skin Care To The Next Level","publisher":{"@id":"https:\/\/bboxbeauty.ca\/fr\/#organization"},"alternateName":"B-Box","potentialAction":[{"@type":"SearchAction","target":{"@type":"EntryPoint","urlTemplate":"https:\/\/bboxbeauty.ca\/fr\/?s={search_term_string}"},"query-input":{"@type":"PropertyValueSpecification","valueRequired":true,"valueName":"search_term_string"}}],"inLanguage":"fr-FR"},{"@type":"Organization","@id":"https:\/\/bboxbeauty.ca\/fr\/#organization","name":"B-Box Beauty","alternateName":"B-Box","url":"https:\/\/bboxbeauty.ca\/fr\/","logo":{"@type":"ImageObject","inLanguage":"fr-FR","@id":"https:\/\/bboxbeauty.ca\/fr\/#\/schema\/logo\/image\/","url":"https:\/\/bboxbeauty.ca\/wp-content\/uploads\/2022\/11\/logo.png","contentUrl":"https:\/\/bboxbeauty.ca\/wp-content\/uploads\/2022\/11\/logo.png","width":250,"height":87,"caption":"B-Box Beauty"},"image":{"@id":"https:\/\/bboxbeauty.ca\/fr\/#\/schema\/logo\/image\/"},"sameAs":["https:\/\/www.facebook.com\/BBoxBeauty\/","https:\/\/www.instagram.com\/bboxbeauty\/","https:\/\/www.linkedin.com\/company\/b-box-beauty\/"]}]}},"_links":{"self":[{"href":"https:\/\/bboxbeauty.ca\/fr\/wp-json\/wp\/v2\/product\/4829","targetHints":{"allow":["GET"]}}],"collection":[{"href":"https:\/\/bboxbeauty.ca\/fr\/wp-json\/wp\/v2\/product"}],"about":[{"href":"https:\/\/bboxbeauty.ca\/fr\/wp-json\/wp\/v2\/types\/product"}],"replies":[{"embeddable":true,"href":"https:\/\/bboxbeauty.ca\/fr\/wp-json\/wp\/v2\/comments?post=4829"}],"wp:featuredmedia":[{"embeddable":true,"href":"https:\/\/bboxbeauty.ca\/fr\/wp-json\/wp\/v2\/media\/4828"}],"wp:attachment":[{"href":"https:\/\/bboxbeauty.ca\/fr\/wp-json\/wp\/v2\/media?parent=4829"}],"wp:term":[{"taxonomy":"product_brand","embeddable":true,"href":"https:\/\/bboxbeauty.ca\/fr\/wp-json\/wp\/v2\/product_brand?post=4829"},{"taxonomy":"product_cat","embeddable":true,"href":"https:\/\/bboxbeauty.ca\/fr\/wp-json\/wp\/v2\/product_cat?post=4829"},{"taxonomy":"product_tag","embeddable":true,"href":"https:\/\/bboxbeauty.ca\/fr\/wp-json\/wp\/v2\/product_tag?post=4829"},{"taxonomy":"giftcard-category","embeddable":true,"href":"https:\/\/bboxbeauty.ca\/fr\/wp-json\/wp\/v2\/giftcard-category?post=4829"}],"curies":[{"name":"wp","href":"https:\/\/api.w.org\/{rel}","templated":true}]}}