{"id":4801,"date":"2024-12-01T12:07:26","date_gmt":"2024-12-01T17:07:26","guid":{"rendered":"https:\/\/bboxbeauty.ca\/product\/collabenon-nmn-healing-mist\/"},"modified":"2024-12-01T12:14:53","modified_gmt":"2024-12-01T17:14:53","slug":"collabenon-nmn-healing-mist","status":"publish","type":"product","link":"https:\/\/bboxbeauty.ca\/fr\/produit\/collabenon-nmn-healing-mist\/","title":{"rendered":"Bruine Collabenon + NMN Healing"},"content":{"rendered":"<p>Gr\u00e2ce \u00e0 sa formule puissante et \u00e0 son application pratique, cette bruine curative est un must pour tous ceux qui souhaitent obtenir une peau saine et \u00e9clatante. Dites adieu \u00e0 l&rsquo;aspect terne et bonjour \u00e0 un teint revitalis\u00e9 gr\u00e2ce \u00e0 la bruine curative Collabenon+ NMN.<\/p>\n<ul>\n<li><strong>Caract\u00e9ristiques principales :<\/strong>\n<ul>\n<li>Contient du NMN pour des b\u00e9n\u00e9fices anti-\u00e2ge<\/li>\n<li>Hydrate et revitalise la peau<\/li>\n<li>Aide \u00e0 la cicatrisation et \u00e0 la r\u00e9paration de la peau<\/li>\n<li>Donne \u00e0 la peau un aspect radieux et rajeunit<\/li>\n<li>Application pratique sous forme de bruine pour une utilisation facile<\/li>\n<\/ul>\n<\/li>\n<\/ul>\n<p>Ne manquez pas l&rsquo;occasion de d\u00e9couvrir les effets transformateurs de ce produit de soin exceptionnel.<\/p>\n","protected":false},"excerpt":{"rendered":"<p>Transformez votre routine de soins de la peau avec la bruine curative Collabenon+ NMN. Cette bruine innovante est con\u00e7ue pour rajeunir et nourrir votre peau, la laissant radieuse et rafra\u00eechie.<\/p>\n","protected":false},"featured_media":4800,"comment_status":"open","ping_status":"closed","template":"","meta":[],"product_brand":[],"product_cat":[119,94,104,117,114,115,112,116,121,167,92],"product_tag":[],"giftcard-category":[],"class_list":{"0":"post-4801","1":"product","2":"type-product","3":"status-publish","4":"has-post-thumbnail","6":"product_cat-anti-age","7":"product_cat-essences-bruines","8":"product_cat-marques","9":"product_cat-peau-deshydratee","10":"product_cat-peau-seche","11":"product_cat-peau-sensible","12":"product_cat-preoccupations-cutanees","13":"product_cat-rosacee","14":"product_cat-taches-de-vieillesse-et-hyperpigmentation","15":"product_cat-trandmi-fr","16":"product_cat-visage-corps","18":"first","19":"instock","20":"taxable","21":"shipping-taxable","22":"purchasable","23":"product-type-simple"},"yoast_head":"<!-- This site is optimized with the Yoast SEO plugin v27.5 - https:\/\/yoast.com\/product\/yoast-seo-wordpress\/ -->\n<title>Bruine Collabenon + NMN Healing | B-BOX Beauty<\/title>\n<meta name=\"description\" content=\"Transformez votre routine de soins de la peau avec la bruine curative Collabenon+ NMN. Cette bruine innovante est con\u00e7ue pour rajeunir et nourrir votre peau, la laissant radieuse et rafra\u00eechie.\" \/>\n<meta name=\"robots\" content=\"index, follow, max-snippet:-1, max-image-preview:large, max-video-preview:-1\" \/>\n<link rel=\"canonical\" href=\"https:\/\/bboxbeauty.ca\/fr\/produit\/collabenon-nmn-healing-mist\/\" \/>\n<script type=\"application\/ld+json\" class=\"yoast-schema-graph\">{\"@context\":\"https:\\\/\\\/schema.org\",\"@graph\":[{\"@type\":\"WebPage\",\"@id\":\"https:\\\/\\\/bboxbeauty.ca\\\/fr\\\/produit\\\/collabenon-nmn-healing-mist\\\/\",\"url\":\"https:\\\/\\\/bboxbeauty.ca\\\/fr\\\/produit\\\/collabenon-nmn-healing-mist\\\/\",\"name\":\"Bruine Collabenon + NMN Healing | B-BOX Beauty\",\"isPartOf\":{\"@id\":\"https:\\\/\\\/bboxbeauty.ca\\\/fr\\\/#website\"},\"primaryImageOfPage\":{\"@id\":\"https:\\\/\\\/bboxbeauty.ca\\\/fr\\\/produit\\\/collabenon-nmn-healing-mist\\\/#primaryimage\"},\"image\":{\"@id\":\"https:\\\/\\\/bboxbeauty.ca\\\/fr\\\/produit\\\/collabenon-nmn-healing-mist\\\/#primaryimage\"},\"thumbnailUrl\":\"https:\\\/\\\/bboxbeauty.ca\\\/wp-content\\\/uploads\\\/2024\\\/12\\\/Collabenon.jpg\",\"datePublished\":\"2024-12-01T17:07:26+00:00\",\"dateModified\":\"2024-12-01T17:14:53+00:00\",\"description\":\"Transformez votre routine de soins de la peau avec la bruine curative Collabenon+ NMN. Cette bruine innovante est con\u00e7ue pour rajeunir et nourrir votre peau, la laissant radieuse et rafra\u00eechie.\",\"breadcrumb\":{\"@id\":\"https:\\\/\\\/bboxbeauty.ca\\\/fr\\\/produit\\\/collabenon-nmn-healing-mist\\\/#breadcrumb\"},\"inLanguage\":\"fr-FR\",\"potentialAction\":[{\"@type\":\"ReadAction\",\"target\":[\"https:\\\/\\\/bboxbeauty.ca\\\/fr\\\/produit\\\/collabenon-nmn-healing-mist\\\/\"]}]},{\"@type\":\"ImageObject\",\"inLanguage\":\"fr-FR\",\"@id\":\"https:\\\/\\\/bboxbeauty.ca\\\/fr\\\/produit\\\/collabenon-nmn-healing-mist\\\/#primaryimage\",\"url\":\"https:\\\/\\\/bboxbeauty.ca\\\/wp-content\\\/uploads\\\/2024\\\/12\\\/Collabenon.jpg\",\"contentUrl\":\"https:\\\/\\\/bboxbeauty.ca\\\/wp-content\\\/uploads\\\/2024\\\/12\\\/Collabenon.jpg\",\"width\":350,\"height\":350},{\"@type\":\"BreadcrumbList\",\"@id\":\"https:\\\/\\\/bboxbeauty.ca\\\/fr\\\/produit\\\/collabenon-nmn-healing-mist\\\/#breadcrumb\",\"itemListElement\":[{\"@type\":\"ListItem\",\"position\":1,\"name\":\"Home\",\"item\":\"https:\\\/\\\/bboxbeauty.ca\\\/fr\\\/\"},{\"@type\":\"ListItem\",\"position\":2,\"name\":\"Boutique\",\"item\":\"https:\\\/\\\/bboxbeauty.ca\\\/fr\\\/boutique\\\/\"},{\"@type\":\"ListItem\",\"position\":3,\"name\":\"Bruine Collabenon + NMN Healing\"}]},{\"@type\":\"WebSite\",\"@id\":\"https:\\\/\\\/bboxbeauty.ca\\\/fr\\\/#website\",\"url\":\"https:\\\/\\\/bboxbeauty.ca\\\/fr\\\/\",\"name\":\"B-BOX Beauty\",\"description\":\"Skin Care To The Next Level\",\"publisher\":{\"@id\":\"https:\\\/\\\/bboxbeauty.ca\\\/fr\\\/#organization\"},\"alternateName\":\"B-Box\",\"potentialAction\":[{\"@type\":\"SearchAction\",\"target\":{\"@type\":\"EntryPoint\",\"urlTemplate\":\"https:\\\/\\\/bboxbeauty.ca\\\/fr\\\/?s={search_term_string}\"},\"query-input\":{\"@type\":\"PropertyValueSpecification\",\"valueRequired\":true,\"valueName\":\"search_term_string\"}}],\"inLanguage\":\"fr-FR\"},{\"@type\":\"Organization\",\"@id\":\"https:\\\/\\\/bboxbeauty.ca\\\/fr\\\/#organization\",\"name\":\"B-Box Beauty\",\"alternateName\":\"B-Box\",\"url\":\"https:\\\/\\\/bboxbeauty.ca\\\/fr\\\/\",\"logo\":{\"@type\":\"ImageObject\",\"inLanguage\":\"fr-FR\",\"@id\":\"https:\\\/\\\/bboxbeauty.ca\\\/fr\\\/#\\\/schema\\\/logo\\\/image\\\/\",\"url\":\"https:\\\/\\\/bboxbeauty.ca\\\/wp-content\\\/uploads\\\/2022\\\/11\\\/logo.png\",\"contentUrl\":\"https:\\\/\\\/bboxbeauty.ca\\\/wp-content\\\/uploads\\\/2022\\\/11\\\/logo.png\",\"width\":250,\"height\":87,\"caption\":\"B-Box Beauty\"},\"image\":{\"@id\":\"https:\\\/\\\/bboxbeauty.ca\\\/fr\\\/#\\\/schema\\\/logo\\\/image\\\/\"},\"sameAs\":[\"https:\\\/\\\/www.facebook.com\\\/BBoxBeauty\\\/\",\"https:\\\/\\\/www.instagram.com\\\/bboxbeauty\\\/\",\"https:\\\/\\\/www.linkedin.com\\\/company\\\/b-box-beauty\\\/\"]}]}<\/script>\n<!-- \/ Yoast SEO plugin. -->","yoast_head_json":{"title":"Bruine Collabenon + NMN Healing | B-BOX Beauty","description":"Transformez votre routine de soins de la peau avec la bruine curative Collabenon+ NMN. Cette bruine innovante est con\u00e7ue pour rajeunir et nourrir votre peau, la laissant radieuse et rafra\u00eechie.","robots":{"index":"index","follow":"follow","max-snippet":"max-snippet:-1","max-image-preview":"max-image-preview:large","max-video-preview":"max-video-preview:-1"},"canonical":"https:\/\/bboxbeauty.ca\/fr\/produit\/collabenon-nmn-healing-mist\/","schema":{"@context":"https:\/\/schema.org","@graph":[{"@type":"WebPage","@id":"https:\/\/bboxbeauty.ca\/fr\/produit\/collabenon-nmn-healing-mist\/","url":"https:\/\/bboxbeauty.ca\/fr\/produit\/collabenon-nmn-healing-mist\/","name":"Bruine Collabenon + NMN Healing | B-BOX Beauty","isPartOf":{"@id":"https:\/\/bboxbeauty.ca\/fr\/#website"},"primaryImageOfPage":{"@id":"https:\/\/bboxbeauty.ca\/fr\/produit\/collabenon-nmn-healing-mist\/#primaryimage"},"image":{"@id":"https:\/\/bboxbeauty.ca\/fr\/produit\/collabenon-nmn-healing-mist\/#primaryimage"},"thumbnailUrl":"https:\/\/bboxbeauty.ca\/wp-content\/uploads\/2024\/12\/Collabenon.jpg","datePublished":"2024-12-01T17:07:26+00:00","dateModified":"2024-12-01T17:14:53+00:00","description":"Transformez votre routine de soins de la peau avec la bruine curative Collabenon+ NMN. Cette bruine innovante est con\u00e7ue pour rajeunir et nourrir votre peau, la laissant radieuse et rafra\u00eechie.","breadcrumb":{"@id":"https:\/\/bboxbeauty.ca\/fr\/produit\/collabenon-nmn-healing-mist\/#breadcrumb"},"inLanguage":"fr-FR","potentialAction":[{"@type":"ReadAction","target":["https:\/\/bboxbeauty.ca\/fr\/produit\/collabenon-nmn-healing-mist\/"]}]},{"@type":"ImageObject","inLanguage":"fr-FR","@id":"https:\/\/bboxbeauty.ca\/fr\/produit\/collabenon-nmn-healing-mist\/#primaryimage","url":"https:\/\/bboxbeauty.ca\/wp-content\/uploads\/2024\/12\/Collabenon.jpg","contentUrl":"https:\/\/bboxbeauty.ca\/wp-content\/uploads\/2024\/12\/Collabenon.jpg","width":350,"height":350},{"@type":"BreadcrumbList","@id":"https:\/\/bboxbeauty.ca\/fr\/produit\/collabenon-nmn-healing-mist\/#breadcrumb","itemListElement":[{"@type":"ListItem","position":1,"name":"Home","item":"https:\/\/bboxbeauty.ca\/fr\/"},{"@type":"ListItem","position":2,"name":"Boutique","item":"https:\/\/bboxbeauty.ca\/fr\/boutique\/"},{"@type":"ListItem","position":3,"name":"Bruine Collabenon + NMN Healing"}]},{"@type":"WebSite","@id":"https:\/\/bboxbeauty.ca\/fr\/#website","url":"https:\/\/bboxbeauty.ca\/fr\/","name":"B-BOX Beauty","description":"Skin Care To The Next Level","publisher":{"@id":"https:\/\/bboxbeauty.ca\/fr\/#organization"},"alternateName":"B-Box","potentialAction":[{"@type":"SearchAction","target":{"@type":"EntryPoint","urlTemplate":"https:\/\/bboxbeauty.ca\/fr\/?s={search_term_string}"},"query-input":{"@type":"PropertyValueSpecification","valueRequired":true,"valueName":"search_term_string"}}],"inLanguage":"fr-FR"},{"@type":"Organization","@id":"https:\/\/bboxbeauty.ca\/fr\/#organization","name":"B-Box Beauty","alternateName":"B-Box","url":"https:\/\/bboxbeauty.ca\/fr\/","logo":{"@type":"ImageObject","inLanguage":"fr-FR","@id":"https:\/\/bboxbeauty.ca\/fr\/#\/schema\/logo\/image\/","url":"https:\/\/bboxbeauty.ca\/wp-content\/uploads\/2022\/11\/logo.png","contentUrl":"https:\/\/bboxbeauty.ca\/wp-content\/uploads\/2022\/11\/logo.png","width":250,"height":87,"caption":"B-Box Beauty"},"image":{"@id":"https:\/\/bboxbeauty.ca\/fr\/#\/schema\/logo\/image\/"},"sameAs":["https:\/\/www.facebook.com\/BBoxBeauty\/","https:\/\/www.instagram.com\/bboxbeauty\/","https:\/\/www.linkedin.com\/company\/b-box-beauty\/"]}]}},"_links":{"self":[{"href":"https:\/\/bboxbeauty.ca\/fr\/wp-json\/wp\/v2\/product\/4801","targetHints":{"allow":["GET"]}}],"collection":[{"href":"https:\/\/bboxbeauty.ca\/fr\/wp-json\/wp\/v2\/product"}],"about":[{"href":"https:\/\/bboxbeauty.ca\/fr\/wp-json\/wp\/v2\/types\/product"}],"replies":[{"embeddable":true,"href":"https:\/\/bboxbeauty.ca\/fr\/wp-json\/wp\/v2\/comments?post=4801"}],"wp:featuredmedia":[{"embeddable":true,"href":"https:\/\/bboxbeauty.ca\/fr\/wp-json\/wp\/v2\/media\/4800"}],"wp:attachment":[{"href":"https:\/\/bboxbeauty.ca\/fr\/wp-json\/wp\/v2\/media?parent=4801"}],"wp:term":[{"taxonomy":"product_brand","embeddable":true,"href":"https:\/\/bboxbeauty.ca\/fr\/wp-json\/wp\/v2\/product_brand?post=4801"},{"taxonomy":"product_cat","embeddable":true,"href":"https:\/\/bboxbeauty.ca\/fr\/wp-json\/wp\/v2\/product_cat?post=4801"},{"taxonomy":"product_tag","embeddable":true,"href":"https:\/\/bboxbeauty.ca\/fr\/wp-json\/wp\/v2\/product_tag?post=4801"},{"taxonomy":"giftcard-category","embeddable":true,"href":"https:\/\/bboxbeauty.ca\/fr\/wp-json\/wp\/v2\/giftcard-category?post=4801"}],"curies":[{"name":"wp","href":"https:\/\/api.w.org\/{rel}","templated":true}]}}