{"id":4738,"date":"2024-11-29T10:46:41","date_gmt":"2024-11-29T15:46:41","guid":{"rendered":"https:\/\/bboxbeauty.ca\/product\/emunah-wash-2\/"},"modified":"2026-04-06T22:24:06","modified_gmt":"2026-04-07T02:24:06","slug":"emunah-wash-2","status":"publish","type":"product","link":"https:\/\/bboxbeauty.ca\/fr\/produit\/emunah-wash-2\/","title":{"rendered":"Emunah Wash"},"content":{"rendered":"<p>Ce nettoyant contient 2,5 % de peroxyde de benzoyle. Le peroxyde de benzoyle est un actif tr\u00e8s efficace pour les peaux acn\u00e9iques. Emunah Wash est un choix fantastique pour garder votre peau fra\u00eeche, et si vous cherchez quelque chose pour am\u00e9liorer l\u2019inflammation et les imperfections de la peau..<\/p>\n","protected":false},"excerpt":{"rendered":"<p>Un nettoyant pour les peaux acn\u00e9iques, con\u00e7u pour lutter contre les bact\u00e9ries et r\u00e9duire les \u00e9ruptions d\u2019acn\u00e9.<\/p>\n","protected":false},"featured_media":4737,"comment_status":"open","ping_status":"closed","template":"","meta":[],"product_brand":[],"product_cat":[111,165,104,93,118,113,112,116,92],"product_tag":[],"giftcard-category":[],"class_list":{"0":"post-4738","1":"product","2":"type-product","3":"status-publish","4":"has-post-thumbnail","6":"product_cat-autres","7":"product_cat-emunah-brands-fr","8":"product_cat-marques","9":"product_cat-nettoyants","10":"product_cat-peau-acneique","11":"product_cat-peau-grasse","12":"product_cat-preoccupations-cutanees","13":"product_cat-rosacee","14":"product_cat-visage-corps","16":"first","17":"instock","18":"taxable","19":"shipping-taxable","20":"purchasable","21":"product-type-simple"},"yoast_head":"<!-- This site is optimized with the Yoast SEO plugin v27.3 - https:\/\/yoast.com\/product\/yoast-seo-wordpress\/ -->\n<title>Emunah Wash | B-BOX Beauty<\/title>\n<meta name=\"description\" content=\"Un nettoyant pour les peaux acn\u00e9iques, con\u00e7u pour lutter contre les bact\u00e9ries et r\u00e9duire les \u00e9ruptions d\u2019acn\u00e9.\" \/>\n<meta name=\"robots\" content=\"index, follow, max-snippet:-1, max-image-preview:large, max-video-preview:-1\" \/>\n<link rel=\"canonical\" href=\"https:\/\/bboxbeauty.ca\/fr\/produit\/emunah-wash-2\/\" \/>\n<script type=\"application\/ld+json\" class=\"yoast-schema-graph\">{\"@context\":\"https:\\\/\\\/schema.org\",\"@graph\":[{\"@type\":\"WebPage\",\"@id\":\"https:\\\/\\\/bboxbeauty.ca\\\/fr\\\/produit\\\/emunah-wash-2\\\/\",\"url\":\"https:\\\/\\\/bboxbeauty.ca\\\/fr\\\/produit\\\/emunah-wash-2\\\/\",\"name\":\"Emunah Wash | B-BOX Beauty\",\"isPartOf\":{\"@id\":\"https:\\\/\\\/bboxbeauty.ca\\\/fr\\\/#website\"},\"primaryImageOfPage\":{\"@id\":\"https:\\\/\\\/bboxbeauty.ca\\\/fr\\\/produit\\\/emunah-wash-2\\\/#primaryimage\"},\"image\":{\"@id\":\"https:\\\/\\\/bboxbeauty.ca\\\/fr\\\/produit\\\/emunah-wash-2\\\/#primaryimage\"},\"thumbnailUrl\":\"https:\\\/\\\/bboxbeauty.ca\\\/wp-content\\\/uploads\\\/2024\\\/11\\\/wash_100.webp\",\"datePublished\":\"2024-11-29T15:46:41+00:00\",\"dateModified\":\"2026-04-07T02:24:06+00:00\",\"description\":\"Un nettoyant pour les peaux acn\u00e9iques, con\u00e7u pour lutter contre les bact\u00e9ries et r\u00e9duire les \u00e9ruptions d\u2019acn\u00e9.\",\"breadcrumb\":{\"@id\":\"https:\\\/\\\/bboxbeauty.ca\\\/fr\\\/produit\\\/emunah-wash-2\\\/#breadcrumb\"},\"inLanguage\":\"fr-FR\",\"potentialAction\":[{\"@type\":\"ReadAction\",\"target\":[\"https:\\\/\\\/bboxbeauty.ca\\\/fr\\\/produit\\\/emunah-wash-2\\\/\"]}]},{\"@type\":\"ImageObject\",\"inLanguage\":\"fr-FR\",\"@id\":\"https:\\\/\\\/bboxbeauty.ca\\\/fr\\\/produit\\\/emunah-wash-2\\\/#primaryimage\",\"url\":\"https:\\\/\\\/bboxbeauty.ca\\\/wp-content\\\/uploads\\\/2024\\\/11\\\/wash_100.webp\",\"contentUrl\":\"https:\\\/\\\/bboxbeauty.ca\\\/wp-content\\\/uploads\\\/2024\\\/11\\\/wash_100.webp\",\"width\":550,\"height\":550},{\"@type\":\"BreadcrumbList\",\"@id\":\"https:\\\/\\\/bboxbeauty.ca\\\/fr\\\/produit\\\/emunah-wash-2\\\/#breadcrumb\",\"itemListElement\":[{\"@type\":\"ListItem\",\"position\":1,\"name\":\"Home\",\"item\":\"https:\\\/\\\/bboxbeauty.ca\\\/fr\\\/\"},{\"@type\":\"ListItem\",\"position\":2,\"name\":\"Boutique\",\"item\":\"https:\\\/\\\/bboxbeauty.ca\\\/fr\\\/boutique\\\/\"},{\"@type\":\"ListItem\",\"position\":3,\"name\":\"Emunah Wash\"}]},{\"@type\":\"WebSite\",\"@id\":\"https:\\\/\\\/bboxbeauty.ca\\\/fr\\\/#website\",\"url\":\"https:\\\/\\\/bboxbeauty.ca\\\/fr\\\/\",\"name\":\"B-BOX Beauty\",\"description\":\"Skin Care To The Next Level\",\"publisher\":{\"@id\":\"https:\\\/\\\/bboxbeauty.ca\\\/fr\\\/#organization\"},\"alternateName\":\"B-Box\",\"potentialAction\":[{\"@type\":\"SearchAction\",\"target\":{\"@type\":\"EntryPoint\",\"urlTemplate\":\"https:\\\/\\\/bboxbeauty.ca\\\/fr\\\/?s={search_term_string}\"},\"query-input\":{\"@type\":\"PropertyValueSpecification\",\"valueRequired\":true,\"valueName\":\"search_term_string\"}}],\"inLanguage\":\"fr-FR\"},{\"@type\":\"Organization\",\"@id\":\"https:\\\/\\\/bboxbeauty.ca\\\/fr\\\/#organization\",\"name\":\"B-Box Beauty\",\"alternateName\":\"B-Box\",\"url\":\"https:\\\/\\\/bboxbeauty.ca\\\/fr\\\/\",\"logo\":{\"@type\":\"ImageObject\",\"inLanguage\":\"fr-FR\",\"@id\":\"https:\\\/\\\/bboxbeauty.ca\\\/fr\\\/#\\\/schema\\\/logo\\\/image\\\/\",\"url\":\"https:\\\/\\\/bboxbeauty.ca\\\/wp-content\\\/uploads\\\/2022\\\/11\\\/logo.png\",\"contentUrl\":\"https:\\\/\\\/bboxbeauty.ca\\\/wp-content\\\/uploads\\\/2022\\\/11\\\/logo.png\",\"width\":250,\"height\":87,\"caption\":\"B-Box Beauty\"},\"image\":{\"@id\":\"https:\\\/\\\/bboxbeauty.ca\\\/fr\\\/#\\\/schema\\\/logo\\\/image\\\/\"},\"sameAs\":[\"https:\\\/\\\/www.facebook.com\\\/BBoxBeauty\\\/\",\"https:\\\/\\\/www.instagram.com\\\/bboxbeauty\\\/\",\"https:\\\/\\\/www.linkedin.com\\\/company\\\/b-box-beauty\\\/\"]}]}<\/script>\n<!-- \/ Yoast SEO plugin. -->","yoast_head_json":{"title":"Emunah Wash | B-BOX Beauty","description":"Un nettoyant pour les peaux acn\u00e9iques, con\u00e7u pour lutter contre les bact\u00e9ries et r\u00e9duire les \u00e9ruptions d\u2019acn\u00e9.","robots":{"index":"index","follow":"follow","max-snippet":"max-snippet:-1","max-image-preview":"max-image-preview:large","max-video-preview":"max-video-preview:-1"},"canonical":"https:\/\/bboxbeauty.ca\/fr\/produit\/emunah-wash-2\/","schema":{"@context":"https:\/\/schema.org","@graph":[{"@type":"WebPage","@id":"https:\/\/bboxbeauty.ca\/fr\/produit\/emunah-wash-2\/","url":"https:\/\/bboxbeauty.ca\/fr\/produit\/emunah-wash-2\/","name":"Emunah Wash | B-BOX Beauty","isPartOf":{"@id":"https:\/\/bboxbeauty.ca\/fr\/#website"},"primaryImageOfPage":{"@id":"https:\/\/bboxbeauty.ca\/fr\/produit\/emunah-wash-2\/#primaryimage"},"image":{"@id":"https:\/\/bboxbeauty.ca\/fr\/produit\/emunah-wash-2\/#primaryimage"},"thumbnailUrl":"https:\/\/bboxbeauty.ca\/wp-content\/uploads\/2024\/11\/wash_100.webp","datePublished":"2024-11-29T15:46:41+00:00","dateModified":"2026-04-07T02:24:06+00:00","description":"Un nettoyant pour les peaux acn\u00e9iques, con\u00e7u pour lutter contre les bact\u00e9ries et r\u00e9duire les \u00e9ruptions d\u2019acn\u00e9.","breadcrumb":{"@id":"https:\/\/bboxbeauty.ca\/fr\/produit\/emunah-wash-2\/#breadcrumb"},"inLanguage":"fr-FR","potentialAction":[{"@type":"ReadAction","target":["https:\/\/bboxbeauty.ca\/fr\/produit\/emunah-wash-2\/"]}]},{"@type":"ImageObject","inLanguage":"fr-FR","@id":"https:\/\/bboxbeauty.ca\/fr\/produit\/emunah-wash-2\/#primaryimage","url":"https:\/\/bboxbeauty.ca\/wp-content\/uploads\/2024\/11\/wash_100.webp","contentUrl":"https:\/\/bboxbeauty.ca\/wp-content\/uploads\/2024\/11\/wash_100.webp","width":550,"height":550},{"@type":"BreadcrumbList","@id":"https:\/\/bboxbeauty.ca\/fr\/produit\/emunah-wash-2\/#breadcrumb","itemListElement":[{"@type":"ListItem","position":1,"name":"Home","item":"https:\/\/bboxbeauty.ca\/fr\/"},{"@type":"ListItem","position":2,"name":"Boutique","item":"https:\/\/bboxbeauty.ca\/fr\/boutique\/"},{"@type":"ListItem","position":3,"name":"Emunah Wash"}]},{"@type":"WebSite","@id":"https:\/\/bboxbeauty.ca\/fr\/#website","url":"https:\/\/bboxbeauty.ca\/fr\/","name":"B-BOX Beauty","description":"Skin Care To The Next Level","publisher":{"@id":"https:\/\/bboxbeauty.ca\/fr\/#organization"},"alternateName":"B-Box","potentialAction":[{"@type":"SearchAction","target":{"@type":"EntryPoint","urlTemplate":"https:\/\/bboxbeauty.ca\/fr\/?s={search_term_string}"},"query-input":{"@type":"PropertyValueSpecification","valueRequired":true,"valueName":"search_term_string"}}],"inLanguage":"fr-FR"},{"@type":"Organization","@id":"https:\/\/bboxbeauty.ca\/fr\/#organization","name":"B-Box Beauty","alternateName":"B-Box","url":"https:\/\/bboxbeauty.ca\/fr\/","logo":{"@type":"ImageObject","inLanguage":"fr-FR","@id":"https:\/\/bboxbeauty.ca\/fr\/#\/schema\/logo\/image\/","url":"https:\/\/bboxbeauty.ca\/wp-content\/uploads\/2022\/11\/logo.png","contentUrl":"https:\/\/bboxbeauty.ca\/wp-content\/uploads\/2022\/11\/logo.png","width":250,"height":87,"caption":"B-Box Beauty"},"image":{"@id":"https:\/\/bboxbeauty.ca\/fr\/#\/schema\/logo\/image\/"},"sameAs":["https:\/\/www.facebook.com\/BBoxBeauty\/","https:\/\/www.instagram.com\/bboxbeauty\/","https:\/\/www.linkedin.com\/company\/b-box-beauty\/"]}]}},"_links":{"self":[{"href":"https:\/\/bboxbeauty.ca\/fr\/wp-json\/wp\/v2\/product\/4738","targetHints":{"allow":["GET"]}}],"collection":[{"href":"https:\/\/bboxbeauty.ca\/fr\/wp-json\/wp\/v2\/product"}],"about":[{"href":"https:\/\/bboxbeauty.ca\/fr\/wp-json\/wp\/v2\/types\/product"}],"replies":[{"embeddable":true,"href":"https:\/\/bboxbeauty.ca\/fr\/wp-json\/wp\/v2\/comments?post=4738"}],"wp:featuredmedia":[{"embeddable":true,"href":"https:\/\/bboxbeauty.ca\/fr\/wp-json\/wp\/v2\/media\/4737"}],"wp:attachment":[{"href":"https:\/\/bboxbeauty.ca\/fr\/wp-json\/wp\/v2\/media?parent=4738"}],"wp:term":[{"taxonomy":"product_brand","embeddable":true,"href":"https:\/\/bboxbeauty.ca\/fr\/wp-json\/wp\/v2\/product_brand?post=4738"},{"taxonomy":"product_cat","embeddable":true,"href":"https:\/\/bboxbeauty.ca\/fr\/wp-json\/wp\/v2\/product_cat?post=4738"},{"taxonomy":"product_tag","embeddable":true,"href":"https:\/\/bboxbeauty.ca\/fr\/wp-json\/wp\/v2\/product_tag?post=4738"},{"taxonomy":"giftcard-category","embeddable":true,"href":"https:\/\/bboxbeauty.ca\/fr\/wp-json\/wp\/v2\/giftcard-category?post=4738"}],"curies":[{"name":"wp","href":"https:\/\/api.w.org\/{rel}","templated":true}]}}