{"id":4256,"date":"2024-05-02T15:46:38","date_gmt":"2024-05-02T19:46:38","guid":{"rendered":"https:\/\/bboxbeauty.ca\/?post_type=product&#038;p=4256"},"modified":"2025-08-01T11:39:57","modified_gmt":"2025-08-01T15:39:57","slug":"hop-pro-volumizing-cleansing-mousse","status":"publish","type":"product","link":"https:\/\/bboxbeauty.ca\/fr\/produit\/hop-pro-volumizing-cleansing-mousse\/","title":{"rendered":"HOP Pro Volumizing Mousse Nettoyante"},"content":{"rendered":"<p>Cette mousse nettoyante est si cr\u00e9meuse et luxueuse qu&rsquo;elle rehausse v\u00e9ritablement votre routine de nettoyage. Elle apporte des bienfaits repulpants gr\u00e2ce \u00e0 l&rsquo;acide poly-lactique (PLLA), ingr\u00e9dient signature de HOP+, tandis que les principaux hydratants, tels que la centella asiatica, le panth\u00e9nol et le hyaluronate de sodium, nourrissent et hydratent les peaux s\u00e8ches ou d\u00e9shydrat\u00e9es. Le niacinamide et la gel\u00e9e royale \u00e9claircissent et rafra\u00eechissent le teint, faisant de ce produit le nettoyant ultime et complet dont vous ne pourrez plus vous passer.<\/p>\n<p>Les actions sur la peau sont:<\/p>\n<ul>\n<li>Nourrit et hydrate<\/li>\n<li>Repulpe la peau rel\u00e2ch\u00e9e<\/li>\n<li>\u00c9claircit le teint<\/li>\n<li>Calme l&rsquo;inflammation<\/li>\n<li>Renforce la barri\u00e8re cutan\u00e9e<\/li>\n<\/ul>\n","protected":false},"excerpt":{"rendered":"<p>HOP+ Pro Volumizing Mousse nettoyante<span style=\"font-size: 14.4px;\">\u00a0est un nettoyant luxueux et moussant qui hydrate efficacement, am\u00e9liore la texture et repulpe la peau s\u00e8che, d\u00e9shydrat\u00e9e ou rel\u00e2ch\u00e9e.<\/span><\/p>\n","protected":false},"featured_media":4259,"comment_status":"open","ping_status":"closed","template":"","meta":[],"product_brand":[],"product_cat":[119,111,107,93,116,92],"product_tag":[],"giftcard-category":[],"class_list":{"0":"post-4256","1":"product","2":"type-product","3":"status-publish","4":"has-post-thumbnail","6":"product_cat-anti-age","7":"product_cat-autres","8":"product_cat-house-of-plla-fr","9":"product_cat-nettoyants","10":"product_cat-rosacee","11":"product_cat-visage-corps","13":"first","14":"instock","15":"taxable","16":"shipping-taxable","17":"purchasable","18":"product-type-simple"},"yoast_head":"<!-- This site is optimized with the Yoast SEO plugin v27.4 - https:\/\/yoast.com\/product\/yoast-seo-wordpress\/ -->\n<title>HOP Pro Volumizing Mousse Nettoyante | B-BOX Beauty<\/title>\n<meta name=\"description\" content=\"HOP+ Pro Volumizing Mousse Daily Foaming Cleanser\u00a0is a luxurious, foamy cleanser that effectively hydrates, improves texture, and plumps dry, dehydrated, or lax skin.\" \/>\n<meta name=\"robots\" content=\"index, follow, max-snippet:-1, max-image-preview:large, max-video-preview:-1\" \/>\n<link rel=\"canonical\" href=\"https:\/\/bboxbeauty.ca\/fr\/produit\/hop-pro-volumizing-cleansing-mousse\/\" \/>\n<script type=\"application\/ld+json\" class=\"yoast-schema-graph\">{\"@context\":\"https:\\\/\\\/schema.org\",\"@graph\":[{\"@type\":\"WebPage\",\"@id\":\"https:\\\/\\\/bboxbeauty.ca\\\/fr\\\/produit\\\/hop-pro-volumizing-cleansing-mousse\\\/\",\"url\":\"https:\\\/\\\/bboxbeauty.ca\\\/fr\\\/produit\\\/hop-pro-volumizing-cleansing-mousse\\\/\",\"name\":\"HOP Pro Volumizing Mousse Nettoyante | B-BOX Beauty\",\"isPartOf\":{\"@id\":\"https:\\\/\\\/bboxbeauty.ca\\\/fr\\\/#website\"},\"primaryImageOfPage\":{\"@id\":\"https:\\\/\\\/bboxbeauty.ca\\\/fr\\\/produit\\\/hop-pro-volumizing-cleansing-mousse\\\/#primaryimage\"},\"image\":{\"@id\":\"https:\\\/\\\/bboxbeauty.ca\\\/fr\\\/produit\\\/hop-pro-volumizing-cleansing-mousse\\\/#primaryimage\"},\"thumbnailUrl\":\"https:\\\/\\\/bboxbeauty.ca\\\/wp-content\\\/uploads\\\/2024\\\/05\\\/Design-sans-titre-2.png\",\"datePublished\":\"2024-05-02T19:46:38+00:00\",\"dateModified\":\"2025-08-01T15:39:57+00:00\",\"description\":\"HOP+ Pro Volumizing Mousse Daily Foaming Cleanser\u00a0is a luxurious, foamy cleanser that effectively hydrates, improves texture, and plumps dry, dehydrated, or lax skin.\",\"breadcrumb\":{\"@id\":\"https:\\\/\\\/bboxbeauty.ca\\\/fr\\\/produit\\\/hop-pro-volumizing-cleansing-mousse\\\/#breadcrumb\"},\"inLanguage\":\"fr-FR\",\"potentialAction\":[{\"@type\":\"ReadAction\",\"target\":[\"https:\\\/\\\/bboxbeauty.ca\\\/fr\\\/produit\\\/hop-pro-volumizing-cleansing-mousse\\\/\"]}]},{\"@type\":\"ImageObject\",\"inLanguage\":\"fr-FR\",\"@id\":\"https:\\\/\\\/bboxbeauty.ca\\\/fr\\\/produit\\\/hop-pro-volumizing-cleansing-mousse\\\/#primaryimage\",\"url\":\"https:\\\/\\\/bboxbeauty.ca\\\/wp-content\\\/uploads\\\/2024\\\/05\\\/Design-sans-titre-2.png\",\"contentUrl\":\"https:\\\/\\\/bboxbeauty.ca\\\/wp-content\\\/uploads\\\/2024\\\/05\\\/Design-sans-titre-2.png\",\"width\":1080,\"height\":1080},{\"@type\":\"BreadcrumbList\",\"@id\":\"https:\\\/\\\/bboxbeauty.ca\\\/fr\\\/produit\\\/hop-pro-volumizing-cleansing-mousse\\\/#breadcrumb\",\"itemListElement\":[{\"@type\":\"ListItem\",\"position\":1,\"name\":\"Home\",\"item\":\"https:\\\/\\\/bboxbeauty.ca\\\/fr\\\/\"},{\"@type\":\"ListItem\",\"position\":2,\"name\":\"Boutique\",\"item\":\"https:\\\/\\\/bboxbeauty.ca\\\/fr\\\/boutique\\\/\"},{\"@type\":\"ListItem\",\"position\":3,\"name\":\"HOP Pro Volumizing Mousse Nettoyante\"}]},{\"@type\":\"WebSite\",\"@id\":\"https:\\\/\\\/bboxbeauty.ca\\\/fr\\\/#website\",\"url\":\"https:\\\/\\\/bboxbeauty.ca\\\/fr\\\/\",\"name\":\"B-BOX Beauty\",\"description\":\"Skin Care To The Next Level\",\"publisher\":{\"@id\":\"https:\\\/\\\/bboxbeauty.ca\\\/fr\\\/#organization\"},\"alternateName\":\"B-Box\",\"potentialAction\":[{\"@type\":\"SearchAction\",\"target\":{\"@type\":\"EntryPoint\",\"urlTemplate\":\"https:\\\/\\\/bboxbeauty.ca\\\/fr\\\/?s={search_term_string}\"},\"query-input\":{\"@type\":\"PropertyValueSpecification\",\"valueRequired\":true,\"valueName\":\"search_term_string\"}}],\"inLanguage\":\"fr-FR\"},{\"@type\":\"Organization\",\"@id\":\"https:\\\/\\\/bboxbeauty.ca\\\/fr\\\/#organization\",\"name\":\"B-Box Beauty\",\"alternateName\":\"B-Box\",\"url\":\"https:\\\/\\\/bboxbeauty.ca\\\/fr\\\/\",\"logo\":{\"@type\":\"ImageObject\",\"inLanguage\":\"fr-FR\",\"@id\":\"https:\\\/\\\/bboxbeauty.ca\\\/fr\\\/#\\\/schema\\\/logo\\\/image\\\/\",\"url\":\"https:\\\/\\\/bboxbeauty.ca\\\/wp-content\\\/uploads\\\/2022\\\/11\\\/logo.png\",\"contentUrl\":\"https:\\\/\\\/bboxbeauty.ca\\\/wp-content\\\/uploads\\\/2022\\\/11\\\/logo.png\",\"width\":250,\"height\":87,\"caption\":\"B-Box Beauty\"},\"image\":{\"@id\":\"https:\\\/\\\/bboxbeauty.ca\\\/fr\\\/#\\\/schema\\\/logo\\\/image\\\/\"},\"sameAs\":[\"https:\\\/\\\/www.facebook.com\\\/BBoxBeauty\\\/\",\"https:\\\/\\\/www.instagram.com\\\/bboxbeauty\\\/\",\"https:\\\/\\\/www.linkedin.com\\\/company\\\/b-box-beauty\\\/\"]}]}<\/script>\n<!-- \/ Yoast SEO plugin. -->","yoast_head_json":{"title":"HOP Pro Volumizing Mousse Nettoyante | B-BOX Beauty","description":"HOP+ Pro Volumizing Mousse Daily Foaming Cleanser\u00a0is a luxurious, foamy cleanser that effectively hydrates, improves texture, and plumps dry, dehydrated, or lax skin.","robots":{"index":"index","follow":"follow","max-snippet":"max-snippet:-1","max-image-preview":"max-image-preview:large","max-video-preview":"max-video-preview:-1"},"canonical":"https:\/\/bboxbeauty.ca\/fr\/produit\/hop-pro-volumizing-cleansing-mousse\/","schema":{"@context":"https:\/\/schema.org","@graph":[{"@type":"WebPage","@id":"https:\/\/bboxbeauty.ca\/fr\/produit\/hop-pro-volumizing-cleansing-mousse\/","url":"https:\/\/bboxbeauty.ca\/fr\/produit\/hop-pro-volumizing-cleansing-mousse\/","name":"HOP Pro Volumizing Mousse Nettoyante | B-BOX Beauty","isPartOf":{"@id":"https:\/\/bboxbeauty.ca\/fr\/#website"},"primaryImageOfPage":{"@id":"https:\/\/bboxbeauty.ca\/fr\/produit\/hop-pro-volumizing-cleansing-mousse\/#primaryimage"},"image":{"@id":"https:\/\/bboxbeauty.ca\/fr\/produit\/hop-pro-volumizing-cleansing-mousse\/#primaryimage"},"thumbnailUrl":"https:\/\/bboxbeauty.ca\/wp-content\/uploads\/2024\/05\/Design-sans-titre-2.png","datePublished":"2024-05-02T19:46:38+00:00","dateModified":"2025-08-01T15:39:57+00:00","description":"HOP+ Pro Volumizing Mousse Daily Foaming Cleanser\u00a0is a luxurious, foamy cleanser that effectively hydrates, improves texture, and plumps dry, dehydrated, or lax skin.","breadcrumb":{"@id":"https:\/\/bboxbeauty.ca\/fr\/produit\/hop-pro-volumizing-cleansing-mousse\/#breadcrumb"},"inLanguage":"fr-FR","potentialAction":[{"@type":"ReadAction","target":["https:\/\/bboxbeauty.ca\/fr\/produit\/hop-pro-volumizing-cleansing-mousse\/"]}]},{"@type":"ImageObject","inLanguage":"fr-FR","@id":"https:\/\/bboxbeauty.ca\/fr\/produit\/hop-pro-volumizing-cleansing-mousse\/#primaryimage","url":"https:\/\/bboxbeauty.ca\/wp-content\/uploads\/2024\/05\/Design-sans-titre-2.png","contentUrl":"https:\/\/bboxbeauty.ca\/wp-content\/uploads\/2024\/05\/Design-sans-titre-2.png","width":1080,"height":1080},{"@type":"BreadcrumbList","@id":"https:\/\/bboxbeauty.ca\/fr\/produit\/hop-pro-volumizing-cleansing-mousse\/#breadcrumb","itemListElement":[{"@type":"ListItem","position":1,"name":"Home","item":"https:\/\/bboxbeauty.ca\/fr\/"},{"@type":"ListItem","position":2,"name":"Boutique","item":"https:\/\/bboxbeauty.ca\/fr\/boutique\/"},{"@type":"ListItem","position":3,"name":"HOP Pro Volumizing Mousse Nettoyante"}]},{"@type":"WebSite","@id":"https:\/\/bboxbeauty.ca\/fr\/#website","url":"https:\/\/bboxbeauty.ca\/fr\/","name":"B-BOX Beauty","description":"Skin Care To The Next Level","publisher":{"@id":"https:\/\/bboxbeauty.ca\/fr\/#organization"},"alternateName":"B-Box","potentialAction":[{"@type":"SearchAction","target":{"@type":"EntryPoint","urlTemplate":"https:\/\/bboxbeauty.ca\/fr\/?s={search_term_string}"},"query-input":{"@type":"PropertyValueSpecification","valueRequired":true,"valueName":"search_term_string"}}],"inLanguage":"fr-FR"},{"@type":"Organization","@id":"https:\/\/bboxbeauty.ca\/fr\/#organization","name":"B-Box Beauty","alternateName":"B-Box","url":"https:\/\/bboxbeauty.ca\/fr\/","logo":{"@type":"ImageObject","inLanguage":"fr-FR","@id":"https:\/\/bboxbeauty.ca\/fr\/#\/schema\/logo\/image\/","url":"https:\/\/bboxbeauty.ca\/wp-content\/uploads\/2022\/11\/logo.png","contentUrl":"https:\/\/bboxbeauty.ca\/wp-content\/uploads\/2022\/11\/logo.png","width":250,"height":87,"caption":"B-Box Beauty"},"image":{"@id":"https:\/\/bboxbeauty.ca\/fr\/#\/schema\/logo\/image\/"},"sameAs":["https:\/\/www.facebook.com\/BBoxBeauty\/","https:\/\/www.instagram.com\/bboxbeauty\/","https:\/\/www.linkedin.com\/company\/b-box-beauty\/"]}]}},"_links":{"self":[{"href":"https:\/\/bboxbeauty.ca\/fr\/wp-json\/wp\/v2\/product\/4256","targetHints":{"allow":["GET"]}}],"collection":[{"href":"https:\/\/bboxbeauty.ca\/fr\/wp-json\/wp\/v2\/product"}],"about":[{"href":"https:\/\/bboxbeauty.ca\/fr\/wp-json\/wp\/v2\/types\/product"}],"replies":[{"embeddable":true,"href":"https:\/\/bboxbeauty.ca\/fr\/wp-json\/wp\/v2\/comments?post=4256"}],"wp:featuredmedia":[{"embeddable":true,"href":"https:\/\/bboxbeauty.ca\/fr\/wp-json\/wp\/v2\/media\/4259"}],"wp:attachment":[{"href":"https:\/\/bboxbeauty.ca\/fr\/wp-json\/wp\/v2\/media?parent=4256"}],"wp:term":[{"taxonomy":"product_brand","embeddable":true,"href":"https:\/\/bboxbeauty.ca\/fr\/wp-json\/wp\/v2\/product_brand?post=4256"},{"taxonomy":"product_cat","embeddable":true,"href":"https:\/\/bboxbeauty.ca\/fr\/wp-json\/wp\/v2\/product_cat?post=4256"},{"taxonomy":"product_tag","embeddable":true,"href":"https:\/\/bboxbeauty.ca\/fr\/wp-json\/wp\/v2\/product_tag?post=4256"},{"taxonomy":"giftcard-category","embeddable":true,"href":"https:\/\/bboxbeauty.ca\/fr\/wp-json\/wp\/v2\/giftcard-category?post=4256"}],"curies":[{"name":"wp","href":"https:\/\/api.w.org\/{rel}","templated":true}]}}