{"id":3706,"date":"2023-05-03T17:09:28","date_gmt":"2023-05-03T21:09:28","guid":{"rendered":"https:\/\/bboxbeauty.ca\/product\/hop-promoter-repair-cell-cream\/"},"modified":"2026-03-03T19:49:17","modified_gmt":"2026-03-04T00:49:17","slug":"creme-hop-promoter-repair-cell","status":"publish","type":"product","link":"https:\/\/bboxbeauty.ca\/fr\/produit\/creme-hop-promoter-repair-cell\/","title":{"rendered":"Cr\u00e8me HOP Promoter Repair Cell"},"content":{"rendered":"<p>Un puissant \u00ab\u00a0hydratant de comblement\u00a0\u00bb ! Cette luxueuse formule contenant du PLLA, 4 facteurs de croissance \u00e9pidermique, du filtrat d&rsquo;escargot, de la gomme de natto et du collag\u00e8ne v\u00e9g\u00e9tal donne un coup de fouet \u00e0 votre peau. Une petite quantit\u00e9 suffit pour de magnifique r\u00e9sultat.<\/p>\n<p>&nbsp;<\/p>\n","protected":false},"excerpt":{"rendered":"<p>Cette cr\u00e8me \u00e9l\u00e9gante repulpe, raffermit et adoucit la peau, qui para\u00eet plus claire et plus raffin\u00e9e. La gomme de natto am\u00e9liore la capacit\u00e9 de la peau \u00e0 retenir l&rsquo;humidit\u00e9 et convient donc parfaitement aux peaux d\u00e9shydrat\u00e9es. Avec une utilisation continue, la peau sera plus rebondie, plus lisse et para\u00eetra plus jeune.<\/p>\n","protected":false},"featured_media":3698,"comment_status":"open","ping_status":"closed","template":"","meta":[],"product_brand":[],"product_cat":[119,97,107,118,117,113,114],"product_tag":[],"giftcard-category":[],"class_list":{"0":"post-3706","1":"product","2":"type-product","3":"status-publish","4":"has-post-thumbnail","6":"product_cat-anti-age","7":"product_cat-emulsions-cremes-de-traitement","8":"product_cat-house-of-plla-fr","9":"product_cat-peau-acneique","10":"product_cat-peau-deshydratee","11":"product_cat-peau-grasse","12":"product_cat-peau-seche","14":"first","15":"instock","16":"taxable","17":"shipping-taxable","18":"purchasable","19":"product-type-variable","20":"has-default-attributes"},"yoast_head":"<!-- This site is optimized with the Yoast SEO plugin v27.3 - https:\/\/yoast.com\/product\/yoast-seo-wordpress\/ -->\n<title>Cr\u00e8me HOP Promoter Repair Cell | B-BOX Beauty<\/title>\n<meta name=\"description\" content=\"Cette cr\u00e8me \u00e9l\u00e9gante repulpe, raffermit et adoucit la peau, qui para\u00eet plus claire et plus raffin\u00e9e. La gomme de natto am\u00e9liore la capacit\u00e9 de la peau \u00e0 retenir l&#039;humidit\u00e9 et convient donc parfaitement aux peaux d\u00e9shydrat\u00e9es. Avec une utilisation continue, la peau sera plus rebondie, plus lisse et para\u00eetra plus jeune.\" \/>\n<meta name=\"robots\" content=\"index, follow, max-snippet:-1, max-image-preview:large, max-video-preview:-1\" \/>\n<link rel=\"canonical\" href=\"https:\/\/bboxbeauty.ca\/fr\/produit\/creme-hop-promoter-repair-cell\/\" \/>\n<script type=\"application\/ld+json\" class=\"yoast-schema-graph\">{\"@context\":\"https:\\\/\\\/schema.org\",\"@graph\":[{\"@type\":\"WebPage\",\"@id\":\"https:\\\/\\\/bboxbeauty.ca\\\/fr\\\/produit\\\/creme-hop-promoter-repair-cell\\\/\",\"url\":\"https:\\\/\\\/bboxbeauty.ca\\\/fr\\\/produit\\\/creme-hop-promoter-repair-cell\\\/\",\"name\":\"Cr\u00e8me HOP Promoter Repair Cell | B-BOX Beauty\",\"isPartOf\":{\"@id\":\"https:\\\/\\\/bboxbeauty.ca\\\/fr\\\/#website\"},\"primaryImageOfPage\":{\"@id\":\"https:\\\/\\\/bboxbeauty.ca\\\/fr\\\/produit\\\/creme-hop-promoter-repair-cell\\\/#primaryimage\"},\"image\":{\"@id\":\"https:\\\/\\\/bboxbeauty.ca\\\/fr\\\/produit\\\/creme-hop-promoter-repair-cell\\\/#primaryimage\"},\"thumbnailUrl\":\"https:\\\/\\\/bboxbeauty.ca\\\/wp-content\\\/uploads\\\/2023\\\/05\\\/PromoterRepairCellMoisturizer_DrytoNormal_Web_1080x.webp\",\"datePublished\":\"2023-05-03T21:09:28+00:00\",\"dateModified\":\"2026-03-04T00:49:17+00:00\",\"description\":\"Cette cr\u00e8me \u00e9l\u00e9gante repulpe, raffermit et adoucit la peau, qui para\u00eet plus claire et plus raffin\u00e9e. La gomme de natto am\u00e9liore la capacit\u00e9 de la peau \u00e0 retenir l'humidit\u00e9 et convient donc parfaitement aux peaux d\u00e9shydrat\u00e9es. Avec une utilisation continue, la peau sera plus rebondie, plus lisse et para\u00eetra plus jeune.\",\"breadcrumb\":{\"@id\":\"https:\\\/\\\/bboxbeauty.ca\\\/fr\\\/produit\\\/creme-hop-promoter-repair-cell\\\/#breadcrumb\"},\"inLanguage\":\"fr-FR\",\"potentialAction\":[{\"@type\":\"ReadAction\",\"target\":[\"https:\\\/\\\/bboxbeauty.ca\\\/fr\\\/produit\\\/creme-hop-promoter-repair-cell\\\/\"]}]},{\"@type\":\"ImageObject\",\"inLanguage\":\"fr-FR\",\"@id\":\"https:\\\/\\\/bboxbeauty.ca\\\/fr\\\/produit\\\/creme-hop-promoter-repair-cell\\\/#primaryimage\",\"url\":\"https:\\\/\\\/bboxbeauty.ca\\\/wp-content\\\/uploads\\\/2023\\\/05\\\/PromoterRepairCellMoisturizer_DrytoNormal_Web_1080x.webp\",\"contentUrl\":\"https:\\\/\\\/bboxbeauty.ca\\\/wp-content\\\/uploads\\\/2023\\\/05\\\/PromoterRepairCellMoisturizer_DrytoNormal_Web_1080x.webp\",\"width\":1080,\"height\":1080,\"caption\":\"Cr\u00e8me HOP Promoter Repair Cell\"},{\"@type\":\"BreadcrumbList\",\"@id\":\"https:\\\/\\\/bboxbeauty.ca\\\/fr\\\/produit\\\/creme-hop-promoter-repair-cell\\\/#breadcrumb\",\"itemListElement\":[{\"@type\":\"ListItem\",\"position\":1,\"name\":\"Home\",\"item\":\"https:\\\/\\\/bboxbeauty.ca\\\/fr\\\/\"},{\"@type\":\"ListItem\",\"position\":2,\"name\":\"Boutique\",\"item\":\"https:\\\/\\\/bboxbeauty.ca\\\/fr\\\/boutique\\\/\"},{\"@type\":\"ListItem\",\"position\":3,\"name\":\"Cr\u00e8me HOP Promoter Repair Cell\"}]},{\"@type\":\"WebSite\",\"@id\":\"https:\\\/\\\/bboxbeauty.ca\\\/fr\\\/#website\",\"url\":\"https:\\\/\\\/bboxbeauty.ca\\\/fr\\\/\",\"name\":\"B-BOX Beauty\",\"description\":\"Skin Care To The Next Level\",\"publisher\":{\"@id\":\"https:\\\/\\\/bboxbeauty.ca\\\/fr\\\/#organization\"},\"alternateName\":\"B-Box\",\"potentialAction\":[{\"@type\":\"SearchAction\",\"target\":{\"@type\":\"EntryPoint\",\"urlTemplate\":\"https:\\\/\\\/bboxbeauty.ca\\\/fr\\\/?s={search_term_string}\"},\"query-input\":{\"@type\":\"PropertyValueSpecification\",\"valueRequired\":true,\"valueName\":\"search_term_string\"}}],\"inLanguage\":\"fr-FR\"},{\"@type\":\"Organization\",\"@id\":\"https:\\\/\\\/bboxbeauty.ca\\\/fr\\\/#organization\",\"name\":\"B-Box Beauty\",\"alternateName\":\"B-Box\",\"url\":\"https:\\\/\\\/bboxbeauty.ca\\\/fr\\\/\",\"logo\":{\"@type\":\"ImageObject\",\"inLanguage\":\"fr-FR\",\"@id\":\"https:\\\/\\\/bboxbeauty.ca\\\/fr\\\/#\\\/schema\\\/logo\\\/image\\\/\",\"url\":\"https:\\\/\\\/bboxbeauty.ca\\\/wp-content\\\/uploads\\\/2022\\\/11\\\/logo.png\",\"contentUrl\":\"https:\\\/\\\/bboxbeauty.ca\\\/wp-content\\\/uploads\\\/2022\\\/11\\\/logo.png\",\"width\":250,\"height\":87,\"caption\":\"B-Box Beauty\"},\"image\":{\"@id\":\"https:\\\/\\\/bboxbeauty.ca\\\/fr\\\/#\\\/schema\\\/logo\\\/image\\\/\"},\"sameAs\":[\"https:\\\/\\\/www.facebook.com\\\/BBoxBeauty\\\/\",\"https:\\\/\\\/www.instagram.com\\\/bboxbeauty\\\/\",\"https:\\\/\\\/www.linkedin.com\\\/company\\\/b-box-beauty\\\/\"]}]}<\/script>\n<!-- \/ Yoast SEO plugin. -->","yoast_head_json":{"title":"Cr\u00e8me HOP Promoter Repair Cell | B-BOX Beauty","description":"Cette cr\u00e8me \u00e9l\u00e9gante repulpe, raffermit et adoucit la peau, qui para\u00eet plus claire et plus raffin\u00e9e. La gomme de natto am\u00e9liore la capacit\u00e9 de la peau \u00e0 retenir l'humidit\u00e9 et convient donc parfaitement aux peaux d\u00e9shydrat\u00e9es. Avec une utilisation continue, la peau sera plus rebondie, plus lisse et para\u00eetra plus jeune.","robots":{"index":"index","follow":"follow","max-snippet":"max-snippet:-1","max-image-preview":"max-image-preview:large","max-video-preview":"max-video-preview:-1"},"canonical":"https:\/\/bboxbeauty.ca\/fr\/produit\/creme-hop-promoter-repair-cell\/","schema":{"@context":"https:\/\/schema.org","@graph":[{"@type":"WebPage","@id":"https:\/\/bboxbeauty.ca\/fr\/produit\/creme-hop-promoter-repair-cell\/","url":"https:\/\/bboxbeauty.ca\/fr\/produit\/creme-hop-promoter-repair-cell\/","name":"Cr\u00e8me HOP Promoter Repair Cell | B-BOX Beauty","isPartOf":{"@id":"https:\/\/bboxbeauty.ca\/fr\/#website"},"primaryImageOfPage":{"@id":"https:\/\/bboxbeauty.ca\/fr\/produit\/creme-hop-promoter-repair-cell\/#primaryimage"},"image":{"@id":"https:\/\/bboxbeauty.ca\/fr\/produit\/creme-hop-promoter-repair-cell\/#primaryimage"},"thumbnailUrl":"https:\/\/bboxbeauty.ca\/wp-content\/uploads\/2023\/05\/PromoterRepairCellMoisturizer_DrytoNormal_Web_1080x.webp","datePublished":"2023-05-03T21:09:28+00:00","dateModified":"2026-03-04T00:49:17+00:00","description":"Cette cr\u00e8me \u00e9l\u00e9gante repulpe, raffermit et adoucit la peau, qui para\u00eet plus claire et plus raffin\u00e9e. La gomme de natto am\u00e9liore la capacit\u00e9 de la peau \u00e0 retenir l'humidit\u00e9 et convient donc parfaitement aux peaux d\u00e9shydrat\u00e9es. Avec une utilisation continue, la peau sera plus rebondie, plus lisse et para\u00eetra plus jeune.","breadcrumb":{"@id":"https:\/\/bboxbeauty.ca\/fr\/produit\/creme-hop-promoter-repair-cell\/#breadcrumb"},"inLanguage":"fr-FR","potentialAction":[{"@type":"ReadAction","target":["https:\/\/bboxbeauty.ca\/fr\/produit\/creme-hop-promoter-repair-cell\/"]}]},{"@type":"ImageObject","inLanguage":"fr-FR","@id":"https:\/\/bboxbeauty.ca\/fr\/produit\/creme-hop-promoter-repair-cell\/#primaryimage","url":"https:\/\/bboxbeauty.ca\/wp-content\/uploads\/2023\/05\/PromoterRepairCellMoisturizer_DrytoNormal_Web_1080x.webp","contentUrl":"https:\/\/bboxbeauty.ca\/wp-content\/uploads\/2023\/05\/PromoterRepairCellMoisturizer_DrytoNormal_Web_1080x.webp","width":1080,"height":1080,"caption":"Cr\u00e8me HOP Promoter Repair Cell"},{"@type":"BreadcrumbList","@id":"https:\/\/bboxbeauty.ca\/fr\/produit\/creme-hop-promoter-repair-cell\/#breadcrumb","itemListElement":[{"@type":"ListItem","position":1,"name":"Home","item":"https:\/\/bboxbeauty.ca\/fr\/"},{"@type":"ListItem","position":2,"name":"Boutique","item":"https:\/\/bboxbeauty.ca\/fr\/boutique\/"},{"@type":"ListItem","position":3,"name":"Cr\u00e8me HOP Promoter Repair Cell"}]},{"@type":"WebSite","@id":"https:\/\/bboxbeauty.ca\/fr\/#website","url":"https:\/\/bboxbeauty.ca\/fr\/","name":"B-BOX Beauty","description":"Skin Care To The Next Level","publisher":{"@id":"https:\/\/bboxbeauty.ca\/fr\/#organization"},"alternateName":"B-Box","potentialAction":[{"@type":"SearchAction","target":{"@type":"EntryPoint","urlTemplate":"https:\/\/bboxbeauty.ca\/fr\/?s={search_term_string}"},"query-input":{"@type":"PropertyValueSpecification","valueRequired":true,"valueName":"search_term_string"}}],"inLanguage":"fr-FR"},{"@type":"Organization","@id":"https:\/\/bboxbeauty.ca\/fr\/#organization","name":"B-Box Beauty","alternateName":"B-Box","url":"https:\/\/bboxbeauty.ca\/fr\/","logo":{"@type":"ImageObject","inLanguage":"fr-FR","@id":"https:\/\/bboxbeauty.ca\/fr\/#\/schema\/logo\/image\/","url":"https:\/\/bboxbeauty.ca\/wp-content\/uploads\/2022\/11\/logo.png","contentUrl":"https:\/\/bboxbeauty.ca\/wp-content\/uploads\/2022\/11\/logo.png","width":250,"height":87,"caption":"B-Box Beauty"},"image":{"@id":"https:\/\/bboxbeauty.ca\/fr\/#\/schema\/logo\/image\/"},"sameAs":["https:\/\/www.facebook.com\/BBoxBeauty\/","https:\/\/www.instagram.com\/bboxbeauty\/","https:\/\/www.linkedin.com\/company\/b-box-beauty\/"]}]}},"_links":{"self":[{"href":"https:\/\/bboxbeauty.ca\/fr\/wp-json\/wp\/v2\/product\/3706","targetHints":{"allow":["GET"]}}],"collection":[{"href":"https:\/\/bboxbeauty.ca\/fr\/wp-json\/wp\/v2\/product"}],"about":[{"href":"https:\/\/bboxbeauty.ca\/fr\/wp-json\/wp\/v2\/types\/product"}],"replies":[{"embeddable":true,"href":"https:\/\/bboxbeauty.ca\/fr\/wp-json\/wp\/v2\/comments?post=3706"}],"wp:featuredmedia":[{"embeddable":true,"href":"https:\/\/bboxbeauty.ca\/fr\/wp-json\/wp\/v2\/media\/3698"}],"wp:attachment":[{"href":"https:\/\/bboxbeauty.ca\/fr\/wp-json\/wp\/v2\/media?parent=3706"}],"wp:term":[{"taxonomy":"product_brand","embeddable":true,"href":"https:\/\/bboxbeauty.ca\/fr\/wp-json\/wp\/v2\/product_brand?post=3706"},{"taxonomy":"product_cat","embeddable":true,"href":"https:\/\/bboxbeauty.ca\/fr\/wp-json\/wp\/v2\/product_cat?post=3706"},{"taxonomy":"product_tag","embeddable":true,"href":"https:\/\/bboxbeauty.ca\/fr\/wp-json\/wp\/v2\/product_tag?post=3706"},{"taxonomy":"giftcard-category","embeddable":true,"href":"https:\/\/bboxbeauty.ca\/fr\/wp-json\/wp\/v2\/giftcard-category?post=3706"}],"curies":[{"name":"wp","href":"https:\/\/api.w.org\/{rel}","templated":true}]}}