{"id":3598,"date":"2021-07-27T16:40:57","date_gmt":"2021-07-27T20:40:57","guid":{"rendered":"https:\/\/bboxbeauty.ca\/product\/tizo-solar-mineral-sunscreen-spf-50\/"},"modified":"2024-12-03T17:53:23","modified_gmt":"2024-12-03T22:53:23","slug":"tizo-protection-solaire-mineral-fps50","status":"publish","type":"product","link":"https:\/\/bboxbeauty.ca\/fr\/produit\/tizo-protection-solaire-mineral-fps50\/","title":{"rendered":"Tizo Protection Solaire Mineral FPS50+"},"content":{"rendered":"<p>Tizo Protection Solaire Mineral FPS50+ est une cr\u00e8me solaire douce, \u00e0 large spectre et purement min\u00e9rale. La combinaison de dioxyde de titane et d&rsquo;oxyde de zinc offre une excellente protection contre les rayons UVB\/UVA pour pr\u00e9venir les br\u00fblures et le photovieillissement. L\u00e9g\u00e8rement teint\u00e9e, elle s&rsquo;harmonise avec toutes les carnations. Protection physique \u00e0 large spectre, id\u00e9ale apr\u00e8s une intervention. R\u00e9siste \u00e0 l&rsquo;eau pendant 40 minutes. PAS de filtres solaires chimiques, de colorants, de parfums, d&rsquo;huiles ou de conservateurs.<\/p>\n","protected":false},"excerpt":{"rendered":"<p>Le Tizo Protection Solaire Mineral FPS50+ est une protection solaire \u00e0 large spectre adapt\u00e9e \u00e0 un usage quotidien. Elle laisse la peau douce et lisse. Sa formule l\u00e9g\u00e8rement teint\u00e9e s&rsquo;estompe pour laisser place \u00e0 votre teinte naturelle. Formul\u00e9 avec des filtres solaires de classe 1 (oxyde de zinc) et de classe 2 (dioxyde de titane), il ne contient pas de filtres solaires chimiques. La formule de l&rsquo;\u00e9cran solaire SPF 50+ est excellente pour les enfants.<\/p>\n","protected":false},"featured_media":3260,"comment_status":"open","ping_status":"closed","template":"","meta":[],"product_brand":[],"product_cat":[119,101,109],"product_tag":[],"giftcard-category":[],"class_list":{"0":"post-3598","1":"product","2":"type-product","3":"status-publish","4":"has-post-thumbnail","6":"product_cat-anti-age","7":"product_cat-protection-solaire","8":"product_cat-tizo-fr","10":"first","11":"instock","12":"taxable","13":"shipping-taxable","14":"purchasable","15":"product-type-simple"},"yoast_head":"<!-- This site is optimized with the Yoast SEO plugin v27.4 - https:\/\/yoast.com\/product\/yoast-seo-wordpress\/ -->\n<title>Tizo Protection Solaire Mineral FPS50+ | B-BOX Beauty<\/title>\n<meta name=\"description\" content=\"Le Tizo Protection Solaire Mineral FPS50+ est une protection solaire \u00e0 large spectre adapt\u00e9e \u00e0 un usage quotidien. Elle laisse la peau douce et lisse. Sa formule l\u00e9g\u00e8rement teint\u00e9e s&#039;estompe pour laisser place \u00e0 votre teinte naturelle. Formul\u00e9 avec des filtres solaires de classe 1 (oxyde de zinc) et de classe 2 (dioxyde de titane), il ne contient pas de filtres solaires chimiques. La formule de l&#039;\u00e9cran solaire SPF 50+ est excellente pour les enfants.\" \/>\n<meta name=\"robots\" content=\"index, follow, max-snippet:-1, max-image-preview:large, max-video-preview:-1\" \/>\n<link rel=\"canonical\" href=\"https:\/\/bboxbeauty.ca\/fr\/produit\/tizo-protection-solaire-mineral-fps50\/\" \/>\n<script type=\"application\/ld+json\" class=\"yoast-schema-graph\">{\"@context\":\"https:\\\/\\\/schema.org\",\"@graph\":[{\"@type\":\"WebPage\",\"@id\":\"https:\\\/\\\/bboxbeauty.ca\\\/fr\\\/produit\\\/tizo-protection-solaire-mineral-fps50\\\/\",\"url\":\"https:\\\/\\\/bboxbeauty.ca\\\/fr\\\/produit\\\/tizo-protection-solaire-mineral-fps50\\\/\",\"name\":\"Tizo Protection Solaire Mineral FPS50+ | B-BOX Beauty\",\"isPartOf\":{\"@id\":\"https:\\\/\\\/bboxbeauty.ca\\\/fr\\\/#website\"},\"primaryImageOfPage\":{\"@id\":\"https:\\\/\\\/bboxbeauty.ca\\\/fr\\\/produit\\\/tizo-protection-solaire-mineral-fps50\\\/#primaryimage\"},\"image\":{\"@id\":\"https:\\\/\\\/bboxbeauty.ca\\\/fr\\\/produit\\\/tizo-protection-solaire-mineral-fps50\\\/#primaryimage\"},\"thumbnailUrl\":\"https:\\\/\\\/bboxbeauty.ca\\\/wp-content\\\/uploads\\\/2021\\\/07\\\/Tizo-General-Mineral-Sunscreen-SPF-50.jpg\",\"datePublished\":\"2021-07-27T20:40:57+00:00\",\"dateModified\":\"2024-12-03T22:53:23+00:00\",\"description\":\"Le Tizo Protection Solaire Mineral FPS50+ est une protection solaire \u00e0 large spectre adapt\u00e9e \u00e0 un usage quotidien. Elle laisse la peau douce et lisse. Sa formule l\u00e9g\u00e8rement teint\u00e9e s'estompe pour laisser place \u00e0 votre teinte naturelle. Formul\u00e9 avec des filtres solaires de classe 1 (oxyde de zinc) et de classe 2 (dioxyde de titane), il ne contient pas de filtres solaires chimiques. La formule de l'\u00e9cran solaire SPF 50+ est excellente pour les enfants.\",\"breadcrumb\":{\"@id\":\"https:\\\/\\\/bboxbeauty.ca\\\/fr\\\/produit\\\/tizo-protection-solaire-mineral-fps50\\\/#breadcrumb\"},\"inLanguage\":\"fr-FR\",\"potentialAction\":[{\"@type\":\"ReadAction\",\"target\":[\"https:\\\/\\\/bboxbeauty.ca\\\/fr\\\/produit\\\/tizo-protection-solaire-mineral-fps50\\\/\"]}]},{\"@type\":\"ImageObject\",\"inLanguage\":\"fr-FR\",\"@id\":\"https:\\\/\\\/bboxbeauty.ca\\\/fr\\\/produit\\\/tizo-protection-solaire-mineral-fps50\\\/#primaryimage\",\"url\":\"https:\\\/\\\/bboxbeauty.ca\\\/wp-content\\\/uploads\\\/2021\\\/07\\\/Tizo-General-Mineral-Sunscreen-SPF-50.jpg\",\"contentUrl\":\"https:\\\/\\\/bboxbeauty.ca\\\/wp-content\\\/uploads\\\/2021\\\/07\\\/Tizo-General-Mineral-Sunscreen-SPF-50.jpg\",\"width\":1200,\"height\":1200,\"caption\":\"Tizo Protection Solaire Mineral FPS50+\"},{\"@type\":\"BreadcrumbList\",\"@id\":\"https:\\\/\\\/bboxbeauty.ca\\\/fr\\\/produit\\\/tizo-protection-solaire-mineral-fps50\\\/#breadcrumb\",\"itemListElement\":[{\"@type\":\"ListItem\",\"position\":1,\"name\":\"Home\",\"item\":\"https:\\\/\\\/bboxbeauty.ca\\\/fr\\\/\"},{\"@type\":\"ListItem\",\"position\":2,\"name\":\"Boutique\",\"item\":\"https:\\\/\\\/bboxbeauty.ca\\\/fr\\\/boutique\\\/\"},{\"@type\":\"ListItem\",\"position\":3,\"name\":\"Tizo Protection Solaire Mineral FPS50+\"}]},{\"@type\":\"WebSite\",\"@id\":\"https:\\\/\\\/bboxbeauty.ca\\\/fr\\\/#website\",\"url\":\"https:\\\/\\\/bboxbeauty.ca\\\/fr\\\/\",\"name\":\"B-BOX Beauty\",\"description\":\"Skin Care To The Next Level\",\"publisher\":{\"@id\":\"https:\\\/\\\/bboxbeauty.ca\\\/fr\\\/#organization\"},\"alternateName\":\"B-Box\",\"potentialAction\":[{\"@type\":\"SearchAction\",\"target\":{\"@type\":\"EntryPoint\",\"urlTemplate\":\"https:\\\/\\\/bboxbeauty.ca\\\/fr\\\/?s={search_term_string}\"},\"query-input\":{\"@type\":\"PropertyValueSpecification\",\"valueRequired\":true,\"valueName\":\"search_term_string\"}}],\"inLanguage\":\"fr-FR\"},{\"@type\":\"Organization\",\"@id\":\"https:\\\/\\\/bboxbeauty.ca\\\/fr\\\/#organization\",\"name\":\"B-Box Beauty\",\"alternateName\":\"B-Box\",\"url\":\"https:\\\/\\\/bboxbeauty.ca\\\/fr\\\/\",\"logo\":{\"@type\":\"ImageObject\",\"inLanguage\":\"fr-FR\",\"@id\":\"https:\\\/\\\/bboxbeauty.ca\\\/fr\\\/#\\\/schema\\\/logo\\\/image\\\/\",\"url\":\"https:\\\/\\\/bboxbeauty.ca\\\/wp-content\\\/uploads\\\/2022\\\/11\\\/logo.png\",\"contentUrl\":\"https:\\\/\\\/bboxbeauty.ca\\\/wp-content\\\/uploads\\\/2022\\\/11\\\/logo.png\",\"width\":250,\"height\":87,\"caption\":\"B-Box Beauty\"},\"image\":{\"@id\":\"https:\\\/\\\/bboxbeauty.ca\\\/fr\\\/#\\\/schema\\\/logo\\\/image\\\/\"},\"sameAs\":[\"https:\\\/\\\/www.facebook.com\\\/BBoxBeauty\\\/\",\"https:\\\/\\\/www.instagram.com\\\/bboxbeauty\\\/\",\"https:\\\/\\\/www.linkedin.com\\\/company\\\/b-box-beauty\\\/\"]}]}<\/script>\n<!-- \/ Yoast SEO plugin. -->","yoast_head_json":{"title":"Tizo Protection Solaire Mineral FPS50+ | B-BOX Beauty","description":"Le Tizo Protection Solaire Mineral FPS50+ est une protection solaire \u00e0 large spectre adapt\u00e9e \u00e0 un usage quotidien. Elle laisse la peau douce et lisse. Sa formule l\u00e9g\u00e8rement teint\u00e9e s'estompe pour laisser place \u00e0 votre teinte naturelle. Formul\u00e9 avec des filtres solaires de classe 1 (oxyde de zinc) et de classe 2 (dioxyde de titane), il ne contient pas de filtres solaires chimiques. La formule de l'\u00e9cran solaire SPF 50+ est excellente pour les enfants.","robots":{"index":"index","follow":"follow","max-snippet":"max-snippet:-1","max-image-preview":"max-image-preview:large","max-video-preview":"max-video-preview:-1"},"canonical":"https:\/\/bboxbeauty.ca\/fr\/produit\/tizo-protection-solaire-mineral-fps50\/","schema":{"@context":"https:\/\/schema.org","@graph":[{"@type":"WebPage","@id":"https:\/\/bboxbeauty.ca\/fr\/produit\/tizo-protection-solaire-mineral-fps50\/","url":"https:\/\/bboxbeauty.ca\/fr\/produit\/tizo-protection-solaire-mineral-fps50\/","name":"Tizo Protection Solaire Mineral FPS50+ | B-BOX Beauty","isPartOf":{"@id":"https:\/\/bboxbeauty.ca\/fr\/#website"},"primaryImageOfPage":{"@id":"https:\/\/bboxbeauty.ca\/fr\/produit\/tizo-protection-solaire-mineral-fps50\/#primaryimage"},"image":{"@id":"https:\/\/bboxbeauty.ca\/fr\/produit\/tizo-protection-solaire-mineral-fps50\/#primaryimage"},"thumbnailUrl":"https:\/\/bboxbeauty.ca\/wp-content\/uploads\/2021\/07\/Tizo-General-Mineral-Sunscreen-SPF-50.jpg","datePublished":"2021-07-27T20:40:57+00:00","dateModified":"2024-12-03T22:53:23+00:00","description":"Le Tizo Protection Solaire Mineral FPS50+ est une protection solaire \u00e0 large spectre adapt\u00e9e \u00e0 un usage quotidien. Elle laisse la peau douce et lisse. Sa formule l\u00e9g\u00e8rement teint\u00e9e s'estompe pour laisser place \u00e0 votre teinte naturelle. Formul\u00e9 avec des filtres solaires de classe 1 (oxyde de zinc) et de classe 2 (dioxyde de titane), il ne contient pas de filtres solaires chimiques. La formule de l'\u00e9cran solaire SPF 50+ est excellente pour les enfants.","breadcrumb":{"@id":"https:\/\/bboxbeauty.ca\/fr\/produit\/tizo-protection-solaire-mineral-fps50\/#breadcrumb"},"inLanguage":"fr-FR","potentialAction":[{"@type":"ReadAction","target":["https:\/\/bboxbeauty.ca\/fr\/produit\/tizo-protection-solaire-mineral-fps50\/"]}]},{"@type":"ImageObject","inLanguage":"fr-FR","@id":"https:\/\/bboxbeauty.ca\/fr\/produit\/tizo-protection-solaire-mineral-fps50\/#primaryimage","url":"https:\/\/bboxbeauty.ca\/wp-content\/uploads\/2021\/07\/Tizo-General-Mineral-Sunscreen-SPF-50.jpg","contentUrl":"https:\/\/bboxbeauty.ca\/wp-content\/uploads\/2021\/07\/Tizo-General-Mineral-Sunscreen-SPF-50.jpg","width":1200,"height":1200,"caption":"Tizo Protection Solaire Mineral FPS50+"},{"@type":"BreadcrumbList","@id":"https:\/\/bboxbeauty.ca\/fr\/produit\/tizo-protection-solaire-mineral-fps50\/#breadcrumb","itemListElement":[{"@type":"ListItem","position":1,"name":"Home","item":"https:\/\/bboxbeauty.ca\/fr\/"},{"@type":"ListItem","position":2,"name":"Boutique","item":"https:\/\/bboxbeauty.ca\/fr\/boutique\/"},{"@type":"ListItem","position":3,"name":"Tizo Protection Solaire Mineral FPS50+"}]},{"@type":"WebSite","@id":"https:\/\/bboxbeauty.ca\/fr\/#website","url":"https:\/\/bboxbeauty.ca\/fr\/","name":"B-BOX Beauty","description":"Skin Care To The Next Level","publisher":{"@id":"https:\/\/bboxbeauty.ca\/fr\/#organization"},"alternateName":"B-Box","potentialAction":[{"@type":"SearchAction","target":{"@type":"EntryPoint","urlTemplate":"https:\/\/bboxbeauty.ca\/fr\/?s={search_term_string}"},"query-input":{"@type":"PropertyValueSpecification","valueRequired":true,"valueName":"search_term_string"}}],"inLanguage":"fr-FR"},{"@type":"Organization","@id":"https:\/\/bboxbeauty.ca\/fr\/#organization","name":"B-Box Beauty","alternateName":"B-Box","url":"https:\/\/bboxbeauty.ca\/fr\/","logo":{"@type":"ImageObject","inLanguage":"fr-FR","@id":"https:\/\/bboxbeauty.ca\/fr\/#\/schema\/logo\/image\/","url":"https:\/\/bboxbeauty.ca\/wp-content\/uploads\/2022\/11\/logo.png","contentUrl":"https:\/\/bboxbeauty.ca\/wp-content\/uploads\/2022\/11\/logo.png","width":250,"height":87,"caption":"B-Box Beauty"},"image":{"@id":"https:\/\/bboxbeauty.ca\/fr\/#\/schema\/logo\/image\/"},"sameAs":["https:\/\/www.facebook.com\/BBoxBeauty\/","https:\/\/www.instagram.com\/bboxbeauty\/","https:\/\/www.linkedin.com\/company\/b-box-beauty\/"]}]}},"_links":{"self":[{"href":"https:\/\/bboxbeauty.ca\/fr\/wp-json\/wp\/v2\/product\/3598","targetHints":{"allow":["GET"]}}],"collection":[{"href":"https:\/\/bboxbeauty.ca\/fr\/wp-json\/wp\/v2\/product"}],"about":[{"href":"https:\/\/bboxbeauty.ca\/fr\/wp-json\/wp\/v2\/types\/product"}],"replies":[{"embeddable":true,"href":"https:\/\/bboxbeauty.ca\/fr\/wp-json\/wp\/v2\/comments?post=3598"}],"wp:featuredmedia":[{"embeddable":true,"href":"https:\/\/bboxbeauty.ca\/fr\/wp-json\/wp\/v2\/media\/3260"}],"wp:attachment":[{"href":"https:\/\/bboxbeauty.ca\/fr\/wp-json\/wp\/v2\/media?parent=3598"}],"wp:term":[{"taxonomy":"product_brand","embeddable":true,"href":"https:\/\/bboxbeauty.ca\/fr\/wp-json\/wp\/v2\/product_brand?post=3598"},{"taxonomy":"product_cat","embeddable":true,"href":"https:\/\/bboxbeauty.ca\/fr\/wp-json\/wp\/v2\/product_cat?post=3598"},{"taxonomy":"product_tag","embeddable":true,"href":"https:\/\/bboxbeauty.ca\/fr\/wp-json\/wp\/v2\/product_tag?post=3598"},{"taxonomy":"giftcard-category","embeddable":true,"href":"https:\/\/bboxbeauty.ca\/fr\/wp-json\/wp\/v2\/giftcard-category?post=3598"}],"curies":[{"name":"wp","href":"https:\/\/api.w.org\/{rel}","templated":true}]}}