{"id":3495,"date":"2022-12-20T15:24:53","date_gmt":"2022-12-20T20:24:53","guid":{"rendered":"https:\/\/bboxbeauty.wpengine.com\/product\/b-box-oily-skin-box-set\/"},"modified":"2024-06-14T17:36:31","modified_gmt":"2024-06-14T21:36:31","slug":"b-box-collection-peau-grasse","status":"publish","type":"product","link":"https:\/\/bboxbeauty.ca\/fr\/produit\/b-box-collection-peau-grasse\/","title":{"rendered":"B-BOX Collection Peau Grasse"},"content":{"rendered":"<p><strong>L\u2019ensemble comprend :<\/strong><\/p>\n<ul>\n<li class=\"bullet-arrow\"><a href=\"\/fr\/produit\/b-box-nettoyant-moussant-gluco-foam\/\">B-BOX Nettoyant Moussant Gluco-Foam<\/a><\/li>\n<li class=\"bullet-arrow\"><a href=\"\/fr\/produit\/b-box-essence-balance\/\">B-BOX Essence Balance<\/a><\/li>\n<li class=\"bullet-arrow\"><a href=\"\/fr\/produit\/b-box-gel-balance\/\">B-BOX Gel Balance<\/a><\/li>\n<li class=\"bullet-arrow\"><a href=\"\/fr\/produit\/b-box-serum-regenerant-prebio-boost\/\">B-BOX S\u00e9rum R\u00e9g\u00e9n\u00e9rant Pr\u00e9bio-Boost<\/a><\/li>\n<\/ul>\n","protected":false},"excerpt":{"rendered":"<h4>Produits essentiels pour les peaux grasses<\/h4>\n<p>Ces 4 produits fonctionnent en synergie afin de pr\u00e9server l&rsquo;\u00e9quilibre eau et huile de la peau. Les actifs permettent de r\u00e9gulariser les s\u00e9cr\u00e9tions s\u00e9bac\u00e9es, am\u00e9liorer la texture de la peau et \u00e9quilibrer le microbiote afin d&rsquo;\u00e9viter les imperfections.<\/p>\n","protected":false},"featured_media":3332,"comment_status":"open","ping_status":"closed","template":"","meta":[],"product_brand":[],"product_cat":[105,103,102,113],"product_tag":[],"giftcard-category":[],"class_list":{"0":"post-3495","1":"product","2":"type-product","3":"status-publish","4":"has-post-thumbnail","6":"product_cat-b-box-beauty-fr","7":"product_cat-idees-cadeaux","8":"product_cat-les-collections","9":"product_cat-peau-grasse","11":"first","12":"instock","13":"sale","14":"featured","15":"taxable","16":"shipping-taxable","17":"purchasable","18":"product-type-simple"},"yoast_head":"<!-- This site is optimized with the Yoast SEO plugin v27.5 - https:\/\/yoast.com\/product\/yoast-seo-wordpress\/ -->\n<title>B-BOX Collection Peau Grasse | B-BOX Beauty<\/title>\n<meta name=\"description\" content=\"Ces 4 produits fonctionnent en synergie afin de pr\u00e9server l&#039;\u00e9quilibre eau et huile de la peau. Les actifs permettent de r\u00e9gulariser les s\u00e9cr\u00e9tions s\u00e9bac\u00e9es, am\u00e9liorer la texture de la peau et \u00e9quilibrer le microbiote afin d&#039;\u00e9viter les imperfections.\" \/>\n<meta name=\"robots\" content=\"index, follow, max-snippet:-1, max-image-preview:large, max-video-preview:-1\" \/>\n<link rel=\"canonical\" href=\"https:\/\/bboxbeauty.ca\/fr\/produit\/b-box-collection-peau-grasse\/\" \/>\n<script type=\"application\/ld+json\" class=\"yoast-schema-graph\">{\"@context\":\"https:\\\/\\\/schema.org\",\"@graph\":[{\"@type\":\"WebPage\",\"@id\":\"https:\\\/\\\/bboxbeauty.ca\\\/fr\\\/produit\\\/b-box-collection-peau-grasse\\\/\",\"url\":\"https:\\\/\\\/bboxbeauty.ca\\\/fr\\\/produit\\\/b-box-collection-peau-grasse\\\/\",\"name\":\"B-BOX Collection Peau Grasse | B-BOX Beauty\",\"isPartOf\":{\"@id\":\"https:\\\/\\\/bboxbeauty.ca\\\/fr\\\/#website\"},\"primaryImageOfPage\":{\"@id\":\"https:\\\/\\\/bboxbeauty.ca\\\/fr\\\/produit\\\/b-box-collection-peau-grasse\\\/#primaryimage\"},\"image\":{\"@id\":\"https:\\\/\\\/bboxbeauty.ca\\\/fr\\\/produit\\\/b-box-collection-peau-grasse\\\/#primaryimage\"},\"thumbnailUrl\":\"https:\\\/\\\/bboxbeauty.ca\\\/wp-content\\\/uploads\\\/2022\\\/12\\\/B-BOX-Oily-Skin-Box-Set.jpg\",\"datePublished\":\"2022-12-20T20:24:53+00:00\",\"dateModified\":\"2024-06-14T21:36:31+00:00\",\"description\":\"Ces 4 produits fonctionnent en synergie afin de pr\u00e9server l'\u00e9quilibre eau et huile de la peau. Les actifs permettent de r\u00e9gulariser les s\u00e9cr\u00e9tions s\u00e9bac\u00e9es, am\u00e9liorer la texture de la peau et \u00e9quilibrer le microbiote afin d'\u00e9viter les imperfections.\",\"breadcrumb\":{\"@id\":\"https:\\\/\\\/bboxbeauty.ca\\\/fr\\\/produit\\\/b-box-collection-peau-grasse\\\/#breadcrumb\"},\"inLanguage\":\"fr-FR\",\"potentialAction\":[{\"@type\":\"ReadAction\",\"target\":[\"https:\\\/\\\/bboxbeauty.ca\\\/fr\\\/produit\\\/b-box-collection-peau-grasse\\\/\"]}]},{\"@type\":\"ImageObject\",\"inLanguage\":\"fr-FR\",\"@id\":\"https:\\\/\\\/bboxbeauty.ca\\\/fr\\\/produit\\\/b-box-collection-peau-grasse\\\/#primaryimage\",\"url\":\"https:\\\/\\\/bboxbeauty.ca\\\/wp-content\\\/uploads\\\/2022\\\/12\\\/B-BOX-Oily-Skin-Box-Set.jpg\",\"contentUrl\":\"https:\\\/\\\/bboxbeauty.ca\\\/wp-content\\\/uploads\\\/2022\\\/12\\\/B-BOX-Oily-Skin-Box-Set.jpg\",\"width\":1200,\"height\":1200,\"caption\":\"B-BOX Collection Peau Grasse\"},{\"@type\":\"BreadcrumbList\",\"@id\":\"https:\\\/\\\/bboxbeauty.ca\\\/fr\\\/produit\\\/b-box-collection-peau-grasse\\\/#breadcrumb\",\"itemListElement\":[{\"@type\":\"ListItem\",\"position\":1,\"name\":\"Home\",\"item\":\"https:\\\/\\\/bboxbeauty.ca\\\/fr\\\/\"},{\"@type\":\"ListItem\",\"position\":2,\"name\":\"Boutique\",\"item\":\"https:\\\/\\\/bboxbeauty.ca\\\/fr\\\/boutique\\\/\"},{\"@type\":\"ListItem\",\"position\":3,\"name\":\"B-BOX Collection Peau Grasse\"}]},{\"@type\":\"WebSite\",\"@id\":\"https:\\\/\\\/bboxbeauty.ca\\\/fr\\\/#website\",\"url\":\"https:\\\/\\\/bboxbeauty.ca\\\/fr\\\/\",\"name\":\"B-BOX Beauty\",\"description\":\"Skin Care To The Next Level\",\"publisher\":{\"@id\":\"https:\\\/\\\/bboxbeauty.ca\\\/fr\\\/#organization\"},\"alternateName\":\"B-Box\",\"potentialAction\":[{\"@type\":\"SearchAction\",\"target\":{\"@type\":\"EntryPoint\",\"urlTemplate\":\"https:\\\/\\\/bboxbeauty.ca\\\/fr\\\/?s={search_term_string}\"},\"query-input\":{\"@type\":\"PropertyValueSpecification\",\"valueRequired\":true,\"valueName\":\"search_term_string\"}}],\"inLanguage\":\"fr-FR\"},{\"@type\":\"Organization\",\"@id\":\"https:\\\/\\\/bboxbeauty.ca\\\/fr\\\/#organization\",\"name\":\"B-Box Beauty\",\"alternateName\":\"B-Box\",\"url\":\"https:\\\/\\\/bboxbeauty.ca\\\/fr\\\/\",\"logo\":{\"@type\":\"ImageObject\",\"inLanguage\":\"fr-FR\",\"@id\":\"https:\\\/\\\/bboxbeauty.ca\\\/fr\\\/#\\\/schema\\\/logo\\\/image\\\/\",\"url\":\"https:\\\/\\\/bboxbeauty.ca\\\/wp-content\\\/uploads\\\/2022\\\/11\\\/logo.png\",\"contentUrl\":\"https:\\\/\\\/bboxbeauty.ca\\\/wp-content\\\/uploads\\\/2022\\\/11\\\/logo.png\",\"width\":250,\"height\":87,\"caption\":\"B-Box Beauty\"},\"image\":{\"@id\":\"https:\\\/\\\/bboxbeauty.ca\\\/fr\\\/#\\\/schema\\\/logo\\\/image\\\/\"},\"sameAs\":[\"https:\\\/\\\/www.facebook.com\\\/BBoxBeauty\\\/\",\"https:\\\/\\\/www.instagram.com\\\/bboxbeauty\\\/\",\"https:\\\/\\\/www.linkedin.com\\\/company\\\/b-box-beauty\\\/\"]}]}<\/script>\n<!-- \/ Yoast SEO plugin. -->","yoast_head_json":{"title":"B-BOX Collection Peau Grasse | B-BOX Beauty","description":"Ces 4 produits fonctionnent en synergie afin de pr\u00e9server l'\u00e9quilibre eau et huile de la peau. Les actifs permettent de r\u00e9gulariser les s\u00e9cr\u00e9tions s\u00e9bac\u00e9es, am\u00e9liorer la texture de la peau et \u00e9quilibrer le microbiote afin d'\u00e9viter les imperfections.","robots":{"index":"index","follow":"follow","max-snippet":"max-snippet:-1","max-image-preview":"max-image-preview:large","max-video-preview":"max-video-preview:-1"},"canonical":"https:\/\/bboxbeauty.ca\/fr\/produit\/b-box-collection-peau-grasse\/","schema":{"@context":"https:\/\/schema.org","@graph":[{"@type":"WebPage","@id":"https:\/\/bboxbeauty.ca\/fr\/produit\/b-box-collection-peau-grasse\/","url":"https:\/\/bboxbeauty.ca\/fr\/produit\/b-box-collection-peau-grasse\/","name":"B-BOX Collection Peau Grasse | B-BOX Beauty","isPartOf":{"@id":"https:\/\/bboxbeauty.ca\/fr\/#website"},"primaryImageOfPage":{"@id":"https:\/\/bboxbeauty.ca\/fr\/produit\/b-box-collection-peau-grasse\/#primaryimage"},"image":{"@id":"https:\/\/bboxbeauty.ca\/fr\/produit\/b-box-collection-peau-grasse\/#primaryimage"},"thumbnailUrl":"https:\/\/bboxbeauty.ca\/wp-content\/uploads\/2022\/12\/B-BOX-Oily-Skin-Box-Set.jpg","datePublished":"2022-12-20T20:24:53+00:00","dateModified":"2024-06-14T21:36:31+00:00","description":"Ces 4 produits fonctionnent en synergie afin de pr\u00e9server l'\u00e9quilibre eau et huile de la peau. Les actifs permettent de r\u00e9gulariser les s\u00e9cr\u00e9tions s\u00e9bac\u00e9es, am\u00e9liorer la texture de la peau et \u00e9quilibrer le microbiote afin d'\u00e9viter les imperfections.","breadcrumb":{"@id":"https:\/\/bboxbeauty.ca\/fr\/produit\/b-box-collection-peau-grasse\/#breadcrumb"},"inLanguage":"fr-FR","potentialAction":[{"@type":"ReadAction","target":["https:\/\/bboxbeauty.ca\/fr\/produit\/b-box-collection-peau-grasse\/"]}]},{"@type":"ImageObject","inLanguage":"fr-FR","@id":"https:\/\/bboxbeauty.ca\/fr\/produit\/b-box-collection-peau-grasse\/#primaryimage","url":"https:\/\/bboxbeauty.ca\/wp-content\/uploads\/2022\/12\/B-BOX-Oily-Skin-Box-Set.jpg","contentUrl":"https:\/\/bboxbeauty.ca\/wp-content\/uploads\/2022\/12\/B-BOX-Oily-Skin-Box-Set.jpg","width":1200,"height":1200,"caption":"B-BOX Collection Peau Grasse"},{"@type":"BreadcrumbList","@id":"https:\/\/bboxbeauty.ca\/fr\/produit\/b-box-collection-peau-grasse\/#breadcrumb","itemListElement":[{"@type":"ListItem","position":1,"name":"Home","item":"https:\/\/bboxbeauty.ca\/fr\/"},{"@type":"ListItem","position":2,"name":"Boutique","item":"https:\/\/bboxbeauty.ca\/fr\/boutique\/"},{"@type":"ListItem","position":3,"name":"B-BOX Collection Peau Grasse"}]},{"@type":"WebSite","@id":"https:\/\/bboxbeauty.ca\/fr\/#website","url":"https:\/\/bboxbeauty.ca\/fr\/","name":"B-BOX Beauty","description":"Skin Care To The Next Level","publisher":{"@id":"https:\/\/bboxbeauty.ca\/fr\/#organization"},"alternateName":"B-Box","potentialAction":[{"@type":"SearchAction","target":{"@type":"EntryPoint","urlTemplate":"https:\/\/bboxbeauty.ca\/fr\/?s={search_term_string}"},"query-input":{"@type":"PropertyValueSpecification","valueRequired":true,"valueName":"search_term_string"}}],"inLanguage":"fr-FR"},{"@type":"Organization","@id":"https:\/\/bboxbeauty.ca\/fr\/#organization","name":"B-Box Beauty","alternateName":"B-Box","url":"https:\/\/bboxbeauty.ca\/fr\/","logo":{"@type":"ImageObject","inLanguage":"fr-FR","@id":"https:\/\/bboxbeauty.ca\/fr\/#\/schema\/logo\/image\/","url":"https:\/\/bboxbeauty.ca\/wp-content\/uploads\/2022\/11\/logo.png","contentUrl":"https:\/\/bboxbeauty.ca\/wp-content\/uploads\/2022\/11\/logo.png","width":250,"height":87,"caption":"B-Box Beauty"},"image":{"@id":"https:\/\/bboxbeauty.ca\/fr\/#\/schema\/logo\/image\/"},"sameAs":["https:\/\/www.facebook.com\/BBoxBeauty\/","https:\/\/www.instagram.com\/bboxbeauty\/","https:\/\/www.linkedin.com\/company\/b-box-beauty\/"]}]}},"_links":{"self":[{"href":"https:\/\/bboxbeauty.ca\/fr\/wp-json\/wp\/v2\/product\/3495","targetHints":{"allow":["GET"]}}],"collection":[{"href":"https:\/\/bboxbeauty.ca\/fr\/wp-json\/wp\/v2\/product"}],"about":[{"href":"https:\/\/bboxbeauty.ca\/fr\/wp-json\/wp\/v2\/types\/product"}],"replies":[{"embeddable":true,"href":"https:\/\/bboxbeauty.ca\/fr\/wp-json\/wp\/v2\/comments?post=3495"}],"wp:featuredmedia":[{"embeddable":true,"href":"https:\/\/bboxbeauty.ca\/fr\/wp-json\/wp\/v2\/media\/3332"}],"wp:attachment":[{"href":"https:\/\/bboxbeauty.ca\/fr\/wp-json\/wp\/v2\/media?parent=3495"}],"wp:term":[{"taxonomy":"product_brand","embeddable":true,"href":"https:\/\/bboxbeauty.ca\/fr\/wp-json\/wp\/v2\/product_brand?post=3495"},{"taxonomy":"product_cat","embeddable":true,"href":"https:\/\/bboxbeauty.ca\/fr\/wp-json\/wp\/v2\/product_cat?post=3495"},{"taxonomy":"product_tag","embeddable":true,"href":"https:\/\/bboxbeauty.ca\/fr\/wp-json\/wp\/v2\/product_tag?post=3495"},{"taxonomy":"giftcard-category","embeddable":true,"href":"https:\/\/bboxbeauty.ca\/fr\/wp-json\/wp\/v2\/giftcard-category?post=3495"}],"curies":[{"name":"wp","href":"https:\/\/api.w.org\/{rel}","templated":true}]}}