{"id":3490,"date":"2022-10-31T14:44:07","date_gmt":"2022-10-31T18:44:07","guid":{"rendered":"https:\/\/bboxbeauty.wpengine.com\/product\/tonisure\/"},"modified":"2026-03-23T14:50:21","modified_gmt":"2026-03-23T18:50:21","slug":"tonisure","status":"publish","type":"product","link":"https:\/\/bboxbeauty.ca\/fr\/produit\/tonisure\/","title":{"rendered":"Tonisure"},"content":{"rendered":"<p><strong>Les avantages du mode Plasma :<\/strong><\/p>\n<ul>\n<li class=\"bullet-arrow\">St\u00e9rilisation et d\u00e9sinfection de la peau<\/li>\n<li class=\"bullet-arrow\">Augmente la capacit\u00e9 d&rsquo;absorption de la peau<\/li>\n<li class=\"bullet-arrow\">R\u00e9duction de l&rsquo;inflammation des taches et des probl\u00e8mes de peau<\/li>\n<li class=\"bullet-arrow\">Favorise la r\u00e9g\u00e9n\u00e9ration cellulaire<\/li>\n<li class=\"bullet-arrow\">\u00c9claircis le teint<\/li>\n<\/ul>\n<p><strong>Les avantages du Mode Galvanique :<\/strong><\/p>\n<ul>\n<li class=\"bullet-arrow\">Augmente la capacit\u00e9 d&rsquo;absorption des actifs cosm\u00e9tiques<\/li>\n<li class=\"bullet-arrow\">Anti-\u00e2ge<\/li>\n<li class=\"bullet-arrow\">R\u00e9duis les inflammations et les probl\u00e8mes de peau<\/li>\n<li class=\"bullet-arrow\">\u00c9claircissement du teint<\/li>\n<li class=\"bullet-arrow\">Augmente la performance des actifs cosm\u00e9tiques<\/li>\n<\/ul>\n","protected":false},"excerpt":{"rendered":"<p>Tonisure est un appareil de soins de la peau qui comprend deux modes de traitement : PLASMA &amp; GALVANIQUE. Le mode plasma augmente la capacit\u00e9 d&rsquo;absorption de la peau en cr\u00e9ant un espace entre les membranes cellulaires et le mode galvanique multiplie l\u2019effet des principes actifs par diffusion galvanique, permettant \u00e0 la peau de b\u00e9n\u00e9ficier davantage des principes actifs cosm\u00e9tiques. De plus, cet appareil est le parfait alli\u00e9 pour le contr\u00f4le des imperfections et des probl\u00e9matiques des peaux acn\u00e9iques, car il permet en mode plasma la d\u00e9sinfection de l\u2019\u00e9piderme et le contr\u00f4le du microbiote cutan\u00e9.<\/p>\n","protected":false},"featured_media":3264,"comment_status":"open","ping_status":"closed","template":"","meta":[],"product_brand":[],"product_cat":[100],"product_tag":[],"giftcard-category":[],"class_list":{"0":"post-3490","1":"product","2":"type-product","3":"status-publish","4":"has-post-thumbnail","6":"product_cat-technologies-pour-la-peau-accessoires","8":"first","9":"instock","10":"taxable","11":"shipping-taxable","12":"purchasable","13":"product-type-simple"},"yoast_head":"<!-- This site is optimized with the Yoast SEO plugin v27.3 - https:\/\/yoast.com\/product\/yoast-seo-wordpress\/ -->\n<title>Tonisure | B-BOX Beauty<\/title>\n<meta name=\"description\" content=\"Tonisure est un appareil de soins de la peau qui comprend deux modes de traitement : PLASMA &amp; GALVANIQUE. Le mode plasma augmente la capacit\u00e9 d&#039;absorption de la peau en cr\u00e9ant un espace entre les membranes cellulaires et le mode galvanique multiplie l\u2019effet des principes actifs par diffusion galvanique, permettant \u00e0 la peau de b\u00e9n\u00e9ficier davantage des principes actifs cosm\u00e9tiques. De plus, cet appareil est le parfait alli\u00e9 pour le contr\u00f4le des imperfections et des probl\u00e9matiques des peaux acn\u00e9iques, car il permet en mode plasma la d\u00e9sinfection de l\u2019\u00e9piderme et le contr\u00f4le du microbiote cutan\u00e9.\" \/>\n<meta name=\"robots\" content=\"index, follow, max-snippet:-1, max-image-preview:large, max-video-preview:-1\" \/>\n<link rel=\"canonical\" href=\"https:\/\/bboxbeauty.ca\/fr\/produit\/tonisure\/\" \/>\n<script type=\"application\/ld+json\" class=\"yoast-schema-graph\">{\"@context\":\"https:\\\/\\\/schema.org\",\"@graph\":[{\"@type\":\"WebPage\",\"@id\":\"https:\\\/\\\/bboxbeauty.ca\\\/fr\\\/produit\\\/tonisure\\\/\",\"url\":\"https:\\\/\\\/bboxbeauty.ca\\\/fr\\\/produit\\\/tonisure\\\/\",\"name\":\"Tonisure | B-BOX Beauty\",\"isPartOf\":{\"@id\":\"https:\\\/\\\/bboxbeauty.ca\\\/fr\\\/#website\"},\"primaryImageOfPage\":{\"@id\":\"https:\\\/\\\/bboxbeauty.ca\\\/fr\\\/produit\\\/tonisure\\\/#primaryimage\"},\"image\":{\"@id\":\"https:\\\/\\\/bboxbeauty.ca\\\/fr\\\/produit\\\/tonisure\\\/#primaryimage\"},\"thumbnailUrl\":\"https:\\\/\\\/bboxbeauty.ca\\\/wp-content\\\/uploads\\\/2022\\\/10\\\/Tonisure.jpg\",\"datePublished\":\"2022-10-31T18:44:07+00:00\",\"dateModified\":\"2026-03-23T18:50:21+00:00\",\"description\":\"Tonisure est un appareil de soins de la peau qui comprend deux modes de traitement : PLASMA & GALVANIQUE. Le mode plasma augmente la capacit\u00e9 d'absorption de la peau en cr\u00e9ant un espace entre les membranes cellulaires et le mode galvanique multiplie l\u2019effet des principes actifs par diffusion galvanique, permettant \u00e0 la peau de b\u00e9n\u00e9ficier davantage des principes actifs cosm\u00e9tiques. De plus, cet appareil est le parfait alli\u00e9 pour le contr\u00f4le des imperfections et des probl\u00e9matiques des peaux acn\u00e9iques, car il permet en mode plasma la d\u00e9sinfection de l\u2019\u00e9piderme et le contr\u00f4le du microbiote cutan\u00e9.\",\"breadcrumb\":{\"@id\":\"https:\\\/\\\/bboxbeauty.ca\\\/fr\\\/produit\\\/tonisure\\\/#breadcrumb\"},\"inLanguage\":\"fr-FR\",\"potentialAction\":[{\"@type\":\"ReadAction\",\"target\":[\"https:\\\/\\\/bboxbeauty.ca\\\/fr\\\/produit\\\/tonisure\\\/\"]}]},{\"@type\":\"ImageObject\",\"inLanguage\":\"fr-FR\",\"@id\":\"https:\\\/\\\/bboxbeauty.ca\\\/fr\\\/produit\\\/tonisure\\\/#primaryimage\",\"url\":\"https:\\\/\\\/bboxbeauty.ca\\\/wp-content\\\/uploads\\\/2022\\\/10\\\/Tonisure.jpg\",\"contentUrl\":\"https:\\\/\\\/bboxbeauty.ca\\\/wp-content\\\/uploads\\\/2022\\\/10\\\/Tonisure.jpg\",\"width\":1200,\"height\":1200,\"caption\":\"Tonisure\"},{\"@type\":\"BreadcrumbList\",\"@id\":\"https:\\\/\\\/bboxbeauty.ca\\\/fr\\\/produit\\\/tonisure\\\/#breadcrumb\",\"itemListElement\":[{\"@type\":\"ListItem\",\"position\":1,\"name\":\"Home\",\"item\":\"https:\\\/\\\/bboxbeauty.ca\\\/fr\\\/\"},{\"@type\":\"ListItem\",\"position\":2,\"name\":\"Boutique\",\"item\":\"https:\\\/\\\/bboxbeauty.ca\\\/fr\\\/boutique\\\/\"},{\"@type\":\"ListItem\",\"position\":3,\"name\":\"Tonisure\"}]},{\"@type\":\"WebSite\",\"@id\":\"https:\\\/\\\/bboxbeauty.ca\\\/fr\\\/#website\",\"url\":\"https:\\\/\\\/bboxbeauty.ca\\\/fr\\\/\",\"name\":\"B-BOX Beauty\",\"description\":\"Skin Care To The Next Level\",\"publisher\":{\"@id\":\"https:\\\/\\\/bboxbeauty.ca\\\/fr\\\/#organization\"},\"alternateName\":\"B-Box\",\"potentialAction\":[{\"@type\":\"SearchAction\",\"target\":{\"@type\":\"EntryPoint\",\"urlTemplate\":\"https:\\\/\\\/bboxbeauty.ca\\\/fr\\\/?s={search_term_string}\"},\"query-input\":{\"@type\":\"PropertyValueSpecification\",\"valueRequired\":true,\"valueName\":\"search_term_string\"}}],\"inLanguage\":\"fr-FR\"},{\"@type\":\"Organization\",\"@id\":\"https:\\\/\\\/bboxbeauty.ca\\\/fr\\\/#organization\",\"name\":\"B-Box Beauty\",\"alternateName\":\"B-Box\",\"url\":\"https:\\\/\\\/bboxbeauty.ca\\\/fr\\\/\",\"logo\":{\"@type\":\"ImageObject\",\"inLanguage\":\"fr-FR\",\"@id\":\"https:\\\/\\\/bboxbeauty.ca\\\/fr\\\/#\\\/schema\\\/logo\\\/image\\\/\",\"url\":\"https:\\\/\\\/bboxbeauty.ca\\\/wp-content\\\/uploads\\\/2022\\\/11\\\/logo.png\",\"contentUrl\":\"https:\\\/\\\/bboxbeauty.ca\\\/wp-content\\\/uploads\\\/2022\\\/11\\\/logo.png\",\"width\":250,\"height\":87,\"caption\":\"B-Box Beauty\"},\"image\":{\"@id\":\"https:\\\/\\\/bboxbeauty.ca\\\/fr\\\/#\\\/schema\\\/logo\\\/image\\\/\"},\"sameAs\":[\"https:\\\/\\\/www.facebook.com\\\/BBoxBeauty\\\/\",\"https:\\\/\\\/www.instagram.com\\\/bboxbeauty\\\/\",\"https:\\\/\\\/www.linkedin.com\\\/company\\\/b-box-beauty\\\/\"]}]}<\/script>\n<!-- \/ Yoast SEO plugin. -->","yoast_head_json":{"title":"Tonisure | B-BOX Beauty","description":"Tonisure est un appareil de soins de la peau qui comprend deux modes de traitement : PLASMA & GALVANIQUE. Le mode plasma augmente la capacit\u00e9 d'absorption de la peau en cr\u00e9ant un espace entre les membranes cellulaires et le mode galvanique multiplie l\u2019effet des principes actifs par diffusion galvanique, permettant \u00e0 la peau de b\u00e9n\u00e9ficier davantage des principes actifs cosm\u00e9tiques. De plus, cet appareil est le parfait alli\u00e9 pour le contr\u00f4le des imperfections et des probl\u00e9matiques des peaux acn\u00e9iques, car il permet en mode plasma la d\u00e9sinfection de l\u2019\u00e9piderme et le contr\u00f4le du microbiote cutan\u00e9.","robots":{"index":"index","follow":"follow","max-snippet":"max-snippet:-1","max-image-preview":"max-image-preview:large","max-video-preview":"max-video-preview:-1"},"canonical":"https:\/\/bboxbeauty.ca\/fr\/produit\/tonisure\/","schema":{"@context":"https:\/\/schema.org","@graph":[{"@type":"WebPage","@id":"https:\/\/bboxbeauty.ca\/fr\/produit\/tonisure\/","url":"https:\/\/bboxbeauty.ca\/fr\/produit\/tonisure\/","name":"Tonisure | B-BOX Beauty","isPartOf":{"@id":"https:\/\/bboxbeauty.ca\/fr\/#website"},"primaryImageOfPage":{"@id":"https:\/\/bboxbeauty.ca\/fr\/produit\/tonisure\/#primaryimage"},"image":{"@id":"https:\/\/bboxbeauty.ca\/fr\/produit\/tonisure\/#primaryimage"},"thumbnailUrl":"https:\/\/bboxbeauty.ca\/wp-content\/uploads\/2022\/10\/Tonisure.jpg","datePublished":"2022-10-31T18:44:07+00:00","dateModified":"2026-03-23T18:50:21+00:00","description":"Tonisure est un appareil de soins de la peau qui comprend deux modes de traitement : PLASMA & GALVANIQUE. Le mode plasma augmente la capacit\u00e9 d'absorption de la peau en cr\u00e9ant un espace entre les membranes cellulaires et le mode galvanique multiplie l\u2019effet des principes actifs par diffusion galvanique, permettant \u00e0 la peau de b\u00e9n\u00e9ficier davantage des principes actifs cosm\u00e9tiques. De plus, cet appareil est le parfait alli\u00e9 pour le contr\u00f4le des imperfections et des probl\u00e9matiques des peaux acn\u00e9iques, car il permet en mode plasma la d\u00e9sinfection de l\u2019\u00e9piderme et le contr\u00f4le du microbiote cutan\u00e9.","breadcrumb":{"@id":"https:\/\/bboxbeauty.ca\/fr\/produit\/tonisure\/#breadcrumb"},"inLanguage":"fr-FR","potentialAction":[{"@type":"ReadAction","target":["https:\/\/bboxbeauty.ca\/fr\/produit\/tonisure\/"]}]},{"@type":"ImageObject","inLanguage":"fr-FR","@id":"https:\/\/bboxbeauty.ca\/fr\/produit\/tonisure\/#primaryimage","url":"https:\/\/bboxbeauty.ca\/wp-content\/uploads\/2022\/10\/Tonisure.jpg","contentUrl":"https:\/\/bboxbeauty.ca\/wp-content\/uploads\/2022\/10\/Tonisure.jpg","width":1200,"height":1200,"caption":"Tonisure"},{"@type":"BreadcrumbList","@id":"https:\/\/bboxbeauty.ca\/fr\/produit\/tonisure\/#breadcrumb","itemListElement":[{"@type":"ListItem","position":1,"name":"Home","item":"https:\/\/bboxbeauty.ca\/fr\/"},{"@type":"ListItem","position":2,"name":"Boutique","item":"https:\/\/bboxbeauty.ca\/fr\/boutique\/"},{"@type":"ListItem","position":3,"name":"Tonisure"}]},{"@type":"WebSite","@id":"https:\/\/bboxbeauty.ca\/fr\/#website","url":"https:\/\/bboxbeauty.ca\/fr\/","name":"B-BOX Beauty","description":"Skin Care To The Next Level","publisher":{"@id":"https:\/\/bboxbeauty.ca\/fr\/#organization"},"alternateName":"B-Box","potentialAction":[{"@type":"SearchAction","target":{"@type":"EntryPoint","urlTemplate":"https:\/\/bboxbeauty.ca\/fr\/?s={search_term_string}"},"query-input":{"@type":"PropertyValueSpecification","valueRequired":true,"valueName":"search_term_string"}}],"inLanguage":"fr-FR"},{"@type":"Organization","@id":"https:\/\/bboxbeauty.ca\/fr\/#organization","name":"B-Box Beauty","alternateName":"B-Box","url":"https:\/\/bboxbeauty.ca\/fr\/","logo":{"@type":"ImageObject","inLanguage":"fr-FR","@id":"https:\/\/bboxbeauty.ca\/fr\/#\/schema\/logo\/image\/","url":"https:\/\/bboxbeauty.ca\/wp-content\/uploads\/2022\/11\/logo.png","contentUrl":"https:\/\/bboxbeauty.ca\/wp-content\/uploads\/2022\/11\/logo.png","width":250,"height":87,"caption":"B-Box Beauty"},"image":{"@id":"https:\/\/bboxbeauty.ca\/fr\/#\/schema\/logo\/image\/"},"sameAs":["https:\/\/www.facebook.com\/BBoxBeauty\/","https:\/\/www.instagram.com\/bboxbeauty\/","https:\/\/www.linkedin.com\/company\/b-box-beauty\/"]}]}},"_links":{"self":[{"href":"https:\/\/bboxbeauty.ca\/fr\/wp-json\/wp\/v2\/product\/3490","targetHints":{"allow":["GET"]}}],"collection":[{"href":"https:\/\/bboxbeauty.ca\/fr\/wp-json\/wp\/v2\/product"}],"about":[{"href":"https:\/\/bboxbeauty.ca\/fr\/wp-json\/wp\/v2\/types\/product"}],"replies":[{"embeddable":true,"href":"https:\/\/bboxbeauty.ca\/fr\/wp-json\/wp\/v2\/comments?post=3490"}],"wp:featuredmedia":[{"embeddable":true,"href":"https:\/\/bboxbeauty.ca\/fr\/wp-json\/wp\/v2\/media\/3264"}],"wp:attachment":[{"href":"https:\/\/bboxbeauty.ca\/fr\/wp-json\/wp\/v2\/media?parent=3490"}],"wp:term":[{"taxonomy":"product_brand","embeddable":true,"href":"https:\/\/bboxbeauty.ca\/fr\/wp-json\/wp\/v2\/product_brand?post=3490"},{"taxonomy":"product_cat","embeddable":true,"href":"https:\/\/bboxbeauty.ca\/fr\/wp-json\/wp\/v2\/product_cat?post=3490"},{"taxonomy":"product_tag","embeddable":true,"href":"https:\/\/bboxbeauty.ca\/fr\/wp-json\/wp\/v2\/product_tag?post=3490"},{"taxonomy":"giftcard-category","embeddable":true,"href":"https:\/\/bboxbeauty.ca\/fr\/wp-json\/wp\/v2\/giftcard-category?post=3490"}],"curies":[{"name":"wp","href":"https:\/\/api.w.org\/{rel}","templated":true}]}}