{"id":3488,"date":"2022-11-03T11:24:21","date_gmt":"2022-11-03T15:24:21","guid":{"rendered":"https:\/\/bboxbeauty.wpengine.com\/product\/time-master-pro-ultrasound-led\/"},"modified":"2026-03-23T14:48:25","modified_gmt":"2026-03-23T18:48:25","slug":"time-master-pro-ultrasons-del","status":"publish","type":"product","link":"https:\/\/bboxbeauty.ca\/fr\/produit\/time-master-pro-ultrasons-del\/","title":{"rendered":"Time Master Pro Ultrasons &#038; DEL"},"content":{"rendered":"<p>En glissant le Time Master Pro Ultrasons &amp; DEL sur votre peau, vous remarquerez qu&rsquo;elle est plus ferme presque imm\u00e9diatement. Au cours de ce processus, l&rsquo;apport d&rsquo;oxyg\u00e8ne aux cellules augmente et les d\u00e9chets sont \u00e9limin\u00e9s de vos pores.<\/p>\n<p>Les ondes provoquent une vibration des tissus cutan\u00e9s environnants, connue sous le nom de \u00ab\u00a0cascade de communication intercellulaire\u00a0\u00bb. Il renforce et soul\u00e8ve la peau de cette mani\u00e8re. L&rsquo;action non thermique (sans chaleur) des ultrasons est b\u00e9n\u00e9fique, car l&rsquo;oscillation rapide des tissus favorise le mouvement entre les cellules internes et externes et augmente l&rsquo;activit\u00e9 des fibroblastes n\u00e9cessaire \u00e0 la formation accrue de collag\u00e8ne. Le r\u00e9sultat attendu, un teint \u00e9clairci, une peau repulp\u00e9e et des rides att\u00e9nu\u00e9es par du nouveau collag\u00e8ne et de la nouvelle \u00e9lastine.<\/p>\n<p>4 couleurs et longueur d\u2019onde pour les DEL : Rouge : 650 nm (Anti-Age), Vert : 520 nm (Rougeurs), Bleu : 470 nm (Imperfections &amp; Acn\u00e9), LED infrarouge : 940 nm (Raffermissement de la peau) et 4 niveaux d\u2019intensit\u00e9 de fr\u00e9quence d\u2019ultrason.<\/p>\n<p>Le coffret comprend le Gel conducteur Promoter collagen. Ce gel est essentiel \u00e0 la bonne transmission des diff\u00e9rents courants de cet appareil.<\/p>\n<p>La batterie rechargeable Lithium-Ion Polym\u00e8re peut \u00eatre recharg\u00e9e gr\u00e2ce au fil de recharge inclus dans la bo\u00eete.<\/p>\n","protected":false},"excerpt":{"rendered":"<p>Le Time Master Pro Ultrasons &amp; DEL permet de raffermir la peau puis de lisser les rides gr\u00e2ce aux effets repulpants des ultrasons. Vibrant \u00e0 90 000 ondes par seconde, cette technologie acc\u00e9l\u00e8re le m\u00e9tabolisme de la peau et aide \u00e0 r\u00e9g\u00e9n\u00e9rer les cellules cutan\u00e9es. Le processus de vieillissement de la peau est induit par un ralentissement cellulaire important il est donc primordial d\u2019inclure dans sa routine une technologie pour stimuler les cellules \u00e0 rester actives. Le Time Master Pro est votre meilleur alli\u00e9 cellulaire pour une peau \u00e9clatante et ferme.<\/p>\n","protected":false},"featured_media":3252,"comment_status":"open","ping_status":"closed","template":"","meta":[],"product_brand":[],"product_cat":[100],"product_tag":[],"giftcard-category":[],"class_list":{"0":"post-3488","1":"product","2":"type-product","3":"status-publish","4":"has-post-thumbnail","6":"product_cat-technologies-pour-la-peau-accessoires","8":"first","9":"onbackorder","10":"taxable","11":"shipping-taxable","12":"purchasable","13":"product-type-simple"},"yoast_head":"<!-- This site is optimized with the Yoast SEO plugin v27.4 - https:\/\/yoast.com\/product\/yoast-seo-wordpress\/ -->\n<title>Time Master Pro Ultrasons &amp; DEL | B-BOX Beauty<\/title>\n<meta name=\"description\" content=\"Le Time Master Pro Ultrasons &amp; DEL permet de raffermir la peau puis de lisser les rides gr\u00e2ce aux effets repulpants des ultrasons. Vibrant \u00e0 90 000 ondes par seconde, cette technologie acc\u00e9l\u00e8re le m\u00e9tabolisme de la peau et aide \u00e0 r\u00e9g\u00e9n\u00e9rer les cellules cutan\u00e9es. Le processus de vieillissement de la peau est induit par un ralentissement cellulaire important il est donc primordial d\u2019inclure dans sa routine une technologie pour stimuler les cellules \u00e0 rester actives. Le Time Master Pro est votre meilleur alli\u00e9 cellulaire pour une peau \u00e9clatante et ferme.\" \/>\n<meta name=\"robots\" content=\"index, follow, max-snippet:-1, max-image-preview:large, max-video-preview:-1\" \/>\n<link rel=\"canonical\" href=\"https:\/\/bboxbeauty.ca\/fr\/produit\/time-master-pro-ultrasons-del\/\" \/>\n<script type=\"application\/ld+json\" class=\"yoast-schema-graph\">{\"@context\":\"https:\\\/\\\/schema.org\",\"@graph\":[{\"@type\":\"WebPage\",\"@id\":\"https:\\\/\\\/bboxbeauty.ca\\\/fr\\\/produit\\\/time-master-pro-ultrasons-del\\\/\",\"url\":\"https:\\\/\\\/bboxbeauty.ca\\\/fr\\\/produit\\\/time-master-pro-ultrasons-del\\\/\",\"name\":\"Time Master Pro Ultrasons & DEL | B-BOX Beauty\",\"isPartOf\":{\"@id\":\"https:\\\/\\\/bboxbeauty.ca\\\/fr\\\/#website\"},\"primaryImageOfPage\":{\"@id\":\"https:\\\/\\\/bboxbeauty.ca\\\/fr\\\/produit\\\/time-master-pro-ultrasons-del\\\/#primaryimage\"},\"image\":{\"@id\":\"https:\\\/\\\/bboxbeauty.ca\\\/fr\\\/produit\\\/time-master-pro-ultrasons-del\\\/#primaryimage\"},\"thumbnailUrl\":\"https:\\\/\\\/bboxbeauty.ca\\\/wp-content\\\/uploads\\\/2022\\\/11\\\/Time-Master-Pro-Ultrasound-LED.jpg\",\"datePublished\":\"2022-11-03T15:24:21+00:00\",\"dateModified\":\"2026-03-23T18:48:25+00:00\",\"description\":\"Le Time Master Pro Ultrasons & DEL permet de raffermir la peau puis de lisser les rides gr\u00e2ce aux effets repulpants des ultrasons. Vibrant \u00e0 90 000 ondes par seconde, cette technologie acc\u00e9l\u00e8re le m\u00e9tabolisme de la peau et aide \u00e0 r\u00e9g\u00e9n\u00e9rer les cellules cutan\u00e9es. Le processus de vieillissement de la peau est induit par un ralentissement cellulaire important il est donc primordial d\u2019inclure dans sa routine une technologie pour stimuler les cellules \u00e0 rester actives. Le Time Master Pro est votre meilleur alli\u00e9 cellulaire pour une peau \u00e9clatante et ferme.\",\"breadcrumb\":{\"@id\":\"https:\\\/\\\/bboxbeauty.ca\\\/fr\\\/produit\\\/time-master-pro-ultrasons-del\\\/#breadcrumb\"},\"inLanguage\":\"fr-FR\",\"potentialAction\":[{\"@type\":\"ReadAction\",\"target\":[\"https:\\\/\\\/bboxbeauty.ca\\\/fr\\\/produit\\\/time-master-pro-ultrasons-del\\\/\"]}]},{\"@type\":\"ImageObject\",\"inLanguage\":\"fr-FR\",\"@id\":\"https:\\\/\\\/bboxbeauty.ca\\\/fr\\\/produit\\\/time-master-pro-ultrasons-del\\\/#primaryimage\",\"url\":\"https:\\\/\\\/bboxbeauty.ca\\\/wp-content\\\/uploads\\\/2022\\\/11\\\/Time-Master-Pro-Ultrasound-LED.jpg\",\"contentUrl\":\"https:\\\/\\\/bboxbeauty.ca\\\/wp-content\\\/uploads\\\/2022\\\/11\\\/Time-Master-Pro-Ultrasound-LED.jpg\",\"width\":1200,\"height\":1200,\"caption\":\"Time Master Pro Ultrasons & DEL\"},{\"@type\":\"BreadcrumbList\",\"@id\":\"https:\\\/\\\/bboxbeauty.ca\\\/fr\\\/produit\\\/time-master-pro-ultrasons-del\\\/#breadcrumb\",\"itemListElement\":[{\"@type\":\"ListItem\",\"position\":1,\"name\":\"Home\",\"item\":\"https:\\\/\\\/bboxbeauty.ca\\\/fr\\\/\"},{\"@type\":\"ListItem\",\"position\":2,\"name\":\"Boutique\",\"item\":\"https:\\\/\\\/bboxbeauty.ca\\\/fr\\\/boutique\\\/\"},{\"@type\":\"ListItem\",\"position\":3,\"name\":\"Time Master Pro Ultrasons &#038; DEL\"}]},{\"@type\":\"WebSite\",\"@id\":\"https:\\\/\\\/bboxbeauty.ca\\\/fr\\\/#website\",\"url\":\"https:\\\/\\\/bboxbeauty.ca\\\/fr\\\/\",\"name\":\"B-BOX Beauty\",\"description\":\"Skin Care To The Next Level\",\"publisher\":{\"@id\":\"https:\\\/\\\/bboxbeauty.ca\\\/fr\\\/#organization\"},\"alternateName\":\"B-Box\",\"potentialAction\":[{\"@type\":\"SearchAction\",\"target\":{\"@type\":\"EntryPoint\",\"urlTemplate\":\"https:\\\/\\\/bboxbeauty.ca\\\/fr\\\/?s={search_term_string}\"},\"query-input\":{\"@type\":\"PropertyValueSpecification\",\"valueRequired\":true,\"valueName\":\"search_term_string\"}}],\"inLanguage\":\"fr-FR\"},{\"@type\":\"Organization\",\"@id\":\"https:\\\/\\\/bboxbeauty.ca\\\/fr\\\/#organization\",\"name\":\"B-Box Beauty\",\"alternateName\":\"B-Box\",\"url\":\"https:\\\/\\\/bboxbeauty.ca\\\/fr\\\/\",\"logo\":{\"@type\":\"ImageObject\",\"inLanguage\":\"fr-FR\",\"@id\":\"https:\\\/\\\/bboxbeauty.ca\\\/fr\\\/#\\\/schema\\\/logo\\\/image\\\/\",\"url\":\"https:\\\/\\\/bboxbeauty.ca\\\/wp-content\\\/uploads\\\/2022\\\/11\\\/logo.png\",\"contentUrl\":\"https:\\\/\\\/bboxbeauty.ca\\\/wp-content\\\/uploads\\\/2022\\\/11\\\/logo.png\",\"width\":250,\"height\":87,\"caption\":\"B-Box Beauty\"},\"image\":{\"@id\":\"https:\\\/\\\/bboxbeauty.ca\\\/fr\\\/#\\\/schema\\\/logo\\\/image\\\/\"},\"sameAs\":[\"https:\\\/\\\/www.facebook.com\\\/BBoxBeauty\\\/\",\"https:\\\/\\\/www.instagram.com\\\/bboxbeauty\\\/\",\"https:\\\/\\\/www.linkedin.com\\\/company\\\/b-box-beauty\\\/\"]}]}<\/script>\n<!-- \/ Yoast SEO plugin. -->","yoast_head_json":{"title":"Time Master Pro Ultrasons & DEL | B-BOX Beauty","description":"Le Time Master Pro Ultrasons & DEL permet de raffermir la peau puis de lisser les rides gr\u00e2ce aux effets repulpants des ultrasons. Vibrant \u00e0 90 000 ondes par seconde, cette technologie acc\u00e9l\u00e8re le m\u00e9tabolisme de la peau et aide \u00e0 r\u00e9g\u00e9n\u00e9rer les cellules cutan\u00e9es. Le processus de vieillissement de la peau est induit par un ralentissement cellulaire important il est donc primordial d\u2019inclure dans sa routine une technologie pour stimuler les cellules \u00e0 rester actives. Le Time Master Pro est votre meilleur alli\u00e9 cellulaire pour une peau \u00e9clatante et ferme.","robots":{"index":"index","follow":"follow","max-snippet":"max-snippet:-1","max-image-preview":"max-image-preview:large","max-video-preview":"max-video-preview:-1"},"canonical":"https:\/\/bboxbeauty.ca\/fr\/produit\/time-master-pro-ultrasons-del\/","schema":{"@context":"https:\/\/schema.org","@graph":[{"@type":"WebPage","@id":"https:\/\/bboxbeauty.ca\/fr\/produit\/time-master-pro-ultrasons-del\/","url":"https:\/\/bboxbeauty.ca\/fr\/produit\/time-master-pro-ultrasons-del\/","name":"Time Master Pro Ultrasons & DEL | B-BOX Beauty","isPartOf":{"@id":"https:\/\/bboxbeauty.ca\/fr\/#website"},"primaryImageOfPage":{"@id":"https:\/\/bboxbeauty.ca\/fr\/produit\/time-master-pro-ultrasons-del\/#primaryimage"},"image":{"@id":"https:\/\/bboxbeauty.ca\/fr\/produit\/time-master-pro-ultrasons-del\/#primaryimage"},"thumbnailUrl":"https:\/\/bboxbeauty.ca\/wp-content\/uploads\/2022\/11\/Time-Master-Pro-Ultrasound-LED.jpg","datePublished":"2022-11-03T15:24:21+00:00","dateModified":"2026-03-23T18:48:25+00:00","description":"Le Time Master Pro Ultrasons & DEL permet de raffermir la peau puis de lisser les rides gr\u00e2ce aux effets repulpants des ultrasons. Vibrant \u00e0 90 000 ondes par seconde, cette technologie acc\u00e9l\u00e8re le m\u00e9tabolisme de la peau et aide \u00e0 r\u00e9g\u00e9n\u00e9rer les cellules cutan\u00e9es. Le processus de vieillissement de la peau est induit par un ralentissement cellulaire important il est donc primordial d\u2019inclure dans sa routine une technologie pour stimuler les cellules \u00e0 rester actives. Le Time Master Pro est votre meilleur alli\u00e9 cellulaire pour une peau \u00e9clatante et ferme.","breadcrumb":{"@id":"https:\/\/bboxbeauty.ca\/fr\/produit\/time-master-pro-ultrasons-del\/#breadcrumb"},"inLanguage":"fr-FR","potentialAction":[{"@type":"ReadAction","target":["https:\/\/bboxbeauty.ca\/fr\/produit\/time-master-pro-ultrasons-del\/"]}]},{"@type":"ImageObject","inLanguage":"fr-FR","@id":"https:\/\/bboxbeauty.ca\/fr\/produit\/time-master-pro-ultrasons-del\/#primaryimage","url":"https:\/\/bboxbeauty.ca\/wp-content\/uploads\/2022\/11\/Time-Master-Pro-Ultrasound-LED.jpg","contentUrl":"https:\/\/bboxbeauty.ca\/wp-content\/uploads\/2022\/11\/Time-Master-Pro-Ultrasound-LED.jpg","width":1200,"height":1200,"caption":"Time Master Pro Ultrasons & DEL"},{"@type":"BreadcrumbList","@id":"https:\/\/bboxbeauty.ca\/fr\/produit\/time-master-pro-ultrasons-del\/#breadcrumb","itemListElement":[{"@type":"ListItem","position":1,"name":"Home","item":"https:\/\/bboxbeauty.ca\/fr\/"},{"@type":"ListItem","position":2,"name":"Boutique","item":"https:\/\/bboxbeauty.ca\/fr\/boutique\/"},{"@type":"ListItem","position":3,"name":"Time Master Pro Ultrasons &#038; DEL"}]},{"@type":"WebSite","@id":"https:\/\/bboxbeauty.ca\/fr\/#website","url":"https:\/\/bboxbeauty.ca\/fr\/","name":"B-BOX Beauty","description":"Skin Care To The Next Level","publisher":{"@id":"https:\/\/bboxbeauty.ca\/fr\/#organization"},"alternateName":"B-Box","potentialAction":[{"@type":"SearchAction","target":{"@type":"EntryPoint","urlTemplate":"https:\/\/bboxbeauty.ca\/fr\/?s={search_term_string}"},"query-input":{"@type":"PropertyValueSpecification","valueRequired":true,"valueName":"search_term_string"}}],"inLanguage":"fr-FR"},{"@type":"Organization","@id":"https:\/\/bboxbeauty.ca\/fr\/#organization","name":"B-Box Beauty","alternateName":"B-Box","url":"https:\/\/bboxbeauty.ca\/fr\/","logo":{"@type":"ImageObject","inLanguage":"fr-FR","@id":"https:\/\/bboxbeauty.ca\/fr\/#\/schema\/logo\/image\/","url":"https:\/\/bboxbeauty.ca\/wp-content\/uploads\/2022\/11\/logo.png","contentUrl":"https:\/\/bboxbeauty.ca\/wp-content\/uploads\/2022\/11\/logo.png","width":250,"height":87,"caption":"B-Box Beauty"},"image":{"@id":"https:\/\/bboxbeauty.ca\/fr\/#\/schema\/logo\/image\/"},"sameAs":["https:\/\/www.facebook.com\/BBoxBeauty\/","https:\/\/www.instagram.com\/bboxbeauty\/","https:\/\/www.linkedin.com\/company\/b-box-beauty\/"]}]}},"_links":{"self":[{"href":"https:\/\/bboxbeauty.ca\/fr\/wp-json\/wp\/v2\/product\/3488","targetHints":{"allow":["GET"]}}],"collection":[{"href":"https:\/\/bboxbeauty.ca\/fr\/wp-json\/wp\/v2\/product"}],"about":[{"href":"https:\/\/bboxbeauty.ca\/fr\/wp-json\/wp\/v2\/types\/product"}],"replies":[{"embeddable":true,"href":"https:\/\/bboxbeauty.ca\/fr\/wp-json\/wp\/v2\/comments?post=3488"}],"wp:featuredmedia":[{"embeddable":true,"href":"https:\/\/bboxbeauty.ca\/fr\/wp-json\/wp\/v2\/media\/3252"}],"wp:attachment":[{"href":"https:\/\/bboxbeauty.ca\/fr\/wp-json\/wp\/v2\/media?parent=3488"}],"wp:term":[{"taxonomy":"product_brand","embeddable":true,"href":"https:\/\/bboxbeauty.ca\/fr\/wp-json\/wp\/v2\/product_brand?post=3488"},{"taxonomy":"product_cat","embeddable":true,"href":"https:\/\/bboxbeauty.ca\/fr\/wp-json\/wp\/v2\/product_cat?post=3488"},{"taxonomy":"product_tag","embeddable":true,"href":"https:\/\/bboxbeauty.ca\/fr\/wp-json\/wp\/v2\/product_tag?post=3488"},{"taxonomy":"giftcard-category","embeddable":true,"href":"https:\/\/bboxbeauty.ca\/fr\/wp-json\/wp\/v2\/giftcard-category?post=3488"}],"curies":[{"name":"wp","href":"https:\/\/api.w.org\/{rel}","templated":true}]}}