{"id":3482,"date":"2021-01-27T06:26:28","date_gmt":"2021-01-27T11:26:28","guid":{"rendered":"https:\/\/bboxbeauty.wpengine.com\/product\/b-box-ultra-derma\/"},"modified":"2026-03-23T14:47:24","modified_gmt":"2026-03-23T18:47:24","slug":"b-box-ultra-derma","status":"publish","type":"product","link":"https:\/\/bboxbeauty.ca\/fr\/produit\/b-box-ultra-derma\/","title":{"rendered":"B-BOX Ultra-Derma"},"content":{"rendered":"<p><strong>Ultra-Derma comprend trois modes :<\/strong><\/p>\n<ul>\n<li class=\"bullet-arrow\"><strong>Mode 1 &#8211; Nettoyage et exfoliation (Cleansing \/ Peeling) :<\/strong> La rencontre de l&rsquo;eau avec les ondes ultrasonores provoque l&rsquo;explosion des mol\u00e9cules d&rsquo;eau \u00e0 la surface de l&rsquo;\u00e9piderme. Ces mini-explosions permettent de nettoyer en profondeur les couches superficielles de l&rsquo;\u00e9piderme. L&rsquo;Ultra-Derma offre une oscillation de 30 000 vibrations par seconde, ce qui en fait l&rsquo;un des appareils les plus puissants du secteur, son oscillation est sup\u00e9rieure \u00e0 celle de certains appareils de qualit\u00e9 professionnelle.<\/li>\n<li class=\"bullet-arrow\"><strong>Mode 2 &#8211; Nutrition :<\/strong> Le mode nutrition utilise la technologie des ions galvaniques afin que les ingr\u00e9dients actifs de votre masque en feuille ou de votre s\u00e9rum soient rapidement et efficacement transport\u00e9s dans les couches profondes de la peau. La technologie galvanique augmente les performances de vos produits. Avec le mode nutrition, vous b\u00e9n\u00e9ficiez \u00e9galement de la technologie de photomodulation par LED verte d&rsquo;une longueur d&rsquo;onde de 525nm. La lumi\u00e8re verte apaise la peau, illumine le teint et active la circulation sanguine.<\/li>\n<li class=\"bullet-arrow\"><strong>Mode 3 &#8211; Raffermissement :<\/strong> Le mode raffermissant utilise \u00e9galement la technologie des ions galvaniques, dans ce mode, la technologie de photomodulation privil\u00e9gi\u00e9e est la LED rouge de 630nm. Le mode raffermissant stimule les fibroblastes, le collag\u00e8ne et l&rsquo;\u00e9lastine. Un mode indispensable pour son action anti-\u00e2ge, mais aussi pour augmenter la performance de vos produits de soin.<\/li>\n<\/ul>\n","protected":false},"excerpt":{"rendered":"<h4>Raffermissement &#8211; Nutrition &#8211; Nettoyage et peeling<\/h4>\n<p>B-BOX Ultra-Derma est un appareil de soins de la peau dot\u00e9 de technologies innovantes pour optimiser votre routine de beaut\u00e9 \u00e0 domicile. Il comprend 3 modes de traitement pour am\u00e9liorer l&rsquo;\u00e9clat de la peau. L&rsquo;application mobile Derma Manager vous permet d&rsquo;\u00e9valuer l&rsquo;\u00e9tat de votre peau et de suivre son \u00e9volution.<\/p>\n","protected":false},"featured_media":3193,"comment_status":"open","ping_status":"closed","template":"","meta":[],"product_brand":[],"product_cat":[105,100],"product_tag":[],"giftcard-category":[],"class_list":{"0":"post-3482","1":"product","2":"type-product","3":"status-publish","4":"has-post-thumbnail","6":"product_cat-b-box-beauty-fr","7":"product_cat-technologies-pour-la-peau-accessoires","9":"first","10":"instock","11":"featured","12":"taxable","13":"shipping-taxable","14":"purchasable","15":"product-type-simple"},"yoast_head":"<!-- This site is optimized with the Yoast SEO plugin v27.4 - https:\/\/yoast.com\/product\/yoast-seo-wordpress\/ -->\n<title>B-BOX Ultra-Derma | B-BOX Beauty<\/title>\n<meta name=\"description\" content=\"B-BOX Ultra-Derma est un appareil de soins de la peau dot\u00e9 de technologies innovantes pour optimiser votre routine de beaut\u00e9 \u00e0 domicile. Il comprend 3 modes de traitement pour am\u00e9liorer l&#039;\u00e9clat de la peau. L&#039;application mobile Derma Manager vous permet d&#039;\u00e9valuer l&#039;\u00e9tat de votre peau et de suivre son \u00e9volution.\" \/>\n<meta name=\"robots\" content=\"index, follow, max-snippet:-1, max-image-preview:large, max-video-preview:-1\" \/>\n<link rel=\"canonical\" href=\"https:\/\/bboxbeauty.ca\/fr\/produit\/b-box-ultra-derma\/\" \/>\n<script type=\"application\/ld+json\" class=\"yoast-schema-graph\">{\"@context\":\"https:\\\/\\\/schema.org\",\"@graph\":[{\"@type\":\"WebPage\",\"@id\":\"https:\\\/\\\/bboxbeauty.ca\\\/fr\\\/produit\\\/b-box-ultra-derma\\\/\",\"url\":\"https:\\\/\\\/bboxbeauty.ca\\\/fr\\\/produit\\\/b-box-ultra-derma\\\/\",\"name\":\"B-BOX Ultra-Derma | B-BOX Beauty\",\"isPartOf\":{\"@id\":\"https:\\\/\\\/bboxbeauty.ca\\\/fr\\\/#website\"},\"primaryImageOfPage\":{\"@id\":\"https:\\\/\\\/bboxbeauty.ca\\\/fr\\\/produit\\\/b-box-ultra-derma\\\/#primaryimage\"},\"image\":{\"@id\":\"https:\\\/\\\/bboxbeauty.ca\\\/fr\\\/produit\\\/b-box-ultra-derma\\\/#primaryimage\"},\"thumbnailUrl\":\"https:\\\/\\\/bboxbeauty.ca\\\/wp-content\\\/uploads\\\/2021\\\/01\\\/B-BOX-Ultra-Derma.jpg\",\"datePublished\":\"2021-01-27T11:26:28+00:00\",\"dateModified\":\"2026-03-23T18:47:24+00:00\",\"description\":\"B-BOX Ultra-Derma est un appareil de soins de la peau dot\u00e9 de technologies innovantes pour optimiser votre routine de beaut\u00e9 \u00e0 domicile. Il comprend 3 modes de traitement pour am\u00e9liorer l'\u00e9clat de la peau. L'application mobile Derma Manager vous permet d'\u00e9valuer l'\u00e9tat de votre peau et de suivre son \u00e9volution.\",\"breadcrumb\":{\"@id\":\"https:\\\/\\\/bboxbeauty.ca\\\/fr\\\/produit\\\/b-box-ultra-derma\\\/#breadcrumb\"},\"inLanguage\":\"fr-FR\",\"potentialAction\":[{\"@type\":\"ReadAction\",\"target\":[\"https:\\\/\\\/bboxbeauty.ca\\\/fr\\\/produit\\\/b-box-ultra-derma\\\/\"]}]},{\"@type\":\"ImageObject\",\"inLanguage\":\"fr-FR\",\"@id\":\"https:\\\/\\\/bboxbeauty.ca\\\/fr\\\/produit\\\/b-box-ultra-derma\\\/#primaryimage\",\"url\":\"https:\\\/\\\/bboxbeauty.ca\\\/wp-content\\\/uploads\\\/2021\\\/01\\\/B-BOX-Ultra-Derma.jpg\",\"contentUrl\":\"https:\\\/\\\/bboxbeauty.ca\\\/wp-content\\\/uploads\\\/2021\\\/01\\\/B-BOX-Ultra-Derma.jpg\",\"width\":1200,\"height\":1200,\"caption\":\"B-BOX Ultra-Derma\"},{\"@type\":\"BreadcrumbList\",\"@id\":\"https:\\\/\\\/bboxbeauty.ca\\\/fr\\\/produit\\\/b-box-ultra-derma\\\/#breadcrumb\",\"itemListElement\":[{\"@type\":\"ListItem\",\"position\":1,\"name\":\"Home\",\"item\":\"https:\\\/\\\/bboxbeauty.ca\\\/fr\\\/\"},{\"@type\":\"ListItem\",\"position\":2,\"name\":\"Boutique\",\"item\":\"https:\\\/\\\/bboxbeauty.ca\\\/fr\\\/boutique\\\/\"},{\"@type\":\"ListItem\",\"position\":3,\"name\":\"B-BOX Ultra-Derma\"}]},{\"@type\":\"WebSite\",\"@id\":\"https:\\\/\\\/bboxbeauty.ca\\\/fr\\\/#website\",\"url\":\"https:\\\/\\\/bboxbeauty.ca\\\/fr\\\/\",\"name\":\"B-BOX Beauty\",\"description\":\"Skin Care To The Next Level\",\"publisher\":{\"@id\":\"https:\\\/\\\/bboxbeauty.ca\\\/fr\\\/#organization\"},\"alternateName\":\"B-Box\",\"potentialAction\":[{\"@type\":\"SearchAction\",\"target\":{\"@type\":\"EntryPoint\",\"urlTemplate\":\"https:\\\/\\\/bboxbeauty.ca\\\/fr\\\/?s={search_term_string}\"},\"query-input\":{\"@type\":\"PropertyValueSpecification\",\"valueRequired\":true,\"valueName\":\"search_term_string\"}}],\"inLanguage\":\"fr-FR\"},{\"@type\":\"Organization\",\"@id\":\"https:\\\/\\\/bboxbeauty.ca\\\/fr\\\/#organization\",\"name\":\"B-Box Beauty\",\"alternateName\":\"B-Box\",\"url\":\"https:\\\/\\\/bboxbeauty.ca\\\/fr\\\/\",\"logo\":{\"@type\":\"ImageObject\",\"inLanguage\":\"fr-FR\",\"@id\":\"https:\\\/\\\/bboxbeauty.ca\\\/fr\\\/#\\\/schema\\\/logo\\\/image\\\/\",\"url\":\"https:\\\/\\\/bboxbeauty.ca\\\/wp-content\\\/uploads\\\/2022\\\/11\\\/logo.png\",\"contentUrl\":\"https:\\\/\\\/bboxbeauty.ca\\\/wp-content\\\/uploads\\\/2022\\\/11\\\/logo.png\",\"width\":250,\"height\":87,\"caption\":\"B-Box Beauty\"},\"image\":{\"@id\":\"https:\\\/\\\/bboxbeauty.ca\\\/fr\\\/#\\\/schema\\\/logo\\\/image\\\/\"},\"sameAs\":[\"https:\\\/\\\/www.facebook.com\\\/BBoxBeauty\\\/\",\"https:\\\/\\\/www.instagram.com\\\/bboxbeauty\\\/\",\"https:\\\/\\\/www.linkedin.com\\\/company\\\/b-box-beauty\\\/\"]}]}<\/script>\n<!-- \/ Yoast SEO plugin. -->","yoast_head_json":{"title":"B-BOX Ultra-Derma | B-BOX Beauty","description":"B-BOX Ultra-Derma est un appareil de soins de la peau dot\u00e9 de technologies innovantes pour optimiser votre routine de beaut\u00e9 \u00e0 domicile. Il comprend 3 modes de traitement pour am\u00e9liorer l'\u00e9clat de la peau. L'application mobile Derma Manager vous permet d'\u00e9valuer l'\u00e9tat de votre peau et de suivre son \u00e9volution.","robots":{"index":"index","follow":"follow","max-snippet":"max-snippet:-1","max-image-preview":"max-image-preview:large","max-video-preview":"max-video-preview:-1"},"canonical":"https:\/\/bboxbeauty.ca\/fr\/produit\/b-box-ultra-derma\/","schema":{"@context":"https:\/\/schema.org","@graph":[{"@type":"WebPage","@id":"https:\/\/bboxbeauty.ca\/fr\/produit\/b-box-ultra-derma\/","url":"https:\/\/bboxbeauty.ca\/fr\/produit\/b-box-ultra-derma\/","name":"B-BOX Ultra-Derma | B-BOX Beauty","isPartOf":{"@id":"https:\/\/bboxbeauty.ca\/fr\/#website"},"primaryImageOfPage":{"@id":"https:\/\/bboxbeauty.ca\/fr\/produit\/b-box-ultra-derma\/#primaryimage"},"image":{"@id":"https:\/\/bboxbeauty.ca\/fr\/produit\/b-box-ultra-derma\/#primaryimage"},"thumbnailUrl":"https:\/\/bboxbeauty.ca\/wp-content\/uploads\/2021\/01\/B-BOX-Ultra-Derma.jpg","datePublished":"2021-01-27T11:26:28+00:00","dateModified":"2026-03-23T18:47:24+00:00","description":"B-BOX Ultra-Derma est un appareil de soins de la peau dot\u00e9 de technologies innovantes pour optimiser votre routine de beaut\u00e9 \u00e0 domicile. Il comprend 3 modes de traitement pour am\u00e9liorer l'\u00e9clat de la peau. L'application mobile Derma Manager vous permet d'\u00e9valuer l'\u00e9tat de votre peau et de suivre son \u00e9volution.","breadcrumb":{"@id":"https:\/\/bboxbeauty.ca\/fr\/produit\/b-box-ultra-derma\/#breadcrumb"},"inLanguage":"fr-FR","potentialAction":[{"@type":"ReadAction","target":["https:\/\/bboxbeauty.ca\/fr\/produit\/b-box-ultra-derma\/"]}]},{"@type":"ImageObject","inLanguage":"fr-FR","@id":"https:\/\/bboxbeauty.ca\/fr\/produit\/b-box-ultra-derma\/#primaryimage","url":"https:\/\/bboxbeauty.ca\/wp-content\/uploads\/2021\/01\/B-BOX-Ultra-Derma.jpg","contentUrl":"https:\/\/bboxbeauty.ca\/wp-content\/uploads\/2021\/01\/B-BOX-Ultra-Derma.jpg","width":1200,"height":1200,"caption":"B-BOX Ultra-Derma"},{"@type":"BreadcrumbList","@id":"https:\/\/bboxbeauty.ca\/fr\/produit\/b-box-ultra-derma\/#breadcrumb","itemListElement":[{"@type":"ListItem","position":1,"name":"Home","item":"https:\/\/bboxbeauty.ca\/fr\/"},{"@type":"ListItem","position":2,"name":"Boutique","item":"https:\/\/bboxbeauty.ca\/fr\/boutique\/"},{"@type":"ListItem","position":3,"name":"B-BOX Ultra-Derma"}]},{"@type":"WebSite","@id":"https:\/\/bboxbeauty.ca\/fr\/#website","url":"https:\/\/bboxbeauty.ca\/fr\/","name":"B-BOX Beauty","description":"Skin Care To The Next Level","publisher":{"@id":"https:\/\/bboxbeauty.ca\/fr\/#organization"},"alternateName":"B-Box","potentialAction":[{"@type":"SearchAction","target":{"@type":"EntryPoint","urlTemplate":"https:\/\/bboxbeauty.ca\/fr\/?s={search_term_string}"},"query-input":{"@type":"PropertyValueSpecification","valueRequired":true,"valueName":"search_term_string"}}],"inLanguage":"fr-FR"},{"@type":"Organization","@id":"https:\/\/bboxbeauty.ca\/fr\/#organization","name":"B-Box Beauty","alternateName":"B-Box","url":"https:\/\/bboxbeauty.ca\/fr\/","logo":{"@type":"ImageObject","inLanguage":"fr-FR","@id":"https:\/\/bboxbeauty.ca\/fr\/#\/schema\/logo\/image\/","url":"https:\/\/bboxbeauty.ca\/wp-content\/uploads\/2022\/11\/logo.png","contentUrl":"https:\/\/bboxbeauty.ca\/wp-content\/uploads\/2022\/11\/logo.png","width":250,"height":87,"caption":"B-Box Beauty"},"image":{"@id":"https:\/\/bboxbeauty.ca\/fr\/#\/schema\/logo\/image\/"},"sameAs":["https:\/\/www.facebook.com\/BBoxBeauty\/","https:\/\/www.instagram.com\/bboxbeauty\/","https:\/\/www.linkedin.com\/company\/b-box-beauty\/"]}]}},"_links":{"self":[{"href":"https:\/\/bboxbeauty.ca\/fr\/wp-json\/wp\/v2\/product\/3482","targetHints":{"allow":["GET"]}}],"collection":[{"href":"https:\/\/bboxbeauty.ca\/fr\/wp-json\/wp\/v2\/product"}],"about":[{"href":"https:\/\/bboxbeauty.ca\/fr\/wp-json\/wp\/v2\/types\/product"}],"replies":[{"embeddable":true,"href":"https:\/\/bboxbeauty.ca\/fr\/wp-json\/wp\/v2\/comments?post=3482"}],"wp:featuredmedia":[{"embeddable":true,"href":"https:\/\/bboxbeauty.ca\/fr\/wp-json\/wp\/v2\/media\/3193"}],"wp:attachment":[{"href":"https:\/\/bboxbeauty.ca\/fr\/wp-json\/wp\/v2\/media?parent=3482"}],"wp:term":[{"taxonomy":"product_brand","embeddable":true,"href":"https:\/\/bboxbeauty.ca\/fr\/wp-json\/wp\/v2\/product_brand?post=3482"},{"taxonomy":"product_cat","embeddable":true,"href":"https:\/\/bboxbeauty.ca\/fr\/wp-json\/wp\/v2\/product_cat?post=3482"},{"taxonomy":"product_tag","embeddable":true,"href":"https:\/\/bboxbeauty.ca\/fr\/wp-json\/wp\/v2\/product_tag?post=3482"},{"taxonomy":"giftcard-category","embeddable":true,"href":"https:\/\/bboxbeauty.ca\/fr\/wp-json\/wp\/v2\/giftcard-category?post=3482"}],"curies":[{"name":"wp","href":"https:\/\/api.w.org\/{rel}","templated":true}]}}