{"id":3480,"date":"2021-01-27T06:14:27","date_gmt":"2021-01-27T11:14:27","guid":{"rendered":"https:\/\/bboxbeauty.wpengine.com\/product\/b-box-gua-sha\/"},"modified":"2025-10-15T22:27:31","modified_gmt":"2025-10-16T02:27:31","slug":"b-box-gua-sha","status":"publish","type":"product","link":"https:\/\/bboxbeauty.ca\/fr\/produit\/b-box-gua-sha\/","title":{"rendered":"B-BOX Gua Sha"},"content":{"rendered":"<p>Chez B-BOX, nous avons port\u00e9 la technique GUA SHA \u00e0 un autre niveau en incluant dans notre appareil un mode vibration qui augmente la relaxation des muscles et des fascias. Nous avons \u00e9galement inclus un mode de chauffage \u00e0 42 degr\u00e9s Celsius qui favorise une meilleure p\u00e9n\u00e9tration des actifs cosm\u00e9tiques. Notre appareil B-BOX Gua Sha est configur\u00e9 selon nos techniques de massage con\u00e7ues par notre \u00e9quipe de professionnels certifi\u00e9s.<\/p>\n<p><strong>Avantages :<\/strong><\/p>\n<ul>\n<li class=\"bullet-arrow\"><strong>Effet liftant naturel :<\/strong> Le design du B-BOX Gua Sha fonctionne parfaitement pour soulever, sculpter et raffermir les contours du visage.<\/li>\n<li class=\"bullet-arrow\"><strong>Lib\u00e9ration des tensions :<\/strong> Effectu\u00e9 r\u00e9guli\u00e8rement, le rel\u00e2chement des muscles du visage aide \u00e0 pr\u00e9venir et \u00e0 r\u00e9duire les rides d&rsquo;expression.<\/li>\n<li class=\"bullet-arrow\"><strong>Peau \u00e9clatante :<\/strong> Le Gua Sha peut aider \u00e0 am\u00e9liorer et \u00e0 r\u00e9duire l&rsquo;acn\u00e9, \u00e0 d\u00e9congestionner, \u00e0 r\u00e9duire l&rsquo;inflammation et \u00e0 resserrer les pores.<\/li>\n<li class=\"bullet-arrow\"><strong>Rituel d&rsquo;ancrage :<\/strong> La s\u00e9quence et la douceur du massage transforment votre routine de soins cosm\u00e9tiques en un v\u00e9ritable rituel de relaxation et d&rsquo;ancrage avec vous-m\u00eame.<\/li>\n<\/ul>\n","protected":false},"excerpt":{"rendered":"<p>Le B-BOX Gua Sha est un appareil de soin de la peau con\u00e7u pour stimuler la microcirculation, activer le syst\u00e8me lymphatique et r\u00e9duire les tensions musculaires. Ces mouvements biologiques permettent une meilleure oxyg\u00e9nation de l&rsquo;\u00e9piderme, une diminution des \u0153d\u00e8mes et une relaxation des muscles du visage. Il contribue \u00e0 resserrer les contours du visage, \u00e0 am\u00e9liorer la texture de la peau et l&rsquo;\u00e9clat du teint.<\/p>\n","protected":false},"featured_media":3188,"comment_status":"closed","ping_status":"closed","template":"","meta":[],"product_brand":[],"product_cat":[105,100],"product_tag":[],"giftcard-category":[],"class_list":{"0":"post-3480","1":"product","2":"type-product","3":"status-publish","4":"has-post-thumbnail","6":"product_cat-b-box-beauty-fr","7":"product_cat-technologies-pour-la-peau-accessoires","9":"first","10":"instock","11":"featured","12":"taxable","13":"shipping-taxable","14":"purchasable","15":"product-type-simple"},"yoast_head":"<!-- This site is optimized with the Yoast SEO plugin v27.4 - https:\/\/yoast.com\/product\/yoast-seo-wordpress\/ -->\n<title>B-BOX Gua Sha | B-BOX Beauty<\/title>\n<meta name=\"description\" content=\"Le B-BOX Gua Sha est un appareil de soin de la peau con\u00e7u pour stimuler la microcirculation, activer le syst\u00e8me lymphatique et r\u00e9duire les tensions musculaires. Ces mouvements biologiques permettent une meilleure oxyg\u00e9nation de l&#039;\u00e9piderme, une diminution des \u0153d\u00e8mes et une relaxation des muscles du visage. Il contribue \u00e0 resserrer les contours du visage, \u00e0 am\u00e9liorer la texture de la peau et l&#039;\u00e9clat du teint.\" \/>\n<meta name=\"robots\" content=\"index, follow, max-snippet:-1, max-image-preview:large, max-video-preview:-1\" \/>\n<link rel=\"canonical\" href=\"https:\/\/bboxbeauty.ca\/fr\/produit\/b-box-gua-sha\/\" \/>\n<script type=\"application\/ld+json\" class=\"yoast-schema-graph\">{\"@context\":\"https:\\\/\\\/schema.org\",\"@graph\":[{\"@type\":\"WebPage\",\"@id\":\"https:\\\/\\\/bboxbeauty.ca\\\/fr\\\/produit\\\/b-box-gua-sha\\\/\",\"url\":\"https:\\\/\\\/bboxbeauty.ca\\\/fr\\\/produit\\\/b-box-gua-sha\\\/\",\"name\":\"B-BOX Gua Sha | B-BOX Beauty\",\"isPartOf\":{\"@id\":\"https:\\\/\\\/bboxbeauty.ca\\\/fr\\\/#website\"},\"primaryImageOfPage\":{\"@id\":\"https:\\\/\\\/bboxbeauty.ca\\\/fr\\\/produit\\\/b-box-gua-sha\\\/#primaryimage\"},\"image\":{\"@id\":\"https:\\\/\\\/bboxbeauty.ca\\\/fr\\\/produit\\\/b-box-gua-sha\\\/#primaryimage\"},\"thumbnailUrl\":\"https:\\\/\\\/bboxbeauty.ca\\\/wp-content\\\/uploads\\\/2021\\\/01\\\/B-BOX-Gua-Sha.jpg\",\"datePublished\":\"2021-01-27T11:14:27+00:00\",\"dateModified\":\"2025-10-16T02:27:31+00:00\",\"description\":\"Le B-BOX Gua Sha est un appareil de soin de la peau con\u00e7u pour stimuler la microcirculation, activer le syst\u00e8me lymphatique et r\u00e9duire les tensions musculaires. Ces mouvements biologiques permettent une meilleure oxyg\u00e9nation de l'\u00e9piderme, une diminution des \u0153d\u00e8mes et une relaxation des muscles du visage. Il contribue \u00e0 resserrer les contours du visage, \u00e0 am\u00e9liorer la texture de la peau et l'\u00e9clat du teint.\",\"breadcrumb\":{\"@id\":\"https:\\\/\\\/bboxbeauty.ca\\\/fr\\\/produit\\\/b-box-gua-sha\\\/#breadcrumb\"},\"inLanguage\":\"fr-FR\",\"potentialAction\":[{\"@type\":\"ReadAction\",\"target\":[\"https:\\\/\\\/bboxbeauty.ca\\\/fr\\\/produit\\\/b-box-gua-sha\\\/\"]}]},{\"@type\":\"ImageObject\",\"inLanguage\":\"fr-FR\",\"@id\":\"https:\\\/\\\/bboxbeauty.ca\\\/fr\\\/produit\\\/b-box-gua-sha\\\/#primaryimage\",\"url\":\"https:\\\/\\\/bboxbeauty.ca\\\/wp-content\\\/uploads\\\/2021\\\/01\\\/B-BOX-Gua-Sha.jpg\",\"contentUrl\":\"https:\\\/\\\/bboxbeauty.ca\\\/wp-content\\\/uploads\\\/2021\\\/01\\\/B-BOX-Gua-Sha.jpg\",\"width\":1200,\"height\":1200,\"caption\":\"B-BOX Gua Sha\"},{\"@type\":\"BreadcrumbList\",\"@id\":\"https:\\\/\\\/bboxbeauty.ca\\\/fr\\\/produit\\\/b-box-gua-sha\\\/#breadcrumb\",\"itemListElement\":[{\"@type\":\"ListItem\",\"position\":1,\"name\":\"Home\",\"item\":\"https:\\\/\\\/bboxbeauty.ca\\\/fr\\\/\"},{\"@type\":\"ListItem\",\"position\":2,\"name\":\"Boutique\",\"item\":\"https:\\\/\\\/bboxbeauty.ca\\\/fr\\\/boutique\\\/\"},{\"@type\":\"ListItem\",\"position\":3,\"name\":\"B-BOX Gua Sha\"}]},{\"@type\":\"WebSite\",\"@id\":\"https:\\\/\\\/bboxbeauty.ca\\\/fr\\\/#website\",\"url\":\"https:\\\/\\\/bboxbeauty.ca\\\/fr\\\/\",\"name\":\"B-BOX Beauty\",\"description\":\"Skin Care To The Next Level\",\"publisher\":{\"@id\":\"https:\\\/\\\/bboxbeauty.ca\\\/fr\\\/#organization\"},\"alternateName\":\"B-Box\",\"potentialAction\":[{\"@type\":\"SearchAction\",\"target\":{\"@type\":\"EntryPoint\",\"urlTemplate\":\"https:\\\/\\\/bboxbeauty.ca\\\/fr\\\/?s={search_term_string}\"},\"query-input\":{\"@type\":\"PropertyValueSpecification\",\"valueRequired\":true,\"valueName\":\"search_term_string\"}}],\"inLanguage\":\"fr-FR\"},{\"@type\":\"Organization\",\"@id\":\"https:\\\/\\\/bboxbeauty.ca\\\/fr\\\/#organization\",\"name\":\"B-Box Beauty\",\"alternateName\":\"B-Box\",\"url\":\"https:\\\/\\\/bboxbeauty.ca\\\/fr\\\/\",\"logo\":{\"@type\":\"ImageObject\",\"inLanguage\":\"fr-FR\",\"@id\":\"https:\\\/\\\/bboxbeauty.ca\\\/fr\\\/#\\\/schema\\\/logo\\\/image\\\/\",\"url\":\"https:\\\/\\\/bboxbeauty.ca\\\/wp-content\\\/uploads\\\/2022\\\/11\\\/logo.png\",\"contentUrl\":\"https:\\\/\\\/bboxbeauty.ca\\\/wp-content\\\/uploads\\\/2022\\\/11\\\/logo.png\",\"width\":250,\"height\":87,\"caption\":\"B-Box Beauty\"},\"image\":{\"@id\":\"https:\\\/\\\/bboxbeauty.ca\\\/fr\\\/#\\\/schema\\\/logo\\\/image\\\/\"},\"sameAs\":[\"https:\\\/\\\/www.facebook.com\\\/BBoxBeauty\\\/\",\"https:\\\/\\\/www.instagram.com\\\/bboxbeauty\\\/\",\"https:\\\/\\\/www.linkedin.com\\\/company\\\/b-box-beauty\\\/\"]}]}<\/script>\n<!-- \/ Yoast SEO plugin. -->","yoast_head_json":{"title":"B-BOX Gua Sha | B-BOX Beauty","description":"Le B-BOX Gua Sha est un appareil de soin de la peau con\u00e7u pour stimuler la microcirculation, activer le syst\u00e8me lymphatique et r\u00e9duire les tensions musculaires. Ces mouvements biologiques permettent une meilleure oxyg\u00e9nation de l'\u00e9piderme, une diminution des \u0153d\u00e8mes et une relaxation des muscles du visage. Il contribue \u00e0 resserrer les contours du visage, \u00e0 am\u00e9liorer la texture de la peau et l'\u00e9clat du teint.","robots":{"index":"index","follow":"follow","max-snippet":"max-snippet:-1","max-image-preview":"max-image-preview:large","max-video-preview":"max-video-preview:-1"},"canonical":"https:\/\/bboxbeauty.ca\/fr\/produit\/b-box-gua-sha\/","schema":{"@context":"https:\/\/schema.org","@graph":[{"@type":"WebPage","@id":"https:\/\/bboxbeauty.ca\/fr\/produit\/b-box-gua-sha\/","url":"https:\/\/bboxbeauty.ca\/fr\/produit\/b-box-gua-sha\/","name":"B-BOX Gua Sha | B-BOX Beauty","isPartOf":{"@id":"https:\/\/bboxbeauty.ca\/fr\/#website"},"primaryImageOfPage":{"@id":"https:\/\/bboxbeauty.ca\/fr\/produit\/b-box-gua-sha\/#primaryimage"},"image":{"@id":"https:\/\/bboxbeauty.ca\/fr\/produit\/b-box-gua-sha\/#primaryimage"},"thumbnailUrl":"https:\/\/bboxbeauty.ca\/wp-content\/uploads\/2021\/01\/B-BOX-Gua-Sha.jpg","datePublished":"2021-01-27T11:14:27+00:00","dateModified":"2025-10-16T02:27:31+00:00","description":"Le B-BOX Gua Sha est un appareil de soin de la peau con\u00e7u pour stimuler la microcirculation, activer le syst\u00e8me lymphatique et r\u00e9duire les tensions musculaires. Ces mouvements biologiques permettent une meilleure oxyg\u00e9nation de l'\u00e9piderme, une diminution des \u0153d\u00e8mes et une relaxation des muscles du visage. Il contribue \u00e0 resserrer les contours du visage, \u00e0 am\u00e9liorer la texture de la peau et l'\u00e9clat du teint.","breadcrumb":{"@id":"https:\/\/bboxbeauty.ca\/fr\/produit\/b-box-gua-sha\/#breadcrumb"},"inLanguage":"fr-FR","potentialAction":[{"@type":"ReadAction","target":["https:\/\/bboxbeauty.ca\/fr\/produit\/b-box-gua-sha\/"]}]},{"@type":"ImageObject","inLanguage":"fr-FR","@id":"https:\/\/bboxbeauty.ca\/fr\/produit\/b-box-gua-sha\/#primaryimage","url":"https:\/\/bboxbeauty.ca\/wp-content\/uploads\/2021\/01\/B-BOX-Gua-Sha.jpg","contentUrl":"https:\/\/bboxbeauty.ca\/wp-content\/uploads\/2021\/01\/B-BOX-Gua-Sha.jpg","width":1200,"height":1200,"caption":"B-BOX Gua Sha"},{"@type":"BreadcrumbList","@id":"https:\/\/bboxbeauty.ca\/fr\/produit\/b-box-gua-sha\/#breadcrumb","itemListElement":[{"@type":"ListItem","position":1,"name":"Home","item":"https:\/\/bboxbeauty.ca\/fr\/"},{"@type":"ListItem","position":2,"name":"Boutique","item":"https:\/\/bboxbeauty.ca\/fr\/boutique\/"},{"@type":"ListItem","position":3,"name":"B-BOX Gua Sha"}]},{"@type":"WebSite","@id":"https:\/\/bboxbeauty.ca\/fr\/#website","url":"https:\/\/bboxbeauty.ca\/fr\/","name":"B-BOX Beauty","description":"Skin Care To The Next Level","publisher":{"@id":"https:\/\/bboxbeauty.ca\/fr\/#organization"},"alternateName":"B-Box","potentialAction":[{"@type":"SearchAction","target":{"@type":"EntryPoint","urlTemplate":"https:\/\/bboxbeauty.ca\/fr\/?s={search_term_string}"},"query-input":{"@type":"PropertyValueSpecification","valueRequired":true,"valueName":"search_term_string"}}],"inLanguage":"fr-FR"},{"@type":"Organization","@id":"https:\/\/bboxbeauty.ca\/fr\/#organization","name":"B-Box Beauty","alternateName":"B-Box","url":"https:\/\/bboxbeauty.ca\/fr\/","logo":{"@type":"ImageObject","inLanguage":"fr-FR","@id":"https:\/\/bboxbeauty.ca\/fr\/#\/schema\/logo\/image\/","url":"https:\/\/bboxbeauty.ca\/wp-content\/uploads\/2022\/11\/logo.png","contentUrl":"https:\/\/bboxbeauty.ca\/wp-content\/uploads\/2022\/11\/logo.png","width":250,"height":87,"caption":"B-Box Beauty"},"image":{"@id":"https:\/\/bboxbeauty.ca\/fr\/#\/schema\/logo\/image\/"},"sameAs":["https:\/\/www.facebook.com\/BBoxBeauty\/","https:\/\/www.instagram.com\/bboxbeauty\/","https:\/\/www.linkedin.com\/company\/b-box-beauty\/"]}]}},"_links":{"self":[{"href":"https:\/\/bboxbeauty.ca\/fr\/wp-json\/wp\/v2\/product\/3480","targetHints":{"allow":["GET"]}}],"collection":[{"href":"https:\/\/bboxbeauty.ca\/fr\/wp-json\/wp\/v2\/product"}],"about":[{"href":"https:\/\/bboxbeauty.ca\/fr\/wp-json\/wp\/v2\/types\/product"}],"replies":[{"embeddable":true,"href":"https:\/\/bboxbeauty.ca\/fr\/wp-json\/wp\/v2\/comments?post=3480"}],"wp:featuredmedia":[{"embeddable":true,"href":"https:\/\/bboxbeauty.ca\/fr\/wp-json\/wp\/v2\/media\/3188"}],"wp:attachment":[{"href":"https:\/\/bboxbeauty.ca\/fr\/wp-json\/wp\/v2\/media?parent=3480"}],"wp:term":[{"taxonomy":"product_brand","embeddable":true,"href":"https:\/\/bboxbeauty.ca\/fr\/wp-json\/wp\/v2\/product_brand?post=3480"},{"taxonomy":"product_cat","embeddable":true,"href":"https:\/\/bboxbeauty.ca\/fr\/wp-json\/wp\/v2\/product_cat?post=3480"},{"taxonomy":"product_tag","embeddable":true,"href":"https:\/\/bboxbeauty.ca\/fr\/wp-json\/wp\/v2\/product_tag?post=3480"},{"taxonomy":"giftcard-category","embeddable":true,"href":"https:\/\/bboxbeauty.ca\/fr\/wp-json\/wp\/v2\/giftcard-category?post=3480"}],"curies":[{"name":"wp","href":"https:\/\/api.w.org\/{rel}","templated":true}]}}