{"id":3470,"date":"2021-01-27T05:38:07","date_gmt":"2021-01-27T10:38:07","guid":{"rendered":"https:\/\/bboxbeauty.wpengine.com\/product\/b-box-blend\/"},"modified":"2024-10-26T12:23:21","modified_gmt":"2024-10-26T16:23:21","slug":"b-box-blend","status":"publish","type":"product","link":"https:\/\/bboxbeauty.ca\/fr\/produit\/b-box-blend\/","title":{"rendered":"B-BOX Blend"},"content":{"rendered":"<p>Id\u00e9al pour tous ceux qui aiment avoir un teint parfait ! Les B-BOX Blend sont sans latex. Les \u00e9ponges peuvent \u00eatre utilis\u00e9es humides ou s\u00e8ches. Leur densit\u00e9 permet d&rsquo;absorber le minimum de produit pour qu&rsquo;il soit sur votre peau et non \u00e0 l&rsquo;int\u00e9rieur de votre \u00e9ponge. Quelle que soit la formule (liquide, cr\u00e8me ou poudre), les \u00e9ponges \u00e0 maquillage B-BOX Blend offrent des r\u00e9sultats constants. Id\u00e9ales pour toutes celles qui aiment avoir un teint parfait !<\/p>\n","protected":false},"excerpt":{"rendered":"<p>B-BOX Blend est un ensemble de trois \u00e9ponges \u00e0 maquillage qui vous assureront un teint uniforme. Les diff\u00e9rentes formes sont bien adapt\u00e9es aux diff\u00e9rentes zones du visage et facilitent l&rsquo;application du maquillage de contour. Elles permettent d&rsquo;appliquer tous les types de formules et de les faire fondre sur la peau. Disponibles en plusieurs couleurs.<\/p>\n<ul>\n<li class=\"bullet-arrow\"><strong>Texture :<\/strong> Semi-ferme<\/li>\n<\/ul>\n","protected":false},"featured_media":3186,"comment_status":"open","ping_status":"closed","template":"","meta":[],"product_brand":[],"product_cat":[105,100],"product_tag":[],"giftcard-category":[],"class_list":{"0":"post-3470","1":"product","2":"type-product","3":"status-publish","4":"has-post-thumbnail","6":"product_cat-b-box-beauty-fr","7":"product_cat-technologies-pour-la-peau-accessoires","9":"first","10":"instock","11":"taxable","12":"shipping-taxable","13":"purchasable","14":"product-type-variable","15":"has-default-attributes"},"yoast_head":"<!-- This site is optimized with the Yoast SEO plugin v27.3 - https:\/\/yoast.com\/product\/yoast-seo-wordpress\/ -->\n<title>B-BOX Blend | B-BOX Beauty<\/title>\n<meta name=\"description\" content=\"B-BOX Blend est un ensemble de trois \u00e9ponges \u00e0 maquillage qui vous assureront un teint uniforme. Les diff\u00e9rentes formes sont bien adapt\u00e9es aux diff\u00e9rentes zones du visage et facilitent l&#039;application du maquillage de contour. Elles permettent d&#039;appliquer tous les types de formules et de les faire fondre sur la peau. Disponibles en plusieurs couleurs.\" \/>\n<meta name=\"robots\" content=\"index, follow, max-snippet:-1, max-image-preview:large, max-video-preview:-1\" \/>\n<link rel=\"canonical\" href=\"https:\/\/bboxbeauty.ca\/fr\/produit\/b-box-blend\/\" \/>\n<script type=\"application\/ld+json\" class=\"yoast-schema-graph\">{\"@context\":\"https:\\\/\\\/schema.org\",\"@graph\":[{\"@type\":\"WebPage\",\"@id\":\"https:\\\/\\\/bboxbeauty.ca\\\/fr\\\/produit\\\/b-box-blend\\\/\",\"url\":\"https:\\\/\\\/bboxbeauty.ca\\\/fr\\\/produit\\\/b-box-blend\\\/\",\"name\":\"B-BOX Blend | B-BOX Beauty\",\"isPartOf\":{\"@id\":\"https:\\\/\\\/bboxbeauty.ca\\\/fr\\\/#website\"},\"primaryImageOfPage\":{\"@id\":\"https:\\\/\\\/bboxbeauty.ca\\\/fr\\\/produit\\\/b-box-blend\\\/#primaryimage\"},\"image\":{\"@id\":\"https:\\\/\\\/bboxbeauty.ca\\\/fr\\\/produit\\\/b-box-blend\\\/#primaryimage\"},\"thumbnailUrl\":\"https:\\\/\\\/bboxbeauty.ca\\\/wp-content\\\/uploads\\\/2021\\\/01\\\/B-BOX-Blend.jpg\",\"datePublished\":\"2021-01-27T10:38:07+00:00\",\"dateModified\":\"2024-10-26T16:23:21+00:00\",\"description\":\"B-BOX Blend est un ensemble de trois \u00e9ponges \u00e0 maquillage qui vous assureront un teint uniforme. Les diff\u00e9rentes formes sont bien adapt\u00e9es aux diff\u00e9rentes zones du visage et facilitent l'application du maquillage de contour. Elles permettent d'appliquer tous les types de formules et de les faire fondre sur la peau. Disponibles en plusieurs couleurs.\",\"breadcrumb\":{\"@id\":\"https:\\\/\\\/bboxbeauty.ca\\\/fr\\\/produit\\\/b-box-blend\\\/#breadcrumb\"},\"inLanguage\":\"fr-FR\",\"potentialAction\":[{\"@type\":\"ReadAction\",\"target\":[\"https:\\\/\\\/bboxbeauty.ca\\\/fr\\\/produit\\\/b-box-blend\\\/\"]}]},{\"@type\":\"ImageObject\",\"inLanguage\":\"fr-FR\",\"@id\":\"https:\\\/\\\/bboxbeauty.ca\\\/fr\\\/produit\\\/b-box-blend\\\/#primaryimage\",\"url\":\"https:\\\/\\\/bboxbeauty.ca\\\/wp-content\\\/uploads\\\/2021\\\/01\\\/B-BOX-Blend.jpg\",\"contentUrl\":\"https:\\\/\\\/bboxbeauty.ca\\\/wp-content\\\/uploads\\\/2021\\\/01\\\/B-BOX-Blend.jpg\",\"width\":1200,\"height\":1200,\"caption\":\"B-BOX Blend\"},{\"@type\":\"BreadcrumbList\",\"@id\":\"https:\\\/\\\/bboxbeauty.ca\\\/fr\\\/produit\\\/b-box-blend\\\/#breadcrumb\",\"itemListElement\":[{\"@type\":\"ListItem\",\"position\":1,\"name\":\"Home\",\"item\":\"https:\\\/\\\/bboxbeauty.ca\\\/fr\\\/\"},{\"@type\":\"ListItem\",\"position\":2,\"name\":\"Boutique\",\"item\":\"https:\\\/\\\/bboxbeauty.ca\\\/fr\\\/boutique\\\/\"},{\"@type\":\"ListItem\",\"position\":3,\"name\":\"B-BOX Blend\"}]},{\"@type\":\"WebSite\",\"@id\":\"https:\\\/\\\/bboxbeauty.ca\\\/fr\\\/#website\",\"url\":\"https:\\\/\\\/bboxbeauty.ca\\\/fr\\\/\",\"name\":\"B-BOX Beauty\",\"description\":\"Skin Care To The Next Level\",\"publisher\":{\"@id\":\"https:\\\/\\\/bboxbeauty.ca\\\/fr\\\/#organization\"},\"alternateName\":\"B-Box\",\"potentialAction\":[{\"@type\":\"SearchAction\",\"target\":{\"@type\":\"EntryPoint\",\"urlTemplate\":\"https:\\\/\\\/bboxbeauty.ca\\\/fr\\\/?s={search_term_string}\"},\"query-input\":{\"@type\":\"PropertyValueSpecification\",\"valueRequired\":true,\"valueName\":\"search_term_string\"}}],\"inLanguage\":\"fr-FR\"},{\"@type\":\"Organization\",\"@id\":\"https:\\\/\\\/bboxbeauty.ca\\\/fr\\\/#organization\",\"name\":\"B-Box Beauty\",\"alternateName\":\"B-Box\",\"url\":\"https:\\\/\\\/bboxbeauty.ca\\\/fr\\\/\",\"logo\":{\"@type\":\"ImageObject\",\"inLanguage\":\"fr-FR\",\"@id\":\"https:\\\/\\\/bboxbeauty.ca\\\/fr\\\/#\\\/schema\\\/logo\\\/image\\\/\",\"url\":\"https:\\\/\\\/bboxbeauty.ca\\\/wp-content\\\/uploads\\\/2022\\\/11\\\/logo.png\",\"contentUrl\":\"https:\\\/\\\/bboxbeauty.ca\\\/wp-content\\\/uploads\\\/2022\\\/11\\\/logo.png\",\"width\":250,\"height\":87,\"caption\":\"B-Box Beauty\"},\"image\":{\"@id\":\"https:\\\/\\\/bboxbeauty.ca\\\/fr\\\/#\\\/schema\\\/logo\\\/image\\\/\"},\"sameAs\":[\"https:\\\/\\\/www.facebook.com\\\/BBoxBeauty\\\/\",\"https:\\\/\\\/www.instagram.com\\\/bboxbeauty\\\/\",\"https:\\\/\\\/www.linkedin.com\\\/company\\\/b-box-beauty\\\/\"]}]}<\/script>\n<!-- \/ Yoast SEO plugin. -->","yoast_head_json":{"title":"B-BOX Blend | B-BOX Beauty","description":"B-BOX Blend est un ensemble de trois \u00e9ponges \u00e0 maquillage qui vous assureront un teint uniforme. Les diff\u00e9rentes formes sont bien adapt\u00e9es aux diff\u00e9rentes zones du visage et facilitent l'application du maquillage de contour. Elles permettent d'appliquer tous les types de formules et de les faire fondre sur la peau. Disponibles en plusieurs couleurs.","robots":{"index":"index","follow":"follow","max-snippet":"max-snippet:-1","max-image-preview":"max-image-preview:large","max-video-preview":"max-video-preview:-1"},"canonical":"https:\/\/bboxbeauty.ca\/fr\/produit\/b-box-blend\/","schema":{"@context":"https:\/\/schema.org","@graph":[{"@type":"WebPage","@id":"https:\/\/bboxbeauty.ca\/fr\/produit\/b-box-blend\/","url":"https:\/\/bboxbeauty.ca\/fr\/produit\/b-box-blend\/","name":"B-BOX Blend | B-BOX Beauty","isPartOf":{"@id":"https:\/\/bboxbeauty.ca\/fr\/#website"},"primaryImageOfPage":{"@id":"https:\/\/bboxbeauty.ca\/fr\/produit\/b-box-blend\/#primaryimage"},"image":{"@id":"https:\/\/bboxbeauty.ca\/fr\/produit\/b-box-blend\/#primaryimage"},"thumbnailUrl":"https:\/\/bboxbeauty.ca\/wp-content\/uploads\/2021\/01\/B-BOX-Blend.jpg","datePublished":"2021-01-27T10:38:07+00:00","dateModified":"2024-10-26T16:23:21+00:00","description":"B-BOX Blend est un ensemble de trois \u00e9ponges \u00e0 maquillage qui vous assureront un teint uniforme. Les diff\u00e9rentes formes sont bien adapt\u00e9es aux diff\u00e9rentes zones du visage et facilitent l'application du maquillage de contour. Elles permettent d'appliquer tous les types de formules et de les faire fondre sur la peau. Disponibles en plusieurs couleurs.","breadcrumb":{"@id":"https:\/\/bboxbeauty.ca\/fr\/produit\/b-box-blend\/#breadcrumb"},"inLanguage":"fr-FR","potentialAction":[{"@type":"ReadAction","target":["https:\/\/bboxbeauty.ca\/fr\/produit\/b-box-blend\/"]}]},{"@type":"ImageObject","inLanguage":"fr-FR","@id":"https:\/\/bboxbeauty.ca\/fr\/produit\/b-box-blend\/#primaryimage","url":"https:\/\/bboxbeauty.ca\/wp-content\/uploads\/2021\/01\/B-BOX-Blend.jpg","contentUrl":"https:\/\/bboxbeauty.ca\/wp-content\/uploads\/2021\/01\/B-BOX-Blend.jpg","width":1200,"height":1200,"caption":"B-BOX Blend"},{"@type":"BreadcrumbList","@id":"https:\/\/bboxbeauty.ca\/fr\/produit\/b-box-blend\/#breadcrumb","itemListElement":[{"@type":"ListItem","position":1,"name":"Home","item":"https:\/\/bboxbeauty.ca\/fr\/"},{"@type":"ListItem","position":2,"name":"Boutique","item":"https:\/\/bboxbeauty.ca\/fr\/boutique\/"},{"@type":"ListItem","position":3,"name":"B-BOX Blend"}]},{"@type":"WebSite","@id":"https:\/\/bboxbeauty.ca\/fr\/#website","url":"https:\/\/bboxbeauty.ca\/fr\/","name":"B-BOX Beauty","description":"Skin Care To The Next Level","publisher":{"@id":"https:\/\/bboxbeauty.ca\/fr\/#organization"},"alternateName":"B-Box","potentialAction":[{"@type":"SearchAction","target":{"@type":"EntryPoint","urlTemplate":"https:\/\/bboxbeauty.ca\/fr\/?s={search_term_string}"},"query-input":{"@type":"PropertyValueSpecification","valueRequired":true,"valueName":"search_term_string"}}],"inLanguage":"fr-FR"},{"@type":"Organization","@id":"https:\/\/bboxbeauty.ca\/fr\/#organization","name":"B-Box Beauty","alternateName":"B-Box","url":"https:\/\/bboxbeauty.ca\/fr\/","logo":{"@type":"ImageObject","inLanguage":"fr-FR","@id":"https:\/\/bboxbeauty.ca\/fr\/#\/schema\/logo\/image\/","url":"https:\/\/bboxbeauty.ca\/wp-content\/uploads\/2022\/11\/logo.png","contentUrl":"https:\/\/bboxbeauty.ca\/wp-content\/uploads\/2022\/11\/logo.png","width":250,"height":87,"caption":"B-Box Beauty"},"image":{"@id":"https:\/\/bboxbeauty.ca\/fr\/#\/schema\/logo\/image\/"},"sameAs":["https:\/\/www.facebook.com\/BBoxBeauty\/","https:\/\/www.instagram.com\/bboxbeauty\/","https:\/\/www.linkedin.com\/company\/b-box-beauty\/"]}]}},"_links":{"self":[{"href":"https:\/\/bboxbeauty.ca\/fr\/wp-json\/wp\/v2\/product\/3470","targetHints":{"allow":["GET"]}}],"collection":[{"href":"https:\/\/bboxbeauty.ca\/fr\/wp-json\/wp\/v2\/product"}],"about":[{"href":"https:\/\/bboxbeauty.ca\/fr\/wp-json\/wp\/v2\/types\/product"}],"replies":[{"embeddable":true,"href":"https:\/\/bboxbeauty.ca\/fr\/wp-json\/wp\/v2\/comments?post=3470"}],"wp:featuredmedia":[{"embeddable":true,"href":"https:\/\/bboxbeauty.ca\/fr\/wp-json\/wp\/v2\/media\/3186"}],"wp:attachment":[{"href":"https:\/\/bboxbeauty.ca\/fr\/wp-json\/wp\/v2\/media?parent=3470"}],"wp:term":[{"taxonomy":"product_brand","embeddable":true,"href":"https:\/\/bboxbeauty.ca\/fr\/wp-json\/wp\/v2\/product_brand?post=3470"},{"taxonomy":"product_cat","embeddable":true,"href":"https:\/\/bboxbeauty.ca\/fr\/wp-json\/wp\/v2\/product_cat?post=3470"},{"taxonomy":"product_tag","embeddable":true,"href":"https:\/\/bboxbeauty.ca\/fr\/wp-json\/wp\/v2\/product_tag?post=3470"},{"taxonomy":"giftcard-category","embeddable":true,"href":"https:\/\/bboxbeauty.ca\/fr\/wp-json\/wp\/v2\/giftcard-category?post=3470"}],"curies":[{"name":"wp","href":"https:\/\/api.w.org\/{rel}","templated":true}]}}