{"id":3467,"date":"2021-07-27T16:51:17","date_gmt":"2021-07-27T20:51:17","guid":{"rendered":"https:\/\/bboxbeauty.wpengine.com\/product\/tizo-3-facial-mineral-sunscreen-tinted\/"},"modified":"2025-11-19T10:44:43","modified_gmt":"2025-11-19T15:44:43","slug":"tizo-3-protection-minerale-teintee","status":"publish","type":"product","link":"https:\/\/bboxbeauty.ca\/fr\/produit\/tizo-3-protection-minerale-teintee\/","title":{"rendered":"Tizo 3 Protection Min\u00e9rale &#8211; Teint\u00e9e"},"content":{"rendered":"<p>Toutes les formules de protection solaire Tizo sont :<\/p>\n<ul>\n<li class=\"bullet-arrow\">100% LIBRES d&rsquo;\u00e9crans solaires chimiques, de conservateurs, de parfums, de parab\u00e8nes, de gluten et de phtalates.<\/li>\n<li class=\"bullet-arrow\">Protection \u00e0 large spectre UVA\/UVB.<\/li>\n<li class=\"bullet-arrow\">Assez douces pour tous les types de peau, m\u00eame les plus sensibles.<\/li>\n<li class=\"bullet-arrow\">Conviens pour une utilisation apr\u00e8s une intervention chirurgicale<\/li>\n<li class=\"bullet-arrow\">Photostables ; ils ne se d\u00e9gradent PAS au soleil<\/li>\n<\/ul>\n<p><strong>Pourquoi choisir un \u00e9cran solaire min\u00e9ral ? <\/strong><\/p>\n<p>Les \u00e9crans solaires min\u00e9raux dispersent et font rebondir les rayons UV nocifs afin qu&rsquo;ils n&rsquo;atteignent pas la peau. Les \u00e9crans solaires chimiques absorbent les rayons UV \u00e0 travers ou dans la peau.<\/p>\n","protected":false},"excerpt":{"rendered":"<h4>Fusion anti-\u00e2ge<\/h4>\n<p>Tizo 3 Protection Min\u00e9rale est un \u00e9cran solaire min\u00e9ral teint\u00e9 qui offre une protection solaire cosm\u00e9tique avec une finition mate. Tizo 3 Protection Min\u00e9rale peut \u00eatre appliqu\u00e9 sous le maquillage pour remplacer la base de maquillage.<\/p>\n","protected":false},"featured_media":3254,"comment_status":"open","ping_status":"closed","template":"","meta":[],"product_brand":[],"product_cat":[119,118,113,101,116,121,109],"product_tag":[],"giftcard-category":[],"class_list":{"0":"post-3467","1":"product","2":"type-product","3":"status-publish","4":"has-post-thumbnail","6":"product_cat-anti-age","7":"product_cat-peau-acneique","8":"product_cat-peau-grasse","9":"product_cat-protection-solaire","10":"product_cat-rosacee","11":"product_cat-taches-de-vieillesse-et-hyperpigmentation","12":"product_cat-tizo-fr","14":"first","15":"onbackorder","16":"taxable","17":"shipping-taxable","18":"purchasable","19":"product-type-simple"},"yoast_head":"<!-- This site is optimized with the Yoast SEO plugin v27.5 - https:\/\/yoast.com\/product\/yoast-seo-wordpress\/ -->\n<title>Tizo 3 Protection Min\u00e9rale - Teint\u00e9e | B-BOX Beauty<\/title>\n<meta name=\"description\" content=\"Tizo 3 Protection Min\u00e9rale est un \u00e9cran solaire min\u00e9ral teint\u00e9 qui offre une protection solaire cosm\u00e9tique avec une finition mate. Tizo 3 Protection Min\u00e9rale peut \u00eatre appliqu\u00e9 sous le maquillage pour remplacer la base de maquillage.\" \/>\n<meta name=\"robots\" content=\"index, follow, max-snippet:-1, max-image-preview:large, max-video-preview:-1\" \/>\n<link rel=\"canonical\" href=\"https:\/\/bboxbeauty.ca\/fr\/produit\/tizo-3-protection-minerale-teintee\/\" \/>\n<script type=\"application\/ld+json\" class=\"yoast-schema-graph\">{\"@context\":\"https:\\\/\\\/schema.org\",\"@graph\":[{\"@type\":\"WebPage\",\"@id\":\"https:\\\/\\\/bboxbeauty.ca\\\/fr\\\/produit\\\/tizo-3-protection-minerale-teintee\\\/\",\"url\":\"https:\\\/\\\/bboxbeauty.ca\\\/fr\\\/produit\\\/tizo-3-protection-minerale-teintee\\\/\",\"name\":\"Tizo 3 Protection Min\u00e9rale - Teint\u00e9e | B-BOX Beauty\",\"isPartOf\":{\"@id\":\"https:\\\/\\\/bboxbeauty.ca\\\/fr\\\/#website\"},\"primaryImageOfPage\":{\"@id\":\"https:\\\/\\\/bboxbeauty.ca\\\/fr\\\/produit\\\/tizo-3-protection-minerale-teintee\\\/#primaryimage\"},\"image\":{\"@id\":\"https:\\\/\\\/bboxbeauty.ca\\\/fr\\\/produit\\\/tizo-3-protection-minerale-teintee\\\/#primaryimage\"},\"thumbnailUrl\":\"https:\\\/\\\/bboxbeauty.ca\\\/wp-content\\\/uploads\\\/2021\\\/07\\\/Tizo-3-Facial-Mineral-Sunscreen-Tinted.jpg\",\"datePublished\":\"2021-07-27T20:51:17+00:00\",\"dateModified\":\"2025-11-19T15:44:43+00:00\",\"description\":\"Tizo 3 Protection Min\u00e9rale est un \u00e9cran solaire min\u00e9ral teint\u00e9 qui offre une protection solaire cosm\u00e9tique avec une finition mate. Tizo 3 Protection Min\u00e9rale peut \u00eatre appliqu\u00e9 sous le maquillage pour remplacer la base de maquillage.\",\"breadcrumb\":{\"@id\":\"https:\\\/\\\/bboxbeauty.ca\\\/fr\\\/produit\\\/tizo-3-protection-minerale-teintee\\\/#breadcrumb\"},\"inLanguage\":\"fr-FR\",\"potentialAction\":[{\"@type\":\"ReadAction\",\"target\":[\"https:\\\/\\\/bboxbeauty.ca\\\/fr\\\/produit\\\/tizo-3-protection-minerale-teintee\\\/\"]}]},{\"@type\":\"ImageObject\",\"inLanguage\":\"fr-FR\",\"@id\":\"https:\\\/\\\/bboxbeauty.ca\\\/fr\\\/produit\\\/tizo-3-protection-minerale-teintee\\\/#primaryimage\",\"url\":\"https:\\\/\\\/bboxbeauty.ca\\\/wp-content\\\/uploads\\\/2021\\\/07\\\/Tizo-3-Facial-Mineral-Sunscreen-Tinted.jpg\",\"contentUrl\":\"https:\\\/\\\/bboxbeauty.ca\\\/wp-content\\\/uploads\\\/2021\\\/07\\\/Tizo-3-Facial-Mineral-Sunscreen-Tinted.jpg\",\"width\":1200,\"height\":1200,\"caption\":\"Tizo 3 Protection Min\u00e9rale - Teint\u00e9e\"},{\"@type\":\"BreadcrumbList\",\"@id\":\"https:\\\/\\\/bboxbeauty.ca\\\/fr\\\/produit\\\/tizo-3-protection-minerale-teintee\\\/#breadcrumb\",\"itemListElement\":[{\"@type\":\"ListItem\",\"position\":1,\"name\":\"Home\",\"item\":\"https:\\\/\\\/bboxbeauty.ca\\\/fr\\\/\"},{\"@type\":\"ListItem\",\"position\":2,\"name\":\"Boutique\",\"item\":\"https:\\\/\\\/bboxbeauty.ca\\\/fr\\\/boutique\\\/\"},{\"@type\":\"ListItem\",\"position\":3,\"name\":\"Tizo 3 Protection Min\u00e9rale &#8211; Teint\u00e9e\"}]},{\"@type\":\"WebSite\",\"@id\":\"https:\\\/\\\/bboxbeauty.ca\\\/fr\\\/#website\",\"url\":\"https:\\\/\\\/bboxbeauty.ca\\\/fr\\\/\",\"name\":\"B-BOX Beauty\",\"description\":\"Skin Care To The Next Level\",\"publisher\":{\"@id\":\"https:\\\/\\\/bboxbeauty.ca\\\/fr\\\/#organization\"},\"alternateName\":\"B-Box\",\"potentialAction\":[{\"@type\":\"SearchAction\",\"target\":{\"@type\":\"EntryPoint\",\"urlTemplate\":\"https:\\\/\\\/bboxbeauty.ca\\\/fr\\\/?s={search_term_string}\"},\"query-input\":{\"@type\":\"PropertyValueSpecification\",\"valueRequired\":true,\"valueName\":\"search_term_string\"}}],\"inLanguage\":\"fr-FR\"},{\"@type\":\"Organization\",\"@id\":\"https:\\\/\\\/bboxbeauty.ca\\\/fr\\\/#organization\",\"name\":\"B-Box Beauty\",\"alternateName\":\"B-Box\",\"url\":\"https:\\\/\\\/bboxbeauty.ca\\\/fr\\\/\",\"logo\":{\"@type\":\"ImageObject\",\"inLanguage\":\"fr-FR\",\"@id\":\"https:\\\/\\\/bboxbeauty.ca\\\/fr\\\/#\\\/schema\\\/logo\\\/image\\\/\",\"url\":\"https:\\\/\\\/bboxbeauty.ca\\\/wp-content\\\/uploads\\\/2022\\\/11\\\/logo.png\",\"contentUrl\":\"https:\\\/\\\/bboxbeauty.ca\\\/wp-content\\\/uploads\\\/2022\\\/11\\\/logo.png\",\"width\":250,\"height\":87,\"caption\":\"B-Box Beauty\"},\"image\":{\"@id\":\"https:\\\/\\\/bboxbeauty.ca\\\/fr\\\/#\\\/schema\\\/logo\\\/image\\\/\"},\"sameAs\":[\"https:\\\/\\\/www.facebook.com\\\/BBoxBeauty\\\/\",\"https:\\\/\\\/www.instagram.com\\\/bboxbeauty\\\/\",\"https:\\\/\\\/www.linkedin.com\\\/company\\\/b-box-beauty\\\/\"]}]}<\/script>\n<!-- \/ Yoast SEO plugin. -->","yoast_head_json":{"title":"Tizo 3 Protection Min\u00e9rale - Teint\u00e9e | B-BOX Beauty","description":"Tizo 3 Protection Min\u00e9rale est un \u00e9cran solaire min\u00e9ral teint\u00e9 qui offre une protection solaire cosm\u00e9tique avec une finition mate. Tizo 3 Protection Min\u00e9rale peut \u00eatre appliqu\u00e9 sous le maquillage pour remplacer la base de maquillage.","robots":{"index":"index","follow":"follow","max-snippet":"max-snippet:-1","max-image-preview":"max-image-preview:large","max-video-preview":"max-video-preview:-1"},"canonical":"https:\/\/bboxbeauty.ca\/fr\/produit\/tizo-3-protection-minerale-teintee\/","schema":{"@context":"https:\/\/schema.org","@graph":[{"@type":"WebPage","@id":"https:\/\/bboxbeauty.ca\/fr\/produit\/tizo-3-protection-minerale-teintee\/","url":"https:\/\/bboxbeauty.ca\/fr\/produit\/tizo-3-protection-minerale-teintee\/","name":"Tizo 3 Protection Min\u00e9rale - Teint\u00e9e | B-BOX Beauty","isPartOf":{"@id":"https:\/\/bboxbeauty.ca\/fr\/#website"},"primaryImageOfPage":{"@id":"https:\/\/bboxbeauty.ca\/fr\/produit\/tizo-3-protection-minerale-teintee\/#primaryimage"},"image":{"@id":"https:\/\/bboxbeauty.ca\/fr\/produit\/tizo-3-protection-minerale-teintee\/#primaryimage"},"thumbnailUrl":"https:\/\/bboxbeauty.ca\/wp-content\/uploads\/2021\/07\/Tizo-3-Facial-Mineral-Sunscreen-Tinted.jpg","datePublished":"2021-07-27T20:51:17+00:00","dateModified":"2025-11-19T15:44:43+00:00","description":"Tizo 3 Protection Min\u00e9rale est un \u00e9cran solaire min\u00e9ral teint\u00e9 qui offre une protection solaire cosm\u00e9tique avec une finition mate. Tizo 3 Protection Min\u00e9rale peut \u00eatre appliqu\u00e9 sous le maquillage pour remplacer la base de maquillage.","breadcrumb":{"@id":"https:\/\/bboxbeauty.ca\/fr\/produit\/tizo-3-protection-minerale-teintee\/#breadcrumb"},"inLanguage":"fr-FR","potentialAction":[{"@type":"ReadAction","target":["https:\/\/bboxbeauty.ca\/fr\/produit\/tizo-3-protection-minerale-teintee\/"]}]},{"@type":"ImageObject","inLanguage":"fr-FR","@id":"https:\/\/bboxbeauty.ca\/fr\/produit\/tizo-3-protection-minerale-teintee\/#primaryimage","url":"https:\/\/bboxbeauty.ca\/wp-content\/uploads\/2021\/07\/Tizo-3-Facial-Mineral-Sunscreen-Tinted.jpg","contentUrl":"https:\/\/bboxbeauty.ca\/wp-content\/uploads\/2021\/07\/Tizo-3-Facial-Mineral-Sunscreen-Tinted.jpg","width":1200,"height":1200,"caption":"Tizo 3 Protection Min\u00e9rale - Teint\u00e9e"},{"@type":"BreadcrumbList","@id":"https:\/\/bboxbeauty.ca\/fr\/produit\/tizo-3-protection-minerale-teintee\/#breadcrumb","itemListElement":[{"@type":"ListItem","position":1,"name":"Home","item":"https:\/\/bboxbeauty.ca\/fr\/"},{"@type":"ListItem","position":2,"name":"Boutique","item":"https:\/\/bboxbeauty.ca\/fr\/boutique\/"},{"@type":"ListItem","position":3,"name":"Tizo 3 Protection Min\u00e9rale &#8211; Teint\u00e9e"}]},{"@type":"WebSite","@id":"https:\/\/bboxbeauty.ca\/fr\/#website","url":"https:\/\/bboxbeauty.ca\/fr\/","name":"B-BOX Beauty","description":"Skin Care To The Next Level","publisher":{"@id":"https:\/\/bboxbeauty.ca\/fr\/#organization"},"alternateName":"B-Box","potentialAction":[{"@type":"SearchAction","target":{"@type":"EntryPoint","urlTemplate":"https:\/\/bboxbeauty.ca\/fr\/?s={search_term_string}"},"query-input":{"@type":"PropertyValueSpecification","valueRequired":true,"valueName":"search_term_string"}}],"inLanguage":"fr-FR"},{"@type":"Organization","@id":"https:\/\/bboxbeauty.ca\/fr\/#organization","name":"B-Box Beauty","alternateName":"B-Box","url":"https:\/\/bboxbeauty.ca\/fr\/","logo":{"@type":"ImageObject","inLanguage":"fr-FR","@id":"https:\/\/bboxbeauty.ca\/fr\/#\/schema\/logo\/image\/","url":"https:\/\/bboxbeauty.ca\/wp-content\/uploads\/2022\/11\/logo.png","contentUrl":"https:\/\/bboxbeauty.ca\/wp-content\/uploads\/2022\/11\/logo.png","width":250,"height":87,"caption":"B-Box Beauty"},"image":{"@id":"https:\/\/bboxbeauty.ca\/fr\/#\/schema\/logo\/image\/"},"sameAs":["https:\/\/www.facebook.com\/BBoxBeauty\/","https:\/\/www.instagram.com\/bboxbeauty\/","https:\/\/www.linkedin.com\/company\/b-box-beauty\/"]}]}},"_links":{"self":[{"href":"https:\/\/bboxbeauty.ca\/fr\/wp-json\/wp\/v2\/product\/3467","targetHints":{"allow":["GET"]}}],"collection":[{"href":"https:\/\/bboxbeauty.ca\/fr\/wp-json\/wp\/v2\/product"}],"about":[{"href":"https:\/\/bboxbeauty.ca\/fr\/wp-json\/wp\/v2\/types\/product"}],"replies":[{"embeddable":true,"href":"https:\/\/bboxbeauty.ca\/fr\/wp-json\/wp\/v2\/comments?post=3467"}],"wp:featuredmedia":[{"embeddable":true,"href":"https:\/\/bboxbeauty.ca\/fr\/wp-json\/wp\/v2\/media\/3254"}],"wp:attachment":[{"href":"https:\/\/bboxbeauty.ca\/fr\/wp-json\/wp\/v2\/media?parent=3467"}],"wp:term":[{"taxonomy":"product_brand","embeddable":true,"href":"https:\/\/bboxbeauty.ca\/fr\/wp-json\/wp\/v2\/product_brand?post=3467"},{"taxonomy":"product_cat","embeddable":true,"href":"https:\/\/bboxbeauty.ca\/fr\/wp-json\/wp\/v2\/product_cat?post=3467"},{"taxonomy":"product_tag","embeddable":true,"href":"https:\/\/bboxbeauty.ca\/fr\/wp-json\/wp\/v2\/product_tag?post=3467"},{"taxonomy":"giftcard-category","embeddable":true,"href":"https:\/\/bboxbeauty.ca\/fr\/wp-json\/wp\/v2\/giftcard-category?post=3467"}],"curies":[{"name":"wp","href":"https:\/\/api.w.org\/{rel}","templated":true}]}}