{"id":3465,"date":"2021-07-27T15:48:51","date_gmt":"2021-07-27T19:48:51","guid":{"rendered":"https:\/\/bboxbeauty.wpengine.com\/product\/tizo-liptect-spf-45-tinted\/"},"modified":"2026-01-20T17:26:07","modified_gmt":"2026-01-20T22:26:07","slug":"tizo-liptect-fps-45-teintee","status":"publish","type":"product","link":"https:\/\/bboxbeauty.ca\/fr\/produit\/tizo-liptect-fps-45-teintee\/","title":{"rendered":"Tizo LipTect FPS 45 &#8211; Teint\u00e9e"},"content":{"rendered":"<p>Gr\u00e2ce \u00e0 sa formulation d&rsquo;oxyde de zinc et de dioxyde de titane, le soleil est r\u00e9fl\u00e9chi pour prot\u00e9ger la zone sensible des l\u00e8vres. Sa saveur douce de kiwi, de citron vert et de gingembre est tr\u00e8s agr\u00e9able.<\/p>\n","protected":false},"excerpt":{"rendered":"<h4>Protection solaire ultra-\u00e9lev\u00e9e<\/h4>\n<p>Tizo LipTect FPS 45 est la protection ultime pour les l\u00e8vres sans l&rsquo;utilisation d&rsquo;\u00e9crans solaires chimiques, de colorants, de conservateurs, de phtalates et de parab\u00e8nes.<\/p>\n","protected":false},"featured_media":3261,"comment_status":"open","ping_status":"closed","template":"","meta":[],"product_brand":[],"product_cat":[119,101,109],"product_tag":[],"giftcard-category":[],"class_list":{"0":"post-3465","1":"product","2":"type-product","3":"status-publish","4":"has-post-thumbnail","6":"product_cat-anti-age","7":"product_cat-protection-solaire","8":"product_cat-tizo-fr","10":"first","11":"instock","12":"taxable","13":"shipping-taxable","14":"purchasable","15":"product-type-simple"},"yoast_head":"<!-- This site is optimized with the Yoast SEO plugin v27.5 - https:\/\/yoast.com\/product\/yoast-seo-wordpress\/ -->\n<title>Tizo LipTect FPS 45 - Teint\u00e9e | B-BOX Beauty<\/title>\n<meta name=\"description\" content=\"Tizo LipTect FPS 45 est la protection ultime pour les l\u00e8vres sans l&#039;utilisation d&#039;\u00e9crans solaires chimiques, de colorants, de conservateurs, de phtalates et de parab\u00e8nes.\" \/>\n<meta name=\"robots\" content=\"index, follow, max-snippet:-1, max-image-preview:large, max-video-preview:-1\" \/>\n<link rel=\"canonical\" href=\"https:\/\/bboxbeauty.ca\/fr\/produit\/tizo-liptect-fps-45-teintee\/\" \/>\n<script type=\"application\/ld+json\" class=\"yoast-schema-graph\">{\"@context\":\"https:\\\/\\\/schema.org\",\"@graph\":[{\"@type\":\"WebPage\",\"@id\":\"https:\\\/\\\/bboxbeauty.ca\\\/fr\\\/produit\\\/tizo-liptect-fps-45-teintee\\\/\",\"url\":\"https:\\\/\\\/bboxbeauty.ca\\\/fr\\\/produit\\\/tizo-liptect-fps-45-teintee\\\/\",\"name\":\"Tizo LipTect FPS 45 - Teint\u00e9e | B-BOX Beauty\",\"isPartOf\":{\"@id\":\"https:\\\/\\\/bboxbeauty.ca\\\/fr\\\/#website\"},\"primaryImageOfPage\":{\"@id\":\"https:\\\/\\\/bboxbeauty.ca\\\/fr\\\/produit\\\/tizo-liptect-fps-45-teintee\\\/#primaryimage\"},\"image\":{\"@id\":\"https:\\\/\\\/bboxbeauty.ca\\\/fr\\\/produit\\\/tizo-liptect-fps-45-teintee\\\/#primaryimage\"},\"thumbnailUrl\":\"https:\\\/\\\/bboxbeauty.ca\\\/wp-content\\\/uploads\\\/2021\\\/07\\\/Tizo-LipTect-SPF-45-Tinted.jpg\",\"datePublished\":\"2021-07-27T19:48:51+00:00\",\"dateModified\":\"2026-01-20T22:26:07+00:00\",\"description\":\"Tizo LipTect FPS 45 est la protection ultime pour les l\u00e8vres sans l'utilisation d'\u00e9crans solaires chimiques, de colorants, de conservateurs, de phtalates et de parab\u00e8nes.\",\"breadcrumb\":{\"@id\":\"https:\\\/\\\/bboxbeauty.ca\\\/fr\\\/produit\\\/tizo-liptect-fps-45-teintee\\\/#breadcrumb\"},\"inLanguage\":\"fr-FR\",\"potentialAction\":[{\"@type\":\"ReadAction\",\"target\":[\"https:\\\/\\\/bboxbeauty.ca\\\/fr\\\/produit\\\/tizo-liptect-fps-45-teintee\\\/\"]}]},{\"@type\":\"ImageObject\",\"inLanguage\":\"fr-FR\",\"@id\":\"https:\\\/\\\/bboxbeauty.ca\\\/fr\\\/produit\\\/tizo-liptect-fps-45-teintee\\\/#primaryimage\",\"url\":\"https:\\\/\\\/bboxbeauty.ca\\\/wp-content\\\/uploads\\\/2021\\\/07\\\/Tizo-LipTect-SPF-45-Tinted.jpg\",\"contentUrl\":\"https:\\\/\\\/bboxbeauty.ca\\\/wp-content\\\/uploads\\\/2021\\\/07\\\/Tizo-LipTect-SPF-45-Tinted.jpg\",\"width\":1200,\"height\":1200,\"caption\":\"Tizo LipTect FPS 45 - Teint\u00e9e\"},{\"@type\":\"BreadcrumbList\",\"@id\":\"https:\\\/\\\/bboxbeauty.ca\\\/fr\\\/produit\\\/tizo-liptect-fps-45-teintee\\\/#breadcrumb\",\"itemListElement\":[{\"@type\":\"ListItem\",\"position\":1,\"name\":\"Home\",\"item\":\"https:\\\/\\\/bboxbeauty.ca\\\/fr\\\/\"},{\"@type\":\"ListItem\",\"position\":2,\"name\":\"Boutique\",\"item\":\"https:\\\/\\\/bboxbeauty.ca\\\/fr\\\/boutique\\\/\"},{\"@type\":\"ListItem\",\"position\":3,\"name\":\"Tizo LipTect FPS 45 &#8211; Teint\u00e9e\"}]},{\"@type\":\"WebSite\",\"@id\":\"https:\\\/\\\/bboxbeauty.ca\\\/fr\\\/#website\",\"url\":\"https:\\\/\\\/bboxbeauty.ca\\\/fr\\\/\",\"name\":\"B-BOX Beauty\",\"description\":\"Skin Care To The Next Level\",\"publisher\":{\"@id\":\"https:\\\/\\\/bboxbeauty.ca\\\/fr\\\/#organization\"},\"alternateName\":\"B-Box\",\"potentialAction\":[{\"@type\":\"SearchAction\",\"target\":{\"@type\":\"EntryPoint\",\"urlTemplate\":\"https:\\\/\\\/bboxbeauty.ca\\\/fr\\\/?s={search_term_string}\"},\"query-input\":{\"@type\":\"PropertyValueSpecification\",\"valueRequired\":true,\"valueName\":\"search_term_string\"}}],\"inLanguage\":\"fr-FR\"},{\"@type\":\"Organization\",\"@id\":\"https:\\\/\\\/bboxbeauty.ca\\\/fr\\\/#organization\",\"name\":\"B-Box Beauty\",\"alternateName\":\"B-Box\",\"url\":\"https:\\\/\\\/bboxbeauty.ca\\\/fr\\\/\",\"logo\":{\"@type\":\"ImageObject\",\"inLanguage\":\"fr-FR\",\"@id\":\"https:\\\/\\\/bboxbeauty.ca\\\/fr\\\/#\\\/schema\\\/logo\\\/image\\\/\",\"url\":\"https:\\\/\\\/bboxbeauty.ca\\\/wp-content\\\/uploads\\\/2022\\\/11\\\/logo.png\",\"contentUrl\":\"https:\\\/\\\/bboxbeauty.ca\\\/wp-content\\\/uploads\\\/2022\\\/11\\\/logo.png\",\"width\":250,\"height\":87,\"caption\":\"B-Box Beauty\"},\"image\":{\"@id\":\"https:\\\/\\\/bboxbeauty.ca\\\/fr\\\/#\\\/schema\\\/logo\\\/image\\\/\"},\"sameAs\":[\"https:\\\/\\\/www.facebook.com\\\/BBoxBeauty\\\/\",\"https:\\\/\\\/www.instagram.com\\\/bboxbeauty\\\/\",\"https:\\\/\\\/www.linkedin.com\\\/company\\\/b-box-beauty\\\/\"]}]}<\/script>\n<!-- \/ Yoast SEO plugin. -->","yoast_head_json":{"title":"Tizo LipTect FPS 45 - Teint\u00e9e | B-BOX Beauty","description":"Tizo LipTect FPS 45 est la protection ultime pour les l\u00e8vres sans l'utilisation d'\u00e9crans solaires chimiques, de colorants, de conservateurs, de phtalates et de parab\u00e8nes.","robots":{"index":"index","follow":"follow","max-snippet":"max-snippet:-1","max-image-preview":"max-image-preview:large","max-video-preview":"max-video-preview:-1"},"canonical":"https:\/\/bboxbeauty.ca\/fr\/produit\/tizo-liptect-fps-45-teintee\/","schema":{"@context":"https:\/\/schema.org","@graph":[{"@type":"WebPage","@id":"https:\/\/bboxbeauty.ca\/fr\/produit\/tizo-liptect-fps-45-teintee\/","url":"https:\/\/bboxbeauty.ca\/fr\/produit\/tizo-liptect-fps-45-teintee\/","name":"Tizo LipTect FPS 45 - Teint\u00e9e | B-BOX Beauty","isPartOf":{"@id":"https:\/\/bboxbeauty.ca\/fr\/#website"},"primaryImageOfPage":{"@id":"https:\/\/bboxbeauty.ca\/fr\/produit\/tizo-liptect-fps-45-teintee\/#primaryimage"},"image":{"@id":"https:\/\/bboxbeauty.ca\/fr\/produit\/tizo-liptect-fps-45-teintee\/#primaryimage"},"thumbnailUrl":"https:\/\/bboxbeauty.ca\/wp-content\/uploads\/2021\/07\/Tizo-LipTect-SPF-45-Tinted.jpg","datePublished":"2021-07-27T19:48:51+00:00","dateModified":"2026-01-20T22:26:07+00:00","description":"Tizo LipTect FPS 45 est la protection ultime pour les l\u00e8vres sans l'utilisation d'\u00e9crans solaires chimiques, de colorants, de conservateurs, de phtalates et de parab\u00e8nes.","breadcrumb":{"@id":"https:\/\/bboxbeauty.ca\/fr\/produit\/tizo-liptect-fps-45-teintee\/#breadcrumb"},"inLanguage":"fr-FR","potentialAction":[{"@type":"ReadAction","target":["https:\/\/bboxbeauty.ca\/fr\/produit\/tizo-liptect-fps-45-teintee\/"]}]},{"@type":"ImageObject","inLanguage":"fr-FR","@id":"https:\/\/bboxbeauty.ca\/fr\/produit\/tizo-liptect-fps-45-teintee\/#primaryimage","url":"https:\/\/bboxbeauty.ca\/wp-content\/uploads\/2021\/07\/Tizo-LipTect-SPF-45-Tinted.jpg","contentUrl":"https:\/\/bboxbeauty.ca\/wp-content\/uploads\/2021\/07\/Tizo-LipTect-SPF-45-Tinted.jpg","width":1200,"height":1200,"caption":"Tizo LipTect FPS 45 - Teint\u00e9e"},{"@type":"BreadcrumbList","@id":"https:\/\/bboxbeauty.ca\/fr\/produit\/tizo-liptect-fps-45-teintee\/#breadcrumb","itemListElement":[{"@type":"ListItem","position":1,"name":"Home","item":"https:\/\/bboxbeauty.ca\/fr\/"},{"@type":"ListItem","position":2,"name":"Boutique","item":"https:\/\/bboxbeauty.ca\/fr\/boutique\/"},{"@type":"ListItem","position":3,"name":"Tizo LipTect FPS 45 &#8211; Teint\u00e9e"}]},{"@type":"WebSite","@id":"https:\/\/bboxbeauty.ca\/fr\/#website","url":"https:\/\/bboxbeauty.ca\/fr\/","name":"B-BOX Beauty","description":"Skin Care To The Next Level","publisher":{"@id":"https:\/\/bboxbeauty.ca\/fr\/#organization"},"alternateName":"B-Box","potentialAction":[{"@type":"SearchAction","target":{"@type":"EntryPoint","urlTemplate":"https:\/\/bboxbeauty.ca\/fr\/?s={search_term_string}"},"query-input":{"@type":"PropertyValueSpecification","valueRequired":true,"valueName":"search_term_string"}}],"inLanguage":"fr-FR"},{"@type":"Organization","@id":"https:\/\/bboxbeauty.ca\/fr\/#organization","name":"B-Box Beauty","alternateName":"B-Box","url":"https:\/\/bboxbeauty.ca\/fr\/","logo":{"@type":"ImageObject","inLanguage":"fr-FR","@id":"https:\/\/bboxbeauty.ca\/fr\/#\/schema\/logo\/image\/","url":"https:\/\/bboxbeauty.ca\/wp-content\/uploads\/2022\/11\/logo.png","contentUrl":"https:\/\/bboxbeauty.ca\/wp-content\/uploads\/2022\/11\/logo.png","width":250,"height":87,"caption":"B-Box Beauty"},"image":{"@id":"https:\/\/bboxbeauty.ca\/fr\/#\/schema\/logo\/image\/"},"sameAs":["https:\/\/www.facebook.com\/BBoxBeauty\/","https:\/\/www.instagram.com\/bboxbeauty\/","https:\/\/www.linkedin.com\/company\/b-box-beauty\/"]}]}},"_links":{"self":[{"href":"https:\/\/bboxbeauty.ca\/fr\/wp-json\/wp\/v2\/product\/3465","targetHints":{"allow":["GET"]}}],"collection":[{"href":"https:\/\/bboxbeauty.ca\/fr\/wp-json\/wp\/v2\/product"}],"about":[{"href":"https:\/\/bboxbeauty.ca\/fr\/wp-json\/wp\/v2\/types\/product"}],"replies":[{"embeddable":true,"href":"https:\/\/bboxbeauty.ca\/fr\/wp-json\/wp\/v2\/comments?post=3465"}],"wp:featuredmedia":[{"embeddable":true,"href":"https:\/\/bboxbeauty.ca\/fr\/wp-json\/wp\/v2\/media\/3261"}],"wp:attachment":[{"href":"https:\/\/bboxbeauty.ca\/fr\/wp-json\/wp\/v2\/media?parent=3465"}],"wp:term":[{"taxonomy":"product_brand","embeddable":true,"href":"https:\/\/bboxbeauty.ca\/fr\/wp-json\/wp\/v2\/product_brand?post=3465"},{"taxonomy":"product_cat","embeddable":true,"href":"https:\/\/bboxbeauty.ca\/fr\/wp-json\/wp\/v2\/product_cat?post=3465"},{"taxonomy":"product_tag","embeddable":true,"href":"https:\/\/bboxbeauty.ca\/fr\/wp-json\/wp\/v2\/product_tag?post=3465"},{"taxonomy":"giftcard-category","embeddable":true,"href":"https:\/\/bboxbeauty.ca\/fr\/wp-json\/wp\/v2\/giftcard-category?post=3465"}],"curies":[{"name":"wp","href":"https:\/\/api.w.org\/{rel}","templated":true}]}}