{"id":3463,"date":"2021-07-27T16:31:36","date_gmt":"2021-07-27T20:31:36","guid":{"rendered":"https:\/\/bboxbeauty.wpengine.com\/product\/tizo-ultra-zinc-tinted\/"},"modified":"2026-01-20T17:26:07","modified_gmt":"2026-01-20T22:26:07","slug":"tizo-ultra-zinc-fps-40-teintee","status":"publish","type":"product","link":"https:\/\/bboxbeauty.ca\/fr\/produit\/tizo-ultra-zinc-fps-40-teintee\/","title":{"rendered":"Tizo Ultra Zinc FPS 40 &#8211; Teint\u00e9e"},"content":{"rendered":"<p>Une excellente concentration de 20% d&rsquo;oxyde de zinc. Elle contient \u00e9galement de la vitamine C et E, deux super antioxydants. Cette protection solaire est votre meilleur alli\u00e9 apr\u00e8s une intervention m\u00e9dicale, car elle apaise et calme la peau.<\/p>\n","protected":false},"excerpt":{"rendered":"<h4>\u00c9cran solaire pour le corps et le visage<\/h4>\n<p>Tizo Ultra Zinc teint\u00e9 FPS 40 est un \u00e9cran solaire doux, hydratant et purement min\u00e9ral qui convient \u00e0 tous les types de peau et de teint. Sa formule teint\u00e9e est invisible sur une vari\u00e9t\u00e9 de teintes de peau, y compris les plus fonc\u00e9es. FPS 40 \u00e0 large spectre et r\u00e9sistant \u00e0 l&rsquo;eau.<\/p>\n","protected":false},"featured_media":3262,"comment_status":"open","ping_status":"closed","template":"","meta":[],"product_brand":[],"product_cat":[119,101,109],"product_tag":[],"giftcard-category":[],"class_list":{"0":"post-3463","1":"product","2":"type-product","3":"status-publish","4":"has-post-thumbnail","6":"product_cat-anti-age","7":"product_cat-protection-solaire","8":"product_cat-tizo-fr","10":"first","11":"instock","12":"taxable","13":"shipping-taxable","14":"purchasable","15":"product-type-simple"},"yoast_head":"<!-- This site is optimized with the Yoast SEO plugin v27.4 - https:\/\/yoast.com\/product\/yoast-seo-wordpress\/ -->\n<title>Tizo Ultra Zinc FPS 40 - Teint\u00e9e | B-BOX Beauty<\/title>\n<meta name=\"description\" content=\"Tizo Ultra Zinc teint\u00e9 FPS 40 est un \u00e9cran solaire doux, hydratant et purement min\u00e9ral qui convient \u00e0 tous les types de peau et de teint. Sa formule teint\u00e9e est invisible sur une vari\u00e9t\u00e9 de teintes de peau, y compris les plus fonc\u00e9es. FPS 40 \u00e0 large spectre et r\u00e9sistant \u00e0 l&#039;eau.\" \/>\n<meta name=\"robots\" content=\"index, follow, max-snippet:-1, max-image-preview:large, max-video-preview:-1\" \/>\n<link rel=\"canonical\" href=\"https:\/\/bboxbeauty.ca\/fr\/produit\/tizo-ultra-zinc-fps-40-teintee\/\" \/>\n<script type=\"application\/ld+json\" class=\"yoast-schema-graph\">{\"@context\":\"https:\\\/\\\/schema.org\",\"@graph\":[{\"@type\":\"WebPage\",\"@id\":\"https:\\\/\\\/bboxbeauty.ca\\\/fr\\\/produit\\\/tizo-ultra-zinc-fps-40-teintee\\\/\",\"url\":\"https:\\\/\\\/bboxbeauty.ca\\\/fr\\\/produit\\\/tizo-ultra-zinc-fps-40-teintee\\\/\",\"name\":\"Tizo Ultra Zinc FPS 40 - Teint\u00e9e | B-BOX Beauty\",\"isPartOf\":{\"@id\":\"https:\\\/\\\/bboxbeauty.ca\\\/fr\\\/#website\"},\"primaryImageOfPage\":{\"@id\":\"https:\\\/\\\/bboxbeauty.ca\\\/fr\\\/produit\\\/tizo-ultra-zinc-fps-40-teintee\\\/#primaryimage\"},\"image\":{\"@id\":\"https:\\\/\\\/bboxbeauty.ca\\\/fr\\\/produit\\\/tizo-ultra-zinc-fps-40-teintee\\\/#primaryimage\"},\"thumbnailUrl\":\"https:\\\/\\\/bboxbeauty.ca\\\/wp-content\\\/uploads\\\/2021\\\/07\\\/Tizo-Ultra-Zinc-SPF-40-Tinted.jpg\",\"datePublished\":\"2021-07-27T20:31:36+00:00\",\"dateModified\":\"2026-01-20T22:26:07+00:00\",\"description\":\"Tizo Ultra Zinc teint\u00e9 FPS 40 est un \u00e9cran solaire doux, hydratant et purement min\u00e9ral qui convient \u00e0 tous les types de peau et de teint. Sa formule teint\u00e9e est invisible sur une vari\u00e9t\u00e9 de teintes de peau, y compris les plus fonc\u00e9es. FPS 40 \u00e0 large spectre et r\u00e9sistant \u00e0 l'eau.\",\"breadcrumb\":{\"@id\":\"https:\\\/\\\/bboxbeauty.ca\\\/fr\\\/produit\\\/tizo-ultra-zinc-fps-40-teintee\\\/#breadcrumb\"},\"inLanguage\":\"fr-FR\",\"potentialAction\":[{\"@type\":\"ReadAction\",\"target\":[\"https:\\\/\\\/bboxbeauty.ca\\\/fr\\\/produit\\\/tizo-ultra-zinc-fps-40-teintee\\\/\"]}]},{\"@type\":\"ImageObject\",\"inLanguage\":\"fr-FR\",\"@id\":\"https:\\\/\\\/bboxbeauty.ca\\\/fr\\\/produit\\\/tizo-ultra-zinc-fps-40-teintee\\\/#primaryimage\",\"url\":\"https:\\\/\\\/bboxbeauty.ca\\\/wp-content\\\/uploads\\\/2021\\\/07\\\/Tizo-Ultra-Zinc-SPF-40-Tinted.jpg\",\"contentUrl\":\"https:\\\/\\\/bboxbeauty.ca\\\/wp-content\\\/uploads\\\/2021\\\/07\\\/Tizo-Ultra-Zinc-SPF-40-Tinted.jpg\",\"width\":1200,\"height\":1200,\"caption\":\"Tizo Ultra Zinc FPS 40 - Teint\u00e9e\"},{\"@type\":\"BreadcrumbList\",\"@id\":\"https:\\\/\\\/bboxbeauty.ca\\\/fr\\\/produit\\\/tizo-ultra-zinc-fps-40-teintee\\\/#breadcrumb\",\"itemListElement\":[{\"@type\":\"ListItem\",\"position\":1,\"name\":\"Home\",\"item\":\"https:\\\/\\\/bboxbeauty.ca\\\/fr\\\/\"},{\"@type\":\"ListItem\",\"position\":2,\"name\":\"Boutique\",\"item\":\"https:\\\/\\\/bboxbeauty.ca\\\/fr\\\/boutique\\\/\"},{\"@type\":\"ListItem\",\"position\":3,\"name\":\"Tizo Ultra Zinc FPS 40 &#8211; Teint\u00e9e\"}]},{\"@type\":\"WebSite\",\"@id\":\"https:\\\/\\\/bboxbeauty.ca\\\/fr\\\/#website\",\"url\":\"https:\\\/\\\/bboxbeauty.ca\\\/fr\\\/\",\"name\":\"B-BOX Beauty\",\"description\":\"Skin Care To The Next Level\",\"publisher\":{\"@id\":\"https:\\\/\\\/bboxbeauty.ca\\\/fr\\\/#organization\"},\"alternateName\":\"B-Box\",\"potentialAction\":[{\"@type\":\"SearchAction\",\"target\":{\"@type\":\"EntryPoint\",\"urlTemplate\":\"https:\\\/\\\/bboxbeauty.ca\\\/fr\\\/?s={search_term_string}\"},\"query-input\":{\"@type\":\"PropertyValueSpecification\",\"valueRequired\":true,\"valueName\":\"search_term_string\"}}],\"inLanguage\":\"fr-FR\"},{\"@type\":\"Organization\",\"@id\":\"https:\\\/\\\/bboxbeauty.ca\\\/fr\\\/#organization\",\"name\":\"B-Box Beauty\",\"alternateName\":\"B-Box\",\"url\":\"https:\\\/\\\/bboxbeauty.ca\\\/fr\\\/\",\"logo\":{\"@type\":\"ImageObject\",\"inLanguage\":\"fr-FR\",\"@id\":\"https:\\\/\\\/bboxbeauty.ca\\\/fr\\\/#\\\/schema\\\/logo\\\/image\\\/\",\"url\":\"https:\\\/\\\/bboxbeauty.ca\\\/wp-content\\\/uploads\\\/2022\\\/11\\\/logo.png\",\"contentUrl\":\"https:\\\/\\\/bboxbeauty.ca\\\/wp-content\\\/uploads\\\/2022\\\/11\\\/logo.png\",\"width\":250,\"height\":87,\"caption\":\"B-Box Beauty\"},\"image\":{\"@id\":\"https:\\\/\\\/bboxbeauty.ca\\\/fr\\\/#\\\/schema\\\/logo\\\/image\\\/\"},\"sameAs\":[\"https:\\\/\\\/www.facebook.com\\\/BBoxBeauty\\\/\",\"https:\\\/\\\/www.instagram.com\\\/bboxbeauty\\\/\",\"https:\\\/\\\/www.linkedin.com\\\/company\\\/b-box-beauty\\\/\"]}]}<\/script>\n<!-- \/ Yoast SEO plugin. -->","yoast_head_json":{"title":"Tizo Ultra Zinc FPS 40 - Teint\u00e9e | B-BOX Beauty","description":"Tizo Ultra Zinc teint\u00e9 FPS 40 est un \u00e9cran solaire doux, hydratant et purement min\u00e9ral qui convient \u00e0 tous les types de peau et de teint. Sa formule teint\u00e9e est invisible sur une vari\u00e9t\u00e9 de teintes de peau, y compris les plus fonc\u00e9es. FPS 40 \u00e0 large spectre et r\u00e9sistant \u00e0 l'eau.","robots":{"index":"index","follow":"follow","max-snippet":"max-snippet:-1","max-image-preview":"max-image-preview:large","max-video-preview":"max-video-preview:-1"},"canonical":"https:\/\/bboxbeauty.ca\/fr\/produit\/tizo-ultra-zinc-fps-40-teintee\/","schema":{"@context":"https:\/\/schema.org","@graph":[{"@type":"WebPage","@id":"https:\/\/bboxbeauty.ca\/fr\/produit\/tizo-ultra-zinc-fps-40-teintee\/","url":"https:\/\/bboxbeauty.ca\/fr\/produit\/tizo-ultra-zinc-fps-40-teintee\/","name":"Tizo Ultra Zinc FPS 40 - Teint\u00e9e | B-BOX Beauty","isPartOf":{"@id":"https:\/\/bboxbeauty.ca\/fr\/#website"},"primaryImageOfPage":{"@id":"https:\/\/bboxbeauty.ca\/fr\/produit\/tizo-ultra-zinc-fps-40-teintee\/#primaryimage"},"image":{"@id":"https:\/\/bboxbeauty.ca\/fr\/produit\/tizo-ultra-zinc-fps-40-teintee\/#primaryimage"},"thumbnailUrl":"https:\/\/bboxbeauty.ca\/wp-content\/uploads\/2021\/07\/Tizo-Ultra-Zinc-SPF-40-Tinted.jpg","datePublished":"2021-07-27T20:31:36+00:00","dateModified":"2026-01-20T22:26:07+00:00","description":"Tizo Ultra Zinc teint\u00e9 FPS 40 est un \u00e9cran solaire doux, hydratant et purement min\u00e9ral qui convient \u00e0 tous les types de peau et de teint. Sa formule teint\u00e9e est invisible sur une vari\u00e9t\u00e9 de teintes de peau, y compris les plus fonc\u00e9es. FPS 40 \u00e0 large spectre et r\u00e9sistant \u00e0 l'eau.","breadcrumb":{"@id":"https:\/\/bboxbeauty.ca\/fr\/produit\/tizo-ultra-zinc-fps-40-teintee\/#breadcrumb"},"inLanguage":"fr-FR","potentialAction":[{"@type":"ReadAction","target":["https:\/\/bboxbeauty.ca\/fr\/produit\/tizo-ultra-zinc-fps-40-teintee\/"]}]},{"@type":"ImageObject","inLanguage":"fr-FR","@id":"https:\/\/bboxbeauty.ca\/fr\/produit\/tizo-ultra-zinc-fps-40-teintee\/#primaryimage","url":"https:\/\/bboxbeauty.ca\/wp-content\/uploads\/2021\/07\/Tizo-Ultra-Zinc-SPF-40-Tinted.jpg","contentUrl":"https:\/\/bboxbeauty.ca\/wp-content\/uploads\/2021\/07\/Tizo-Ultra-Zinc-SPF-40-Tinted.jpg","width":1200,"height":1200,"caption":"Tizo Ultra Zinc FPS 40 - Teint\u00e9e"},{"@type":"BreadcrumbList","@id":"https:\/\/bboxbeauty.ca\/fr\/produit\/tizo-ultra-zinc-fps-40-teintee\/#breadcrumb","itemListElement":[{"@type":"ListItem","position":1,"name":"Home","item":"https:\/\/bboxbeauty.ca\/fr\/"},{"@type":"ListItem","position":2,"name":"Boutique","item":"https:\/\/bboxbeauty.ca\/fr\/boutique\/"},{"@type":"ListItem","position":3,"name":"Tizo Ultra Zinc FPS 40 &#8211; Teint\u00e9e"}]},{"@type":"WebSite","@id":"https:\/\/bboxbeauty.ca\/fr\/#website","url":"https:\/\/bboxbeauty.ca\/fr\/","name":"B-BOX Beauty","description":"Skin Care To The Next Level","publisher":{"@id":"https:\/\/bboxbeauty.ca\/fr\/#organization"},"alternateName":"B-Box","potentialAction":[{"@type":"SearchAction","target":{"@type":"EntryPoint","urlTemplate":"https:\/\/bboxbeauty.ca\/fr\/?s={search_term_string}"},"query-input":{"@type":"PropertyValueSpecification","valueRequired":true,"valueName":"search_term_string"}}],"inLanguage":"fr-FR"},{"@type":"Organization","@id":"https:\/\/bboxbeauty.ca\/fr\/#organization","name":"B-Box Beauty","alternateName":"B-Box","url":"https:\/\/bboxbeauty.ca\/fr\/","logo":{"@type":"ImageObject","inLanguage":"fr-FR","@id":"https:\/\/bboxbeauty.ca\/fr\/#\/schema\/logo\/image\/","url":"https:\/\/bboxbeauty.ca\/wp-content\/uploads\/2022\/11\/logo.png","contentUrl":"https:\/\/bboxbeauty.ca\/wp-content\/uploads\/2022\/11\/logo.png","width":250,"height":87,"caption":"B-Box Beauty"},"image":{"@id":"https:\/\/bboxbeauty.ca\/fr\/#\/schema\/logo\/image\/"},"sameAs":["https:\/\/www.facebook.com\/BBoxBeauty\/","https:\/\/www.instagram.com\/bboxbeauty\/","https:\/\/www.linkedin.com\/company\/b-box-beauty\/"]}]}},"_links":{"self":[{"href":"https:\/\/bboxbeauty.ca\/fr\/wp-json\/wp\/v2\/product\/3463","targetHints":{"allow":["GET"]}}],"collection":[{"href":"https:\/\/bboxbeauty.ca\/fr\/wp-json\/wp\/v2\/product"}],"about":[{"href":"https:\/\/bboxbeauty.ca\/fr\/wp-json\/wp\/v2\/types\/product"}],"replies":[{"embeddable":true,"href":"https:\/\/bboxbeauty.ca\/fr\/wp-json\/wp\/v2\/comments?post=3463"}],"wp:featuredmedia":[{"embeddable":true,"href":"https:\/\/bboxbeauty.ca\/fr\/wp-json\/wp\/v2\/media\/3262"}],"wp:attachment":[{"href":"https:\/\/bboxbeauty.ca\/fr\/wp-json\/wp\/v2\/media?parent=3463"}],"wp:term":[{"taxonomy":"product_brand","embeddable":true,"href":"https:\/\/bboxbeauty.ca\/fr\/wp-json\/wp\/v2\/product_brand?post=3463"},{"taxonomy":"product_cat","embeddable":true,"href":"https:\/\/bboxbeauty.ca\/fr\/wp-json\/wp\/v2\/product_cat?post=3463"},{"taxonomy":"product_tag","embeddable":true,"href":"https:\/\/bboxbeauty.ca\/fr\/wp-json\/wp\/v2\/product_tag?post=3463"},{"taxonomy":"giftcard-category","embeddable":true,"href":"https:\/\/bboxbeauty.ca\/fr\/wp-json\/wp\/v2\/giftcard-category?post=3463"}],"curies":[{"name":"wp","href":"https:\/\/api.w.org\/{rel}","templated":true}]}}