{"id":3459,"date":"2022-10-29T16:01:01","date_gmt":"2022-10-29T20:01:01","guid":{"rendered":"https:\/\/bboxbeauty.wpengine.com\/product\/hop-all-mineral-multi-protection-face-body-sunscreen\/"},"modified":"2025-12-28T11:14:19","modified_gmt":"2025-12-28T16:14:19","slug":"hop-multi-protection-visage-corps-minerale","status":"publish","type":"product","link":"https:\/\/bboxbeauty.ca\/fr\/produit\/hop-multi-protection-visage-corps-minerale\/","title":{"rendered":"HOP Multi-Protection Visage &#038; Corps Min\u00e9rale"},"content":{"rendered":"<p>Cet \u00e9cran solaire min\u00e9ral multiprotection prot\u00e8ge non seulement votre peau des dommages caus\u00e9s par le soleil, mais contient \u00e9galement nos ingr\u00e9dients phares (PLLA et 4GF) et d&rsquo;autres ingr\u00e9dients qui vous offrent tous les avantages d&rsquo;un soin de jour anti-\u00e2ge.<\/p>\n","protected":false},"excerpt":{"rendered":"<p>Cr\u00e9\u00e9 pour le visage et le corps, cet \u00e9cran solaire min\u00e9ral enrichi en antioxydants, contenant du dioxyde de titane et de l\u2019oxyde de zinc, aide \u00e0 r\u00e9fl\u00e9chir les rayons UVA\/UVB nocifs et prot\u00e8ge votre peau de la lumi\u00e8re bleue, sans irriter les peaux sensibles.<\/p>\n","protected":false},"featured_media":3244,"comment_status":"open","ping_status":"closed","template":"","meta":[],"product_brand":[],"product_cat":[119,107,117,114,115,101,121],"product_tag":[],"giftcard-category":[],"class_list":{"0":"post-3459","1":"product","2":"type-product","3":"status-publish","4":"has-post-thumbnail","6":"product_cat-anti-age","7":"product_cat-house-of-plla-fr","8":"product_cat-peau-deshydratee","9":"product_cat-peau-seche","10":"product_cat-peau-sensible","11":"product_cat-protection-solaire","12":"product_cat-taches-de-vieillesse-et-hyperpigmentation","14":"first","15":"instock","16":"taxable","17":"shipping-taxable","18":"purchasable","19":"product-type-variable"},"yoast_head":"<!-- This site is optimized with the Yoast SEO plugin v27.5 - https:\/\/yoast.com\/product\/yoast-seo-wordpress\/ -->\n<title>HOP Multi-Protection Visage &amp; Corps Min\u00e9rale | B-BOX Beauty<\/title>\n<meta name=\"description\" content=\"Cr\u00e9\u00e9 pour le visage et le corps, cet \u00e9cran solaire min\u00e9ral enrichi en antioxydants, contenant du dioxyde de titane et de l\u2019oxyde de zinc, aide \u00e0 r\u00e9fl\u00e9chir les rayons UVA\/UVB nocifs et prot\u00e8ge votre peau de la lumi\u00e8re bleue, sans irriter les peaux sensibles.\" \/>\n<meta name=\"robots\" content=\"index, follow, max-snippet:-1, max-image-preview:large, max-video-preview:-1\" \/>\n<link rel=\"canonical\" href=\"https:\/\/bboxbeauty.ca\/fr\/produit\/hop-multi-protection-visage-corps-minerale\/\" \/>\n<script type=\"application\/ld+json\" class=\"yoast-schema-graph\">{\"@context\":\"https:\\\/\\\/schema.org\",\"@graph\":[{\"@type\":\"WebPage\",\"@id\":\"https:\\\/\\\/bboxbeauty.ca\\\/fr\\\/produit\\\/hop-multi-protection-visage-corps-minerale\\\/\",\"url\":\"https:\\\/\\\/bboxbeauty.ca\\\/fr\\\/produit\\\/hop-multi-protection-visage-corps-minerale\\\/\",\"name\":\"HOP Multi-Protection Visage & Corps Min\u00e9rale | B-BOX Beauty\",\"isPartOf\":{\"@id\":\"https:\\\/\\\/bboxbeauty.ca\\\/fr\\\/#website\"},\"primaryImageOfPage\":{\"@id\":\"https:\\\/\\\/bboxbeauty.ca\\\/fr\\\/produit\\\/hop-multi-protection-visage-corps-minerale\\\/#primaryimage\"},\"image\":{\"@id\":\"https:\\\/\\\/bboxbeauty.ca\\\/fr\\\/produit\\\/hop-multi-protection-visage-corps-minerale\\\/#primaryimage\"},\"thumbnailUrl\":\"https:\\\/\\\/bboxbeauty.ca\\\/wp-content\\\/uploads\\\/2022\\\/10\\\/HOP-All-Mineral-Multi-Protection-Face-Body-1.jpg\",\"datePublished\":\"2022-10-29T20:01:01+00:00\",\"dateModified\":\"2025-12-28T16:14:19+00:00\",\"description\":\"Cr\u00e9\u00e9 pour le visage et le corps, cet \u00e9cran solaire min\u00e9ral enrichi en antioxydants, contenant du dioxyde de titane et de l\u2019oxyde de zinc, aide \u00e0 r\u00e9fl\u00e9chir les rayons UVA\\\/UVB nocifs et prot\u00e8ge votre peau de la lumi\u00e8re bleue, sans irriter les peaux sensibles.\",\"breadcrumb\":{\"@id\":\"https:\\\/\\\/bboxbeauty.ca\\\/fr\\\/produit\\\/hop-multi-protection-visage-corps-minerale\\\/#breadcrumb\"},\"inLanguage\":\"fr-FR\",\"potentialAction\":[{\"@type\":\"ReadAction\",\"target\":[\"https:\\\/\\\/bboxbeauty.ca\\\/fr\\\/produit\\\/hop-multi-protection-visage-corps-minerale\\\/\"]}]},{\"@type\":\"ImageObject\",\"inLanguage\":\"fr-FR\",\"@id\":\"https:\\\/\\\/bboxbeauty.ca\\\/fr\\\/produit\\\/hop-multi-protection-visage-corps-minerale\\\/#primaryimage\",\"url\":\"https:\\\/\\\/bboxbeauty.ca\\\/wp-content\\\/uploads\\\/2022\\\/10\\\/HOP-All-Mineral-Multi-Protection-Face-Body-1.jpg\",\"contentUrl\":\"https:\\\/\\\/bboxbeauty.ca\\\/wp-content\\\/uploads\\\/2022\\\/10\\\/HOP-All-Mineral-Multi-Protection-Face-Body-1.jpg\",\"width\":1200,\"height\":1200,\"caption\":\"HOP Multi-Protection Visage & Corps Min\u00e9rale\"},{\"@type\":\"BreadcrumbList\",\"@id\":\"https:\\\/\\\/bboxbeauty.ca\\\/fr\\\/produit\\\/hop-multi-protection-visage-corps-minerale\\\/#breadcrumb\",\"itemListElement\":[{\"@type\":\"ListItem\",\"position\":1,\"name\":\"Home\",\"item\":\"https:\\\/\\\/bboxbeauty.ca\\\/fr\\\/\"},{\"@type\":\"ListItem\",\"position\":2,\"name\":\"Boutique\",\"item\":\"https:\\\/\\\/bboxbeauty.ca\\\/fr\\\/boutique\\\/\"},{\"@type\":\"ListItem\",\"position\":3,\"name\":\"HOP Multi-Protection Visage &#038; Corps Min\u00e9rale\"}]},{\"@type\":\"WebSite\",\"@id\":\"https:\\\/\\\/bboxbeauty.ca\\\/fr\\\/#website\",\"url\":\"https:\\\/\\\/bboxbeauty.ca\\\/fr\\\/\",\"name\":\"B-BOX Beauty\",\"description\":\"Skin Care To The Next Level\",\"publisher\":{\"@id\":\"https:\\\/\\\/bboxbeauty.ca\\\/fr\\\/#organization\"},\"alternateName\":\"B-Box\",\"potentialAction\":[{\"@type\":\"SearchAction\",\"target\":{\"@type\":\"EntryPoint\",\"urlTemplate\":\"https:\\\/\\\/bboxbeauty.ca\\\/fr\\\/?s={search_term_string}\"},\"query-input\":{\"@type\":\"PropertyValueSpecification\",\"valueRequired\":true,\"valueName\":\"search_term_string\"}}],\"inLanguage\":\"fr-FR\"},{\"@type\":\"Organization\",\"@id\":\"https:\\\/\\\/bboxbeauty.ca\\\/fr\\\/#organization\",\"name\":\"B-Box Beauty\",\"alternateName\":\"B-Box\",\"url\":\"https:\\\/\\\/bboxbeauty.ca\\\/fr\\\/\",\"logo\":{\"@type\":\"ImageObject\",\"inLanguage\":\"fr-FR\",\"@id\":\"https:\\\/\\\/bboxbeauty.ca\\\/fr\\\/#\\\/schema\\\/logo\\\/image\\\/\",\"url\":\"https:\\\/\\\/bboxbeauty.ca\\\/wp-content\\\/uploads\\\/2022\\\/11\\\/logo.png\",\"contentUrl\":\"https:\\\/\\\/bboxbeauty.ca\\\/wp-content\\\/uploads\\\/2022\\\/11\\\/logo.png\",\"width\":250,\"height\":87,\"caption\":\"B-Box Beauty\"},\"image\":{\"@id\":\"https:\\\/\\\/bboxbeauty.ca\\\/fr\\\/#\\\/schema\\\/logo\\\/image\\\/\"},\"sameAs\":[\"https:\\\/\\\/www.facebook.com\\\/BBoxBeauty\\\/\",\"https:\\\/\\\/www.instagram.com\\\/bboxbeauty\\\/\",\"https:\\\/\\\/www.linkedin.com\\\/company\\\/b-box-beauty\\\/\"]}]}<\/script>\n<!-- \/ Yoast SEO plugin. -->","yoast_head_json":{"title":"HOP Multi-Protection Visage & Corps Min\u00e9rale | B-BOX Beauty","description":"Cr\u00e9\u00e9 pour le visage et le corps, cet \u00e9cran solaire min\u00e9ral enrichi en antioxydants, contenant du dioxyde de titane et de l\u2019oxyde de zinc, aide \u00e0 r\u00e9fl\u00e9chir les rayons UVA\/UVB nocifs et prot\u00e8ge votre peau de la lumi\u00e8re bleue, sans irriter les peaux sensibles.","robots":{"index":"index","follow":"follow","max-snippet":"max-snippet:-1","max-image-preview":"max-image-preview:large","max-video-preview":"max-video-preview:-1"},"canonical":"https:\/\/bboxbeauty.ca\/fr\/produit\/hop-multi-protection-visage-corps-minerale\/","schema":{"@context":"https:\/\/schema.org","@graph":[{"@type":"WebPage","@id":"https:\/\/bboxbeauty.ca\/fr\/produit\/hop-multi-protection-visage-corps-minerale\/","url":"https:\/\/bboxbeauty.ca\/fr\/produit\/hop-multi-protection-visage-corps-minerale\/","name":"HOP Multi-Protection Visage & Corps Min\u00e9rale | B-BOX Beauty","isPartOf":{"@id":"https:\/\/bboxbeauty.ca\/fr\/#website"},"primaryImageOfPage":{"@id":"https:\/\/bboxbeauty.ca\/fr\/produit\/hop-multi-protection-visage-corps-minerale\/#primaryimage"},"image":{"@id":"https:\/\/bboxbeauty.ca\/fr\/produit\/hop-multi-protection-visage-corps-minerale\/#primaryimage"},"thumbnailUrl":"https:\/\/bboxbeauty.ca\/wp-content\/uploads\/2022\/10\/HOP-All-Mineral-Multi-Protection-Face-Body-1.jpg","datePublished":"2022-10-29T20:01:01+00:00","dateModified":"2025-12-28T16:14:19+00:00","description":"Cr\u00e9\u00e9 pour le visage et le corps, cet \u00e9cran solaire min\u00e9ral enrichi en antioxydants, contenant du dioxyde de titane et de l\u2019oxyde de zinc, aide \u00e0 r\u00e9fl\u00e9chir les rayons UVA\/UVB nocifs et prot\u00e8ge votre peau de la lumi\u00e8re bleue, sans irriter les peaux sensibles.","breadcrumb":{"@id":"https:\/\/bboxbeauty.ca\/fr\/produit\/hop-multi-protection-visage-corps-minerale\/#breadcrumb"},"inLanguage":"fr-FR","potentialAction":[{"@type":"ReadAction","target":["https:\/\/bboxbeauty.ca\/fr\/produit\/hop-multi-protection-visage-corps-minerale\/"]}]},{"@type":"ImageObject","inLanguage":"fr-FR","@id":"https:\/\/bboxbeauty.ca\/fr\/produit\/hop-multi-protection-visage-corps-minerale\/#primaryimage","url":"https:\/\/bboxbeauty.ca\/wp-content\/uploads\/2022\/10\/HOP-All-Mineral-Multi-Protection-Face-Body-1.jpg","contentUrl":"https:\/\/bboxbeauty.ca\/wp-content\/uploads\/2022\/10\/HOP-All-Mineral-Multi-Protection-Face-Body-1.jpg","width":1200,"height":1200,"caption":"HOP Multi-Protection Visage & Corps Min\u00e9rale"},{"@type":"BreadcrumbList","@id":"https:\/\/bboxbeauty.ca\/fr\/produit\/hop-multi-protection-visage-corps-minerale\/#breadcrumb","itemListElement":[{"@type":"ListItem","position":1,"name":"Home","item":"https:\/\/bboxbeauty.ca\/fr\/"},{"@type":"ListItem","position":2,"name":"Boutique","item":"https:\/\/bboxbeauty.ca\/fr\/boutique\/"},{"@type":"ListItem","position":3,"name":"HOP Multi-Protection Visage &#038; Corps Min\u00e9rale"}]},{"@type":"WebSite","@id":"https:\/\/bboxbeauty.ca\/fr\/#website","url":"https:\/\/bboxbeauty.ca\/fr\/","name":"B-BOX Beauty","description":"Skin Care To The Next Level","publisher":{"@id":"https:\/\/bboxbeauty.ca\/fr\/#organization"},"alternateName":"B-Box","potentialAction":[{"@type":"SearchAction","target":{"@type":"EntryPoint","urlTemplate":"https:\/\/bboxbeauty.ca\/fr\/?s={search_term_string}"},"query-input":{"@type":"PropertyValueSpecification","valueRequired":true,"valueName":"search_term_string"}}],"inLanguage":"fr-FR"},{"@type":"Organization","@id":"https:\/\/bboxbeauty.ca\/fr\/#organization","name":"B-Box Beauty","alternateName":"B-Box","url":"https:\/\/bboxbeauty.ca\/fr\/","logo":{"@type":"ImageObject","inLanguage":"fr-FR","@id":"https:\/\/bboxbeauty.ca\/fr\/#\/schema\/logo\/image\/","url":"https:\/\/bboxbeauty.ca\/wp-content\/uploads\/2022\/11\/logo.png","contentUrl":"https:\/\/bboxbeauty.ca\/wp-content\/uploads\/2022\/11\/logo.png","width":250,"height":87,"caption":"B-Box Beauty"},"image":{"@id":"https:\/\/bboxbeauty.ca\/fr\/#\/schema\/logo\/image\/"},"sameAs":["https:\/\/www.facebook.com\/BBoxBeauty\/","https:\/\/www.instagram.com\/bboxbeauty\/","https:\/\/www.linkedin.com\/company\/b-box-beauty\/"]}]}},"_links":{"self":[{"href":"https:\/\/bboxbeauty.ca\/fr\/wp-json\/wp\/v2\/product\/3459","targetHints":{"allow":["GET"]}}],"collection":[{"href":"https:\/\/bboxbeauty.ca\/fr\/wp-json\/wp\/v2\/product"}],"about":[{"href":"https:\/\/bboxbeauty.ca\/fr\/wp-json\/wp\/v2\/types\/product"}],"replies":[{"embeddable":true,"href":"https:\/\/bboxbeauty.ca\/fr\/wp-json\/wp\/v2\/comments?post=3459"}],"wp:featuredmedia":[{"embeddable":true,"href":"https:\/\/bboxbeauty.ca\/fr\/wp-json\/wp\/v2\/media\/3244"}],"wp:attachment":[{"href":"https:\/\/bboxbeauty.ca\/fr\/wp-json\/wp\/v2\/media?parent=3459"}],"wp:term":[{"taxonomy":"product_brand","embeddable":true,"href":"https:\/\/bboxbeauty.ca\/fr\/wp-json\/wp\/v2\/product_brand?post=3459"},{"taxonomy":"product_cat","embeddable":true,"href":"https:\/\/bboxbeauty.ca\/fr\/wp-json\/wp\/v2\/product_cat?post=3459"},{"taxonomy":"product_tag","embeddable":true,"href":"https:\/\/bboxbeauty.ca\/fr\/wp-json\/wp\/v2\/product_tag?post=3459"},{"taxonomy":"giftcard-category","embeddable":true,"href":"https:\/\/bboxbeauty.ca\/fr\/wp-json\/wp\/v2\/giftcard-category?post=3459"}],"curies":[{"name":"wp","href":"https:\/\/api.w.org\/{rel}","templated":true}]}}