{"id":3456,"date":"2022-10-31T12:08:08","date_gmt":"2022-10-31T16:08:08","guid":{"rendered":"https:\/\/bboxbeauty.wpengine.com\/product\/hevatox-pha-aha\/"},"modified":"2024-07-08T20:05:01","modified_gmt":"2024-07-09T00:05:01","slug":"hevatox-tampons-exfoliant-raffermissant-avec-pha-aha","status":"publish","type":"product","link":"https:\/\/bboxbeauty.ca\/fr\/produit\/hevatox-tampons-exfoliant-raffermissant-avec-pha-aha\/","title":{"rendered":"Hevatox Tampons Exfoliant &#038; Raffermissant Avec PHA\/AHA"},"content":{"rendered":"<p>Ces tampons sont un moyen rapide et facile de nettoyer en profondeur\/exfolier les cellules mortes de la peau et de donner \u00e0 votre peau un aspect plus lisse et plus ferme sans irritation. Les tampons exfoliants et raffermissants Hevatox contiennent du Theramogen ATC brevet\u00e9 pour ses propri\u00e9t\u00e9s antioxydantes, anti-inflammatoires et restauratrices de la peau, ainsi que de l&rsquo;extrait brevet\u00e9 de stratum Dermaclera Cynanchum pour ses propri\u00e9t\u00e9s anti-inflammatoires et restauratrices de la barri\u00e8re cutan\u00e9e et pour augmenter les niveaux d&rsquo;hydratation.<\/p>\n","protected":false},"excerpt":{"rendered":"<p>Les tampons exfoliants et raffermissants Hevatox \u00e0 base de polyhydroxyacide-PHA et d&rsquo;alpha-hydroxyacide-AHA aide \u00e0 combattre les signes de congestion des pores et \u00e0 r\u00e9duire l&rsquo;apparence des rides, des pores dilat\u00e9s et du teint in\u00e9gal.<\/p>\n","protected":false},"featured_media":3242,"comment_status":"open","ping_status":"closed","template":"","meta":[],"product_brand":[],"product_cat":[98,107,118,113,116,121],"product_tag":[],"giftcard-category":[],"class_list":{"0":"post-3456","1":"product","2":"type-product","3":"status-publish","4":"has-post-thumbnail","6":"product_cat-exfoliants-masques","7":"product_cat-house-of-plla-fr","8":"product_cat-peau-acneique","9":"product_cat-peau-grasse","10":"product_cat-rosacee","11":"product_cat-taches-de-vieillesse-et-hyperpigmentation","13":"first","14":"instock","15":"taxable","16":"shipping-taxable","17":"purchasable","18":"product-type-simple"},"yoast_head":"<!-- This site is optimized with the Yoast SEO plugin v27.4 - https:\/\/yoast.com\/product\/yoast-seo-wordpress\/ -->\n<title>Hevatox Tampons Exfoliant &amp; Raffermissant Avec PHA\/AHA | B-BOX Beauty<\/title>\n<meta name=\"description\" content=\"Les tampons exfoliants et raffermissants Hevatox \u00e0 base de polyhydroxyacide-PHA et d&#039;alpha-hydroxyacide-AHA aide \u00e0 combattre les signes de congestion des pores et \u00e0 r\u00e9duire l&#039;apparence des rides, des pores dilat\u00e9s et du teint in\u00e9gal.\" \/>\n<meta name=\"robots\" content=\"index, follow, max-snippet:-1, max-image-preview:large, max-video-preview:-1\" \/>\n<link rel=\"canonical\" href=\"https:\/\/bboxbeauty.ca\/fr\/produit\/hevatox-tampons-exfoliant-raffermissant-avec-pha-aha\/\" \/>\n<script type=\"application\/ld+json\" class=\"yoast-schema-graph\">{\"@context\":\"https:\\\/\\\/schema.org\",\"@graph\":[{\"@type\":\"WebPage\",\"@id\":\"https:\\\/\\\/bboxbeauty.ca\\\/fr\\\/produit\\\/hevatox-tampons-exfoliant-raffermissant-avec-pha-aha\\\/\",\"url\":\"https:\\\/\\\/bboxbeauty.ca\\\/fr\\\/produit\\\/hevatox-tampons-exfoliant-raffermissant-avec-pha-aha\\\/\",\"name\":\"Hevatox Tampons Exfoliant & Raffermissant Avec PHA\\\/AHA | B-BOX Beauty\",\"isPartOf\":{\"@id\":\"https:\\\/\\\/bboxbeauty.ca\\\/fr\\\/#website\"},\"primaryImageOfPage\":{\"@id\":\"https:\\\/\\\/bboxbeauty.ca\\\/fr\\\/produit\\\/hevatox-tampons-exfoliant-raffermissant-avec-pha-aha\\\/#primaryimage\"},\"image\":{\"@id\":\"https:\\\/\\\/bboxbeauty.ca\\\/fr\\\/produit\\\/hevatox-tampons-exfoliant-raffermissant-avec-pha-aha\\\/#primaryimage\"},\"thumbnailUrl\":\"https:\\\/\\\/bboxbeauty.ca\\\/wp-content\\\/uploads\\\/2022\\\/10\\\/Hevatox-Exfoliating-Firming-Pads-PHA-AHA.jpg\",\"datePublished\":\"2022-10-31T16:08:08+00:00\",\"dateModified\":\"2024-07-09T00:05:01+00:00\",\"description\":\"Les tampons exfoliants et raffermissants Hevatox \u00e0 base de polyhydroxyacide-PHA et d'alpha-hydroxyacide-AHA aide \u00e0 combattre les signes de congestion des pores et \u00e0 r\u00e9duire l'apparence des rides, des pores dilat\u00e9s et du teint in\u00e9gal.\",\"breadcrumb\":{\"@id\":\"https:\\\/\\\/bboxbeauty.ca\\\/fr\\\/produit\\\/hevatox-tampons-exfoliant-raffermissant-avec-pha-aha\\\/#breadcrumb\"},\"inLanguage\":\"fr-FR\",\"potentialAction\":[{\"@type\":\"ReadAction\",\"target\":[\"https:\\\/\\\/bboxbeauty.ca\\\/fr\\\/produit\\\/hevatox-tampons-exfoliant-raffermissant-avec-pha-aha\\\/\"]}]},{\"@type\":\"ImageObject\",\"inLanguage\":\"fr-FR\",\"@id\":\"https:\\\/\\\/bboxbeauty.ca\\\/fr\\\/produit\\\/hevatox-tampons-exfoliant-raffermissant-avec-pha-aha\\\/#primaryimage\",\"url\":\"https:\\\/\\\/bboxbeauty.ca\\\/wp-content\\\/uploads\\\/2022\\\/10\\\/Hevatox-Exfoliating-Firming-Pads-PHA-AHA.jpg\",\"contentUrl\":\"https:\\\/\\\/bboxbeauty.ca\\\/wp-content\\\/uploads\\\/2022\\\/10\\\/Hevatox-Exfoliating-Firming-Pads-PHA-AHA.jpg\",\"width\":1200,\"height\":1200,\"caption\":\"Hevatox Tampons Exfoliant & Raffermissant Avec PHA\\\/AHA\"},{\"@type\":\"BreadcrumbList\",\"@id\":\"https:\\\/\\\/bboxbeauty.ca\\\/fr\\\/produit\\\/hevatox-tampons-exfoliant-raffermissant-avec-pha-aha\\\/#breadcrumb\",\"itemListElement\":[{\"@type\":\"ListItem\",\"position\":1,\"name\":\"Home\",\"item\":\"https:\\\/\\\/bboxbeauty.ca\\\/fr\\\/\"},{\"@type\":\"ListItem\",\"position\":2,\"name\":\"Boutique\",\"item\":\"https:\\\/\\\/bboxbeauty.ca\\\/fr\\\/boutique\\\/\"},{\"@type\":\"ListItem\",\"position\":3,\"name\":\"Hevatox Tampons Exfoliant &#038; Raffermissant Avec PHA\\\/AHA\"}]},{\"@type\":\"WebSite\",\"@id\":\"https:\\\/\\\/bboxbeauty.ca\\\/fr\\\/#website\",\"url\":\"https:\\\/\\\/bboxbeauty.ca\\\/fr\\\/\",\"name\":\"B-BOX Beauty\",\"description\":\"Skin Care To The Next Level\",\"publisher\":{\"@id\":\"https:\\\/\\\/bboxbeauty.ca\\\/fr\\\/#organization\"},\"alternateName\":\"B-Box\",\"potentialAction\":[{\"@type\":\"SearchAction\",\"target\":{\"@type\":\"EntryPoint\",\"urlTemplate\":\"https:\\\/\\\/bboxbeauty.ca\\\/fr\\\/?s={search_term_string}\"},\"query-input\":{\"@type\":\"PropertyValueSpecification\",\"valueRequired\":true,\"valueName\":\"search_term_string\"}}],\"inLanguage\":\"fr-FR\"},{\"@type\":\"Organization\",\"@id\":\"https:\\\/\\\/bboxbeauty.ca\\\/fr\\\/#organization\",\"name\":\"B-Box Beauty\",\"alternateName\":\"B-Box\",\"url\":\"https:\\\/\\\/bboxbeauty.ca\\\/fr\\\/\",\"logo\":{\"@type\":\"ImageObject\",\"inLanguage\":\"fr-FR\",\"@id\":\"https:\\\/\\\/bboxbeauty.ca\\\/fr\\\/#\\\/schema\\\/logo\\\/image\\\/\",\"url\":\"https:\\\/\\\/bboxbeauty.ca\\\/wp-content\\\/uploads\\\/2022\\\/11\\\/logo.png\",\"contentUrl\":\"https:\\\/\\\/bboxbeauty.ca\\\/wp-content\\\/uploads\\\/2022\\\/11\\\/logo.png\",\"width\":250,\"height\":87,\"caption\":\"B-Box Beauty\"},\"image\":{\"@id\":\"https:\\\/\\\/bboxbeauty.ca\\\/fr\\\/#\\\/schema\\\/logo\\\/image\\\/\"},\"sameAs\":[\"https:\\\/\\\/www.facebook.com\\\/BBoxBeauty\\\/\",\"https:\\\/\\\/www.instagram.com\\\/bboxbeauty\\\/\",\"https:\\\/\\\/www.linkedin.com\\\/company\\\/b-box-beauty\\\/\"]}]}<\/script>\n<!-- \/ Yoast SEO plugin. -->","yoast_head_json":{"title":"Hevatox Tampons Exfoliant & Raffermissant Avec PHA\/AHA | B-BOX Beauty","description":"Les tampons exfoliants et raffermissants Hevatox \u00e0 base de polyhydroxyacide-PHA et d'alpha-hydroxyacide-AHA aide \u00e0 combattre les signes de congestion des pores et \u00e0 r\u00e9duire l'apparence des rides, des pores dilat\u00e9s et du teint in\u00e9gal.","robots":{"index":"index","follow":"follow","max-snippet":"max-snippet:-1","max-image-preview":"max-image-preview:large","max-video-preview":"max-video-preview:-1"},"canonical":"https:\/\/bboxbeauty.ca\/fr\/produit\/hevatox-tampons-exfoliant-raffermissant-avec-pha-aha\/","schema":{"@context":"https:\/\/schema.org","@graph":[{"@type":"WebPage","@id":"https:\/\/bboxbeauty.ca\/fr\/produit\/hevatox-tampons-exfoliant-raffermissant-avec-pha-aha\/","url":"https:\/\/bboxbeauty.ca\/fr\/produit\/hevatox-tampons-exfoliant-raffermissant-avec-pha-aha\/","name":"Hevatox Tampons Exfoliant & Raffermissant Avec PHA\/AHA | B-BOX Beauty","isPartOf":{"@id":"https:\/\/bboxbeauty.ca\/fr\/#website"},"primaryImageOfPage":{"@id":"https:\/\/bboxbeauty.ca\/fr\/produit\/hevatox-tampons-exfoliant-raffermissant-avec-pha-aha\/#primaryimage"},"image":{"@id":"https:\/\/bboxbeauty.ca\/fr\/produit\/hevatox-tampons-exfoliant-raffermissant-avec-pha-aha\/#primaryimage"},"thumbnailUrl":"https:\/\/bboxbeauty.ca\/wp-content\/uploads\/2022\/10\/Hevatox-Exfoliating-Firming-Pads-PHA-AHA.jpg","datePublished":"2022-10-31T16:08:08+00:00","dateModified":"2024-07-09T00:05:01+00:00","description":"Les tampons exfoliants et raffermissants Hevatox \u00e0 base de polyhydroxyacide-PHA et d'alpha-hydroxyacide-AHA aide \u00e0 combattre les signes de congestion des pores et \u00e0 r\u00e9duire l'apparence des rides, des pores dilat\u00e9s et du teint in\u00e9gal.","breadcrumb":{"@id":"https:\/\/bboxbeauty.ca\/fr\/produit\/hevatox-tampons-exfoliant-raffermissant-avec-pha-aha\/#breadcrumb"},"inLanguage":"fr-FR","potentialAction":[{"@type":"ReadAction","target":["https:\/\/bboxbeauty.ca\/fr\/produit\/hevatox-tampons-exfoliant-raffermissant-avec-pha-aha\/"]}]},{"@type":"ImageObject","inLanguage":"fr-FR","@id":"https:\/\/bboxbeauty.ca\/fr\/produit\/hevatox-tampons-exfoliant-raffermissant-avec-pha-aha\/#primaryimage","url":"https:\/\/bboxbeauty.ca\/wp-content\/uploads\/2022\/10\/Hevatox-Exfoliating-Firming-Pads-PHA-AHA.jpg","contentUrl":"https:\/\/bboxbeauty.ca\/wp-content\/uploads\/2022\/10\/Hevatox-Exfoliating-Firming-Pads-PHA-AHA.jpg","width":1200,"height":1200,"caption":"Hevatox Tampons Exfoliant & Raffermissant Avec PHA\/AHA"},{"@type":"BreadcrumbList","@id":"https:\/\/bboxbeauty.ca\/fr\/produit\/hevatox-tampons-exfoliant-raffermissant-avec-pha-aha\/#breadcrumb","itemListElement":[{"@type":"ListItem","position":1,"name":"Home","item":"https:\/\/bboxbeauty.ca\/fr\/"},{"@type":"ListItem","position":2,"name":"Boutique","item":"https:\/\/bboxbeauty.ca\/fr\/boutique\/"},{"@type":"ListItem","position":3,"name":"Hevatox Tampons Exfoliant &#038; Raffermissant Avec PHA\/AHA"}]},{"@type":"WebSite","@id":"https:\/\/bboxbeauty.ca\/fr\/#website","url":"https:\/\/bboxbeauty.ca\/fr\/","name":"B-BOX Beauty","description":"Skin Care To The Next Level","publisher":{"@id":"https:\/\/bboxbeauty.ca\/fr\/#organization"},"alternateName":"B-Box","potentialAction":[{"@type":"SearchAction","target":{"@type":"EntryPoint","urlTemplate":"https:\/\/bboxbeauty.ca\/fr\/?s={search_term_string}"},"query-input":{"@type":"PropertyValueSpecification","valueRequired":true,"valueName":"search_term_string"}}],"inLanguage":"fr-FR"},{"@type":"Organization","@id":"https:\/\/bboxbeauty.ca\/fr\/#organization","name":"B-Box Beauty","alternateName":"B-Box","url":"https:\/\/bboxbeauty.ca\/fr\/","logo":{"@type":"ImageObject","inLanguage":"fr-FR","@id":"https:\/\/bboxbeauty.ca\/fr\/#\/schema\/logo\/image\/","url":"https:\/\/bboxbeauty.ca\/wp-content\/uploads\/2022\/11\/logo.png","contentUrl":"https:\/\/bboxbeauty.ca\/wp-content\/uploads\/2022\/11\/logo.png","width":250,"height":87,"caption":"B-Box Beauty"},"image":{"@id":"https:\/\/bboxbeauty.ca\/fr\/#\/schema\/logo\/image\/"},"sameAs":["https:\/\/www.facebook.com\/BBoxBeauty\/","https:\/\/www.instagram.com\/bboxbeauty\/","https:\/\/www.linkedin.com\/company\/b-box-beauty\/"]}]}},"_links":{"self":[{"href":"https:\/\/bboxbeauty.ca\/fr\/wp-json\/wp\/v2\/product\/3456","targetHints":{"allow":["GET"]}}],"collection":[{"href":"https:\/\/bboxbeauty.ca\/fr\/wp-json\/wp\/v2\/product"}],"about":[{"href":"https:\/\/bboxbeauty.ca\/fr\/wp-json\/wp\/v2\/types\/product"}],"replies":[{"embeddable":true,"href":"https:\/\/bboxbeauty.ca\/fr\/wp-json\/wp\/v2\/comments?post=3456"}],"wp:featuredmedia":[{"embeddable":true,"href":"https:\/\/bboxbeauty.ca\/fr\/wp-json\/wp\/v2\/media\/3242"}],"wp:attachment":[{"href":"https:\/\/bboxbeauty.ca\/fr\/wp-json\/wp\/v2\/media?parent=3456"}],"wp:term":[{"taxonomy":"product_brand","embeddable":true,"href":"https:\/\/bboxbeauty.ca\/fr\/wp-json\/wp\/v2\/product_brand?post=3456"},{"taxonomy":"product_cat","embeddable":true,"href":"https:\/\/bboxbeauty.ca\/fr\/wp-json\/wp\/v2\/product_cat?post=3456"},{"taxonomy":"product_tag","embeddable":true,"href":"https:\/\/bboxbeauty.ca\/fr\/wp-json\/wp\/v2\/product_tag?post=3456"},{"taxonomy":"giftcard-category","embeddable":true,"href":"https:\/\/bboxbeauty.ca\/fr\/wp-json\/wp\/v2\/giftcard-category?post=3456"}],"curies":[{"name":"wp","href":"https:\/\/api.w.org\/{rel}","templated":true}]}}