{"id":3454,"date":"2022-07-22T14:56:20","date_gmt":"2022-07-22T18:56:20","guid":{"rendered":"https:\/\/bboxbeauty.wpengine.com\/product\/organic-exfoliant-renew\/"},"modified":"2026-04-22T10:55:57","modified_gmt":"2026-04-22T14:55:57","slug":"b-box-exfoliant-renew","status":"publish","type":"product","link":"https:\/\/bboxbeauty.ca\/fr\/produit\/b-box-exfoliant-renew\/","title":{"rendered":"B-BOX Exfoliant Renew"},"content":{"rendered":"<p>Son complexe d&rsquo;ingr\u00e9dients d\u00e9toxifiants, astringents et purifiants aide \u00e0 absorber l&rsquo;exc\u00e8s de s\u00e9bum et \u00e0 nettoyer les pores en profondeur pour am\u00e9liorer leur apparence. Le grain de peau est plus lisse. Le grain de peau est affin\u00e9. Sa formule enrichie en compos\u00e9s \u00e9mollients et apaisants pr\u00e9serve l&rsquo;hydratation de la peau et la laisse douce au toucher. D\u00e8s la premi\u00e8re utilisation, le teint appara\u00eet visiblement plus clair et plus uniforme. La peau para\u00eet plus saine, plus lisse et plus fra\u00eeche.<\/p>\n","protected":false},"excerpt":{"rendered":"<h4>Pour tous les types de peau<\/h4>\n<p>Le B-BOX Exfoliant Renew est un exfoliant biologique id\u00e9al pour \u00e9liminer les cellules mortes et am\u00e9liorer visiblement la texture et l&rsquo;\u00e9clat de la peau.<\/p>\n<ul>\n<li class=\"bullet-arrow\"><strong>Texture :<\/strong> Cr\u00e9meuse<\/li>\n<li class=\"bullet-arrow\"><strong>Odeur :<\/strong> Herbes fra\u00eeches<\/li>\n<li class=\"bullet-arrow\"><strong>Format :<\/strong> 50 g \u2013 1.76 oz.<\/li>\n<\/ul>\n","protected":false},"featured_media":3182,"comment_status":"open","ping_status":"closed","template":"","meta":[],"product_brand":[],"product_cat":[119,105,98,118,117,113,114,116,121],"product_tag":[],"giftcard-category":[],"class_list":{"0":"post-3454","1":"product","2":"type-product","3":"status-publish","4":"has-post-thumbnail","6":"product_cat-anti-age","7":"product_cat-b-box-beauty-fr","8":"product_cat-exfoliants-masques","9":"product_cat-peau-acneique","10":"product_cat-peau-deshydratee","11":"product_cat-peau-grasse","12":"product_cat-peau-seche","13":"product_cat-rosacee","14":"product_cat-taches-de-vieillesse-et-hyperpigmentation","16":"first","17":"instock","18":"taxable","19":"shipping-taxable","20":"purchasable","21":"product-type-simple"},"yoast_head":"<!-- This site is optimized with the Yoast SEO plugin v27.5 - https:\/\/yoast.com\/product\/yoast-seo-wordpress\/ -->\n<title>B-BOX Exfoliant Renew | B-BOX Beauty<\/title>\n<meta name=\"description\" content=\"Le B-BOX Exfoliant Renew est un exfoliant biologique id\u00e9al pour \u00e9liminer les cellules mortes et am\u00e9liorer visiblement la texture et l&#039;\u00e9clat de la peau.\" \/>\n<meta name=\"robots\" content=\"index, follow, max-snippet:-1, max-image-preview:large, max-video-preview:-1\" \/>\n<link rel=\"canonical\" href=\"https:\/\/bboxbeauty.ca\/fr\/produit\/b-box-exfoliant-renew\/\" \/>\n<script type=\"application\/ld+json\" class=\"yoast-schema-graph\">{\"@context\":\"https:\\\/\\\/schema.org\",\"@graph\":[{\"@type\":\"WebPage\",\"@id\":\"https:\\\/\\\/bboxbeauty.ca\\\/fr\\\/produit\\\/b-box-exfoliant-renew\\\/\",\"url\":\"https:\\\/\\\/bboxbeauty.ca\\\/fr\\\/produit\\\/b-box-exfoliant-renew\\\/\",\"name\":\"B-BOX Exfoliant Renew | B-BOX Beauty\",\"isPartOf\":{\"@id\":\"https:\\\/\\\/bboxbeauty.ca\\\/fr\\\/#website\"},\"primaryImageOfPage\":{\"@id\":\"https:\\\/\\\/bboxbeauty.ca\\\/fr\\\/produit\\\/b-box-exfoliant-renew\\\/#primaryimage\"},\"image\":{\"@id\":\"https:\\\/\\\/bboxbeauty.ca\\\/fr\\\/produit\\\/b-box-exfoliant-renew\\\/#primaryimage\"},\"thumbnailUrl\":\"https:\\\/\\\/bboxbeauty.ca\\\/wp-content\\\/uploads\\\/2022\\\/07\\\/B-BOX-Renew-Exfoliant-Organic.jpg\",\"datePublished\":\"2022-07-22T18:56:20+00:00\",\"dateModified\":\"2026-04-22T14:55:57+00:00\",\"description\":\"Le B-BOX Exfoliant Renew est un exfoliant biologique id\u00e9al pour \u00e9liminer les cellules mortes et am\u00e9liorer visiblement la texture et l'\u00e9clat de la peau.\",\"breadcrumb\":{\"@id\":\"https:\\\/\\\/bboxbeauty.ca\\\/fr\\\/produit\\\/b-box-exfoliant-renew\\\/#breadcrumb\"},\"inLanguage\":\"fr-FR\",\"potentialAction\":[{\"@type\":\"ReadAction\",\"target\":[\"https:\\\/\\\/bboxbeauty.ca\\\/fr\\\/produit\\\/b-box-exfoliant-renew\\\/\"]}]},{\"@type\":\"ImageObject\",\"inLanguage\":\"fr-FR\",\"@id\":\"https:\\\/\\\/bboxbeauty.ca\\\/fr\\\/produit\\\/b-box-exfoliant-renew\\\/#primaryimage\",\"url\":\"https:\\\/\\\/bboxbeauty.ca\\\/wp-content\\\/uploads\\\/2022\\\/07\\\/B-BOX-Renew-Exfoliant-Organic.jpg\",\"contentUrl\":\"https:\\\/\\\/bboxbeauty.ca\\\/wp-content\\\/uploads\\\/2022\\\/07\\\/B-BOX-Renew-Exfoliant-Organic.jpg\",\"width\":1200,\"height\":1200,\"caption\":\"B-BOX Exfoliant Renew\"},{\"@type\":\"BreadcrumbList\",\"@id\":\"https:\\\/\\\/bboxbeauty.ca\\\/fr\\\/produit\\\/b-box-exfoliant-renew\\\/#breadcrumb\",\"itemListElement\":[{\"@type\":\"ListItem\",\"position\":1,\"name\":\"Home\",\"item\":\"https:\\\/\\\/bboxbeauty.ca\\\/fr\\\/\"},{\"@type\":\"ListItem\",\"position\":2,\"name\":\"Boutique\",\"item\":\"https:\\\/\\\/bboxbeauty.ca\\\/fr\\\/boutique\\\/\"},{\"@type\":\"ListItem\",\"position\":3,\"name\":\"B-BOX Exfoliant Renew\"}]},{\"@type\":\"WebSite\",\"@id\":\"https:\\\/\\\/bboxbeauty.ca\\\/fr\\\/#website\",\"url\":\"https:\\\/\\\/bboxbeauty.ca\\\/fr\\\/\",\"name\":\"B-BOX Beauty\",\"description\":\"Skin Care To The Next Level\",\"publisher\":{\"@id\":\"https:\\\/\\\/bboxbeauty.ca\\\/fr\\\/#organization\"},\"alternateName\":\"B-Box\",\"potentialAction\":[{\"@type\":\"SearchAction\",\"target\":{\"@type\":\"EntryPoint\",\"urlTemplate\":\"https:\\\/\\\/bboxbeauty.ca\\\/fr\\\/?s={search_term_string}\"},\"query-input\":{\"@type\":\"PropertyValueSpecification\",\"valueRequired\":true,\"valueName\":\"search_term_string\"}}],\"inLanguage\":\"fr-FR\"},{\"@type\":\"Organization\",\"@id\":\"https:\\\/\\\/bboxbeauty.ca\\\/fr\\\/#organization\",\"name\":\"B-Box Beauty\",\"alternateName\":\"B-Box\",\"url\":\"https:\\\/\\\/bboxbeauty.ca\\\/fr\\\/\",\"logo\":{\"@type\":\"ImageObject\",\"inLanguage\":\"fr-FR\",\"@id\":\"https:\\\/\\\/bboxbeauty.ca\\\/fr\\\/#\\\/schema\\\/logo\\\/image\\\/\",\"url\":\"https:\\\/\\\/bboxbeauty.ca\\\/wp-content\\\/uploads\\\/2022\\\/11\\\/logo.png\",\"contentUrl\":\"https:\\\/\\\/bboxbeauty.ca\\\/wp-content\\\/uploads\\\/2022\\\/11\\\/logo.png\",\"width\":250,\"height\":87,\"caption\":\"B-Box Beauty\"},\"image\":{\"@id\":\"https:\\\/\\\/bboxbeauty.ca\\\/fr\\\/#\\\/schema\\\/logo\\\/image\\\/\"},\"sameAs\":[\"https:\\\/\\\/www.facebook.com\\\/BBoxBeauty\\\/\",\"https:\\\/\\\/www.instagram.com\\\/bboxbeauty\\\/\",\"https:\\\/\\\/www.linkedin.com\\\/company\\\/b-box-beauty\\\/\"]}]}<\/script>\n<!-- \/ Yoast SEO plugin. -->","yoast_head_json":{"title":"B-BOX Exfoliant Renew | B-BOX Beauty","description":"Le B-BOX Exfoliant Renew est un exfoliant biologique id\u00e9al pour \u00e9liminer les cellules mortes et am\u00e9liorer visiblement la texture et l'\u00e9clat de la peau.","robots":{"index":"index","follow":"follow","max-snippet":"max-snippet:-1","max-image-preview":"max-image-preview:large","max-video-preview":"max-video-preview:-1"},"canonical":"https:\/\/bboxbeauty.ca\/fr\/produit\/b-box-exfoliant-renew\/","schema":{"@context":"https:\/\/schema.org","@graph":[{"@type":"WebPage","@id":"https:\/\/bboxbeauty.ca\/fr\/produit\/b-box-exfoliant-renew\/","url":"https:\/\/bboxbeauty.ca\/fr\/produit\/b-box-exfoliant-renew\/","name":"B-BOX Exfoliant Renew | B-BOX Beauty","isPartOf":{"@id":"https:\/\/bboxbeauty.ca\/fr\/#website"},"primaryImageOfPage":{"@id":"https:\/\/bboxbeauty.ca\/fr\/produit\/b-box-exfoliant-renew\/#primaryimage"},"image":{"@id":"https:\/\/bboxbeauty.ca\/fr\/produit\/b-box-exfoliant-renew\/#primaryimage"},"thumbnailUrl":"https:\/\/bboxbeauty.ca\/wp-content\/uploads\/2022\/07\/B-BOX-Renew-Exfoliant-Organic.jpg","datePublished":"2022-07-22T18:56:20+00:00","dateModified":"2026-04-22T14:55:57+00:00","description":"Le B-BOX Exfoliant Renew est un exfoliant biologique id\u00e9al pour \u00e9liminer les cellules mortes et am\u00e9liorer visiblement la texture et l'\u00e9clat de la peau.","breadcrumb":{"@id":"https:\/\/bboxbeauty.ca\/fr\/produit\/b-box-exfoliant-renew\/#breadcrumb"},"inLanguage":"fr-FR","potentialAction":[{"@type":"ReadAction","target":["https:\/\/bboxbeauty.ca\/fr\/produit\/b-box-exfoliant-renew\/"]}]},{"@type":"ImageObject","inLanguage":"fr-FR","@id":"https:\/\/bboxbeauty.ca\/fr\/produit\/b-box-exfoliant-renew\/#primaryimage","url":"https:\/\/bboxbeauty.ca\/wp-content\/uploads\/2022\/07\/B-BOX-Renew-Exfoliant-Organic.jpg","contentUrl":"https:\/\/bboxbeauty.ca\/wp-content\/uploads\/2022\/07\/B-BOX-Renew-Exfoliant-Organic.jpg","width":1200,"height":1200,"caption":"B-BOX Exfoliant Renew"},{"@type":"BreadcrumbList","@id":"https:\/\/bboxbeauty.ca\/fr\/produit\/b-box-exfoliant-renew\/#breadcrumb","itemListElement":[{"@type":"ListItem","position":1,"name":"Home","item":"https:\/\/bboxbeauty.ca\/fr\/"},{"@type":"ListItem","position":2,"name":"Boutique","item":"https:\/\/bboxbeauty.ca\/fr\/boutique\/"},{"@type":"ListItem","position":3,"name":"B-BOX Exfoliant Renew"}]},{"@type":"WebSite","@id":"https:\/\/bboxbeauty.ca\/fr\/#website","url":"https:\/\/bboxbeauty.ca\/fr\/","name":"B-BOX Beauty","description":"Skin Care To The Next Level","publisher":{"@id":"https:\/\/bboxbeauty.ca\/fr\/#organization"},"alternateName":"B-Box","potentialAction":[{"@type":"SearchAction","target":{"@type":"EntryPoint","urlTemplate":"https:\/\/bboxbeauty.ca\/fr\/?s={search_term_string}"},"query-input":{"@type":"PropertyValueSpecification","valueRequired":true,"valueName":"search_term_string"}}],"inLanguage":"fr-FR"},{"@type":"Organization","@id":"https:\/\/bboxbeauty.ca\/fr\/#organization","name":"B-Box Beauty","alternateName":"B-Box","url":"https:\/\/bboxbeauty.ca\/fr\/","logo":{"@type":"ImageObject","inLanguage":"fr-FR","@id":"https:\/\/bboxbeauty.ca\/fr\/#\/schema\/logo\/image\/","url":"https:\/\/bboxbeauty.ca\/wp-content\/uploads\/2022\/11\/logo.png","contentUrl":"https:\/\/bboxbeauty.ca\/wp-content\/uploads\/2022\/11\/logo.png","width":250,"height":87,"caption":"B-Box Beauty"},"image":{"@id":"https:\/\/bboxbeauty.ca\/fr\/#\/schema\/logo\/image\/"},"sameAs":["https:\/\/www.facebook.com\/BBoxBeauty\/","https:\/\/www.instagram.com\/bboxbeauty\/","https:\/\/www.linkedin.com\/company\/b-box-beauty\/"]}]}},"_links":{"self":[{"href":"https:\/\/bboxbeauty.ca\/fr\/wp-json\/wp\/v2\/product\/3454","targetHints":{"allow":["GET"]}}],"collection":[{"href":"https:\/\/bboxbeauty.ca\/fr\/wp-json\/wp\/v2\/product"}],"about":[{"href":"https:\/\/bboxbeauty.ca\/fr\/wp-json\/wp\/v2\/types\/product"}],"replies":[{"embeddable":true,"href":"https:\/\/bboxbeauty.ca\/fr\/wp-json\/wp\/v2\/comments?post=3454"}],"wp:featuredmedia":[{"embeddable":true,"href":"https:\/\/bboxbeauty.ca\/fr\/wp-json\/wp\/v2\/media\/3182"}],"wp:attachment":[{"href":"https:\/\/bboxbeauty.ca\/fr\/wp-json\/wp\/v2\/media?parent=3454"}],"wp:term":[{"taxonomy":"product_brand","embeddable":true,"href":"https:\/\/bboxbeauty.ca\/fr\/wp-json\/wp\/v2\/product_brand?post=3454"},{"taxonomy":"product_cat","embeddable":true,"href":"https:\/\/bboxbeauty.ca\/fr\/wp-json\/wp\/v2\/product_cat?post=3454"},{"taxonomy":"product_tag","embeddable":true,"href":"https:\/\/bboxbeauty.ca\/fr\/wp-json\/wp\/v2\/product_tag?post=3454"},{"taxonomy":"giftcard-category","embeddable":true,"href":"https:\/\/bboxbeauty.ca\/fr\/wp-json\/wp\/v2\/giftcard-category?post=3454"}],"curies":[{"name":"wp","href":"https:\/\/api.w.org\/{rel}","templated":true}]}}