{"id":3450,"date":"2022-06-08T20:01:13","date_gmt":"2022-06-09T00:01:13","guid":{"rendered":"https:\/\/bboxbeauty.wpengine.com\/product\/hop-promoter-collagen-gel\/"},"modified":"2026-03-03T19:49:38","modified_gmt":"2026-03-04T00:49:38","slug":"hop-gel-promoter-volumizing","status":"publish","type":"product","link":"https:\/\/bboxbeauty.ca\/fr\/produit\/hop-gel-promoter-volumizing\/","title":{"rendered":"HOP+ Gel Promoter Volumizing"},"content":{"rendered":"<p>Ce gel de collag\u00e8ne connu sous le nom de \u00ab\u00a0gel violet\u00a0\u00bb contient de l&rsquo;azul\u00e8ne extrait de la camomille. L&rsquo;azul\u00e8ne a des propri\u00e9t\u00e9s antioxydantes et anti-inflammatoires. Il est antimicrobien, anti-acn\u00e9 et apaise les peaux sensibles et irrit\u00e9es. Le HOP+ Gel Promoteur de Collag\u00e8ne contient \u00e9galement du 4GF (EGF, FGF, IGF, TGF) et du PLLA (acide poly-L-Lactique), qui sont les principaux ingr\u00e9dients actifs de la gamme Sculplla, afin d&rsquo;offrir des soins anti-\u00e2ge complets.<\/p>\n<p>Il contient \u00e9galement du PDRN, qui signifie Polydeoxyribonucleotide, une mol\u00e9cule \u00e0 liaison covalente. Ces mol\u00e9cules stimulent la croissance cellulaire dans les tissus, acc\u00e9l\u00e8rent la cicatrisation des plaies et augmentent l&rsquo;activit\u00e9 m\u00e9tabolique des cellules de la peau en r\u00e9g\u00e9n\u00e9rant des composants cl\u00e9s comme le collag\u00e8ne et la glycoprot\u00e9ine.<\/p>\n","protected":false},"excerpt":{"rendered":"<h4>Gel de collag\u00e8ne haute performance<\/h4>\n<p>Le HOP+ Gel Promoteur de Collag\u00e8ne contient des ingr\u00e9dients soigneusement s\u00e9lectionn\u00e9s pour am\u00e9liorer la peau tout en veillant \u00e0 ce que l&rsquo;\u00e9nergie des ultrasons p\u00e9n\u00e8tre jusqu&rsquo;\u00e0 la couche la plus profonde de la peau.<\/p>\n","protected":false},"featured_media":4932,"comment_status":"open","ping_status":"closed","template":"","meta":[],"product_brand":[],"product_cat":[119,97,107,118,117,113,114,115],"product_tag":[],"giftcard-category":[],"class_list":{"0":"post-3450","1":"product","2":"type-product","3":"status-publish","4":"has-post-thumbnail","6":"product_cat-anti-age","7":"product_cat-emulsions-cremes-de-traitement","8":"product_cat-house-of-plla-fr","9":"product_cat-peau-acneique","10":"product_cat-peau-deshydratee","11":"product_cat-peau-grasse","12":"product_cat-peau-seche","13":"product_cat-peau-sensible","15":"first","16":"onbackorder","17":"taxable","18":"shipping-taxable","19":"purchasable","20":"product-type-simple"},"yoast_head":"<!-- This site is optimized with the Yoast SEO plugin v27.4 - https:\/\/yoast.com\/product\/yoast-seo-wordpress\/ -->\n<title>HOP+ Gel Promoter Volumizing | B-BOX Beauty<\/title>\n<meta name=\"description\" content=\"Le HOP+ Gel Promoteur de Collag\u00e8ne contient des ingr\u00e9dients soigneusement s\u00e9lectionn\u00e9s pour am\u00e9liorer la peau tout en veillant \u00e0 ce que l&#039;\u00e9nergie des ultrasons p\u00e9n\u00e8tre jusqu&#039;\u00e0 la couche la plus profonde de la peau.\" \/>\n<meta name=\"robots\" content=\"index, follow, max-snippet:-1, max-image-preview:large, max-video-preview:-1\" \/>\n<link rel=\"canonical\" href=\"https:\/\/bboxbeauty.ca\/fr\/produit\/hop-gel-promoter-volumizing\/\" \/>\n<script type=\"application\/ld+json\" class=\"yoast-schema-graph\">{\"@context\":\"https:\\\/\\\/schema.org\",\"@graph\":[{\"@type\":\"WebPage\",\"@id\":\"https:\\\/\\\/bboxbeauty.ca\\\/fr\\\/produit\\\/hop-gel-promoter-volumizing\\\/\",\"url\":\"https:\\\/\\\/bboxbeauty.ca\\\/fr\\\/produit\\\/hop-gel-promoter-volumizing\\\/\",\"name\":\"HOP+ Gel Promoter Volumizing | B-BOX Beauty\",\"isPartOf\":{\"@id\":\"https:\\\/\\\/bboxbeauty.ca\\\/fr\\\/#website\"},\"primaryImageOfPage\":{\"@id\":\"https:\\\/\\\/bboxbeauty.ca\\\/fr\\\/produit\\\/hop-gel-promoter-volumizing\\\/#primaryimage\"},\"image\":{\"@id\":\"https:\\\/\\\/bboxbeauty.ca\\\/fr\\\/produit\\\/hop-gel-promoter-volumizing\\\/#primaryimage\"},\"thumbnailUrl\":\"https:\\\/\\\/bboxbeauty.ca\\\/wp-content\\\/uploads\\\/2022\\\/06\\\/Promoter_Volumizing_Gel_web.webp\",\"datePublished\":\"2022-06-09T00:01:13+00:00\",\"dateModified\":\"2026-03-04T00:49:38+00:00\",\"description\":\"Le HOP+ Gel Promoteur de Collag\u00e8ne contient des ingr\u00e9dients soigneusement s\u00e9lectionn\u00e9s pour am\u00e9liorer la peau tout en veillant \u00e0 ce que l'\u00e9nergie des ultrasons p\u00e9n\u00e8tre jusqu'\u00e0 la couche la plus profonde de la peau.\",\"breadcrumb\":{\"@id\":\"https:\\\/\\\/bboxbeauty.ca\\\/fr\\\/produit\\\/hop-gel-promoter-volumizing\\\/#breadcrumb\"},\"inLanguage\":\"fr-FR\",\"potentialAction\":[{\"@type\":\"ReadAction\",\"target\":[\"https:\\\/\\\/bboxbeauty.ca\\\/fr\\\/produit\\\/hop-gel-promoter-volumizing\\\/\"]}]},{\"@type\":\"ImageObject\",\"inLanguage\":\"fr-FR\",\"@id\":\"https:\\\/\\\/bboxbeauty.ca\\\/fr\\\/produit\\\/hop-gel-promoter-volumizing\\\/#primaryimage\",\"url\":\"https:\\\/\\\/bboxbeauty.ca\\\/wp-content\\\/uploads\\\/2022\\\/06\\\/Promoter_Volumizing_Gel_web.webp\",\"contentUrl\":\"https:\\\/\\\/bboxbeauty.ca\\\/wp-content\\\/uploads\\\/2022\\\/06\\\/Promoter_Volumizing_Gel_web.webp\",\"width\":1080,\"height\":1080},{\"@type\":\"BreadcrumbList\",\"@id\":\"https:\\\/\\\/bboxbeauty.ca\\\/fr\\\/produit\\\/hop-gel-promoter-volumizing\\\/#breadcrumb\",\"itemListElement\":[{\"@type\":\"ListItem\",\"position\":1,\"name\":\"Home\",\"item\":\"https:\\\/\\\/bboxbeauty.ca\\\/fr\\\/\"},{\"@type\":\"ListItem\",\"position\":2,\"name\":\"Boutique\",\"item\":\"https:\\\/\\\/bboxbeauty.ca\\\/fr\\\/boutique\\\/\"},{\"@type\":\"ListItem\",\"position\":3,\"name\":\"HOP+ Gel Promoter Volumizing\"}]},{\"@type\":\"WebSite\",\"@id\":\"https:\\\/\\\/bboxbeauty.ca\\\/fr\\\/#website\",\"url\":\"https:\\\/\\\/bboxbeauty.ca\\\/fr\\\/\",\"name\":\"B-BOX Beauty\",\"description\":\"Skin Care To The Next Level\",\"publisher\":{\"@id\":\"https:\\\/\\\/bboxbeauty.ca\\\/fr\\\/#organization\"},\"alternateName\":\"B-Box\",\"potentialAction\":[{\"@type\":\"SearchAction\",\"target\":{\"@type\":\"EntryPoint\",\"urlTemplate\":\"https:\\\/\\\/bboxbeauty.ca\\\/fr\\\/?s={search_term_string}\"},\"query-input\":{\"@type\":\"PropertyValueSpecification\",\"valueRequired\":true,\"valueName\":\"search_term_string\"}}],\"inLanguage\":\"fr-FR\"},{\"@type\":\"Organization\",\"@id\":\"https:\\\/\\\/bboxbeauty.ca\\\/fr\\\/#organization\",\"name\":\"B-Box Beauty\",\"alternateName\":\"B-Box\",\"url\":\"https:\\\/\\\/bboxbeauty.ca\\\/fr\\\/\",\"logo\":{\"@type\":\"ImageObject\",\"inLanguage\":\"fr-FR\",\"@id\":\"https:\\\/\\\/bboxbeauty.ca\\\/fr\\\/#\\\/schema\\\/logo\\\/image\\\/\",\"url\":\"https:\\\/\\\/bboxbeauty.ca\\\/wp-content\\\/uploads\\\/2022\\\/11\\\/logo.png\",\"contentUrl\":\"https:\\\/\\\/bboxbeauty.ca\\\/wp-content\\\/uploads\\\/2022\\\/11\\\/logo.png\",\"width\":250,\"height\":87,\"caption\":\"B-Box Beauty\"},\"image\":{\"@id\":\"https:\\\/\\\/bboxbeauty.ca\\\/fr\\\/#\\\/schema\\\/logo\\\/image\\\/\"},\"sameAs\":[\"https:\\\/\\\/www.facebook.com\\\/BBoxBeauty\\\/\",\"https:\\\/\\\/www.instagram.com\\\/bboxbeauty\\\/\",\"https:\\\/\\\/www.linkedin.com\\\/company\\\/b-box-beauty\\\/\"]}]}<\/script>\n<!-- \/ Yoast SEO plugin. -->","yoast_head_json":{"title":"HOP+ Gel Promoter Volumizing | B-BOX Beauty","description":"Le HOP+ Gel Promoteur de Collag\u00e8ne contient des ingr\u00e9dients soigneusement s\u00e9lectionn\u00e9s pour am\u00e9liorer la peau tout en veillant \u00e0 ce que l'\u00e9nergie des ultrasons p\u00e9n\u00e8tre jusqu'\u00e0 la couche la plus profonde de la peau.","robots":{"index":"index","follow":"follow","max-snippet":"max-snippet:-1","max-image-preview":"max-image-preview:large","max-video-preview":"max-video-preview:-1"},"canonical":"https:\/\/bboxbeauty.ca\/fr\/produit\/hop-gel-promoter-volumizing\/","schema":{"@context":"https:\/\/schema.org","@graph":[{"@type":"WebPage","@id":"https:\/\/bboxbeauty.ca\/fr\/produit\/hop-gel-promoter-volumizing\/","url":"https:\/\/bboxbeauty.ca\/fr\/produit\/hop-gel-promoter-volumizing\/","name":"HOP+ Gel Promoter Volumizing | B-BOX Beauty","isPartOf":{"@id":"https:\/\/bboxbeauty.ca\/fr\/#website"},"primaryImageOfPage":{"@id":"https:\/\/bboxbeauty.ca\/fr\/produit\/hop-gel-promoter-volumizing\/#primaryimage"},"image":{"@id":"https:\/\/bboxbeauty.ca\/fr\/produit\/hop-gel-promoter-volumizing\/#primaryimage"},"thumbnailUrl":"https:\/\/bboxbeauty.ca\/wp-content\/uploads\/2022\/06\/Promoter_Volumizing_Gel_web.webp","datePublished":"2022-06-09T00:01:13+00:00","dateModified":"2026-03-04T00:49:38+00:00","description":"Le HOP+ Gel Promoteur de Collag\u00e8ne contient des ingr\u00e9dients soigneusement s\u00e9lectionn\u00e9s pour am\u00e9liorer la peau tout en veillant \u00e0 ce que l'\u00e9nergie des ultrasons p\u00e9n\u00e8tre jusqu'\u00e0 la couche la plus profonde de la peau.","breadcrumb":{"@id":"https:\/\/bboxbeauty.ca\/fr\/produit\/hop-gel-promoter-volumizing\/#breadcrumb"},"inLanguage":"fr-FR","potentialAction":[{"@type":"ReadAction","target":["https:\/\/bboxbeauty.ca\/fr\/produit\/hop-gel-promoter-volumizing\/"]}]},{"@type":"ImageObject","inLanguage":"fr-FR","@id":"https:\/\/bboxbeauty.ca\/fr\/produit\/hop-gel-promoter-volumizing\/#primaryimage","url":"https:\/\/bboxbeauty.ca\/wp-content\/uploads\/2022\/06\/Promoter_Volumizing_Gel_web.webp","contentUrl":"https:\/\/bboxbeauty.ca\/wp-content\/uploads\/2022\/06\/Promoter_Volumizing_Gel_web.webp","width":1080,"height":1080},{"@type":"BreadcrumbList","@id":"https:\/\/bboxbeauty.ca\/fr\/produit\/hop-gel-promoter-volumizing\/#breadcrumb","itemListElement":[{"@type":"ListItem","position":1,"name":"Home","item":"https:\/\/bboxbeauty.ca\/fr\/"},{"@type":"ListItem","position":2,"name":"Boutique","item":"https:\/\/bboxbeauty.ca\/fr\/boutique\/"},{"@type":"ListItem","position":3,"name":"HOP+ Gel Promoter Volumizing"}]},{"@type":"WebSite","@id":"https:\/\/bboxbeauty.ca\/fr\/#website","url":"https:\/\/bboxbeauty.ca\/fr\/","name":"B-BOX Beauty","description":"Skin Care To The Next Level","publisher":{"@id":"https:\/\/bboxbeauty.ca\/fr\/#organization"},"alternateName":"B-Box","potentialAction":[{"@type":"SearchAction","target":{"@type":"EntryPoint","urlTemplate":"https:\/\/bboxbeauty.ca\/fr\/?s={search_term_string}"},"query-input":{"@type":"PropertyValueSpecification","valueRequired":true,"valueName":"search_term_string"}}],"inLanguage":"fr-FR"},{"@type":"Organization","@id":"https:\/\/bboxbeauty.ca\/fr\/#organization","name":"B-Box Beauty","alternateName":"B-Box","url":"https:\/\/bboxbeauty.ca\/fr\/","logo":{"@type":"ImageObject","inLanguage":"fr-FR","@id":"https:\/\/bboxbeauty.ca\/fr\/#\/schema\/logo\/image\/","url":"https:\/\/bboxbeauty.ca\/wp-content\/uploads\/2022\/11\/logo.png","contentUrl":"https:\/\/bboxbeauty.ca\/wp-content\/uploads\/2022\/11\/logo.png","width":250,"height":87,"caption":"B-Box Beauty"},"image":{"@id":"https:\/\/bboxbeauty.ca\/fr\/#\/schema\/logo\/image\/"},"sameAs":["https:\/\/www.facebook.com\/BBoxBeauty\/","https:\/\/www.instagram.com\/bboxbeauty\/","https:\/\/www.linkedin.com\/company\/b-box-beauty\/"]}]}},"_links":{"self":[{"href":"https:\/\/bboxbeauty.ca\/fr\/wp-json\/wp\/v2\/product\/3450","targetHints":{"allow":["GET"]}}],"collection":[{"href":"https:\/\/bboxbeauty.ca\/fr\/wp-json\/wp\/v2\/product"}],"about":[{"href":"https:\/\/bboxbeauty.ca\/fr\/wp-json\/wp\/v2\/types\/product"}],"replies":[{"embeddable":true,"href":"https:\/\/bboxbeauty.ca\/fr\/wp-json\/wp\/v2\/comments?post=3450"}],"wp:featuredmedia":[{"embeddable":true,"href":"https:\/\/bboxbeauty.ca\/fr\/wp-json\/wp\/v2\/media\/4932"}],"wp:attachment":[{"href":"https:\/\/bboxbeauty.ca\/fr\/wp-json\/wp\/v2\/media?parent=3450"}],"wp:term":[{"taxonomy":"product_brand","embeddable":true,"href":"https:\/\/bboxbeauty.ca\/fr\/wp-json\/wp\/v2\/product_brand?post=3450"},{"taxonomy":"product_cat","embeddable":true,"href":"https:\/\/bboxbeauty.ca\/fr\/wp-json\/wp\/v2\/product_cat?post=3450"},{"taxonomy":"product_tag","embeddable":true,"href":"https:\/\/bboxbeauty.ca\/fr\/wp-json\/wp\/v2\/product_tag?post=3450"},{"taxonomy":"giftcard-category","embeddable":true,"href":"https:\/\/bboxbeauty.ca\/fr\/wp-json\/wp\/v2\/giftcard-category?post=3450"}],"curies":[{"name":"wp","href":"https:\/\/api.w.org\/{rel}","templated":true}]}}