{"id":3444,"date":"2022-10-28T15:12:23","date_gmt":"2022-10-28T19:12:23","guid":{"rendered":"https:\/\/bboxbeauty.wpengine.com\/product\/hop-promoter-repair-eye-lip-cream\/"},"modified":"2025-03-10T20:08:30","modified_gmt":"2025-03-11T00:08:30","slug":"hop-promoter-repair-creme-contour-yeux-levres","status":"publish","type":"product","link":"https:\/\/bboxbeauty.ca\/fr\/produit\/hop-promoter-repair-creme-contour-yeux-levres\/","title":{"rendered":"HOP Promoter Repair Cr\u00e8me Contour Yeux &#038; L\u00e8vres"},"content":{"rendered":"<p>Cette luxueuse cr\u00e8me pour les yeux p\u00e9n\u00e8tre rapidement, hydrate et laisse le contour des yeux lisse et ferme. Cette cr\u00e8me sp\u00e9ciale pour les yeux peut \u00e9galement \u00eatre utilis\u00e9e sur les l\u00e8vres pour aider \u00e0 r\u00e9duire les rides et \u00e0 hydrater les l\u00e8vres. Son applicateur vous permet de doser la quantit\u00e9 et facilite le drainage lymphatique des deux zones \u00e0 traiter.<\/p>\n","protected":false},"excerpt":{"rendered":"<h4>Cr\u00e8me haute performance multib\u00e9n\u00e9fice pour les yeux et les l\u00e8vres<\/h4>\n<p>Repulpez les ridules, les pattes d&rsquo;oie et les contours des l\u00e8vres gr\u00e2ce \u00e0 ce m\u00e9lange unique de PLLA, Volufiline, 4GF, PDRN.<\/p>\n","protected":false},"featured_media":3248,"comment_status":"open","ping_status":"closed","template":"","meta":[],"product_brand":[],"product_cat":[119,96,107,117,114,115,121],"product_tag":[],"giftcard-category":[],"class_list":{"0":"post-3444","1":"product","2":"type-product","3":"status-publish","4":"has-post-thumbnail","6":"product_cat-anti-age","7":"product_cat-contours-yeux-levres","8":"product_cat-house-of-plla-fr","9":"product_cat-peau-deshydratee","10":"product_cat-peau-seche","11":"product_cat-peau-sensible","12":"product_cat-taches-de-vieillesse-et-hyperpigmentation","14":"first","15":"instock","16":"taxable","17":"shipping-taxable","18":"purchasable","19":"product-type-simple"},"yoast_head":"<!-- This site is optimized with the Yoast SEO plugin v27.4 - https:\/\/yoast.com\/product\/yoast-seo-wordpress\/ -->\n<title>HOP Promoter Repair Cr\u00e8me Contour Yeux &amp; L\u00e8vres | B-BOX Beauty<\/title>\n<meta name=\"description\" content=\"Repulpez les ridules, les pattes d&#039;oie et les contours des l\u00e8vres gr\u00e2ce \u00e0 ce m\u00e9lange unique de PLLA, Volufiline, 4GF, PDRN.\" \/>\n<meta name=\"robots\" content=\"index, follow, max-snippet:-1, max-image-preview:large, max-video-preview:-1\" \/>\n<link rel=\"canonical\" href=\"https:\/\/bboxbeauty.ca\/fr\/produit\/hop-promoter-repair-creme-contour-yeux-levres\/\" \/>\n<script type=\"application\/ld+json\" class=\"yoast-schema-graph\">{\"@context\":\"https:\\\/\\\/schema.org\",\"@graph\":[{\"@type\":\"WebPage\",\"@id\":\"https:\\\/\\\/bboxbeauty.ca\\\/fr\\\/produit\\\/hop-promoter-repair-creme-contour-yeux-levres\\\/\",\"url\":\"https:\\\/\\\/bboxbeauty.ca\\\/fr\\\/produit\\\/hop-promoter-repair-creme-contour-yeux-levres\\\/\",\"name\":\"HOP Promoter Repair Cr\u00e8me Contour Yeux & L\u00e8vres | B-BOX Beauty\",\"isPartOf\":{\"@id\":\"https:\\\/\\\/bboxbeauty.ca\\\/fr\\\/#website\"},\"primaryImageOfPage\":{\"@id\":\"https:\\\/\\\/bboxbeauty.ca\\\/fr\\\/produit\\\/hop-promoter-repair-creme-contour-yeux-levres\\\/#primaryimage\"},\"image\":{\"@id\":\"https:\\\/\\\/bboxbeauty.ca\\\/fr\\\/produit\\\/hop-promoter-repair-creme-contour-yeux-levres\\\/#primaryimage\"},\"thumbnailUrl\":\"https:\\\/\\\/bboxbeauty.ca\\\/wp-content\\\/uploads\\\/2022\\\/10\\\/HOP-Promoter-Repair-Eye-Lip-Cream.jpg\",\"datePublished\":\"2022-10-28T19:12:23+00:00\",\"dateModified\":\"2025-03-11T00:08:30+00:00\",\"description\":\"Repulpez les ridules, les pattes d'oie et les contours des l\u00e8vres gr\u00e2ce \u00e0 ce m\u00e9lange unique de PLLA, Volufiline, 4GF, PDRN.\",\"breadcrumb\":{\"@id\":\"https:\\\/\\\/bboxbeauty.ca\\\/fr\\\/produit\\\/hop-promoter-repair-creme-contour-yeux-levres\\\/#breadcrumb\"},\"inLanguage\":\"fr-FR\",\"potentialAction\":[{\"@type\":\"ReadAction\",\"target\":[\"https:\\\/\\\/bboxbeauty.ca\\\/fr\\\/produit\\\/hop-promoter-repair-creme-contour-yeux-levres\\\/\"]}]},{\"@type\":\"ImageObject\",\"inLanguage\":\"fr-FR\",\"@id\":\"https:\\\/\\\/bboxbeauty.ca\\\/fr\\\/produit\\\/hop-promoter-repair-creme-contour-yeux-levres\\\/#primaryimage\",\"url\":\"https:\\\/\\\/bboxbeauty.ca\\\/wp-content\\\/uploads\\\/2022\\\/10\\\/HOP-Promoter-Repair-Eye-Lip-Cream.jpg\",\"contentUrl\":\"https:\\\/\\\/bboxbeauty.ca\\\/wp-content\\\/uploads\\\/2022\\\/10\\\/HOP-Promoter-Repair-Eye-Lip-Cream.jpg\",\"width\":1200,\"height\":1200,\"caption\":\"HOP Promoter Repair Cr\u00e8me Contour Yeux & L\u00e8vres\"},{\"@type\":\"BreadcrumbList\",\"@id\":\"https:\\\/\\\/bboxbeauty.ca\\\/fr\\\/produit\\\/hop-promoter-repair-creme-contour-yeux-levres\\\/#breadcrumb\",\"itemListElement\":[{\"@type\":\"ListItem\",\"position\":1,\"name\":\"Home\",\"item\":\"https:\\\/\\\/bboxbeauty.ca\\\/fr\\\/\"},{\"@type\":\"ListItem\",\"position\":2,\"name\":\"Boutique\",\"item\":\"https:\\\/\\\/bboxbeauty.ca\\\/fr\\\/boutique\\\/\"},{\"@type\":\"ListItem\",\"position\":3,\"name\":\"HOP Promoter Repair Cr\u00e8me Contour Yeux &#038; L\u00e8vres\"}]},{\"@type\":\"WebSite\",\"@id\":\"https:\\\/\\\/bboxbeauty.ca\\\/fr\\\/#website\",\"url\":\"https:\\\/\\\/bboxbeauty.ca\\\/fr\\\/\",\"name\":\"B-BOX Beauty\",\"description\":\"Skin Care To The Next Level\",\"publisher\":{\"@id\":\"https:\\\/\\\/bboxbeauty.ca\\\/fr\\\/#organization\"},\"alternateName\":\"B-Box\",\"potentialAction\":[{\"@type\":\"SearchAction\",\"target\":{\"@type\":\"EntryPoint\",\"urlTemplate\":\"https:\\\/\\\/bboxbeauty.ca\\\/fr\\\/?s={search_term_string}\"},\"query-input\":{\"@type\":\"PropertyValueSpecification\",\"valueRequired\":true,\"valueName\":\"search_term_string\"}}],\"inLanguage\":\"fr-FR\"},{\"@type\":\"Organization\",\"@id\":\"https:\\\/\\\/bboxbeauty.ca\\\/fr\\\/#organization\",\"name\":\"B-Box Beauty\",\"alternateName\":\"B-Box\",\"url\":\"https:\\\/\\\/bboxbeauty.ca\\\/fr\\\/\",\"logo\":{\"@type\":\"ImageObject\",\"inLanguage\":\"fr-FR\",\"@id\":\"https:\\\/\\\/bboxbeauty.ca\\\/fr\\\/#\\\/schema\\\/logo\\\/image\\\/\",\"url\":\"https:\\\/\\\/bboxbeauty.ca\\\/wp-content\\\/uploads\\\/2022\\\/11\\\/logo.png\",\"contentUrl\":\"https:\\\/\\\/bboxbeauty.ca\\\/wp-content\\\/uploads\\\/2022\\\/11\\\/logo.png\",\"width\":250,\"height\":87,\"caption\":\"B-Box Beauty\"},\"image\":{\"@id\":\"https:\\\/\\\/bboxbeauty.ca\\\/fr\\\/#\\\/schema\\\/logo\\\/image\\\/\"},\"sameAs\":[\"https:\\\/\\\/www.facebook.com\\\/BBoxBeauty\\\/\",\"https:\\\/\\\/www.instagram.com\\\/bboxbeauty\\\/\",\"https:\\\/\\\/www.linkedin.com\\\/company\\\/b-box-beauty\\\/\"]}]}<\/script>\n<!-- \/ Yoast SEO plugin. -->","yoast_head_json":{"title":"HOP Promoter Repair Cr\u00e8me Contour Yeux & L\u00e8vres | B-BOX Beauty","description":"Repulpez les ridules, les pattes d'oie et les contours des l\u00e8vres gr\u00e2ce \u00e0 ce m\u00e9lange unique de PLLA, Volufiline, 4GF, PDRN.","robots":{"index":"index","follow":"follow","max-snippet":"max-snippet:-1","max-image-preview":"max-image-preview:large","max-video-preview":"max-video-preview:-1"},"canonical":"https:\/\/bboxbeauty.ca\/fr\/produit\/hop-promoter-repair-creme-contour-yeux-levres\/","schema":{"@context":"https:\/\/schema.org","@graph":[{"@type":"WebPage","@id":"https:\/\/bboxbeauty.ca\/fr\/produit\/hop-promoter-repair-creme-contour-yeux-levres\/","url":"https:\/\/bboxbeauty.ca\/fr\/produit\/hop-promoter-repair-creme-contour-yeux-levres\/","name":"HOP Promoter Repair Cr\u00e8me Contour Yeux & L\u00e8vres | B-BOX Beauty","isPartOf":{"@id":"https:\/\/bboxbeauty.ca\/fr\/#website"},"primaryImageOfPage":{"@id":"https:\/\/bboxbeauty.ca\/fr\/produit\/hop-promoter-repair-creme-contour-yeux-levres\/#primaryimage"},"image":{"@id":"https:\/\/bboxbeauty.ca\/fr\/produit\/hop-promoter-repair-creme-contour-yeux-levres\/#primaryimage"},"thumbnailUrl":"https:\/\/bboxbeauty.ca\/wp-content\/uploads\/2022\/10\/HOP-Promoter-Repair-Eye-Lip-Cream.jpg","datePublished":"2022-10-28T19:12:23+00:00","dateModified":"2025-03-11T00:08:30+00:00","description":"Repulpez les ridules, les pattes d'oie et les contours des l\u00e8vres gr\u00e2ce \u00e0 ce m\u00e9lange unique de PLLA, Volufiline, 4GF, PDRN.","breadcrumb":{"@id":"https:\/\/bboxbeauty.ca\/fr\/produit\/hop-promoter-repair-creme-contour-yeux-levres\/#breadcrumb"},"inLanguage":"fr-FR","potentialAction":[{"@type":"ReadAction","target":["https:\/\/bboxbeauty.ca\/fr\/produit\/hop-promoter-repair-creme-contour-yeux-levres\/"]}]},{"@type":"ImageObject","inLanguage":"fr-FR","@id":"https:\/\/bboxbeauty.ca\/fr\/produit\/hop-promoter-repair-creme-contour-yeux-levres\/#primaryimage","url":"https:\/\/bboxbeauty.ca\/wp-content\/uploads\/2022\/10\/HOP-Promoter-Repair-Eye-Lip-Cream.jpg","contentUrl":"https:\/\/bboxbeauty.ca\/wp-content\/uploads\/2022\/10\/HOP-Promoter-Repair-Eye-Lip-Cream.jpg","width":1200,"height":1200,"caption":"HOP Promoter Repair Cr\u00e8me Contour Yeux & L\u00e8vres"},{"@type":"BreadcrumbList","@id":"https:\/\/bboxbeauty.ca\/fr\/produit\/hop-promoter-repair-creme-contour-yeux-levres\/#breadcrumb","itemListElement":[{"@type":"ListItem","position":1,"name":"Home","item":"https:\/\/bboxbeauty.ca\/fr\/"},{"@type":"ListItem","position":2,"name":"Boutique","item":"https:\/\/bboxbeauty.ca\/fr\/boutique\/"},{"@type":"ListItem","position":3,"name":"HOP Promoter Repair Cr\u00e8me Contour Yeux &#038; L\u00e8vres"}]},{"@type":"WebSite","@id":"https:\/\/bboxbeauty.ca\/fr\/#website","url":"https:\/\/bboxbeauty.ca\/fr\/","name":"B-BOX Beauty","description":"Skin Care To The Next Level","publisher":{"@id":"https:\/\/bboxbeauty.ca\/fr\/#organization"},"alternateName":"B-Box","potentialAction":[{"@type":"SearchAction","target":{"@type":"EntryPoint","urlTemplate":"https:\/\/bboxbeauty.ca\/fr\/?s={search_term_string}"},"query-input":{"@type":"PropertyValueSpecification","valueRequired":true,"valueName":"search_term_string"}}],"inLanguage":"fr-FR"},{"@type":"Organization","@id":"https:\/\/bboxbeauty.ca\/fr\/#organization","name":"B-Box Beauty","alternateName":"B-Box","url":"https:\/\/bboxbeauty.ca\/fr\/","logo":{"@type":"ImageObject","inLanguage":"fr-FR","@id":"https:\/\/bboxbeauty.ca\/fr\/#\/schema\/logo\/image\/","url":"https:\/\/bboxbeauty.ca\/wp-content\/uploads\/2022\/11\/logo.png","contentUrl":"https:\/\/bboxbeauty.ca\/wp-content\/uploads\/2022\/11\/logo.png","width":250,"height":87,"caption":"B-Box Beauty"},"image":{"@id":"https:\/\/bboxbeauty.ca\/fr\/#\/schema\/logo\/image\/"},"sameAs":["https:\/\/www.facebook.com\/BBoxBeauty\/","https:\/\/www.instagram.com\/bboxbeauty\/","https:\/\/www.linkedin.com\/company\/b-box-beauty\/"]}]}},"_links":{"self":[{"href":"https:\/\/bboxbeauty.ca\/fr\/wp-json\/wp\/v2\/product\/3444","targetHints":{"allow":["GET"]}}],"collection":[{"href":"https:\/\/bboxbeauty.ca\/fr\/wp-json\/wp\/v2\/product"}],"about":[{"href":"https:\/\/bboxbeauty.ca\/fr\/wp-json\/wp\/v2\/types\/product"}],"replies":[{"embeddable":true,"href":"https:\/\/bboxbeauty.ca\/fr\/wp-json\/wp\/v2\/comments?post=3444"}],"wp:featuredmedia":[{"embeddable":true,"href":"https:\/\/bboxbeauty.ca\/fr\/wp-json\/wp\/v2\/media\/3248"}],"wp:attachment":[{"href":"https:\/\/bboxbeauty.ca\/fr\/wp-json\/wp\/v2\/media?parent=3444"}],"wp:term":[{"taxonomy":"product_brand","embeddable":true,"href":"https:\/\/bboxbeauty.ca\/fr\/wp-json\/wp\/v2\/product_brand?post=3444"},{"taxonomy":"product_cat","embeddable":true,"href":"https:\/\/bboxbeauty.ca\/fr\/wp-json\/wp\/v2\/product_cat?post=3444"},{"taxonomy":"product_tag","embeddable":true,"href":"https:\/\/bboxbeauty.ca\/fr\/wp-json\/wp\/v2\/product_tag?post=3444"},{"taxonomy":"giftcard-category","embeddable":true,"href":"https:\/\/bboxbeauty.ca\/fr\/wp-json\/wp\/v2\/giftcard-category?post=3444"}],"curies":[{"name":"wp","href":"https:\/\/api.w.org\/{rel}","templated":true}]}}