{"id":3442,"date":"2021-01-27T07:07:09","date_gmt":"2021-01-27T12:07:09","guid":{"rendered":"https:\/\/bboxbeauty.wpengine.com\/product\/squalane-regenerating-emulsion\/"},"modified":"2026-04-22T10:55:57","modified_gmt":"2026-04-22T14:55:57","slug":"b-box-emulsion-squalane","status":"publish","type":"product","link":"https:\/\/bboxbeauty.ca\/fr\/produit\/b-box-emulsion-squalane\/","title":{"rendered":"B-BOX \u00c9mulsion Squalane+"},"content":{"rendered":"<p>Son complexe d&rsquo;ingr\u00e9dients biologiques antioxydants, hydratants et revitalisants aide \u00e0 r\u00e9g\u00e9n\u00e9rer la barri\u00e8re d&rsquo;hydratation de la peau pour pr\u00e9server sa souplesse et la prot\u00e9ger quotidiennement des agressions environnementales. Ce sont des extraits v\u00e9g\u00e9taux tonifiants et restructurants qui contribuent \u00e0 am\u00e9liorer l&rsquo;\u00e9lasticit\u00e9 et la fermet\u00e9 de la peau et \u00e0 lisser visiblement les rides et ridules.<\/p>\n<p><strong>En quoi est-elle diff\u00e9rente ? <\/strong><\/p>\n<p>Le squalane utilis\u00e9 dans notre formulation provient d&rsquo;une source v\u00e9g\u00e9tale (huile d&rsquo;olive) et non d&rsquo;une source animale (requin). Nos chimistes utilisent de l&rsquo;huile d&rsquo;olive press\u00e9e \u00e0 froid pour fabriquer un squalane 100% v\u00e9g\u00e9tal, facilement assimilable par la peau. Un puissant cocktail d&rsquo;agents antioxydants est ajout\u00e9 au Squalane. Une formulation \u00e9coresponsable unique d&rsquo;origine 100% v\u00e9g\u00e9tale.<\/p>\n","protected":false},"excerpt":{"rendered":"<h4>Pour les peaux matures<\/h4>\n<p>Le B-BOX \u00c9mulsion Squalane+ hydratante et r\u00e9g\u00e9n\u00e9rante, la formulation id\u00e9ale pour les peaux normales \u00e0 s\u00e8ches, les teints ternes ou pour celles qui veulent pr\u00e9server leur jeunesse. Riche en ingr\u00e9dients \u00ab\u00a0illuminateurs de teint\u00a0\u00bb, le B-BOX \u00c9mulsion Squalane+ aide \u00e0 r\u00e9v\u00e9ler jour apr\u00e8s jour tout l&rsquo;\u00e9clat et la vitalit\u00e9 du visage.<\/p>\n<ul>\n<li class=\"bullet-arrow\"><strong>Texture :<\/strong> Cr\u00e8me onctueuse et non grasse<\/li>\n<li class=\"bullet-arrow\"><strong>Odeur :<\/strong> M\u00e9lange \u00e9quilibr\u00e9 d&rsquo;herbes et de fleurs fra\u00eeches<\/li>\n<li class=\"bullet-arrow\"><strong>Format :<\/strong> 50 g \u2013 1.75 oz.<\/li>\n<\/ul>\n","protected":false},"featured_media":3183,"comment_status":"open","ping_status":"closed","template":"","meta":[],"product_brand":[],"product_cat":[119,105,97],"product_tag":[],"giftcard-category":[],"class_list":{"0":"post-3442","1":"product","2":"type-product","3":"status-publish","4":"has-post-thumbnail","6":"product_cat-anti-age","7":"product_cat-b-box-beauty-fr","8":"product_cat-emulsions-cremes-de-traitement","10":"first","11":"instock","12":"taxable","13":"shipping-taxable","14":"purchasable","15":"product-type-simple"},"yoast_head":"<!-- This site is optimized with the Yoast SEO plugin v27.4 - https:\/\/yoast.com\/product\/yoast-seo-wordpress\/ -->\n<title>B-BOX \u00c9mulsion Squalane+ | B-BOX Beauty<\/title>\n<meta name=\"description\" content=\"B-BOX \u00c9mulsion Squalane+ hydratante et r\u00e9g\u00e9n\u00e9rante, la formulation id\u00e9ale pour les peaux normales \u00e0 s\u00e8ches, les teints ternes ou pour celles qui veulent pr\u00e9server leur jeunesse. Riche en ingr\u00e9dients &quot;illuminateurs de teint&quot;, l&#039;\u00c9mulsion B-BOX Squalane+ aide \u00e0 r\u00e9v\u00e9ler jour apr\u00e8s jour tout l&#039;\u00e9clat et la vitalit\u00e9 du visage.\" \/>\n<meta name=\"robots\" content=\"index, follow, max-snippet:-1, max-image-preview:large, max-video-preview:-1\" \/>\n<link rel=\"canonical\" href=\"https:\/\/bboxbeauty.ca\/fr\/produit\/b-box-emulsion-squalane\/\" \/>\n<script type=\"application\/ld+json\" class=\"yoast-schema-graph\">{\"@context\":\"https:\\\/\\\/schema.org\",\"@graph\":[{\"@type\":\"WebPage\",\"@id\":\"https:\\\/\\\/bboxbeauty.ca\\\/fr\\\/produit\\\/b-box-emulsion-squalane\\\/\",\"url\":\"https:\\\/\\\/bboxbeauty.ca\\\/fr\\\/produit\\\/b-box-emulsion-squalane\\\/\",\"name\":\"B-BOX \u00c9mulsion Squalane+ | B-BOX Beauty\",\"isPartOf\":{\"@id\":\"https:\\\/\\\/bboxbeauty.ca\\\/fr\\\/#website\"},\"primaryImageOfPage\":{\"@id\":\"https:\\\/\\\/bboxbeauty.ca\\\/fr\\\/produit\\\/b-box-emulsion-squalane\\\/#primaryimage\"},\"image\":{\"@id\":\"https:\\\/\\\/bboxbeauty.ca\\\/fr\\\/produit\\\/b-box-emulsion-squalane\\\/#primaryimage\"},\"thumbnailUrl\":\"https:\\\/\\\/bboxbeauty.ca\\\/wp-content\\\/uploads\\\/2021\\\/01\\\/B-BOX-Squalane-Bio-Regenerating-Emulsion.jpg\",\"datePublished\":\"2021-01-27T12:07:09+00:00\",\"dateModified\":\"2026-04-22T14:55:57+00:00\",\"description\":\"B-BOX \u00c9mulsion Squalane+ hydratante et r\u00e9g\u00e9n\u00e9rante, la formulation id\u00e9ale pour les peaux normales \u00e0 s\u00e8ches, les teints ternes ou pour celles qui veulent pr\u00e9server leur jeunesse. Riche en ingr\u00e9dients \\\"illuminateurs de teint\\\", l'\u00c9mulsion B-BOX Squalane+ aide \u00e0 r\u00e9v\u00e9ler jour apr\u00e8s jour tout l'\u00e9clat et la vitalit\u00e9 du visage.\",\"breadcrumb\":{\"@id\":\"https:\\\/\\\/bboxbeauty.ca\\\/fr\\\/produit\\\/b-box-emulsion-squalane\\\/#breadcrumb\"},\"inLanguage\":\"fr-FR\",\"potentialAction\":[{\"@type\":\"ReadAction\",\"target\":[\"https:\\\/\\\/bboxbeauty.ca\\\/fr\\\/produit\\\/b-box-emulsion-squalane\\\/\"]}]},{\"@type\":\"ImageObject\",\"inLanguage\":\"fr-FR\",\"@id\":\"https:\\\/\\\/bboxbeauty.ca\\\/fr\\\/produit\\\/b-box-emulsion-squalane\\\/#primaryimage\",\"url\":\"https:\\\/\\\/bboxbeauty.ca\\\/wp-content\\\/uploads\\\/2021\\\/01\\\/B-BOX-Squalane-Bio-Regenerating-Emulsion.jpg\",\"contentUrl\":\"https:\\\/\\\/bboxbeauty.ca\\\/wp-content\\\/uploads\\\/2021\\\/01\\\/B-BOX-Squalane-Bio-Regenerating-Emulsion.jpg\",\"width\":1200,\"height\":1200,\"caption\":\"B-BOX \u00c9mulsion Squalane+\"},{\"@type\":\"BreadcrumbList\",\"@id\":\"https:\\\/\\\/bboxbeauty.ca\\\/fr\\\/produit\\\/b-box-emulsion-squalane\\\/#breadcrumb\",\"itemListElement\":[{\"@type\":\"ListItem\",\"position\":1,\"name\":\"Home\",\"item\":\"https:\\\/\\\/bboxbeauty.ca\\\/fr\\\/\"},{\"@type\":\"ListItem\",\"position\":2,\"name\":\"Boutique\",\"item\":\"https:\\\/\\\/bboxbeauty.ca\\\/fr\\\/boutique\\\/\"},{\"@type\":\"ListItem\",\"position\":3,\"name\":\"B-BOX \u00c9mulsion Squalane+\"}]},{\"@type\":\"WebSite\",\"@id\":\"https:\\\/\\\/bboxbeauty.ca\\\/fr\\\/#website\",\"url\":\"https:\\\/\\\/bboxbeauty.ca\\\/fr\\\/\",\"name\":\"B-BOX Beauty\",\"description\":\"Skin Care To The Next Level\",\"publisher\":{\"@id\":\"https:\\\/\\\/bboxbeauty.ca\\\/fr\\\/#organization\"},\"alternateName\":\"B-Box\",\"potentialAction\":[{\"@type\":\"SearchAction\",\"target\":{\"@type\":\"EntryPoint\",\"urlTemplate\":\"https:\\\/\\\/bboxbeauty.ca\\\/fr\\\/?s={search_term_string}\"},\"query-input\":{\"@type\":\"PropertyValueSpecification\",\"valueRequired\":true,\"valueName\":\"search_term_string\"}}],\"inLanguage\":\"fr-FR\"},{\"@type\":\"Organization\",\"@id\":\"https:\\\/\\\/bboxbeauty.ca\\\/fr\\\/#organization\",\"name\":\"B-Box Beauty\",\"alternateName\":\"B-Box\",\"url\":\"https:\\\/\\\/bboxbeauty.ca\\\/fr\\\/\",\"logo\":{\"@type\":\"ImageObject\",\"inLanguage\":\"fr-FR\",\"@id\":\"https:\\\/\\\/bboxbeauty.ca\\\/fr\\\/#\\\/schema\\\/logo\\\/image\\\/\",\"url\":\"https:\\\/\\\/bboxbeauty.ca\\\/wp-content\\\/uploads\\\/2022\\\/11\\\/logo.png\",\"contentUrl\":\"https:\\\/\\\/bboxbeauty.ca\\\/wp-content\\\/uploads\\\/2022\\\/11\\\/logo.png\",\"width\":250,\"height\":87,\"caption\":\"B-Box Beauty\"},\"image\":{\"@id\":\"https:\\\/\\\/bboxbeauty.ca\\\/fr\\\/#\\\/schema\\\/logo\\\/image\\\/\"},\"sameAs\":[\"https:\\\/\\\/www.facebook.com\\\/BBoxBeauty\\\/\",\"https:\\\/\\\/www.instagram.com\\\/bboxbeauty\\\/\",\"https:\\\/\\\/www.linkedin.com\\\/company\\\/b-box-beauty\\\/\"]}]}<\/script>\n<!-- \/ Yoast SEO plugin. -->","yoast_head_json":{"title":"B-BOX \u00c9mulsion Squalane+ | B-BOX Beauty","description":"B-BOX \u00c9mulsion Squalane+ hydratante et r\u00e9g\u00e9n\u00e9rante, la formulation id\u00e9ale pour les peaux normales \u00e0 s\u00e8ches, les teints ternes ou pour celles qui veulent pr\u00e9server leur jeunesse. Riche en ingr\u00e9dients \"illuminateurs de teint\", l'\u00c9mulsion B-BOX Squalane+ aide \u00e0 r\u00e9v\u00e9ler jour apr\u00e8s jour tout l'\u00e9clat et la vitalit\u00e9 du visage.","robots":{"index":"index","follow":"follow","max-snippet":"max-snippet:-1","max-image-preview":"max-image-preview:large","max-video-preview":"max-video-preview:-1"},"canonical":"https:\/\/bboxbeauty.ca\/fr\/produit\/b-box-emulsion-squalane\/","schema":{"@context":"https:\/\/schema.org","@graph":[{"@type":"WebPage","@id":"https:\/\/bboxbeauty.ca\/fr\/produit\/b-box-emulsion-squalane\/","url":"https:\/\/bboxbeauty.ca\/fr\/produit\/b-box-emulsion-squalane\/","name":"B-BOX \u00c9mulsion Squalane+ | B-BOX Beauty","isPartOf":{"@id":"https:\/\/bboxbeauty.ca\/fr\/#website"},"primaryImageOfPage":{"@id":"https:\/\/bboxbeauty.ca\/fr\/produit\/b-box-emulsion-squalane\/#primaryimage"},"image":{"@id":"https:\/\/bboxbeauty.ca\/fr\/produit\/b-box-emulsion-squalane\/#primaryimage"},"thumbnailUrl":"https:\/\/bboxbeauty.ca\/wp-content\/uploads\/2021\/01\/B-BOX-Squalane-Bio-Regenerating-Emulsion.jpg","datePublished":"2021-01-27T12:07:09+00:00","dateModified":"2026-04-22T14:55:57+00:00","description":"B-BOX \u00c9mulsion Squalane+ hydratante et r\u00e9g\u00e9n\u00e9rante, la formulation id\u00e9ale pour les peaux normales \u00e0 s\u00e8ches, les teints ternes ou pour celles qui veulent pr\u00e9server leur jeunesse. Riche en ingr\u00e9dients \"illuminateurs de teint\", l'\u00c9mulsion B-BOX Squalane+ aide \u00e0 r\u00e9v\u00e9ler jour apr\u00e8s jour tout l'\u00e9clat et la vitalit\u00e9 du visage.","breadcrumb":{"@id":"https:\/\/bboxbeauty.ca\/fr\/produit\/b-box-emulsion-squalane\/#breadcrumb"},"inLanguage":"fr-FR","potentialAction":[{"@type":"ReadAction","target":["https:\/\/bboxbeauty.ca\/fr\/produit\/b-box-emulsion-squalane\/"]}]},{"@type":"ImageObject","inLanguage":"fr-FR","@id":"https:\/\/bboxbeauty.ca\/fr\/produit\/b-box-emulsion-squalane\/#primaryimage","url":"https:\/\/bboxbeauty.ca\/wp-content\/uploads\/2021\/01\/B-BOX-Squalane-Bio-Regenerating-Emulsion.jpg","contentUrl":"https:\/\/bboxbeauty.ca\/wp-content\/uploads\/2021\/01\/B-BOX-Squalane-Bio-Regenerating-Emulsion.jpg","width":1200,"height":1200,"caption":"B-BOX \u00c9mulsion Squalane+"},{"@type":"BreadcrumbList","@id":"https:\/\/bboxbeauty.ca\/fr\/produit\/b-box-emulsion-squalane\/#breadcrumb","itemListElement":[{"@type":"ListItem","position":1,"name":"Home","item":"https:\/\/bboxbeauty.ca\/fr\/"},{"@type":"ListItem","position":2,"name":"Boutique","item":"https:\/\/bboxbeauty.ca\/fr\/boutique\/"},{"@type":"ListItem","position":3,"name":"B-BOX \u00c9mulsion Squalane+"}]},{"@type":"WebSite","@id":"https:\/\/bboxbeauty.ca\/fr\/#website","url":"https:\/\/bboxbeauty.ca\/fr\/","name":"B-BOX Beauty","description":"Skin Care To The Next Level","publisher":{"@id":"https:\/\/bboxbeauty.ca\/fr\/#organization"},"alternateName":"B-Box","potentialAction":[{"@type":"SearchAction","target":{"@type":"EntryPoint","urlTemplate":"https:\/\/bboxbeauty.ca\/fr\/?s={search_term_string}"},"query-input":{"@type":"PropertyValueSpecification","valueRequired":true,"valueName":"search_term_string"}}],"inLanguage":"fr-FR"},{"@type":"Organization","@id":"https:\/\/bboxbeauty.ca\/fr\/#organization","name":"B-Box Beauty","alternateName":"B-Box","url":"https:\/\/bboxbeauty.ca\/fr\/","logo":{"@type":"ImageObject","inLanguage":"fr-FR","@id":"https:\/\/bboxbeauty.ca\/fr\/#\/schema\/logo\/image\/","url":"https:\/\/bboxbeauty.ca\/wp-content\/uploads\/2022\/11\/logo.png","contentUrl":"https:\/\/bboxbeauty.ca\/wp-content\/uploads\/2022\/11\/logo.png","width":250,"height":87,"caption":"B-Box Beauty"},"image":{"@id":"https:\/\/bboxbeauty.ca\/fr\/#\/schema\/logo\/image\/"},"sameAs":["https:\/\/www.facebook.com\/BBoxBeauty\/","https:\/\/www.instagram.com\/bboxbeauty\/","https:\/\/www.linkedin.com\/company\/b-box-beauty\/"]}]}},"_links":{"self":[{"href":"https:\/\/bboxbeauty.ca\/fr\/wp-json\/wp\/v2\/product\/3442","targetHints":{"allow":["GET"]}}],"collection":[{"href":"https:\/\/bboxbeauty.ca\/fr\/wp-json\/wp\/v2\/product"}],"about":[{"href":"https:\/\/bboxbeauty.ca\/fr\/wp-json\/wp\/v2\/types\/product"}],"replies":[{"embeddable":true,"href":"https:\/\/bboxbeauty.ca\/fr\/wp-json\/wp\/v2\/comments?post=3442"}],"wp:featuredmedia":[{"embeddable":true,"href":"https:\/\/bboxbeauty.ca\/fr\/wp-json\/wp\/v2\/media\/3183"}],"wp:attachment":[{"href":"https:\/\/bboxbeauty.ca\/fr\/wp-json\/wp\/v2\/media?parent=3442"}],"wp:term":[{"taxonomy":"product_brand","embeddable":true,"href":"https:\/\/bboxbeauty.ca\/fr\/wp-json\/wp\/v2\/product_brand?post=3442"},{"taxonomy":"product_cat","embeddable":true,"href":"https:\/\/bboxbeauty.ca\/fr\/wp-json\/wp\/v2\/product_cat?post=3442"},{"taxonomy":"product_tag","embeddable":true,"href":"https:\/\/bboxbeauty.ca\/fr\/wp-json\/wp\/v2\/product_tag?post=3442"},{"taxonomy":"giftcard-category","embeddable":true,"href":"https:\/\/bboxbeauty.ca\/fr\/wp-json\/wp\/v2\/giftcard-category?post=3442"}],"curies":[{"name":"wp","href":"https:\/\/api.w.org\/{rel}","templated":true}]}}