{"id":3438,"date":"2022-07-22T14:47:44","date_gmt":"2022-07-22T18:47:44","guid":{"rendered":"https:\/\/bboxbeauty.wpengine.com\/product\/control-organic-gel\/"},"modified":"2025-03-10T16:29:02","modified_gmt":"2025-03-10T20:29:02","slug":"b-box-gel-control","status":"publish","type":"product","link":"https:\/\/bboxbeauty.ca\/fr\/produit\/b-box-gel-control\/","title":{"rendered":"B-BOX Gel Control*"},"content":{"rendered":"<p>Le B-BOX Gel Control* apaise les rougeurs et rafra\u00eechit la peau. De plus, il aide \u00e0 r\u00e9duire l&rsquo;apparence des imperfections cutan\u00e9es caus\u00e9es par l&rsquo;acn\u00e9. Apr\u00e8s son application, vous ressentirez une sensation de fra\u00eecheur et d&rsquo;apaisement et votre teint sera visiblement plus \u00e9clatant.<\/p>\n","protected":false},"excerpt":{"rendered":"<h4>Pour les peaux acn\u00e9iques<\/h4>\n<p>Le B-BOX Gel Control* est un gel sp\u00e9cialement formul\u00e9 pour les peaux \u00e0 tendance acn\u00e9ique. Ce gel parfaitement formul\u00e9 aide \u00e0 r\u00e9duire l&rsquo;apparence des imperfections caus\u00e9es par l&rsquo;acn\u00e9.<\/p>\n<ul>\n<li class=\"bullet-arrow\"><strong>Texture :<\/strong> Gel<\/li>\n<li class=\"bullet-arrow\"><strong>Odeur :<\/strong> Herbes fra\u00eeches<\/li>\n<li class=\"bullet-arrow\"><strong>Format :<\/strong> 50 g \u2013 1.76 oz.<\/li>\n<\/ul>\n","protected":false},"featured_media":3175,"comment_status":"open","ping_status":"closed","template":"","meta":[],"product_brand":[],"product_cat":[105,97,118],"product_tag":[],"giftcard-category":[],"class_list":{"0":"post-3438","1":"product","2":"type-product","3":"status-publish","4":"has-post-thumbnail","6":"product_cat-b-box-beauty-fr","7":"product_cat-emulsions-cremes-de-traitement","8":"product_cat-peau-acneique","10":"first","11":"instock","12":"taxable","13":"shipping-taxable","14":"purchasable","15":"product-type-simple"},"yoast_head":"<!-- This site is optimized with the Yoast SEO plugin v27.5 - https:\/\/yoast.com\/product\/yoast-seo-wordpress\/ -->\n<title>B-BOX Gel Control* | B-BOX Beauty<\/title>\n<meta name=\"description\" content=\"Le B-BOX Gel Control* est un gel sp\u00e9cialement formul\u00e9 pour les peaux \u00e0 tendance acn\u00e9ique. Ce gel parfaitement formul\u00e9 aide \u00e0 r\u00e9duire l&#039;apparence des imperfections caus\u00e9es par l&#039;acn\u00e9.\" \/>\n<meta name=\"robots\" content=\"index, follow, max-snippet:-1, max-image-preview:large, max-video-preview:-1\" \/>\n<link rel=\"canonical\" href=\"https:\/\/bboxbeauty.ca\/fr\/produit\/b-box-gel-control\/\" \/>\n<script type=\"application\/ld+json\" class=\"yoast-schema-graph\">{\"@context\":\"https:\\\/\\\/schema.org\",\"@graph\":[{\"@type\":\"WebPage\",\"@id\":\"https:\\\/\\\/bboxbeauty.ca\\\/fr\\\/produit\\\/b-box-gel-control\\\/\",\"url\":\"https:\\\/\\\/bboxbeauty.ca\\\/fr\\\/produit\\\/b-box-gel-control\\\/\",\"name\":\"B-BOX Gel Control* | B-BOX Beauty\",\"isPartOf\":{\"@id\":\"https:\\\/\\\/bboxbeauty.ca\\\/fr\\\/#website\"},\"primaryImageOfPage\":{\"@id\":\"https:\\\/\\\/bboxbeauty.ca\\\/fr\\\/produit\\\/b-box-gel-control\\\/#primaryimage\"},\"image\":{\"@id\":\"https:\\\/\\\/bboxbeauty.ca\\\/fr\\\/produit\\\/b-box-gel-control\\\/#primaryimage\"},\"thumbnailUrl\":\"https:\\\/\\\/bboxbeauty.ca\\\/wp-content\\\/uploads\\\/2022\\\/07\\\/B-BOX-Control-Gel-Organic.jpg\",\"datePublished\":\"2022-07-22T18:47:44+00:00\",\"dateModified\":\"2025-03-10T20:29:02+00:00\",\"description\":\"Le B-BOX Gel Control* est un gel sp\u00e9cialement formul\u00e9 pour les peaux \u00e0 tendance acn\u00e9ique. Ce gel parfaitement formul\u00e9 aide \u00e0 r\u00e9duire l'apparence des imperfections caus\u00e9es par l'acn\u00e9.\",\"breadcrumb\":{\"@id\":\"https:\\\/\\\/bboxbeauty.ca\\\/fr\\\/produit\\\/b-box-gel-control\\\/#breadcrumb\"},\"inLanguage\":\"fr-FR\",\"potentialAction\":[{\"@type\":\"ReadAction\",\"target\":[\"https:\\\/\\\/bboxbeauty.ca\\\/fr\\\/produit\\\/b-box-gel-control\\\/\"]}]},{\"@type\":\"ImageObject\",\"inLanguage\":\"fr-FR\",\"@id\":\"https:\\\/\\\/bboxbeauty.ca\\\/fr\\\/produit\\\/b-box-gel-control\\\/#primaryimage\",\"url\":\"https:\\\/\\\/bboxbeauty.ca\\\/wp-content\\\/uploads\\\/2022\\\/07\\\/B-BOX-Control-Gel-Organic.jpg\",\"contentUrl\":\"https:\\\/\\\/bboxbeauty.ca\\\/wp-content\\\/uploads\\\/2022\\\/07\\\/B-BOX-Control-Gel-Organic.jpg\",\"width\":1200,\"height\":1200,\"caption\":\"B-BOX Gel Control*\"},{\"@type\":\"BreadcrumbList\",\"@id\":\"https:\\\/\\\/bboxbeauty.ca\\\/fr\\\/produit\\\/b-box-gel-control\\\/#breadcrumb\",\"itemListElement\":[{\"@type\":\"ListItem\",\"position\":1,\"name\":\"Home\",\"item\":\"https:\\\/\\\/bboxbeauty.ca\\\/fr\\\/\"},{\"@type\":\"ListItem\",\"position\":2,\"name\":\"Boutique\",\"item\":\"https:\\\/\\\/bboxbeauty.ca\\\/fr\\\/boutique\\\/\"},{\"@type\":\"ListItem\",\"position\":3,\"name\":\"B-BOX Gel Control*\"}]},{\"@type\":\"WebSite\",\"@id\":\"https:\\\/\\\/bboxbeauty.ca\\\/fr\\\/#website\",\"url\":\"https:\\\/\\\/bboxbeauty.ca\\\/fr\\\/\",\"name\":\"B-BOX Beauty\",\"description\":\"Skin Care To The Next Level\",\"publisher\":{\"@id\":\"https:\\\/\\\/bboxbeauty.ca\\\/fr\\\/#organization\"},\"alternateName\":\"B-Box\",\"potentialAction\":[{\"@type\":\"SearchAction\",\"target\":{\"@type\":\"EntryPoint\",\"urlTemplate\":\"https:\\\/\\\/bboxbeauty.ca\\\/fr\\\/?s={search_term_string}\"},\"query-input\":{\"@type\":\"PropertyValueSpecification\",\"valueRequired\":true,\"valueName\":\"search_term_string\"}}],\"inLanguage\":\"fr-FR\"},{\"@type\":\"Organization\",\"@id\":\"https:\\\/\\\/bboxbeauty.ca\\\/fr\\\/#organization\",\"name\":\"B-Box Beauty\",\"alternateName\":\"B-Box\",\"url\":\"https:\\\/\\\/bboxbeauty.ca\\\/fr\\\/\",\"logo\":{\"@type\":\"ImageObject\",\"inLanguage\":\"fr-FR\",\"@id\":\"https:\\\/\\\/bboxbeauty.ca\\\/fr\\\/#\\\/schema\\\/logo\\\/image\\\/\",\"url\":\"https:\\\/\\\/bboxbeauty.ca\\\/wp-content\\\/uploads\\\/2022\\\/11\\\/logo.png\",\"contentUrl\":\"https:\\\/\\\/bboxbeauty.ca\\\/wp-content\\\/uploads\\\/2022\\\/11\\\/logo.png\",\"width\":250,\"height\":87,\"caption\":\"B-Box Beauty\"},\"image\":{\"@id\":\"https:\\\/\\\/bboxbeauty.ca\\\/fr\\\/#\\\/schema\\\/logo\\\/image\\\/\"},\"sameAs\":[\"https:\\\/\\\/www.facebook.com\\\/BBoxBeauty\\\/\",\"https:\\\/\\\/www.instagram.com\\\/bboxbeauty\\\/\",\"https:\\\/\\\/www.linkedin.com\\\/company\\\/b-box-beauty\\\/\"]}]}<\/script>\n<!-- \/ Yoast SEO plugin. -->","yoast_head_json":{"title":"B-BOX Gel Control* | B-BOX Beauty","description":"Le B-BOX Gel Control* est un gel sp\u00e9cialement formul\u00e9 pour les peaux \u00e0 tendance acn\u00e9ique. Ce gel parfaitement formul\u00e9 aide \u00e0 r\u00e9duire l'apparence des imperfections caus\u00e9es par l'acn\u00e9.","robots":{"index":"index","follow":"follow","max-snippet":"max-snippet:-1","max-image-preview":"max-image-preview:large","max-video-preview":"max-video-preview:-1"},"canonical":"https:\/\/bboxbeauty.ca\/fr\/produit\/b-box-gel-control\/","schema":{"@context":"https:\/\/schema.org","@graph":[{"@type":"WebPage","@id":"https:\/\/bboxbeauty.ca\/fr\/produit\/b-box-gel-control\/","url":"https:\/\/bboxbeauty.ca\/fr\/produit\/b-box-gel-control\/","name":"B-BOX Gel Control* | B-BOX Beauty","isPartOf":{"@id":"https:\/\/bboxbeauty.ca\/fr\/#website"},"primaryImageOfPage":{"@id":"https:\/\/bboxbeauty.ca\/fr\/produit\/b-box-gel-control\/#primaryimage"},"image":{"@id":"https:\/\/bboxbeauty.ca\/fr\/produit\/b-box-gel-control\/#primaryimage"},"thumbnailUrl":"https:\/\/bboxbeauty.ca\/wp-content\/uploads\/2022\/07\/B-BOX-Control-Gel-Organic.jpg","datePublished":"2022-07-22T18:47:44+00:00","dateModified":"2025-03-10T20:29:02+00:00","description":"Le B-BOX Gel Control* est un gel sp\u00e9cialement formul\u00e9 pour les peaux \u00e0 tendance acn\u00e9ique. Ce gel parfaitement formul\u00e9 aide \u00e0 r\u00e9duire l'apparence des imperfections caus\u00e9es par l'acn\u00e9.","breadcrumb":{"@id":"https:\/\/bboxbeauty.ca\/fr\/produit\/b-box-gel-control\/#breadcrumb"},"inLanguage":"fr-FR","potentialAction":[{"@type":"ReadAction","target":["https:\/\/bboxbeauty.ca\/fr\/produit\/b-box-gel-control\/"]}]},{"@type":"ImageObject","inLanguage":"fr-FR","@id":"https:\/\/bboxbeauty.ca\/fr\/produit\/b-box-gel-control\/#primaryimage","url":"https:\/\/bboxbeauty.ca\/wp-content\/uploads\/2022\/07\/B-BOX-Control-Gel-Organic.jpg","contentUrl":"https:\/\/bboxbeauty.ca\/wp-content\/uploads\/2022\/07\/B-BOX-Control-Gel-Organic.jpg","width":1200,"height":1200,"caption":"B-BOX Gel Control*"},{"@type":"BreadcrumbList","@id":"https:\/\/bboxbeauty.ca\/fr\/produit\/b-box-gel-control\/#breadcrumb","itemListElement":[{"@type":"ListItem","position":1,"name":"Home","item":"https:\/\/bboxbeauty.ca\/fr\/"},{"@type":"ListItem","position":2,"name":"Boutique","item":"https:\/\/bboxbeauty.ca\/fr\/boutique\/"},{"@type":"ListItem","position":3,"name":"B-BOX Gel Control*"}]},{"@type":"WebSite","@id":"https:\/\/bboxbeauty.ca\/fr\/#website","url":"https:\/\/bboxbeauty.ca\/fr\/","name":"B-BOX Beauty","description":"Skin Care To The Next Level","publisher":{"@id":"https:\/\/bboxbeauty.ca\/fr\/#organization"},"alternateName":"B-Box","potentialAction":[{"@type":"SearchAction","target":{"@type":"EntryPoint","urlTemplate":"https:\/\/bboxbeauty.ca\/fr\/?s={search_term_string}"},"query-input":{"@type":"PropertyValueSpecification","valueRequired":true,"valueName":"search_term_string"}}],"inLanguage":"fr-FR"},{"@type":"Organization","@id":"https:\/\/bboxbeauty.ca\/fr\/#organization","name":"B-Box Beauty","alternateName":"B-Box","url":"https:\/\/bboxbeauty.ca\/fr\/","logo":{"@type":"ImageObject","inLanguage":"fr-FR","@id":"https:\/\/bboxbeauty.ca\/fr\/#\/schema\/logo\/image\/","url":"https:\/\/bboxbeauty.ca\/wp-content\/uploads\/2022\/11\/logo.png","contentUrl":"https:\/\/bboxbeauty.ca\/wp-content\/uploads\/2022\/11\/logo.png","width":250,"height":87,"caption":"B-Box Beauty"},"image":{"@id":"https:\/\/bboxbeauty.ca\/fr\/#\/schema\/logo\/image\/"},"sameAs":["https:\/\/www.facebook.com\/BBoxBeauty\/","https:\/\/www.instagram.com\/bboxbeauty\/","https:\/\/www.linkedin.com\/company\/b-box-beauty\/"]}]}},"_links":{"self":[{"href":"https:\/\/bboxbeauty.ca\/fr\/wp-json\/wp\/v2\/product\/3438","targetHints":{"allow":["GET"]}}],"collection":[{"href":"https:\/\/bboxbeauty.ca\/fr\/wp-json\/wp\/v2\/product"}],"about":[{"href":"https:\/\/bboxbeauty.ca\/fr\/wp-json\/wp\/v2\/types\/product"}],"replies":[{"embeddable":true,"href":"https:\/\/bboxbeauty.ca\/fr\/wp-json\/wp\/v2\/comments?post=3438"}],"wp:featuredmedia":[{"embeddable":true,"href":"https:\/\/bboxbeauty.ca\/fr\/wp-json\/wp\/v2\/media\/3175"}],"wp:attachment":[{"href":"https:\/\/bboxbeauty.ca\/fr\/wp-json\/wp\/v2\/media?parent=3438"}],"wp:term":[{"taxonomy":"product_brand","embeddable":true,"href":"https:\/\/bboxbeauty.ca\/fr\/wp-json\/wp\/v2\/product_brand?post=3438"},{"taxonomy":"product_cat","embeddable":true,"href":"https:\/\/bboxbeauty.ca\/fr\/wp-json\/wp\/v2\/product_cat?post=3438"},{"taxonomy":"product_tag","embeddable":true,"href":"https:\/\/bboxbeauty.ca\/fr\/wp-json\/wp\/v2\/product_tag?post=3438"},{"taxonomy":"giftcard-category","embeddable":true,"href":"https:\/\/bboxbeauty.ca\/fr\/wp-json\/wp\/v2\/giftcard-category?post=3438"}],"curies":[{"name":"wp","href":"https:\/\/api.w.org\/{rel}","templated":true}]}}