{"id":3436,"date":"2022-03-01T07:36:16","date_gmt":"2022-03-01T12:36:16","guid":{"rendered":"https:\/\/bboxbeauty.wpengine.com\/product\/organic-b-box-balance-gel\/"},"modified":"2024-11-11T09:17:52","modified_gmt":"2024-11-11T14:17:52","slug":"b-box-gel-balance","status":"publish","type":"product","link":"https:\/\/bboxbeauty.ca\/fr\/produit\/b-box-gel-balance\/","title":{"rendered":"B-BOX Gel Balance"},"content":{"rendered":"<p>Sa formule, riche en polysaccharides, aide \u00e0 pr\u00e9server l&rsquo;hydratation de la peau sans laisser de fini gras ou brillant. Parall\u00e8lement, ses pr\u00e9biotiques favorisent la flore cutan\u00e9e b\u00e9n\u00e9fique pour pr\u00e9venir les imperfections du teint et assurer une peau belle et saine.<\/p>\n<p><strong>R\u00e9sultats attendus :<\/strong><\/p>\n<ul>\n<li class=\"bullet-arrow\">Une peau douce et hydrat\u00e9e toute la journ\u00e9e sans effet de brillance.<\/li>\n<li class=\"bullet-arrow\">Am\u00e9lioration de la texture de la peau.<\/li>\n<li class=\"bullet-arrow\">Pr\u00e9vention des imperfections.<\/li>\n<li class=\"bullet-arrow\">Le teint est plus frais et plus \u00e9clatant de puret\u00e9.<\/li>\n<\/ul>\n","protected":false},"excerpt":{"rendered":"<h4>Pour les peaux mixtes \u00e0 peaux grasses<\/h4>\n<p>Le B-BOX Gel Balance est un gel ultral\u00e9ger, sans alcool, id\u00e9al pour l&rsquo;hydratation quotidienne des peaux grasses et mixtes. Sa synergie d&rsquo;argile absorbante, de zinc astringent et d&rsquo;huiles essentielles purifiantes aide \u00e0 normaliser la production de s\u00e9bum en surface et \u00e0 pr\u00e9venir l&rsquo;obstruction des pores pour un grain de peau affin\u00e9 et un finit mat. Un gel qui fait honneur \u00e0 son nom !<\/p>\n<ul>\n<li class=\"bullet-arrow\"><strong>Texture :<\/strong> Gel<\/li>\n<li class=\"bullet-arrow\"><strong>Odeur :<\/strong> L\u00e9g\u00e8re odeur de camphre<\/li>\n<li class=\"bullet-arrow\"><strong>Format :<\/strong> 50 g \u2013 1.75 oz.<\/li>\n<\/ul>\n","protected":false},"featured_media":3171,"comment_status":"open","ping_status":"closed","template":"","meta":[],"product_brand":[],"product_cat":[],"product_tag":[],"giftcard-category":[],"class_list":{"0":"post-3436","1":"product","2":"type-product","3":"status-publish","4":"has-post-thumbnail","7":"first","8":"instock","9":"taxable","10":"shipping-taxable","11":"purchasable","12":"product-type-simple"},"yoast_head":"<!-- This site is optimized with the Yoast SEO plugin v27.5 - https:\/\/yoast.com\/product\/yoast-seo-wordpress\/ -->\n<title>B-BOX Gel Balance | B-BOX Beauty<\/title>\n<meta name=\"description\" content=\"Le B-BOX Gel Balance est un gel ultral\u00e9ger, sans alcool, id\u00e9al pour l&#039;hydratation quotidienne des peaux grasses et mixtes. Sa synergie d&#039;argile absorbante, de zinc astringent et d&#039;huiles essentielles purifiantes aide \u00e0 normaliser la production de s\u00e9bum en surface et \u00e0 pr\u00e9venir l&#039;obstruction des pores pour un grain de peau affin\u00e9 et un finit mat. Un gel qui fait honneur \u00e0 son nom !\" \/>\n<meta name=\"robots\" content=\"index, follow, max-snippet:-1, max-image-preview:large, max-video-preview:-1\" \/>\n<link rel=\"canonical\" href=\"https:\/\/bboxbeauty.ca\/fr\/produit\/b-box-gel-balance\/\" \/>\n<script type=\"application\/ld+json\" class=\"yoast-schema-graph\">{\"@context\":\"https:\\\/\\\/schema.org\",\"@graph\":[{\"@type\":\"WebPage\",\"@id\":\"https:\\\/\\\/bboxbeauty.ca\\\/fr\\\/produit\\\/b-box-gel-balance\\\/\",\"url\":\"https:\\\/\\\/bboxbeauty.ca\\\/fr\\\/produit\\\/b-box-gel-balance\\\/\",\"name\":\"B-BOX Gel Balance | B-BOX Beauty\",\"isPartOf\":{\"@id\":\"https:\\\/\\\/bboxbeauty.ca\\\/fr\\\/#website\"},\"primaryImageOfPage\":{\"@id\":\"https:\\\/\\\/bboxbeauty.ca\\\/fr\\\/produit\\\/b-box-gel-balance\\\/#primaryimage\"},\"image\":{\"@id\":\"https:\\\/\\\/bboxbeauty.ca\\\/fr\\\/produit\\\/b-box-gel-balance\\\/#primaryimage\"},\"thumbnailUrl\":\"https:\\\/\\\/bboxbeauty.ca\\\/wp-content\\\/uploads\\\/2022\\\/03\\\/B-Box-Balance-Gel-Organic.jpg\",\"datePublished\":\"2022-03-01T12:36:16+00:00\",\"dateModified\":\"2024-11-11T14:17:52+00:00\",\"description\":\"Le B-BOX Gel Balance est un gel ultral\u00e9ger, sans alcool, id\u00e9al pour l'hydratation quotidienne des peaux grasses et mixtes. Sa synergie d'argile absorbante, de zinc astringent et d'huiles essentielles purifiantes aide \u00e0 normaliser la production de s\u00e9bum en surface et \u00e0 pr\u00e9venir l'obstruction des pores pour un grain de peau affin\u00e9 et un finit mat. Un gel qui fait honneur \u00e0 son nom !\",\"breadcrumb\":{\"@id\":\"https:\\\/\\\/bboxbeauty.ca\\\/fr\\\/produit\\\/b-box-gel-balance\\\/#breadcrumb\"},\"inLanguage\":\"fr-FR\",\"potentialAction\":[{\"@type\":\"ReadAction\",\"target\":[\"https:\\\/\\\/bboxbeauty.ca\\\/fr\\\/produit\\\/b-box-gel-balance\\\/\"]}]},{\"@type\":\"ImageObject\",\"inLanguage\":\"fr-FR\",\"@id\":\"https:\\\/\\\/bboxbeauty.ca\\\/fr\\\/produit\\\/b-box-gel-balance\\\/#primaryimage\",\"url\":\"https:\\\/\\\/bboxbeauty.ca\\\/wp-content\\\/uploads\\\/2022\\\/03\\\/B-Box-Balance-Gel-Organic.jpg\",\"contentUrl\":\"https:\\\/\\\/bboxbeauty.ca\\\/wp-content\\\/uploads\\\/2022\\\/03\\\/B-Box-Balance-Gel-Organic.jpg\",\"width\":1200,\"height\":1200,\"caption\":\"B-BOX Gel Balance\"},{\"@type\":\"BreadcrumbList\",\"@id\":\"https:\\\/\\\/bboxbeauty.ca\\\/fr\\\/produit\\\/b-box-gel-balance\\\/#breadcrumb\",\"itemListElement\":[{\"@type\":\"ListItem\",\"position\":1,\"name\":\"Home\",\"item\":\"https:\\\/\\\/bboxbeauty.ca\\\/fr\\\/\"},{\"@type\":\"ListItem\",\"position\":2,\"name\":\"Boutique\",\"item\":\"https:\\\/\\\/bboxbeauty.ca\\\/fr\\\/boutique\\\/\"},{\"@type\":\"ListItem\",\"position\":3,\"name\":\"B-BOX Gel Balance\"}]},{\"@type\":\"WebSite\",\"@id\":\"https:\\\/\\\/bboxbeauty.ca\\\/fr\\\/#website\",\"url\":\"https:\\\/\\\/bboxbeauty.ca\\\/fr\\\/\",\"name\":\"B-BOX Beauty\",\"description\":\"Skin Care To The Next Level\",\"publisher\":{\"@id\":\"https:\\\/\\\/bboxbeauty.ca\\\/fr\\\/#organization\"},\"alternateName\":\"B-Box\",\"potentialAction\":[{\"@type\":\"SearchAction\",\"target\":{\"@type\":\"EntryPoint\",\"urlTemplate\":\"https:\\\/\\\/bboxbeauty.ca\\\/fr\\\/?s={search_term_string}\"},\"query-input\":{\"@type\":\"PropertyValueSpecification\",\"valueRequired\":true,\"valueName\":\"search_term_string\"}}],\"inLanguage\":\"fr-FR\"},{\"@type\":\"Organization\",\"@id\":\"https:\\\/\\\/bboxbeauty.ca\\\/fr\\\/#organization\",\"name\":\"B-Box Beauty\",\"alternateName\":\"B-Box\",\"url\":\"https:\\\/\\\/bboxbeauty.ca\\\/fr\\\/\",\"logo\":{\"@type\":\"ImageObject\",\"inLanguage\":\"fr-FR\",\"@id\":\"https:\\\/\\\/bboxbeauty.ca\\\/fr\\\/#\\\/schema\\\/logo\\\/image\\\/\",\"url\":\"https:\\\/\\\/bboxbeauty.ca\\\/wp-content\\\/uploads\\\/2022\\\/11\\\/logo.png\",\"contentUrl\":\"https:\\\/\\\/bboxbeauty.ca\\\/wp-content\\\/uploads\\\/2022\\\/11\\\/logo.png\",\"width\":250,\"height\":87,\"caption\":\"B-Box Beauty\"},\"image\":{\"@id\":\"https:\\\/\\\/bboxbeauty.ca\\\/fr\\\/#\\\/schema\\\/logo\\\/image\\\/\"},\"sameAs\":[\"https:\\\/\\\/www.facebook.com\\\/BBoxBeauty\\\/\",\"https:\\\/\\\/www.instagram.com\\\/bboxbeauty\\\/\",\"https:\\\/\\\/www.linkedin.com\\\/company\\\/b-box-beauty\\\/\"]}]}<\/script>\n<!-- \/ Yoast SEO plugin. -->","yoast_head_json":{"title":"B-BOX Gel Balance | B-BOX Beauty","description":"Le B-BOX Gel Balance est un gel ultral\u00e9ger, sans alcool, id\u00e9al pour l'hydratation quotidienne des peaux grasses et mixtes. Sa synergie d'argile absorbante, de zinc astringent et d'huiles essentielles purifiantes aide \u00e0 normaliser la production de s\u00e9bum en surface et \u00e0 pr\u00e9venir l'obstruction des pores pour un grain de peau affin\u00e9 et un finit mat. Un gel qui fait honneur \u00e0 son nom !","robots":{"index":"index","follow":"follow","max-snippet":"max-snippet:-1","max-image-preview":"max-image-preview:large","max-video-preview":"max-video-preview:-1"},"canonical":"https:\/\/bboxbeauty.ca\/fr\/produit\/b-box-gel-balance\/","schema":{"@context":"https:\/\/schema.org","@graph":[{"@type":"WebPage","@id":"https:\/\/bboxbeauty.ca\/fr\/produit\/b-box-gel-balance\/","url":"https:\/\/bboxbeauty.ca\/fr\/produit\/b-box-gel-balance\/","name":"B-BOX Gel Balance | B-BOX Beauty","isPartOf":{"@id":"https:\/\/bboxbeauty.ca\/fr\/#website"},"primaryImageOfPage":{"@id":"https:\/\/bboxbeauty.ca\/fr\/produit\/b-box-gel-balance\/#primaryimage"},"image":{"@id":"https:\/\/bboxbeauty.ca\/fr\/produit\/b-box-gel-balance\/#primaryimage"},"thumbnailUrl":"https:\/\/bboxbeauty.ca\/wp-content\/uploads\/2022\/03\/B-Box-Balance-Gel-Organic.jpg","datePublished":"2022-03-01T12:36:16+00:00","dateModified":"2024-11-11T14:17:52+00:00","description":"Le B-BOX Gel Balance est un gel ultral\u00e9ger, sans alcool, id\u00e9al pour l'hydratation quotidienne des peaux grasses et mixtes. Sa synergie d'argile absorbante, de zinc astringent et d'huiles essentielles purifiantes aide \u00e0 normaliser la production de s\u00e9bum en surface et \u00e0 pr\u00e9venir l'obstruction des pores pour un grain de peau affin\u00e9 et un finit mat. Un gel qui fait honneur \u00e0 son nom !","breadcrumb":{"@id":"https:\/\/bboxbeauty.ca\/fr\/produit\/b-box-gel-balance\/#breadcrumb"},"inLanguage":"fr-FR","potentialAction":[{"@type":"ReadAction","target":["https:\/\/bboxbeauty.ca\/fr\/produit\/b-box-gel-balance\/"]}]},{"@type":"ImageObject","inLanguage":"fr-FR","@id":"https:\/\/bboxbeauty.ca\/fr\/produit\/b-box-gel-balance\/#primaryimage","url":"https:\/\/bboxbeauty.ca\/wp-content\/uploads\/2022\/03\/B-Box-Balance-Gel-Organic.jpg","contentUrl":"https:\/\/bboxbeauty.ca\/wp-content\/uploads\/2022\/03\/B-Box-Balance-Gel-Organic.jpg","width":1200,"height":1200,"caption":"B-BOX Gel Balance"},{"@type":"BreadcrumbList","@id":"https:\/\/bboxbeauty.ca\/fr\/produit\/b-box-gel-balance\/#breadcrumb","itemListElement":[{"@type":"ListItem","position":1,"name":"Home","item":"https:\/\/bboxbeauty.ca\/fr\/"},{"@type":"ListItem","position":2,"name":"Boutique","item":"https:\/\/bboxbeauty.ca\/fr\/boutique\/"},{"@type":"ListItem","position":3,"name":"B-BOX Gel Balance"}]},{"@type":"WebSite","@id":"https:\/\/bboxbeauty.ca\/fr\/#website","url":"https:\/\/bboxbeauty.ca\/fr\/","name":"B-BOX Beauty","description":"Skin Care To The Next Level","publisher":{"@id":"https:\/\/bboxbeauty.ca\/fr\/#organization"},"alternateName":"B-Box","potentialAction":[{"@type":"SearchAction","target":{"@type":"EntryPoint","urlTemplate":"https:\/\/bboxbeauty.ca\/fr\/?s={search_term_string}"},"query-input":{"@type":"PropertyValueSpecification","valueRequired":true,"valueName":"search_term_string"}}],"inLanguage":"fr-FR"},{"@type":"Organization","@id":"https:\/\/bboxbeauty.ca\/fr\/#organization","name":"B-Box Beauty","alternateName":"B-Box","url":"https:\/\/bboxbeauty.ca\/fr\/","logo":{"@type":"ImageObject","inLanguage":"fr-FR","@id":"https:\/\/bboxbeauty.ca\/fr\/#\/schema\/logo\/image\/","url":"https:\/\/bboxbeauty.ca\/wp-content\/uploads\/2022\/11\/logo.png","contentUrl":"https:\/\/bboxbeauty.ca\/wp-content\/uploads\/2022\/11\/logo.png","width":250,"height":87,"caption":"B-Box Beauty"},"image":{"@id":"https:\/\/bboxbeauty.ca\/fr\/#\/schema\/logo\/image\/"},"sameAs":["https:\/\/www.facebook.com\/BBoxBeauty\/","https:\/\/www.instagram.com\/bboxbeauty\/","https:\/\/www.linkedin.com\/company\/b-box-beauty\/"]}]}},"_links":{"self":[{"href":"https:\/\/bboxbeauty.ca\/fr\/wp-json\/wp\/v2\/product\/3436","targetHints":{"allow":["GET"]}}],"collection":[{"href":"https:\/\/bboxbeauty.ca\/fr\/wp-json\/wp\/v2\/product"}],"about":[{"href":"https:\/\/bboxbeauty.ca\/fr\/wp-json\/wp\/v2\/types\/product"}],"replies":[{"embeddable":true,"href":"https:\/\/bboxbeauty.ca\/fr\/wp-json\/wp\/v2\/comments?post=3436"}],"wp:featuredmedia":[{"embeddable":true,"href":"https:\/\/bboxbeauty.ca\/fr\/wp-json\/wp\/v2\/media\/3171"}],"wp:attachment":[{"href":"https:\/\/bboxbeauty.ca\/fr\/wp-json\/wp\/v2\/media?parent=3436"}],"wp:term":[{"taxonomy":"product_brand","embeddable":true,"href":"https:\/\/bboxbeauty.ca\/fr\/wp-json\/wp\/v2\/product_brand?post=3436"},{"taxonomy":"product_cat","embeddable":true,"href":"https:\/\/bboxbeauty.ca\/fr\/wp-json\/wp\/v2\/product_cat?post=3436"},{"taxonomy":"product_tag","embeddable":true,"href":"https:\/\/bboxbeauty.ca\/fr\/wp-json\/wp\/v2\/product_tag?post=3436"},{"taxonomy":"giftcard-category","embeddable":true,"href":"https:\/\/bboxbeauty.ca\/fr\/wp-json\/wp\/v2\/giftcard-category?post=3436"}],"curies":[{"name":"wp","href":"https:\/\/api.w.org\/{rel}","templated":true}]}}