{"id":3430,"date":"2022-10-26T13:53:26","date_gmt":"2022-10-26T17:53:26","guid":{"rendered":"https:\/\/bboxbeauty.wpengine.com\/product\/hop-caviplla-multi-serum\/"},"modified":"2025-11-19T10:44:52","modified_gmt":"2025-11-19T15:44:52","slug":"hop-multi-serum-caviplla","status":"publish","type":"product","link":"https:\/\/bboxbeauty.ca\/fr\/produit\/hop-multi-serum-caviplla\/","title":{"rendered":"HOP Multi-S\u00e9rum Caviplla"},"content":{"rendered":"<p><strong>HOP Multi-S\u00e9rum Caviplla combat les signes du vieillissement en :<\/strong><\/p>\n<ul>\n<li class=\"bullet-arrow\">Fournissant des \u00e9l\u00e9ments constitutifs permettant aux cellules de la peau de fonctionner de mani\u00e8re optimale.<\/li>\n<li class=\"bullet-arrow\">Il raffermit et lifte la peau en l&rsquo;utilisant r\u00e9guli\u00e8rement. Votre peau devient de plus en plus saine.<\/li>\n<li class=\"bullet-arrow\">R\u00e9duis les pores souvent observ\u00e9s sur le nez, entre les sourcils et sur le menton.<\/li>\n<li class=\"bullet-arrow\">Retexturise la peau en lui redonnant de la fermet\u00e9.<\/li>\n<li class=\"bullet-arrow\">PLLA stimule la peau \u00e0 produire du nouveau collag\u00e8ne.<\/li>\n<li class=\"bullet-arrow\">Aide \u00e0 r\u00e9duire les rides et \u00e0 repulper les zones creuses ou enfonc\u00e9es du visage.<\/li>\n<\/ul>\n","protected":false},"excerpt":{"rendered":"<p>HOP Multi-S\u00e9rum Caviplla contient \u00e0 la fois de l&rsquo;extrait de caviar et de l&rsquo;acide poly-L-Lactique pour favoriser et maintenir la jeunesse de la peau. Ce multis\u00e9rum est riche en vitamines, min\u00e9raux, om\u00e9ga 3 et 6 puis acides amin\u00e9s qui fournissent les \u00e9l\u00e9ments de base pour une fonction optimale des cellules de la peau. Ce s\u00e9rum donne \u00e0 votre peau un aspect plus ferme et lift\u00e9 tout en minimisant les pores et en lissant la texture de la peau.<\/p>\n","protected":false},"featured_media":3246,"comment_status":"open","ping_status":"closed","template":"","meta":[],"product_brand":[],"product_cat":[119,107,117,114,95,121],"product_tag":[],"giftcard-category":[],"class_list":{"0":"post-3430","1":"product","2":"type-product","3":"status-publish","4":"has-post-thumbnail","6":"product_cat-anti-age","7":"product_cat-house-of-plla-fr","8":"product_cat-peau-deshydratee","9":"product_cat-peau-seche","10":"product_cat-serums-huiles-seches","11":"product_cat-taches-de-vieillesse-et-hyperpigmentation","13":"first","14":"instock","15":"taxable","16":"shipping-taxable","17":"purchasable","18":"product-type-variable"},"yoast_head":"<!-- This site is optimized with the Yoast SEO plugin v27.4 - https:\/\/yoast.com\/product\/yoast-seo-wordpress\/ -->\n<title>HOP Multi-S\u00e9rum Caviplla | B-BOX Beauty<\/title>\n<meta name=\"description\" content=\"HOP Multi-S\u00e9rum Caviplla contient \u00e0 la fois de l&#039;extrait de caviar et de l&#039;acide poly-L-Lactique pour favoriser et maintenir la jeunesse de la peau. Ce multis\u00e9rum est riche en vitamines, min\u00e9raux, om\u00e9ga 3 et 6 puis acides amin\u00e9s qui fournissent les \u00e9l\u00e9ments de base pour une fonction optimale des cellules de la peau. Ce s\u00e9rum donne \u00e0 votre peau un aspect plus ferme et lift\u00e9 tout en minimisant les pores et en lissant la texture de la peau.\" \/>\n<meta name=\"robots\" content=\"index, follow, max-snippet:-1, max-image-preview:large, max-video-preview:-1\" \/>\n<link rel=\"canonical\" href=\"https:\/\/bboxbeauty.ca\/fr\/produit\/hop-multi-serum-caviplla\/\" \/>\n<script type=\"application\/ld+json\" class=\"yoast-schema-graph\">{\"@context\":\"https:\\\/\\\/schema.org\",\"@graph\":[{\"@type\":\"WebPage\",\"@id\":\"https:\\\/\\\/bboxbeauty.ca\\\/fr\\\/produit\\\/hop-multi-serum-caviplla\\\/\",\"url\":\"https:\\\/\\\/bboxbeauty.ca\\\/fr\\\/produit\\\/hop-multi-serum-caviplla\\\/\",\"name\":\"HOP Multi-S\u00e9rum Caviplla | B-BOX Beauty\",\"isPartOf\":{\"@id\":\"https:\\\/\\\/bboxbeauty.ca\\\/fr\\\/#website\"},\"primaryImageOfPage\":{\"@id\":\"https:\\\/\\\/bboxbeauty.ca\\\/fr\\\/produit\\\/hop-multi-serum-caviplla\\\/#primaryimage\"},\"image\":{\"@id\":\"https:\\\/\\\/bboxbeauty.ca\\\/fr\\\/produit\\\/hop-multi-serum-caviplla\\\/#primaryimage\"},\"thumbnailUrl\":\"https:\\\/\\\/bboxbeauty.ca\\\/wp-content\\\/uploads\\\/2022\\\/10\\\/HOP-Caviplla-Multi-Serum-120.jpg\",\"datePublished\":\"2022-10-26T17:53:26+00:00\",\"dateModified\":\"2025-11-19T15:44:52+00:00\",\"description\":\"HOP Multi-S\u00e9rum Caviplla contient \u00e0 la fois de l'extrait de caviar et de l'acide poly-L-Lactique pour favoriser et maintenir la jeunesse de la peau. Ce multis\u00e9rum est riche en vitamines, min\u00e9raux, om\u00e9ga 3 et 6 puis acides amin\u00e9s qui fournissent les \u00e9l\u00e9ments de base pour une fonction optimale des cellules de la peau. Ce s\u00e9rum donne \u00e0 votre peau un aspect plus ferme et lift\u00e9 tout en minimisant les pores et en lissant la texture de la peau.\",\"breadcrumb\":{\"@id\":\"https:\\\/\\\/bboxbeauty.ca\\\/fr\\\/produit\\\/hop-multi-serum-caviplla\\\/#breadcrumb\"},\"inLanguage\":\"fr-FR\",\"potentialAction\":[{\"@type\":\"ReadAction\",\"target\":[\"https:\\\/\\\/bboxbeauty.ca\\\/fr\\\/produit\\\/hop-multi-serum-caviplla\\\/\"]}]},{\"@type\":\"ImageObject\",\"inLanguage\":\"fr-FR\",\"@id\":\"https:\\\/\\\/bboxbeauty.ca\\\/fr\\\/produit\\\/hop-multi-serum-caviplla\\\/#primaryimage\",\"url\":\"https:\\\/\\\/bboxbeauty.ca\\\/wp-content\\\/uploads\\\/2022\\\/10\\\/HOP-Caviplla-Multi-Serum-120.jpg\",\"contentUrl\":\"https:\\\/\\\/bboxbeauty.ca\\\/wp-content\\\/uploads\\\/2022\\\/10\\\/HOP-Caviplla-Multi-Serum-120.jpg\",\"width\":1200,\"height\":1200,\"caption\":\"HOP Multi-S\u00e9rum Caviplla\"},{\"@type\":\"BreadcrumbList\",\"@id\":\"https:\\\/\\\/bboxbeauty.ca\\\/fr\\\/produit\\\/hop-multi-serum-caviplla\\\/#breadcrumb\",\"itemListElement\":[{\"@type\":\"ListItem\",\"position\":1,\"name\":\"Home\",\"item\":\"https:\\\/\\\/bboxbeauty.ca\\\/fr\\\/\"},{\"@type\":\"ListItem\",\"position\":2,\"name\":\"Boutique\",\"item\":\"https:\\\/\\\/bboxbeauty.ca\\\/fr\\\/boutique\\\/\"},{\"@type\":\"ListItem\",\"position\":3,\"name\":\"HOP Multi-S\u00e9rum Caviplla\"}]},{\"@type\":\"WebSite\",\"@id\":\"https:\\\/\\\/bboxbeauty.ca\\\/fr\\\/#website\",\"url\":\"https:\\\/\\\/bboxbeauty.ca\\\/fr\\\/\",\"name\":\"B-BOX Beauty\",\"description\":\"Skin Care To The Next Level\",\"publisher\":{\"@id\":\"https:\\\/\\\/bboxbeauty.ca\\\/fr\\\/#organization\"},\"alternateName\":\"B-Box\",\"potentialAction\":[{\"@type\":\"SearchAction\",\"target\":{\"@type\":\"EntryPoint\",\"urlTemplate\":\"https:\\\/\\\/bboxbeauty.ca\\\/fr\\\/?s={search_term_string}\"},\"query-input\":{\"@type\":\"PropertyValueSpecification\",\"valueRequired\":true,\"valueName\":\"search_term_string\"}}],\"inLanguage\":\"fr-FR\"},{\"@type\":\"Organization\",\"@id\":\"https:\\\/\\\/bboxbeauty.ca\\\/fr\\\/#organization\",\"name\":\"B-Box Beauty\",\"alternateName\":\"B-Box\",\"url\":\"https:\\\/\\\/bboxbeauty.ca\\\/fr\\\/\",\"logo\":{\"@type\":\"ImageObject\",\"inLanguage\":\"fr-FR\",\"@id\":\"https:\\\/\\\/bboxbeauty.ca\\\/fr\\\/#\\\/schema\\\/logo\\\/image\\\/\",\"url\":\"https:\\\/\\\/bboxbeauty.ca\\\/wp-content\\\/uploads\\\/2022\\\/11\\\/logo.png\",\"contentUrl\":\"https:\\\/\\\/bboxbeauty.ca\\\/wp-content\\\/uploads\\\/2022\\\/11\\\/logo.png\",\"width\":250,\"height\":87,\"caption\":\"B-Box Beauty\"},\"image\":{\"@id\":\"https:\\\/\\\/bboxbeauty.ca\\\/fr\\\/#\\\/schema\\\/logo\\\/image\\\/\"},\"sameAs\":[\"https:\\\/\\\/www.facebook.com\\\/BBoxBeauty\\\/\",\"https:\\\/\\\/www.instagram.com\\\/bboxbeauty\\\/\",\"https:\\\/\\\/www.linkedin.com\\\/company\\\/b-box-beauty\\\/\"]}]}<\/script>\n<!-- \/ Yoast SEO plugin. -->","yoast_head_json":{"title":"HOP Multi-S\u00e9rum Caviplla | B-BOX Beauty","description":"HOP Multi-S\u00e9rum Caviplla contient \u00e0 la fois de l'extrait de caviar et de l'acide poly-L-Lactique pour favoriser et maintenir la jeunesse de la peau. Ce multis\u00e9rum est riche en vitamines, min\u00e9raux, om\u00e9ga 3 et 6 puis acides amin\u00e9s qui fournissent les \u00e9l\u00e9ments de base pour une fonction optimale des cellules de la peau. Ce s\u00e9rum donne \u00e0 votre peau un aspect plus ferme et lift\u00e9 tout en minimisant les pores et en lissant la texture de la peau.","robots":{"index":"index","follow":"follow","max-snippet":"max-snippet:-1","max-image-preview":"max-image-preview:large","max-video-preview":"max-video-preview:-1"},"canonical":"https:\/\/bboxbeauty.ca\/fr\/produit\/hop-multi-serum-caviplla\/","schema":{"@context":"https:\/\/schema.org","@graph":[{"@type":"WebPage","@id":"https:\/\/bboxbeauty.ca\/fr\/produit\/hop-multi-serum-caviplla\/","url":"https:\/\/bboxbeauty.ca\/fr\/produit\/hop-multi-serum-caviplla\/","name":"HOP Multi-S\u00e9rum Caviplla | B-BOX Beauty","isPartOf":{"@id":"https:\/\/bboxbeauty.ca\/fr\/#website"},"primaryImageOfPage":{"@id":"https:\/\/bboxbeauty.ca\/fr\/produit\/hop-multi-serum-caviplla\/#primaryimage"},"image":{"@id":"https:\/\/bboxbeauty.ca\/fr\/produit\/hop-multi-serum-caviplla\/#primaryimage"},"thumbnailUrl":"https:\/\/bboxbeauty.ca\/wp-content\/uploads\/2022\/10\/HOP-Caviplla-Multi-Serum-120.jpg","datePublished":"2022-10-26T17:53:26+00:00","dateModified":"2025-11-19T15:44:52+00:00","description":"HOP Multi-S\u00e9rum Caviplla contient \u00e0 la fois de l'extrait de caviar et de l'acide poly-L-Lactique pour favoriser et maintenir la jeunesse de la peau. Ce multis\u00e9rum est riche en vitamines, min\u00e9raux, om\u00e9ga 3 et 6 puis acides amin\u00e9s qui fournissent les \u00e9l\u00e9ments de base pour une fonction optimale des cellules de la peau. Ce s\u00e9rum donne \u00e0 votre peau un aspect plus ferme et lift\u00e9 tout en minimisant les pores et en lissant la texture de la peau.","breadcrumb":{"@id":"https:\/\/bboxbeauty.ca\/fr\/produit\/hop-multi-serum-caviplla\/#breadcrumb"},"inLanguage":"fr-FR","potentialAction":[{"@type":"ReadAction","target":["https:\/\/bboxbeauty.ca\/fr\/produit\/hop-multi-serum-caviplla\/"]}]},{"@type":"ImageObject","inLanguage":"fr-FR","@id":"https:\/\/bboxbeauty.ca\/fr\/produit\/hop-multi-serum-caviplla\/#primaryimage","url":"https:\/\/bboxbeauty.ca\/wp-content\/uploads\/2022\/10\/HOP-Caviplla-Multi-Serum-120.jpg","contentUrl":"https:\/\/bboxbeauty.ca\/wp-content\/uploads\/2022\/10\/HOP-Caviplla-Multi-Serum-120.jpg","width":1200,"height":1200,"caption":"HOP Multi-S\u00e9rum Caviplla"},{"@type":"BreadcrumbList","@id":"https:\/\/bboxbeauty.ca\/fr\/produit\/hop-multi-serum-caviplla\/#breadcrumb","itemListElement":[{"@type":"ListItem","position":1,"name":"Home","item":"https:\/\/bboxbeauty.ca\/fr\/"},{"@type":"ListItem","position":2,"name":"Boutique","item":"https:\/\/bboxbeauty.ca\/fr\/boutique\/"},{"@type":"ListItem","position":3,"name":"HOP Multi-S\u00e9rum Caviplla"}]},{"@type":"WebSite","@id":"https:\/\/bboxbeauty.ca\/fr\/#website","url":"https:\/\/bboxbeauty.ca\/fr\/","name":"B-BOX Beauty","description":"Skin Care To The Next Level","publisher":{"@id":"https:\/\/bboxbeauty.ca\/fr\/#organization"},"alternateName":"B-Box","potentialAction":[{"@type":"SearchAction","target":{"@type":"EntryPoint","urlTemplate":"https:\/\/bboxbeauty.ca\/fr\/?s={search_term_string}"},"query-input":{"@type":"PropertyValueSpecification","valueRequired":true,"valueName":"search_term_string"}}],"inLanguage":"fr-FR"},{"@type":"Organization","@id":"https:\/\/bboxbeauty.ca\/fr\/#organization","name":"B-Box Beauty","alternateName":"B-Box","url":"https:\/\/bboxbeauty.ca\/fr\/","logo":{"@type":"ImageObject","inLanguage":"fr-FR","@id":"https:\/\/bboxbeauty.ca\/fr\/#\/schema\/logo\/image\/","url":"https:\/\/bboxbeauty.ca\/wp-content\/uploads\/2022\/11\/logo.png","contentUrl":"https:\/\/bboxbeauty.ca\/wp-content\/uploads\/2022\/11\/logo.png","width":250,"height":87,"caption":"B-Box Beauty"},"image":{"@id":"https:\/\/bboxbeauty.ca\/fr\/#\/schema\/logo\/image\/"},"sameAs":["https:\/\/www.facebook.com\/BBoxBeauty\/","https:\/\/www.instagram.com\/bboxbeauty\/","https:\/\/www.linkedin.com\/company\/b-box-beauty\/"]}]}},"_links":{"self":[{"href":"https:\/\/bboxbeauty.ca\/fr\/wp-json\/wp\/v2\/product\/3430","targetHints":{"allow":["GET"]}}],"collection":[{"href":"https:\/\/bboxbeauty.ca\/fr\/wp-json\/wp\/v2\/product"}],"about":[{"href":"https:\/\/bboxbeauty.ca\/fr\/wp-json\/wp\/v2\/types\/product"}],"replies":[{"embeddable":true,"href":"https:\/\/bboxbeauty.ca\/fr\/wp-json\/wp\/v2\/comments?post=3430"}],"wp:featuredmedia":[{"embeddable":true,"href":"https:\/\/bboxbeauty.ca\/fr\/wp-json\/wp\/v2\/media\/3246"}],"wp:attachment":[{"href":"https:\/\/bboxbeauty.ca\/fr\/wp-json\/wp\/v2\/media?parent=3430"}],"wp:term":[{"taxonomy":"product_brand","embeddable":true,"href":"https:\/\/bboxbeauty.ca\/fr\/wp-json\/wp\/v2\/product_brand?post=3430"},{"taxonomy":"product_cat","embeddable":true,"href":"https:\/\/bboxbeauty.ca\/fr\/wp-json\/wp\/v2\/product_cat?post=3430"},{"taxonomy":"product_tag","embeddable":true,"href":"https:\/\/bboxbeauty.ca\/fr\/wp-json\/wp\/v2\/product_tag?post=3430"},{"taxonomy":"giftcard-category","embeddable":true,"href":"https:\/\/bboxbeauty.ca\/fr\/wp-json\/wp\/v2\/giftcard-category?post=3430"}],"curies":[{"name":"wp","href":"https:\/\/api.w.org\/{rel}","templated":true}]}}