{"id":3425,"date":"2022-10-31T13:18:21","date_gmt":"2022-10-31T17:18:21","guid":{"rendered":"https:\/\/bboxbeauty.wpengine.com\/product\/hevatox-gold-ampoule\/"},"modified":"2025-07-04T08:04:24","modified_gmt":"2025-07-04T12:04:24","slug":"hevatox-ampoule-gold","status":"publish","type":"product","link":"https:\/\/bboxbeauty.ca\/fr\/produit\/hevatox-ampoule-gold\/","title":{"rendered":"Hevatox Ampoule Gold"},"content":{"rendered":"<p><strong>Le Hevatox Ampoule Gold offre \u00e0 la peau les propri\u00e9t\u00e9s suivantes :<\/strong><\/p>\n<ul>\n<li class=\"bullet-arrow\">Antioxydant.<\/li>\n<li class=\"bullet-arrow\">Am\u00e9liore la circulation sanguine.<\/li>\n<li class=\"bullet-arrow\">Combat l&rsquo;acn\u00e9, les \u00e9ruptions cutan\u00e9es et autres r\u00e9actions allergiques.<\/li>\n<li class=\"bullet-arrow\">Ralentis l&rsquo;appauvrissement en collag\u00e8ne.<\/li>\n<li class=\"bullet-arrow\">Augmente l&rsquo;\u00e9lasticit\u00e9 de la peau.<\/li>\n<li class=\"bullet-arrow\">\u00c9claircit le teint.<\/li>\n<li class=\"bullet-arrow\">Pr\u00e9viens le vieillissement pr\u00e9matur\u00e9.<\/li>\n<\/ul>\n","protected":false},"excerpt":{"rendered":"<p>Le Hevatox Ampoule Gold contient 600 ppm d&rsquo;or 24K. Cet or pur \u00e0 99,9% procure un raffermissement intensif et de nombreux bienfaits \u00e0 la peau.<\/p>\n","protected":false},"featured_media":3240,"comment_status":"open","ping_status":"closed","template":"","meta":[],"product_brand":[],"product_cat":[107,118,113,115,116,95,121],"product_tag":[],"giftcard-category":[],"class_list":{"0":"post-3425","1":"product","2":"type-product","3":"status-publish","4":"has-post-thumbnail","6":"product_cat-house-of-plla-fr","7":"product_cat-peau-acneique","8":"product_cat-peau-grasse","9":"product_cat-peau-sensible","10":"product_cat-rosacee","11":"product_cat-serums-huiles-seches","12":"product_cat-taches-de-vieillesse-et-hyperpigmentation","14":"first","15":"instock","16":"taxable","17":"shipping-taxable","18":"purchasable","19":"product-type-simple"},"yoast_head":"<!-- This site is optimized with the Yoast SEO plugin v27.3 - https:\/\/yoast.com\/product\/yoast-seo-wordpress\/ -->\n<title>Hevatox Ampoule Gold | B-BOX Beauty<\/title>\n<meta name=\"description\" content=\"Le Hevatox Ampoule Gold contient 600 ppm d&#039;or 24K. Cet or pur \u00e0 99,9% procure un raffermissement intensif et de nombreux bienfaits \u00e0 la peau.\" \/>\n<meta name=\"robots\" content=\"index, follow, max-snippet:-1, max-image-preview:large, max-video-preview:-1\" \/>\n<link rel=\"canonical\" href=\"https:\/\/bboxbeauty.ca\/fr\/produit\/hevatox-ampoule-gold\/\" \/>\n<script type=\"application\/ld+json\" class=\"yoast-schema-graph\">{\"@context\":\"https:\\\/\\\/schema.org\",\"@graph\":[{\"@type\":\"WebPage\",\"@id\":\"https:\\\/\\\/bboxbeauty.ca\\\/fr\\\/produit\\\/hevatox-ampoule-gold\\\/\",\"url\":\"https:\\\/\\\/bboxbeauty.ca\\\/fr\\\/produit\\\/hevatox-ampoule-gold\\\/\",\"name\":\"Hevatox Ampoule Gold | B-BOX Beauty\",\"isPartOf\":{\"@id\":\"https:\\\/\\\/bboxbeauty.ca\\\/fr\\\/#website\"},\"primaryImageOfPage\":{\"@id\":\"https:\\\/\\\/bboxbeauty.ca\\\/fr\\\/produit\\\/hevatox-ampoule-gold\\\/#primaryimage\"},\"image\":{\"@id\":\"https:\\\/\\\/bboxbeauty.ca\\\/fr\\\/produit\\\/hevatox-ampoule-gold\\\/#primaryimage\"},\"thumbnailUrl\":\"https:\\\/\\\/bboxbeauty.ca\\\/wp-content\\\/uploads\\\/2022\\\/10\\\/Hevatox-Gold-Ampoule.jpg\",\"datePublished\":\"2022-10-31T17:18:21+00:00\",\"dateModified\":\"2025-07-04T12:04:24+00:00\",\"description\":\"Le Hevatox Ampoule Gold contient 600 ppm d'or 24K. Cet or pur \u00e0 99,9% procure un raffermissement intensif et de nombreux bienfaits \u00e0 la peau.\",\"breadcrumb\":{\"@id\":\"https:\\\/\\\/bboxbeauty.ca\\\/fr\\\/produit\\\/hevatox-ampoule-gold\\\/#breadcrumb\"},\"inLanguage\":\"fr-FR\",\"potentialAction\":[{\"@type\":\"ReadAction\",\"target\":[\"https:\\\/\\\/bboxbeauty.ca\\\/fr\\\/produit\\\/hevatox-ampoule-gold\\\/\"]}]},{\"@type\":\"ImageObject\",\"inLanguage\":\"fr-FR\",\"@id\":\"https:\\\/\\\/bboxbeauty.ca\\\/fr\\\/produit\\\/hevatox-ampoule-gold\\\/#primaryimage\",\"url\":\"https:\\\/\\\/bboxbeauty.ca\\\/wp-content\\\/uploads\\\/2022\\\/10\\\/Hevatox-Gold-Ampoule.jpg\",\"contentUrl\":\"https:\\\/\\\/bboxbeauty.ca\\\/wp-content\\\/uploads\\\/2022\\\/10\\\/Hevatox-Gold-Ampoule.jpg\",\"width\":1200,\"height\":1200,\"caption\":\"Hevatox Ampoule Gold\"},{\"@type\":\"BreadcrumbList\",\"@id\":\"https:\\\/\\\/bboxbeauty.ca\\\/fr\\\/produit\\\/hevatox-ampoule-gold\\\/#breadcrumb\",\"itemListElement\":[{\"@type\":\"ListItem\",\"position\":1,\"name\":\"Home\",\"item\":\"https:\\\/\\\/bboxbeauty.ca\\\/fr\\\/\"},{\"@type\":\"ListItem\",\"position\":2,\"name\":\"Boutique\",\"item\":\"https:\\\/\\\/bboxbeauty.ca\\\/fr\\\/boutique\\\/\"},{\"@type\":\"ListItem\",\"position\":3,\"name\":\"Hevatox Ampoule Gold\"}]},{\"@type\":\"WebSite\",\"@id\":\"https:\\\/\\\/bboxbeauty.ca\\\/fr\\\/#website\",\"url\":\"https:\\\/\\\/bboxbeauty.ca\\\/fr\\\/\",\"name\":\"B-BOX Beauty\",\"description\":\"Skin Care To The Next Level\",\"publisher\":{\"@id\":\"https:\\\/\\\/bboxbeauty.ca\\\/fr\\\/#organization\"},\"alternateName\":\"B-Box\",\"potentialAction\":[{\"@type\":\"SearchAction\",\"target\":{\"@type\":\"EntryPoint\",\"urlTemplate\":\"https:\\\/\\\/bboxbeauty.ca\\\/fr\\\/?s={search_term_string}\"},\"query-input\":{\"@type\":\"PropertyValueSpecification\",\"valueRequired\":true,\"valueName\":\"search_term_string\"}}],\"inLanguage\":\"fr-FR\"},{\"@type\":\"Organization\",\"@id\":\"https:\\\/\\\/bboxbeauty.ca\\\/fr\\\/#organization\",\"name\":\"B-Box Beauty\",\"alternateName\":\"B-Box\",\"url\":\"https:\\\/\\\/bboxbeauty.ca\\\/fr\\\/\",\"logo\":{\"@type\":\"ImageObject\",\"inLanguage\":\"fr-FR\",\"@id\":\"https:\\\/\\\/bboxbeauty.ca\\\/fr\\\/#\\\/schema\\\/logo\\\/image\\\/\",\"url\":\"https:\\\/\\\/bboxbeauty.ca\\\/wp-content\\\/uploads\\\/2022\\\/11\\\/logo.png\",\"contentUrl\":\"https:\\\/\\\/bboxbeauty.ca\\\/wp-content\\\/uploads\\\/2022\\\/11\\\/logo.png\",\"width\":250,\"height\":87,\"caption\":\"B-Box Beauty\"},\"image\":{\"@id\":\"https:\\\/\\\/bboxbeauty.ca\\\/fr\\\/#\\\/schema\\\/logo\\\/image\\\/\"},\"sameAs\":[\"https:\\\/\\\/www.facebook.com\\\/BBoxBeauty\\\/\",\"https:\\\/\\\/www.instagram.com\\\/bboxbeauty\\\/\",\"https:\\\/\\\/www.linkedin.com\\\/company\\\/b-box-beauty\\\/\"]}]}<\/script>\n<!-- \/ Yoast SEO plugin. -->","yoast_head_json":{"title":"Hevatox Ampoule Gold | B-BOX Beauty","description":"Le Hevatox Ampoule Gold contient 600 ppm d'or 24K. Cet or pur \u00e0 99,9% procure un raffermissement intensif et de nombreux bienfaits \u00e0 la peau.","robots":{"index":"index","follow":"follow","max-snippet":"max-snippet:-1","max-image-preview":"max-image-preview:large","max-video-preview":"max-video-preview:-1"},"canonical":"https:\/\/bboxbeauty.ca\/fr\/produit\/hevatox-ampoule-gold\/","schema":{"@context":"https:\/\/schema.org","@graph":[{"@type":"WebPage","@id":"https:\/\/bboxbeauty.ca\/fr\/produit\/hevatox-ampoule-gold\/","url":"https:\/\/bboxbeauty.ca\/fr\/produit\/hevatox-ampoule-gold\/","name":"Hevatox Ampoule Gold | B-BOX Beauty","isPartOf":{"@id":"https:\/\/bboxbeauty.ca\/fr\/#website"},"primaryImageOfPage":{"@id":"https:\/\/bboxbeauty.ca\/fr\/produit\/hevatox-ampoule-gold\/#primaryimage"},"image":{"@id":"https:\/\/bboxbeauty.ca\/fr\/produit\/hevatox-ampoule-gold\/#primaryimage"},"thumbnailUrl":"https:\/\/bboxbeauty.ca\/wp-content\/uploads\/2022\/10\/Hevatox-Gold-Ampoule.jpg","datePublished":"2022-10-31T17:18:21+00:00","dateModified":"2025-07-04T12:04:24+00:00","description":"Le Hevatox Ampoule Gold contient 600 ppm d'or 24K. Cet or pur \u00e0 99,9% procure un raffermissement intensif et de nombreux bienfaits \u00e0 la peau.","breadcrumb":{"@id":"https:\/\/bboxbeauty.ca\/fr\/produit\/hevatox-ampoule-gold\/#breadcrumb"},"inLanguage":"fr-FR","potentialAction":[{"@type":"ReadAction","target":["https:\/\/bboxbeauty.ca\/fr\/produit\/hevatox-ampoule-gold\/"]}]},{"@type":"ImageObject","inLanguage":"fr-FR","@id":"https:\/\/bboxbeauty.ca\/fr\/produit\/hevatox-ampoule-gold\/#primaryimage","url":"https:\/\/bboxbeauty.ca\/wp-content\/uploads\/2022\/10\/Hevatox-Gold-Ampoule.jpg","contentUrl":"https:\/\/bboxbeauty.ca\/wp-content\/uploads\/2022\/10\/Hevatox-Gold-Ampoule.jpg","width":1200,"height":1200,"caption":"Hevatox Ampoule Gold"},{"@type":"BreadcrumbList","@id":"https:\/\/bboxbeauty.ca\/fr\/produit\/hevatox-ampoule-gold\/#breadcrumb","itemListElement":[{"@type":"ListItem","position":1,"name":"Home","item":"https:\/\/bboxbeauty.ca\/fr\/"},{"@type":"ListItem","position":2,"name":"Boutique","item":"https:\/\/bboxbeauty.ca\/fr\/boutique\/"},{"@type":"ListItem","position":3,"name":"Hevatox Ampoule Gold"}]},{"@type":"WebSite","@id":"https:\/\/bboxbeauty.ca\/fr\/#website","url":"https:\/\/bboxbeauty.ca\/fr\/","name":"B-BOX Beauty","description":"Skin Care To The Next Level","publisher":{"@id":"https:\/\/bboxbeauty.ca\/fr\/#organization"},"alternateName":"B-Box","potentialAction":[{"@type":"SearchAction","target":{"@type":"EntryPoint","urlTemplate":"https:\/\/bboxbeauty.ca\/fr\/?s={search_term_string}"},"query-input":{"@type":"PropertyValueSpecification","valueRequired":true,"valueName":"search_term_string"}}],"inLanguage":"fr-FR"},{"@type":"Organization","@id":"https:\/\/bboxbeauty.ca\/fr\/#organization","name":"B-Box Beauty","alternateName":"B-Box","url":"https:\/\/bboxbeauty.ca\/fr\/","logo":{"@type":"ImageObject","inLanguage":"fr-FR","@id":"https:\/\/bboxbeauty.ca\/fr\/#\/schema\/logo\/image\/","url":"https:\/\/bboxbeauty.ca\/wp-content\/uploads\/2022\/11\/logo.png","contentUrl":"https:\/\/bboxbeauty.ca\/wp-content\/uploads\/2022\/11\/logo.png","width":250,"height":87,"caption":"B-Box Beauty"},"image":{"@id":"https:\/\/bboxbeauty.ca\/fr\/#\/schema\/logo\/image\/"},"sameAs":["https:\/\/www.facebook.com\/BBoxBeauty\/","https:\/\/www.instagram.com\/bboxbeauty\/","https:\/\/www.linkedin.com\/company\/b-box-beauty\/"]}]}},"_links":{"self":[{"href":"https:\/\/bboxbeauty.ca\/fr\/wp-json\/wp\/v2\/product\/3425","targetHints":{"allow":["GET"]}}],"collection":[{"href":"https:\/\/bboxbeauty.ca\/fr\/wp-json\/wp\/v2\/product"}],"about":[{"href":"https:\/\/bboxbeauty.ca\/fr\/wp-json\/wp\/v2\/types\/product"}],"replies":[{"embeddable":true,"href":"https:\/\/bboxbeauty.ca\/fr\/wp-json\/wp\/v2\/comments?post=3425"}],"wp:featuredmedia":[{"embeddable":true,"href":"https:\/\/bboxbeauty.ca\/fr\/wp-json\/wp\/v2\/media\/3240"}],"wp:attachment":[{"href":"https:\/\/bboxbeauty.ca\/fr\/wp-json\/wp\/v2\/media?parent=3425"}],"wp:term":[{"taxonomy":"product_brand","embeddable":true,"href":"https:\/\/bboxbeauty.ca\/fr\/wp-json\/wp\/v2\/product_brand?post=3425"},{"taxonomy":"product_cat","embeddable":true,"href":"https:\/\/bboxbeauty.ca\/fr\/wp-json\/wp\/v2\/product_cat?post=3425"},{"taxonomy":"product_tag","embeddable":true,"href":"https:\/\/bboxbeauty.ca\/fr\/wp-json\/wp\/v2\/product_tag?post=3425"},{"taxonomy":"giftcard-category","embeddable":true,"href":"https:\/\/bboxbeauty.ca\/fr\/wp-json\/wp\/v2\/giftcard-category?post=3425"}],"curies":[{"name":"wp","href":"https:\/\/api.w.org\/{rel}","templated":true}]}}