{"id":3423,"date":"2021-01-27T07:10:27","date_gmt":"2021-01-27T12:10:27","guid":{"rendered":"https:\/\/bboxbeauty.wpengine.com\/product\/prebio-boost-regenerating-serum\/"},"modified":"2025-06-04T23:18:34","modified_gmt":"2025-06-05T03:18:34","slug":"b-box-serum-regenerant-prebio-boost","status":"publish","type":"product","link":"https:\/\/bboxbeauty.ca\/fr\/produit\/b-box-serum-regenerant-prebio-boost\/","title":{"rendered":"B-BOX S\u00e9rum R\u00e9g\u00e9n\u00e9rant Pr\u00e9bio-Boost"},"content":{"rendered":"<p>S\u00e9rum ultra-r\u00e9g\u00e9n\u00e9rant ! D\u00e8s la premi\u00e8re application, la peau est visiblement plus lisse et plus douce au toucher, le teint est plus lumineux et plus frais.<\/p>\n<p><strong>En quoi est-il diff\u00e9rent ? <\/strong><\/p>\n<p>S\u00e9rum ultra-concentr\u00e9 contenant des pr\u00e9biotiques, des polysaccharides, des vitamines et des min\u00e9raux. Nos chimistes ont mis au point une formulation riche en principes actifs dont le poids mol\u00e9culaire fractionn\u00e9 assure la stimulation des couches interm\u00e9diaires du derme. Ce s\u00e9rum est un adversaire de taille contre les \u00e9l\u00e9ments environnementaux qui vous entourent tel que la lumi\u00e8re bleue, la pollution et le stress oxydatif.<\/p>\n","protected":false},"excerpt":{"rendered":"<h4>Pour les peaux matures<\/h4>\n<p>Le B-BOX S\u00e9rum R\u00e9g\u00e9n\u00e9rant Pr\u00e9bio-Boost est id\u00e9al pour les peaux d\u00e9vitalis\u00e9es qui ont besoin d&rsquo;un <strong>BOOST<\/strong> de principes actifs.<\/p>\n<ul>\n<li class=\"bullet-arrow\"><strong>Texture :<\/strong> Gel non gras<\/li>\n<li class=\"bullet-arrow\"><strong>Odeur :<\/strong> M\u00e9lange \u00e9quilibr\u00e9 de l\u00e9g\u00e8rement bois\u00e9<\/li>\n<li class=\"bullet-arrow\"><strong>Format :<\/strong> 30 g \u2013 1.00 oz.<\/li>\n<\/ul>\n","protected":false},"featured_media":3181,"comment_status":"open","ping_status":"closed","template":"","meta":[],"product_brand":[],"product_cat":[105,113,115,116,95],"product_tag":[],"giftcard-category":[],"class_list":{"0":"post-3423","1":"product","2":"type-product","3":"status-publish","4":"has-post-thumbnail","6":"product_cat-b-box-beauty-fr","7":"product_cat-peau-grasse","8":"product_cat-peau-sensible","9":"product_cat-rosacee","10":"product_cat-serums-huiles-seches","12":"first","13":"instock","14":"featured","15":"taxable","16":"shipping-taxable","17":"purchasable","18":"product-type-simple"},"yoast_head":"<!-- This site is optimized with the Yoast SEO plugin v27.3 - https:\/\/yoast.com\/product\/yoast-seo-wordpress\/ -->\n<title>B-BOX S\u00e9rum R\u00e9g\u00e9n\u00e9rant Pr\u00e9bio-Boost | B-BOX Beauty<\/title>\n<meta name=\"description\" content=\"Le B-BOX S\u00e9rum R\u00e9g\u00e9n\u00e9rant Pr\u00e9bio-Boost est id\u00e9al pour les peaux d\u00e9vitalis\u00e9es qui ont besoin d&#039;un BOOST de principes actifs.\" \/>\n<meta name=\"robots\" content=\"index, follow, max-snippet:-1, max-image-preview:large, max-video-preview:-1\" \/>\n<link rel=\"canonical\" href=\"https:\/\/bboxbeauty.ca\/fr\/produit\/b-box-serum-regenerant-prebio-boost\/\" \/>\n<script type=\"application\/ld+json\" class=\"yoast-schema-graph\">{\"@context\":\"https:\\\/\\\/schema.org\",\"@graph\":[{\"@type\":\"WebPage\",\"@id\":\"https:\\\/\\\/bboxbeauty.ca\\\/fr\\\/produit\\\/b-box-serum-regenerant-prebio-boost\\\/\",\"url\":\"https:\\\/\\\/bboxbeauty.ca\\\/fr\\\/produit\\\/b-box-serum-regenerant-prebio-boost\\\/\",\"name\":\"B-BOX S\u00e9rum R\u00e9g\u00e9n\u00e9rant Pr\u00e9bio-Boost | B-BOX Beauty\",\"isPartOf\":{\"@id\":\"https:\\\/\\\/bboxbeauty.ca\\\/fr\\\/#website\"},\"primaryImageOfPage\":{\"@id\":\"https:\\\/\\\/bboxbeauty.ca\\\/fr\\\/produit\\\/b-box-serum-regenerant-prebio-boost\\\/#primaryimage\"},\"image\":{\"@id\":\"https:\\\/\\\/bboxbeauty.ca\\\/fr\\\/produit\\\/b-box-serum-regenerant-prebio-boost\\\/#primaryimage\"},\"thumbnailUrl\":\"https:\\\/\\\/bboxbeauty.ca\\\/wp-content\\\/uploads\\\/2021\\\/01\\\/B-BOX-Prebio-Boost-Bio-Regenerating-Serum.jpg\",\"datePublished\":\"2021-01-27T12:10:27+00:00\",\"dateModified\":\"2025-06-05T03:18:34+00:00\",\"description\":\"Le B-BOX S\u00e9rum R\u00e9g\u00e9n\u00e9rant Pr\u00e9bio-Boost est id\u00e9al pour les peaux d\u00e9vitalis\u00e9es qui ont besoin d'un BOOST de principes actifs.\",\"breadcrumb\":{\"@id\":\"https:\\\/\\\/bboxbeauty.ca\\\/fr\\\/produit\\\/b-box-serum-regenerant-prebio-boost\\\/#breadcrumb\"},\"inLanguage\":\"fr-FR\",\"potentialAction\":[{\"@type\":\"ReadAction\",\"target\":[\"https:\\\/\\\/bboxbeauty.ca\\\/fr\\\/produit\\\/b-box-serum-regenerant-prebio-boost\\\/\"]}]},{\"@type\":\"ImageObject\",\"inLanguage\":\"fr-FR\",\"@id\":\"https:\\\/\\\/bboxbeauty.ca\\\/fr\\\/produit\\\/b-box-serum-regenerant-prebio-boost\\\/#primaryimage\",\"url\":\"https:\\\/\\\/bboxbeauty.ca\\\/wp-content\\\/uploads\\\/2021\\\/01\\\/B-BOX-Prebio-Boost-Bio-Regenerating-Serum.jpg\",\"contentUrl\":\"https:\\\/\\\/bboxbeauty.ca\\\/wp-content\\\/uploads\\\/2021\\\/01\\\/B-BOX-Prebio-Boost-Bio-Regenerating-Serum.jpg\",\"width\":1200,\"height\":1200,\"caption\":\"B-BOX S\u00e9rum R\u00e9g\u00e9n\u00e9rant Pr\u00e9bio-Boost\"},{\"@type\":\"BreadcrumbList\",\"@id\":\"https:\\\/\\\/bboxbeauty.ca\\\/fr\\\/produit\\\/b-box-serum-regenerant-prebio-boost\\\/#breadcrumb\",\"itemListElement\":[{\"@type\":\"ListItem\",\"position\":1,\"name\":\"Home\",\"item\":\"https:\\\/\\\/bboxbeauty.ca\\\/fr\\\/\"},{\"@type\":\"ListItem\",\"position\":2,\"name\":\"Boutique\",\"item\":\"https:\\\/\\\/bboxbeauty.ca\\\/fr\\\/boutique\\\/\"},{\"@type\":\"ListItem\",\"position\":3,\"name\":\"B-BOX S\u00e9rum R\u00e9g\u00e9n\u00e9rant Pr\u00e9bio-Boost\"}]},{\"@type\":\"WebSite\",\"@id\":\"https:\\\/\\\/bboxbeauty.ca\\\/fr\\\/#website\",\"url\":\"https:\\\/\\\/bboxbeauty.ca\\\/fr\\\/\",\"name\":\"B-BOX Beauty\",\"description\":\"Skin Care To The Next Level\",\"publisher\":{\"@id\":\"https:\\\/\\\/bboxbeauty.ca\\\/fr\\\/#organization\"},\"alternateName\":\"B-Box\",\"potentialAction\":[{\"@type\":\"SearchAction\",\"target\":{\"@type\":\"EntryPoint\",\"urlTemplate\":\"https:\\\/\\\/bboxbeauty.ca\\\/fr\\\/?s={search_term_string}\"},\"query-input\":{\"@type\":\"PropertyValueSpecification\",\"valueRequired\":true,\"valueName\":\"search_term_string\"}}],\"inLanguage\":\"fr-FR\"},{\"@type\":\"Organization\",\"@id\":\"https:\\\/\\\/bboxbeauty.ca\\\/fr\\\/#organization\",\"name\":\"B-Box Beauty\",\"alternateName\":\"B-Box\",\"url\":\"https:\\\/\\\/bboxbeauty.ca\\\/fr\\\/\",\"logo\":{\"@type\":\"ImageObject\",\"inLanguage\":\"fr-FR\",\"@id\":\"https:\\\/\\\/bboxbeauty.ca\\\/fr\\\/#\\\/schema\\\/logo\\\/image\\\/\",\"url\":\"https:\\\/\\\/bboxbeauty.ca\\\/wp-content\\\/uploads\\\/2022\\\/11\\\/logo.png\",\"contentUrl\":\"https:\\\/\\\/bboxbeauty.ca\\\/wp-content\\\/uploads\\\/2022\\\/11\\\/logo.png\",\"width\":250,\"height\":87,\"caption\":\"B-Box Beauty\"},\"image\":{\"@id\":\"https:\\\/\\\/bboxbeauty.ca\\\/fr\\\/#\\\/schema\\\/logo\\\/image\\\/\"},\"sameAs\":[\"https:\\\/\\\/www.facebook.com\\\/BBoxBeauty\\\/\",\"https:\\\/\\\/www.instagram.com\\\/bboxbeauty\\\/\",\"https:\\\/\\\/www.linkedin.com\\\/company\\\/b-box-beauty\\\/\"]}]}<\/script>\n<!-- \/ Yoast SEO plugin. -->","yoast_head_json":{"title":"B-BOX S\u00e9rum R\u00e9g\u00e9n\u00e9rant Pr\u00e9bio-Boost | B-BOX Beauty","description":"Le B-BOX S\u00e9rum R\u00e9g\u00e9n\u00e9rant Pr\u00e9bio-Boost est id\u00e9al pour les peaux d\u00e9vitalis\u00e9es qui ont besoin d'un BOOST de principes actifs.","robots":{"index":"index","follow":"follow","max-snippet":"max-snippet:-1","max-image-preview":"max-image-preview:large","max-video-preview":"max-video-preview:-1"},"canonical":"https:\/\/bboxbeauty.ca\/fr\/produit\/b-box-serum-regenerant-prebio-boost\/","schema":{"@context":"https:\/\/schema.org","@graph":[{"@type":"WebPage","@id":"https:\/\/bboxbeauty.ca\/fr\/produit\/b-box-serum-regenerant-prebio-boost\/","url":"https:\/\/bboxbeauty.ca\/fr\/produit\/b-box-serum-regenerant-prebio-boost\/","name":"B-BOX S\u00e9rum R\u00e9g\u00e9n\u00e9rant Pr\u00e9bio-Boost | B-BOX Beauty","isPartOf":{"@id":"https:\/\/bboxbeauty.ca\/fr\/#website"},"primaryImageOfPage":{"@id":"https:\/\/bboxbeauty.ca\/fr\/produit\/b-box-serum-regenerant-prebio-boost\/#primaryimage"},"image":{"@id":"https:\/\/bboxbeauty.ca\/fr\/produit\/b-box-serum-regenerant-prebio-boost\/#primaryimage"},"thumbnailUrl":"https:\/\/bboxbeauty.ca\/wp-content\/uploads\/2021\/01\/B-BOX-Prebio-Boost-Bio-Regenerating-Serum.jpg","datePublished":"2021-01-27T12:10:27+00:00","dateModified":"2025-06-05T03:18:34+00:00","description":"Le B-BOX S\u00e9rum R\u00e9g\u00e9n\u00e9rant Pr\u00e9bio-Boost est id\u00e9al pour les peaux d\u00e9vitalis\u00e9es qui ont besoin d'un BOOST de principes actifs.","breadcrumb":{"@id":"https:\/\/bboxbeauty.ca\/fr\/produit\/b-box-serum-regenerant-prebio-boost\/#breadcrumb"},"inLanguage":"fr-FR","potentialAction":[{"@type":"ReadAction","target":["https:\/\/bboxbeauty.ca\/fr\/produit\/b-box-serum-regenerant-prebio-boost\/"]}]},{"@type":"ImageObject","inLanguage":"fr-FR","@id":"https:\/\/bboxbeauty.ca\/fr\/produit\/b-box-serum-regenerant-prebio-boost\/#primaryimage","url":"https:\/\/bboxbeauty.ca\/wp-content\/uploads\/2021\/01\/B-BOX-Prebio-Boost-Bio-Regenerating-Serum.jpg","contentUrl":"https:\/\/bboxbeauty.ca\/wp-content\/uploads\/2021\/01\/B-BOX-Prebio-Boost-Bio-Regenerating-Serum.jpg","width":1200,"height":1200,"caption":"B-BOX S\u00e9rum R\u00e9g\u00e9n\u00e9rant Pr\u00e9bio-Boost"},{"@type":"BreadcrumbList","@id":"https:\/\/bboxbeauty.ca\/fr\/produit\/b-box-serum-regenerant-prebio-boost\/#breadcrumb","itemListElement":[{"@type":"ListItem","position":1,"name":"Home","item":"https:\/\/bboxbeauty.ca\/fr\/"},{"@type":"ListItem","position":2,"name":"Boutique","item":"https:\/\/bboxbeauty.ca\/fr\/boutique\/"},{"@type":"ListItem","position":3,"name":"B-BOX S\u00e9rum R\u00e9g\u00e9n\u00e9rant Pr\u00e9bio-Boost"}]},{"@type":"WebSite","@id":"https:\/\/bboxbeauty.ca\/fr\/#website","url":"https:\/\/bboxbeauty.ca\/fr\/","name":"B-BOX Beauty","description":"Skin Care To The Next Level","publisher":{"@id":"https:\/\/bboxbeauty.ca\/fr\/#organization"},"alternateName":"B-Box","potentialAction":[{"@type":"SearchAction","target":{"@type":"EntryPoint","urlTemplate":"https:\/\/bboxbeauty.ca\/fr\/?s={search_term_string}"},"query-input":{"@type":"PropertyValueSpecification","valueRequired":true,"valueName":"search_term_string"}}],"inLanguage":"fr-FR"},{"@type":"Organization","@id":"https:\/\/bboxbeauty.ca\/fr\/#organization","name":"B-Box Beauty","alternateName":"B-Box","url":"https:\/\/bboxbeauty.ca\/fr\/","logo":{"@type":"ImageObject","inLanguage":"fr-FR","@id":"https:\/\/bboxbeauty.ca\/fr\/#\/schema\/logo\/image\/","url":"https:\/\/bboxbeauty.ca\/wp-content\/uploads\/2022\/11\/logo.png","contentUrl":"https:\/\/bboxbeauty.ca\/wp-content\/uploads\/2022\/11\/logo.png","width":250,"height":87,"caption":"B-Box Beauty"},"image":{"@id":"https:\/\/bboxbeauty.ca\/fr\/#\/schema\/logo\/image\/"},"sameAs":["https:\/\/www.facebook.com\/BBoxBeauty\/","https:\/\/www.instagram.com\/bboxbeauty\/","https:\/\/www.linkedin.com\/company\/b-box-beauty\/"]}]}},"_links":{"self":[{"href":"https:\/\/bboxbeauty.ca\/fr\/wp-json\/wp\/v2\/product\/3423","targetHints":{"allow":["GET"]}}],"collection":[{"href":"https:\/\/bboxbeauty.ca\/fr\/wp-json\/wp\/v2\/product"}],"about":[{"href":"https:\/\/bboxbeauty.ca\/fr\/wp-json\/wp\/v2\/types\/product"}],"replies":[{"embeddable":true,"href":"https:\/\/bboxbeauty.ca\/fr\/wp-json\/wp\/v2\/comments?post=3423"}],"wp:featuredmedia":[{"embeddable":true,"href":"https:\/\/bboxbeauty.ca\/fr\/wp-json\/wp\/v2\/media\/3181"}],"wp:attachment":[{"href":"https:\/\/bboxbeauty.ca\/fr\/wp-json\/wp\/v2\/media?parent=3423"}],"wp:term":[{"taxonomy":"product_brand","embeddable":true,"href":"https:\/\/bboxbeauty.ca\/fr\/wp-json\/wp\/v2\/product_brand?post=3423"},{"taxonomy":"product_cat","embeddable":true,"href":"https:\/\/bboxbeauty.ca\/fr\/wp-json\/wp\/v2\/product_cat?post=3423"},{"taxonomy":"product_tag","embeddable":true,"href":"https:\/\/bboxbeauty.ca\/fr\/wp-json\/wp\/v2\/product_tag?post=3423"},{"taxonomy":"giftcard-category","embeddable":true,"href":"https:\/\/bboxbeauty.ca\/fr\/wp-json\/wp\/v2\/giftcard-category?post=3423"}],"curies":[{"name":"wp","href":"https:\/\/api.w.org\/{rel}","templated":true}]}}