{"id":3421,"date":"2021-01-27T07:13:00","date_gmt":"2021-01-27T12:13:00","guid":{"rendered":"https:\/\/bboxbeauty.wpengine.com\/product\/3-regenerating-oil\/"},"modified":"2026-02-09T15:30:14","modified_gmt":"2026-02-09T20:30:14","slug":"b-box-huile-seche-regenerante-olea-3","status":"publish","type":"product","link":"https:\/\/bboxbeauty.ca\/fr\/produit\/b-box-huile-seche-regenerante-olea-3\/","title":{"rendered":"B-BOX Huile S\u00e8che R\u00e9g\u00e9n\u00e9rante Ol\u00e9a-3"},"content":{"rendered":"<p>Une huile s\u00e8che v\u00e9g\u00e9tale biologique nourrissante et r\u00e9paratrice qui aide \u00e0 r\u00e9g\u00e9n\u00e9rer la barri\u00e8re cutan\u00e9e pour pr\u00e9server l&rsquo;hydratation des couches sup\u00e9rieures de l&rsquo;\u00e9piderme. Ce soin am\u00e9liore la souplesse et l&rsquo;\u00e9lasticit\u00e9 de la peau. Cette huile pr\u00e9cieuse permet d&rsquo;assurer une protection quotidienne de la peau contre les agressions environnementales et le stress oxydatif.<\/p>\n<p><strong>En quoi est-il diff\u00e9rent ? <\/strong><\/p>\n<p>Une synergie d&rsquo;huiles v\u00e9g\u00e9tales 100% biologiques associ\u00e9es \u00e0 des actifs antioxydants tels que l&rsquo;huile d&rsquo;Olea Europaea, la vitamine E, l&rsquo;extrait de feuille de cam\u00e9lia et l&rsquo;huile d&rsquo;avocat. La formulation de cette huile est non com\u00e9dog\u00e8ne gr\u00e2ce \u00e0 ses huiles press\u00e9es \u00e0 froid. Une huile s\u00e8che riche en acide ol\u00e9ique et en om\u00e9ga 3.<\/p>\n","protected":false},"excerpt":{"rendered":"<h4>Pour tous les types de peau<\/h4>\n<p>Le B-BOX Huile S\u00e8che R\u00e9g\u00e9n\u00e9rante Ol\u00e9a-3 est une huile s\u00e8che hydratante et r\u00e9g\u00e9n\u00e9rante, 100% biologique, riche en acide ol\u00e9ique et en om\u00e9ga-3. Id\u00e9ale pour tous les types de peau.<\/p>\n<ul>\n<li class=\"bullet-arrow\"><strong>Texture :<\/strong> Huile s\u00e8che<\/li>\n<li class=\"bullet-arrow\"><strong>Odeur :<\/strong> M\u00e9lange l\u00e9ger et \u00e9quilibr\u00e9 d&rsquo;herbes et de fleurs fra\u00eeches<\/li>\n<li class=\"bullet-arrow\"><strong>Format :<\/strong> 30 ml \u2013 1.00 fl.oz.<\/li>\n<\/ul>\n","protected":false},"featured_media":3180,"comment_status":"open","ping_status":"closed","template":"","meta":[],"product_brand":[],"product_cat":[119,105,114,115,95],"product_tag":[],"giftcard-category":[],"class_list":{"0":"post-3421","1":"product","2":"type-product","3":"status-publish","4":"has-post-thumbnail","6":"product_cat-anti-age","7":"product_cat-b-box-beauty-fr","8":"product_cat-peau-seche","9":"product_cat-peau-sensible","10":"product_cat-serums-huiles-seches","12":"first","13":"instock","14":"taxable","15":"shipping-taxable","16":"purchasable","17":"product-type-simple"},"yoast_head":"<!-- This site is optimized with the Yoast SEO plugin v27.4 - https:\/\/yoast.com\/product\/yoast-seo-wordpress\/ -->\n<title>B-BOX Huile S\u00e8che R\u00e9g\u00e9n\u00e9rante Ol\u00e9a-3 | B-BOX Beauty<\/title>\n<meta name=\"description\" content=\"Le B-BOX Huile S\u00e8che R\u00e9g\u00e9n\u00e9rante Ol\u00e9a-3 est une huile s\u00e8che hydratante et r\u00e9g\u00e9n\u00e9rante, 100% biologique, riche en acide ol\u00e9ique et en om\u00e9ga-3. Id\u00e9ale pour tous les types de peau.\" \/>\n<meta name=\"robots\" content=\"index, follow, max-snippet:-1, max-image-preview:large, max-video-preview:-1\" \/>\n<link rel=\"canonical\" href=\"https:\/\/bboxbeauty.ca\/fr\/produit\/b-box-huile-seche-regenerante-olea-3\/\" \/>\n<script type=\"application\/ld+json\" class=\"yoast-schema-graph\">{\"@context\":\"https:\\\/\\\/schema.org\",\"@graph\":[{\"@type\":\"WebPage\",\"@id\":\"https:\\\/\\\/bboxbeauty.ca\\\/fr\\\/produit\\\/b-box-huile-seche-regenerante-olea-3\\\/\",\"url\":\"https:\\\/\\\/bboxbeauty.ca\\\/fr\\\/produit\\\/b-box-huile-seche-regenerante-olea-3\\\/\",\"name\":\"B-BOX Huile S\u00e8che R\u00e9g\u00e9n\u00e9rante Ol\u00e9a-3 | B-BOX Beauty\",\"isPartOf\":{\"@id\":\"https:\\\/\\\/bboxbeauty.ca\\\/fr\\\/#website\"},\"primaryImageOfPage\":{\"@id\":\"https:\\\/\\\/bboxbeauty.ca\\\/fr\\\/produit\\\/b-box-huile-seche-regenerante-olea-3\\\/#primaryimage\"},\"image\":{\"@id\":\"https:\\\/\\\/bboxbeauty.ca\\\/fr\\\/produit\\\/b-box-huile-seche-regenerante-olea-3\\\/#primaryimage\"},\"thumbnailUrl\":\"https:\\\/\\\/bboxbeauty.ca\\\/wp-content\\\/uploads\\\/2021\\\/01\\\/B-BOX-Olea-3-Bio-Regenerating-Dry-Oil.jpg\",\"datePublished\":\"2021-01-27T12:13:00+00:00\",\"dateModified\":\"2026-02-09T20:30:14+00:00\",\"description\":\"Le B-BOX Huile S\u00e8che R\u00e9g\u00e9n\u00e9rante Ol\u00e9a-3 est une huile s\u00e8che hydratante et r\u00e9g\u00e9n\u00e9rante, 100% biologique, riche en acide ol\u00e9ique et en om\u00e9ga-3. Id\u00e9ale pour tous les types de peau.\",\"breadcrumb\":{\"@id\":\"https:\\\/\\\/bboxbeauty.ca\\\/fr\\\/produit\\\/b-box-huile-seche-regenerante-olea-3\\\/#breadcrumb\"},\"inLanguage\":\"fr-FR\",\"potentialAction\":[{\"@type\":\"ReadAction\",\"target\":[\"https:\\\/\\\/bboxbeauty.ca\\\/fr\\\/produit\\\/b-box-huile-seche-regenerante-olea-3\\\/\"]}]},{\"@type\":\"ImageObject\",\"inLanguage\":\"fr-FR\",\"@id\":\"https:\\\/\\\/bboxbeauty.ca\\\/fr\\\/produit\\\/b-box-huile-seche-regenerante-olea-3\\\/#primaryimage\",\"url\":\"https:\\\/\\\/bboxbeauty.ca\\\/wp-content\\\/uploads\\\/2021\\\/01\\\/B-BOX-Olea-3-Bio-Regenerating-Dry-Oil.jpg\",\"contentUrl\":\"https:\\\/\\\/bboxbeauty.ca\\\/wp-content\\\/uploads\\\/2021\\\/01\\\/B-BOX-Olea-3-Bio-Regenerating-Dry-Oil.jpg\",\"width\":1200,\"height\":1200,\"caption\":\"B-BOX Huile S\u00e8che R\u00e9g\u00e9n\u00e9rante Ol\u00e9a-3\"},{\"@type\":\"BreadcrumbList\",\"@id\":\"https:\\\/\\\/bboxbeauty.ca\\\/fr\\\/produit\\\/b-box-huile-seche-regenerante-olea-3\\\/#breadcrumb\",\"itemListElement\":[{\"@type\":\"ListItem\",\"position\":1,\"name\":\"Home\",\"item\":\"https:\\\/\\\/bboxbeauty.ca\\\/fr\\\/\"},{\"@type\":\"ListItem\",\"position\":2,\"name\":\"Boutique\",\"item\":\"https:\\\/\\\/bboxbeauty.ca\\\/fr\\\/boutique\\\/\"},{\"@type\":\"ListItem\",\"position\":3,\"name\":\"B-BOX Huile S\u00e8che R\u00e9g\u00e9n\u00e9rante Ol\u00e9a-3\"}]},{\"@type\":\"WebSite\",\"@id\":\"https:\\\/\\\/bboxbeauty.ca\\\/fr\\\/#website\",\"url\":\"https:\\\/\\\/bboxbeauty.ca\\\/fr\\\/\",\"name\":\"B-BOX Beauty\",\"description\":\"Skin Care To The Next Level\",\"publisher\":{\"@id\":\"https:\\\/\\\/bboxbeauty.ca\\\/fr\\\/#organization\"},\"alternateName\":\"B-Box\",\"potentialAction\":[{\"@type\":\"SearchAction\",\"target\":{\"@type\":\"EntryPoint\",\"urlTemplate\":\"https:\\\/\\\/bboxbeauty.ca\\\/fr\\\/?s={search_term_string}\"},\"query-input\":{\"@type\":\"PropertyValueSpecification\",\"valueRequired\":true,\"valueName\":\"search_term_string\"}}],\"inLanguage\":\"fr-FR\"},{\"@type\":\"Organization\",\"@id\":\"https:\\\/\\\/bboxbeauty.ca\\\/fr\\\/#organization\",\"name\":\"B-Box Beauty\",\"alternateName\":\"B-Box\",\"url\":\"https:\\\/\\\/bboxbeauty.ca\\\/fr\\\/\",\"logo\":{\"@type\":\"ImageObject\",\"inLanguage\":\"fr-FR\",\"@id\":\"https:\\\/\\\/bboxbeauty.ca\\\/fr\\\/#\\\/schema\\\/logo\\\/image\\\/\",\"url\":\"https:\\\/\\\/bboxbeauty.ca\\\/wp-content\\\/uploads\\\/2022\\\/11\\\/logo.png\",\"contentUrl\":\"https:\\\/\\\/bboxbeauty.ca\\\/wp-content\\\/uploads\\\/2022\\\/11\\\/logo.png\",\"width\":250,\"height\":87,\"caption\":\"B-Box Beauty\"},\"image\":{\"@id\":\"https:\\\/\\\/bboxbeauty.ca\\\/fr\\\/#\\\/schema\\\/logo\\\/image\\\/\"},\"sameAs\":[\"https:\\\/\\\/www.facebook.com\\\/BBoxBeauty\\\/\",\"https:\\\/\\\/www.instagram.com\\\/bboxbeauty\\\/\",\"https:\\\/\\\/www.linkedin.com\\\/company\\\/b-box-beauty\\\/\"]}]}<\/script>\n<!-- \/ Yoast SEO plugin. -->","yoast_head_json":{"title":"B-BOX Huile S\u00e8che R\u00e9g\u00e9n\u00e9rante Ol\u00e9a-3 | B-BOX Beauty","description":"Le B-BOX Huile S\u00e8che R\u00e9g\u00e9n\u00e9rante Ol\u00e9a-3 est une huile s\u00e8che hydratante et r\u00e9g\u00e9n\u00e9rante, 100% biologique, riche en acide ol\u00e9ique et en om\u00e9ga-3. Id\u00e9ale pour tous les types de peau.","robots":{"index":"index","follow":"follow","max-snippet":"max-snippet:-1","max-image-preview":"max-image-preview:large","max-video-preview":"max-video-preview:-1"},"canonical":"https:\/\/bboxbeauty.ca\/fr\/produit\/b-box-huile-seche-regenerante-olea-3\/","schema":{"@context":"https:\/\/schema.org","@graph":[{"@type":"WebPage","@id":"https:\/\/bboxbeauty.ca\/fr\/produit\/b-box-huile-seche-regenerante-olea-3\/","url":"https:\/\/bboxbeauty.ca\/fr\/produit\/b-box-huile-seche-regenerante-olea-3\/","name":"B-BOX Huile S\u00e8che R\u00e9g\u00e9n\u00e9rante Ol\u00e9a-3 | B-BOX Beauty","isPartOf":{"@id":"https:\/\/bboxbeauty.ca\/fr\/#website"},"primaryImageOfPage":{"@id":"https:\/\/bboxbeauty.ca\/fr\/produit\/b-box-huile-seche-regenerante-olea-3\/#primaryimage"},"image":{"@id":"https:\/\/bboxbeauty.ca\/fr\/produit\/b-box-huile-seche-regenerante-olea-3\/#primaryimage"},"thumbnailUrl":"https:\/\/bboxbeauty.ca\/wp-content\/uploads\/2021\/01\/B-BOX-Olea-3-Bio-Regenerating-Dry-Oil.jpg","datePublished":"2021-01-27T12:13:00+00:00","dateModified":"2026-02-09T20:30:14+00:00","description":"Le B-BOX Huile S\u00e8che R\u00e9g\u00e9n\u00e9rante Ol\u00e9a-3 est une huile s\u00e8che hydratante et r\u00e9g\u00e9n\u00e9rante, 100% biologique, riche en acide ol\u00e9ique et en om\u00e9ga-3. Id\u00e9ale pour tous les types de peau.","breadcrumb":{"@id":"https:\/\/bboxbeauty.ca\/fr\/produit\/b-box-huile-seche-regenerante-olea-3\/#breadcrumb"},"inLanguage":"fr-FR","potentialAction":[{"@type":"ReadAction","target":["https:\/\/bboxbeauty.ca\/fr\/produit\/b-box-huile-seche-regenerante-olea-3\/"]}]},{"@type":"ImageObject","inLanguage":"fr-FR","@id":"https:\/\/bboxbeauty.ca\/fr\/produit\/b-box-huile-seche-regenerante-olea-3\/#primaryimage","url":"https:\/\/bboxbeauty.ca\/wp-content\/uploads\/2021\/01\/B-BOX-Olea-3-Bio-Regenerating-Dry-Oil.jpg","contentUrl":"https:\/\/bboxbeauty.ca\/wp-content\/uploads\/2021\/01\/B-BOX-Olea-3-Bio-Regenerating-Dry-Oil.jpg","width":1200,"height":1200,"caption":"B-BOX Huile S\u00e8che R\u00e9g\u00e9n\u00e9rante Ol\u00e9a-3"},{"@type":"BreadcrumbList","@id":"https:\/\/bboxbeauty.ca\/fr\/produit\/b-box-huile-seche-regenerante-olea-3\/#breadcrumb","itemListElement":[{"@type":"ListItem","position":1,"name":"Home","item":"https:\/\/bboxbeauty.ca\/fr\/"},{"@type":"ListItem","position":2,"name":"Boutique","item":"https:\/\/bboxbeauty.ca\/fr\/boutique\/"},{"@type":"ListItem","position":3,"name":"B-BOX Huile S\u00e8che R\u00e9g\u00e9n\u00e9rante Ol\u00e9a-3"}]},{"@type":"WebSite","@id":"https:\/\/bboxbeauty.ca\/fr\/#website","url":"https:\/\/bboxbeauty.ca\/fr\/","name":"B-BOX Beauty","description":"Skin Care To The Next Level","publisher":{"@id":"https:\/\/bboxbeauty.ca\/fr\/#organization"},"alternateName":"B-Box","potentialAction":[{"@type":"SearchAction","target":{"@type":"EntryPoint","urlTemplate":"https:\/\/bboxbeauty.ca\/fr\/?s={search_term_string}"},"query-input":{"@type":"PropertyValueSpecification","valueRequired":true,"valueName":"search_term_string"}}],"inLanguage":"fr-FR"},{"@type":"Organization","@id":"https:\/\/bboxbeauty.ca\/fr\/#organization","name":"B-Box Beauty","alternateName":"B-Box","url":"https:\/\/bboxbeauty.ca\/fr\/","logo":{"@type":"ImageObject","inLanguage":"fr-FR","@id":"https:\/\/bboxbeauty.ca\/fr\/#\/schema\/logo\/image\/","url":"https:\/\/bboxbeauty.ca\/wp-content\/uploads\/2022\/11\/logo.png","contentUrl":"https:\/\/bboxbeauty.ca\/wp-content\/uploads\/2022\/11\/logo.png","width":250,"height":87,"caption":"B-Box Beauty"},"image":{"@id":"https:\/\/bboxbeauty.ca\/fr\/#\/schema\/logo\/image\/"},"sameAs":["https:\/\/www.facebook.com\/BBoxBeauty\/","https:\/\/www.instagram.com\/bboxbeauty\/","https:\/\/www.linkedin.com\/company\/b-box-beauty\/"]}]}},"_links":{"self":[{"href":"https:\/\/bboxbeauty.ca\/fr\/wp-json\/wp\/v2\/product\/3421","targetHints":{"allow":["GET"]}}],"collection":[{"href":"https:\/\/bboxbeauty.ca\/fr\/wp-json\/wp\/v2\/product"}],"about":[{"href":"https:\/\/bboxbeauty.ca\/fr\/wp-json\/wp\/v2\/types\/product"}],"replies":[{"embeddable":true,"href":"https:\/\/bboxbeauty.ca\/fr\/wp-json\/wp\/v2\/comments?post=3421"}],"wp:featuredmedia":[{"embeddable":true,"href":"https:\/\/bboxbeauty.ca\/fr\/wp-json\/wp\/v2\/media\/3180"}],"wp:attachment":[{"href":"https:\/\/bboxbeauty.ca\/fr\/wp-json\/wp\/v2\/media?parent=3421"}],"wp:term":[{"taxonomy":"product_brand","embeddable":true,"href":"https:\/\/bboxbeauty.ca\/fr\/wp-json\/wp\/v2\/product_brand?post=3421"},{"taxonomy":"product_cat","embeddable":true,"href":"https:\/\/bboxbeauty.ca\/fr\/wp-json\/wp\/v2\/product_cat?post=3421"},{"taxonomy":"product_tag","embeddable":true,"href":"https:\/\/bboxbeauty.ca\/fr\/wp-json\/wp\/v2\/product_tag?post=3421"},{"taxonomy":"giftcard-category","embeddable":true,"href":"https:\/\/bboxbeauty.ca\/fr\/wp-json\/wp\/v2\/giftcard-category?post=3421"}],"curies":[{"name":"wp","href":"https:\/\/api.w.org\/{rel}","templated":true}]}}