{"id":3415,"date":"2022-11-03T15:55:43","date_gmt":"2022-11-03T19:55:43","guid":{"rendered":"https:\/\/bboxbeauty.wpengine.com\/product\/b-box-serum-c-boost\/"},"modified":"2025-08-01T11:39:58","modified_gmt":"2025-08-01T15:39:58","slug":"b-box-serum-c-boost","status":"publish","type":"product","link":"https:\/\/bboxbeauty.ca\/fr\/produit\/b-box-serum-c-boost\/","title":{"rendered":"B-BOX S\u00e9rum C-Boost"},"content":{"rendered":"<p>Un complexe r\u00e9g\u00e9n\u00e9rant de vitamine C stabilis\u00e9e associ\u00e9 \u00e0 des ingr\u00e9dients repulpants qui aide \u00e0 lisser les rides et \u00e0 r\u00e9duire les taches pigmentaires pour un teint visiblement plus jeune et plus uniforme. Il contribue notamment \u00e0 assurer une protection antioxydante quotidienne contre les agressions ext\u00e9rieures. Enrichi en ingr\u00e9dients \u00e9mollients et hydratants, ce soin pr\u00e9serve toute l&rsquo;hydratation et toute la douceur de la peau. D\u00e8s la premi\u00e8re application, le visage est plus lumineux, les rides semblent r\u00e9duites, le teint para\u00eet plus jeune et revitalis\u00e9.<\/p>\n","protected":false},"excerpt":{"rendered":"<h4>Pour les peaux matures<\/h4>\n<p>Le B-BOX S\u00e9rum C-Boost est un s\u00e9rum revitalisant pour les peaux pr\u00e9sentant des signes visibles de vieillissement, un teint irr\u00e9gulier, un manque d&rsquo;\u00e9clat ou des taches pigmentaires. Notre vitamine C est encapsul\u00e9e et v\u00e9hicul\u00e9e dans la peau gr\u00e2ce \u00e0 des liposomes d&rsquo;origine v\u00e9g\u00e9tale. Gr\u00e2ce \u00e0 cette technologie, nous sommes en mesure de d\u00e9livrer la vitamine C au derme sans perte et sans oxydation. La peau b\u00e9n\u00e9ficie donc \u00e0 100% des effets de la vitamine C.<\/p>\n<ul>\n<li class=\"bullet-arrow\"><strong>Texture :<\/strong> Gel aqueux<\/li>\n<li class=\"bullet-arrow\"><strong>Odeur :<\/strong> L\u00e9g\u00e8rement acidul\u00e9e<\/li>\n<li class=\"bullet-arrow\"><strong>Format :<\/strong> 30 ml \u2013 1.00 fl.oz.<\/li>\n<\/ul>\n","protected":false},"featured_media":3173,"comment_status":"open","ping_status":"closed","template":"","meta":[],"product_brand":[],"product_cat":[119,105,95,121],"product_tag":[],"giftcard-category":[],"class_list":{"0":"post-3415","1":"product","2":"type-product","3":"status-publish","4":"has-post-thumbnail","6":"product_cat-anti-age","7":"product_cat-b-box-beauty-fr","8":"product_cat-serums-huiles-seches","9":"product_cat-taches-de-vieillesse-et-hyperpigmentation","11":"first","12":"instock","13":"taxable","14":"shipping-taxable","15":"purchasable","16":"product-type-simple"},"yoast_head":"<!-- This site is optimized with the Yoast SEO plugin v27.5 - https:\/\/yoast.com\/product\/yoast-seo-wordpress\/ -->\n<title>B-BOX S\u00e9rum C-Boost | B-BOX Beauty<\/title>\n<meta name=\"description\" content=\"Le B-BOX S\u00e9rum C-Boost est un s\u00e9rum revitalisant pour les peaux pr\u00e9sentant des signes visibles de vieillissement, un teint irr\u00e9gulier, un manque d&#039;\u00e9clat ou des taches pigmentaires. Notre vitamine C est encapsul\u00e9e et v\u00e9hicul\u00e9e dans la peau gr\u00e2ce \u00e0 des liposomes d&#039;origine v\u00e9g\u00e9tale. Gr\u00e2ce \u00e0 cette technologie, nous sommes en mesure de d\u00e9livrer la vitamine C au derme sans perte et sans oxydation. La peau b\u00e9n\u00e9ficie donc \u00e0 100% des effets de la vitamine C.\" \/>\n<meta name=\"robots\" content=\"index, follow, max-snippet:-1, max-image-preview:large, max-video-preview:-1\" \/>\n<link rel=\"canonical\" href=\"https:\/\/bboxbeauty.ca\/fr\/produit\/b-box-serum-c-boost\/\" \/>\n<script type=\"application\/ld+json\" class=\"yoast-schema-graph\">{\"@context\":\"https:\\\/\\\/schema.org\",\"@graph\":[{\"@type\":\"WebPage\",\"@id\":\"https:\\\/\\\/bboxbeauty.ca\\\/fr\\\/produit\\\/b-box-serum-c-boost\\\/\",\"url\":\"https:\\\/\\\/bboxbeauty.ca\\\/fr\\\/produit\\\/b-box-serum-c-boost\\\/\",\"name\":\"B-BOX S\u00e9rum C-Boost | B-BOX Beauty\",\"isPartOf\":{\"@id\":\"https:\\\/\\\/bboxbeauty.ca\\\/fr\\\/#website\"},\"primaryImageOfPage\":{\"@id\":\"https:\\\/\\\/bboxbeauty.ca\\\/fr\\\/produit\\\/b-box-serum-c-boost\\\/#primaryimage\"},\"image\":{\"@id\":\"https:\\\/\\\/bboxbeauty.ca\\\/fr\\\/produit\\\/b-box-serum-c-boost\\\/#primaryimage\"},\"thumbnailUrl\":\"https:\\\/\\\/bboxbeauty.ca\\\/wp-content\\\/uploads\\\/2022\\\/11\\\/B-Box-C-Boost-Serum.jpg\",\"datePublished\":\"2022-11-03T19:55:43+00:00\",\"dateModified\":\"2025-08-01T15:39:58+00:00\",\"description\":\"Le B-BOX S\u00e9rum C-Boost est un s\u00e9rum revitalisant pour les peaux pr\u00e9sentant des signes visibles de vieillissement, un teint irr\u00e9gulier, un manque d'\u00e9clat ou des taches pigmentaires. Notre vitamine C est encapsul\u00e9e et v\u00e9hicul\u00e9e dans la peau gr\u00e2ce \u00e0 des liposomes d'origine v\u00e9g\u00e9tale. Gr\u00e2ce \u00e0 cette technologie, nous sommes en mesure de d\u00e9livrer la vitamine C au derme sans perte et sans oxydation. La peau b\u00e9n\u00e9ficie donc \u00e0 100% des effets de la vitamine C.\",\"breadcrumb\":{\"@id\":\"https:\\\/\\\/bboxbeauty.ca\\\/fr\\\/produit\\\/b-box-serum-c-boost\\\/#breadcrumb\"},\"inLanguage\":\"fr-FR\",\"potentialAction\":[{\"@type\":\"ReadAction\",\"target\":[\"https:\\\/\\\/bboxbeauty.ca\\\/fr\\\/produit\\\/b-box-serum-c-boost\\\/\"]}]},{\"@type\":\"ImageObject\",\"inLanguage\":\"fr-FR\",\"@id\":\"https:\\\/\\\/bboxbeauty.ca\\\/fr\\\/produit\\\/b-box-serum-c-boost\\\/#primaryimage\",\"url\":\"https:\\\/\\\/bboxbeauty.ca\\\/wp-content\\\/uploads\\\/2022\\\/11\\\/B-Box-C-Boost-Serum.jpg\",\"contentUrl\":\"https:\\\/\\\/bboxbeauty.ca\\\/wp-content\\\/uploads\\\/2022\\\/11\\\/B-Box-C-Boost-Serum.jpg\",\"width\":1200,\"height\":1200,\"caption\":\"B-BOX S\u00e9rum C-Boost\"},{\"@type\":\"BreadcrumbList\",\"@id\":\"https:\\\/\\\/bboxbeauty.ca\\\/fr\\\/produit\\\/b-box-serum-c-boost\\\/#breadcrumb\",\"itemListElement\":[{\"@type\":\"ListItem\",\"position\":1,\"name\":\"Home\",\"item\":\"https:\\\/\\\/bboxbeauty.ca\\\/fr\\\/\"},{\"@type\":\"ListItem\",\"position\":2,\"name\":\"Boutique\",\"item\":\"https:\\\/\\\/bboxbeauty.ca\\\/fr\\\/boutique\\\/\"},{\"@type\":\"ListItem\",\"position\":3,\"name\":\"B-BOX S\u00e9rum C-Boost\"}]},{\"@type\":\"WebSite\",\"@id\":\"https:\\\/\\\/bboxbeauty.ca\\\/fr\\\/#website\",\"url\":\"https:\\\/\\\/bboxbeauty.ca\\\/fr\\\/\",\"name\":\"B-BOX Beauty\",\"description\":\"Skin Care To The Next Level\",\"publisher\":{\"@id\":\"https:\\\/\\\/bboxbeauty.ca\\\/fr\\\/#organization\"},\"alternateName\":\"B-Box\",\"potentialAction\":[{\"@type\":\"SearchAction\",\"target\":{\"@type\":\"EntryPoint\",\"urlTemplate\":\"https:\\\/\\\/bboxbeauty.ca\\\/fr\\\/?s={search_term_string}\"},\"query-input\":{\"@type\":\"PropertyValueSpecification\",\"valueRequired\":true,\"valueName\":\"search_term_string\"}}],\"inLanguage\":\"fr-FR\"},{\"@type\":\"Organization\",\"@id\":\"https:\\\/\\\/bboxbeauty.ca\\\/fr\\\/#organization\",\"name\":\"B-Box Beauty\",\"alternateName\":\"B-Box\",\"url\":\"https:\\\/\\\/bboxbeauty.ca\\\/fr\\\/\",\"logo\":{\"@type\":\"ImageObject\",\"inLanguage\":\"fr-FR\",\"@id\":\"https:\\\/\\\/bboxbeauty.ca\\\/fr\\\/#\\\/schema\\\/logo\\\/image\\\/\",\"url\":\"https:\\\/\\\/bboxbeauty.ca\\\/wp-content\\\/uploads\\\/2022\\\/11\\\/logo.png\",\"contentUrl\":\"https:\\\/\\\/bboxbeauty.ca\\\/wp-content\\\/uploads\\\/2022\\\/11\\\/logo.png\",\"width\":250,\"height\":87,\"caption\":\"B-Box Beauty\"},\"image\":{\"@id\":\"https:\\\/\\\/bboxbeauty.ca\\\/fr\\\/#\\\/schema\\\/logo\\\/image\\\/\"},\"sameAs\":[\"https:\\\/\\\/www.facebook.com\\\/BBoxBeauty\\\/\",\"https:\\\/\\\/www.instagram.com\\\/bboxbeauty\\\/\",\"https:\\\/\\\/www.linkedin.com\\\/company\\\/b-box-beauty\\\/\"]}]}<\/script>\n<!-- \/ Yoast SEO plugin. -->","yoast_head_json":{"title":"B-BOX S\u00e9rum C-Boost | B-BOX Beauty","description":"Le B-BOX S\u00e9rum C-Boost est un s\u00e9rum revitalisant pour les peaux pr\u00e9sentant des signes visibles de vieillissement, un teint irr\u00e9gulier, un manque d'\u00e9clat ou des taches pigmentaires. Notre vitamine C est encapsul\u00e9e et v\u00e9hicul\u00e9e dans la peau gr\u00e2ce \u00e0 des liposomes d'origine v\u00e9g\u00e9tale. Gr\u00e2ce \u00e0 cette technologie, nous sommes en mesure de d\u00e9livrer la vitamine C au derme sans perte et sans oxydation. La peau b\u00e9n\u00e9ficie donc \u00e0 100% des effets de la vitamine C.","robots":{"index":"index","follow":"follow","max-snippet":"max-snippet:-1","max-image-preview":"max-image-preview:large","max-video-preview":"max-video-preview:-1"},"canonical":"https:\/\/bboxbeauty.ca\/fr\/produit\/b-box-serum-c-boost\/","schema":{"@context":"https:\/\/schema.org","@graph":[{"@type":"WebPage","@id":"https:\/\/bboxbeauty.ca\/fr\/produit\/b-box-serum-c-boost\/","url":"https:\/\/bboxbeauty.ca\/fr\/produit\/b-box-serum-c-boost\/","name":"B-BOX S\u00e9rum C-Boost | B-BOX Beauty","isPartOf":{"@id":"https:\/\/bboxbeauty.ca\/fr\/#website"},"primaryImageOfPage":{"@id":"https:\/\/bboxbeauty.ca\/fr\/produit\/b-box-serum-c-boost\/#primaryimage"},"image":{"@id":"https:\/\/bboxbeauty.ca\/fr\/produit\/b-box-serum-c-boost\/#primaryimage"},"thumbnailUrl":"https:\/\/bboxbeauty.ca\/wp-content\/uploads\/2022\/11\/B-Box-C-Boost-Serum.jpg","datePublished":"2022-11-03T19:55:43+00:00","dateModified":"2025-08-01T15:39:58+00:00","description":"Le B-BOX S\u00e9rum C-Boost est un s\u00e9rum revitalisant pour les peaux pr\u00e9sentant des signes visibles de vieillissement, un teint irr\u00e9gulier, un manque d'\u00e9clat ou des taches pigmentaires. Notre vitamine C est encapsul\u00e9e et v\u00e9hicul\u00e9e dans la peau gr\u00e2ce \u00e0 des liposomes d'origine v\u00e9g\u00e9tale. Gr\u00e2ce \u00e0 cette technologie, nous sommes en mesure de d\u00e9livrer la vitamine C au derme sans perte et sans oxydation. La peau b\u00e9n\u00e9ficie donc \u00e0 100% des effets de la vitamine C.","breadcrumb":{"@id":"https:\/\/bboxbeauty.ca\/fr\/produit\/b-box-serum-c-boost\/#breadcrumb"},"inLanguage":"fr-FR","potentialAction":[{"@type":"ReadAction","target":["https:\/\/bboxbeauty.ca\/fr\/produit\/b-box-serum-c-boost\/"]}]},{"@type":"ImageObject","inLanguage":"fr-FR","@id":"https:\/\/bboxbeauty.ca\/fr\/produit\/b-box-serum-c-boost\/#primaryimage","url":"https:\/\/bboxbeauty.ca\/wp-content\/uploads\/2022\/11\/B-Box-C-Boost-Serum.jpg","contentUrl":"https:\/\/bboxbeauty.ca\/wp-content\/uploads\/2022\/11\/B-Box-C-Boost-Serum.jpg","width":1200,"height":1200,"caption":"B-BOX S\u00e9rum C-Boost"},{"@type":"BreadcrumbList","@id":"https:\/\/bboxbeauty.ca\/fr\/produit\/b-box-serum-c-boost\/#breadcrumb","itemListElement":[{"@type":"ListItem","position":1,"name":"Home","item":"https:\/\/bboxbeauty.ca\/fr\/"},{"@type":"ListItem","position":2,"name":"Boutique","item":"https:\/\/bboxbeauty.ca\/fr\/boutique\/"},{"@type":"ListItem","position":3,"name":"B-BOX S\u00e9rum C-Boost"}]},{"@type":"WebSite","@id":"https:\/\/bboxbeauty.ca\/fr\/#website","url":"https:\/\/bboxbeauty.ca\/fr\/","name":"B-BOX Beauty","description":"Skin Care To The Next Level","publisher":{"@id":"https:\/\/bboxbeauty.ca\/fr\/#organization"},"alternateName":"B-Box","potentialAction":[{"@type":"SearchAction","target":{"@type":"EntryPoint","urlTemplate":"https:\/\/bboxbeauty.ca\/fr\/?s={search_term_string}"},"query-input":{"@type":"PropertyValueSpecification","valueRequired":true,"valueName":"search_term_string"}}],"inLanguage":"fr-FR"},{"@type":"Organization","@id":"https:\/\/bboxbeauty.ca\/fr\/#organization","name":"B-Box Beauty","alternateName":"B-Box","url":"https:\/\/bboxbeauty.ca\/fr\/","logo":{"@type":"ImageObject","inLanguage":"fr-FR","@id":"https:\/\/bboxbeauty.ca\/fr\/#\/schema\/logo\/image\/","url":"https:\/\/bboxbeauty.ca\/wp-content\/uploads\/2022\/11\/logo.png","contentUrl":"https:\/\/bboxbeauty.ca\/wp-content\/uploads\/2022\/11\/logo.png","width":250,"height":87,"caption":"B-Box Beauty"},"image":{"@id":"https:\/\/bboxbeauty.ca\/fr\/#\/schema\/logo\/image\/"},"sameAs":["https:\/\/www.facebook.com\/BBoxBeauty\/","https:\/\/www.instagram.com\/bboxbeauty\/","https:\/\/www.linkedin.com\/company\/b-box-beauty\/"]}]}},"_links":{"self":[{"href":"https:\/\/bboxbeauty.ca\/fr\/wp-json\/wp\/v2\/product\/3415","targetHints":{"allow":["GET"]}}],"collection":[{"href":"https:\/\/bboxbeauty.ca\/fr\/wp-json\/wp\/v2\/product"}],"about":[{"href":"https:\/\/bboxbeauty.ca\/fr\/wp-json\/wp\/v2\/types\/product"}],"replies":[{"embeddable":true,"href":"https:\/\/bboxbeauty.ca\/fr\/wp-json\/wp\/v2\/comments?post=3415"}],"wp:featuredmedia":[{"embeddable":true,"href":"https:\/\/bboxbeauty.ca\/fr\/wp-json\/wp\/v2\/media\/3173"}],"wp:attachment":[{"href":"https:\/\/bboxbeauty.ca\/fr\/wp-json\/wp\/v2\/media?parent=3415"}],"wp:term":[{"taxonomy":"product_brand","embeddable":true,"href":"https:\/\/bboxbeauty.ca\/fr\/wp-json\/wp\/v2\/product_brand?post=3415"},{"taxonomy":"product_cat","embeddable":true,"href":"https:\/\/bboxbeauty.ca\/fr\/wp-json\/wp\/v2\/product_cat?post=3415"},{"taxonomy":"product_tag","embeddable":true,"href":"https:\/\/bboxbeauty.ca\/fr\/wp-json\/wp\/v2\/product_tag?post=3415"},{"taxonomy":"giftcard-category","embeddable":true,"href":"https:\/\/bboxbeauty.ca\/fr\/wp-json\/wp\/v2\/giftcard-category?post=3415"}],"curies":[{"name":"wp","href":"https:\/\/api.w.org\/{rel}","templated":true}]}}