{"id":3413,"date":"2021-01-27T06:56:21","date_gmt":"2021-01-27T11:56:21","guid":{"rendered":"https:\/\/bboxbeauty.wpengine.com\/product\/total-ph-balancing-essence\/"},"modified":"2026-03-19T15:31:10","modified_gmt":"2026-03-19T19:31:10","slug":"b-box-essence-equillibrante-total-ph","status":"publish","type":"product","link":"https:\/\/bboxbeauty.ca\/fr\/produit\/b-box-essence-equillibrante-total-ph\/","title":{"rendered":"B-BOX Essence \u00c9quillibrante Total pH"},"content":{"rendered":"<p>Gr\u00e2ce \u00e0 ses extraits apaisants et illuminateurs, ce soin calme les sensations et les d\u00e9sagr\u00e9ments des peaux sensibles, puis rend le teint plus lumineux et uniforme.<\/p>\n<p><strong>En quoi est-il diff\u00e9rent ? <\/strong><\/p>\n<p>Essence pour le visage sans alcool, id\u00e9ale pour tous les types de peau, m\u00eame les plus sensibles. Sa formule, riche en ingr\u00e9dients hydratants et antioxydants, aide \u00e0 r\u00e9tablir l&rsquo;\u00e9quilibre physiologique du pH de la peau en douceur et sans la dess\u00e9cher. Cette essence peut \u00eatre utilis\u00e9e \u00e0 tout moment de la journ\u00e9e pour rafra\u00eechir la peau et l&rsquo;esprit.<\/p>\n","protected":false},"excerpt":{"rendered":"<h4>Pour tous les types de peau<\/h4>\n<p>Le B-BOX Essence \u00c9quillibrante Total pH convient \u00e0 tous les types de peau, m\u00eame les plus sensibles. Cette essence est bien plus qu&rsquo;un simple tonique, c&rsquo;est un traitement qui am\u00e9liore visiblement les teints ternes avec des taches pigmentaires.<\/p>\n<ul>\n<li class=\"bullet-arrow\"><strong>Texture :<\/strong> Liquide<\/li>\n<li class=\"bullet-arrow\"><strong>Odeur :<\/strong> M\u00e9lange \u00e9quilibr\u00e9 d&rsquo;herbes et de fleurs fra\u00eeches<\/li>\n<li class=\"bullet-arrow\"><strong>Format :<\/strong> 150 ml \u2013 5.00 fl.oz.<\/li>\n<\/ul>\n","protected":false},"featured_media":3185,"comment_status":"open","ping_status":"closed","template":"","meta":[],"product_brand":[],"product_cat":[119,105,94,117,114,115,116,121],"product_tag":[],"giftcard-category":[],"class_list":{"0":"post-3413","1":"product","2":"type-product","3":"status-publish","4":"has-post-thumbnail","6":"product_cat-anti-age","7":"product_cat-b-box-beauty-fr","8":"product_cat-essences-bruines","9":"product_cat-peau-deshydratee","10":"product_cat-peau-seche","11":"product_cat-peau-sensible","12":"product_cat-rosacee","13":"product_cat-taches-de-vieillesse-et-hyperpigmentation","15":"first","16":"onbackorder","17":"featured","18":"taxable","19":"shipping-taxable","20":"purchasable","21":"product-type-simple"},"yoast_head":"<!-- This site is optimized with the Yoast SEO plugin v27.4 - https:\/\/yoast.com\/product\/yoast-seo-wordpress\/ -->\n<title>B-BOX Essence \u00c9quillibrante Total pH | B-BOX Beauty<\/title>\n<meta name=\"description\" content=\"Le B-BOX Essence \u00c9quillibrante Total pH convient \u00e0 tous les types de peau, m\u00eame les plus sensibles. Cette essence est bien plus qu&#039;un simple tonique, c&#039;est un traitement qui am\u00e9liore visiblement les teints ternes avec des taches pigmentaires.\" \/>\n<meta name=\"robots\" content=\"index, follow, max-snippet:-1, max-image-preview:large, max-video-preview:-1\" \/>\n<link rel=\"canonical\" href=\"https:\/\/bboxbeauty.ca\/fr\/produit\/b-box-essence-equillibrante-total-ph\/\" \/>\n<script type=\"application\/ld+json\" class=\"yoast-schema-graph\">{\"@context\":\"https:\\\/\\\/schema.org\",\"@graph\":[{\"@type\":\"WebPage\",\"@id\":\"https:\\\/\\\/bboxbeauty.ca\\\/fr\\\/produit\\\/b-box-essence-equillibrante-total-ph\\\/\",\"url\":\"https:\\\/\\\/bboxbeauty.ca\\\/fr\\\/produit\\\/b-box-essence-equillibrante-total-ph\\\/\",\"name\":\"B-BOX Essence \u00c9quillibrante Total pH | B-BOX Beauty\",\"isPartOf\":{\"@id\":\"https:\\\/\\\/bboxbeauty.ca\\\/fr\\\/#website\"},\"primaryImageOfPage\":{\"@id\":\"https:\\\/\\\/bboxbeauty.ca\\\/fr\\\/produit\\\/b-box-essence-equillibrante-total-ph\\\/#primaryimage\"},\"image\":{\"@id\":\"https:\\\/\\\/bboxbeauty.ca\\\/fr\\\/produit\\\/b-box-essence-equillibrante-total-ph\\\/#primaryimage\"},\"thumbnailUrl\":\"https:\\\/\\\/bboxbeauty.ca\\\/wp-content\\\/uploads\\\/2021\\\/01\\\/B-BOX-Total-pH-Balancing-Essence.jpg\",\"datePublished\":\"2021-01-27T11:56:21+00:00\",\"dateModified\":\"2026-03-19T19:31:10+00:00\",\"description\":\"Le B-BOX Essence \u00c9quillibrante Total pH convient \u00e0 tous les types de peau, m\u00eame les plus sensibles. Cette essence est bien plus qu'un simple tonique, c'est un traitement qui am\u00e9liore visiblement les teints ternes avec des taches pigmentaires.\",\"breadcrumb\":{\"@id\":\"https:\\\/\\\/bboxbeauty.ca\\\/fr\\\/produit\\\/b-box-essence-equillibrante-total-ph\\\/#breadcrumb\"},\"inLanguage\":\"fr-FR\",\"potentialAction\":[{\"@type\":\"ReadAction\",\"target\":[\"https:\\\/\\\/bboxbeauty.ca\\\/fr\\\/produit\\\/b-box-essence-equillibrante-total-ph\\\/\"]}]},{\"@type\":\"ImageObject\",\"inLanguage\":\"fr-FR\",\"@id\":\"https:\\\/\\\/bboxbeauty.ca\\\/fr\\\/produit\\\/b-box-essence-equillibrante-total-ph\\\/#primaryimage\",\"url\":\"https:\\\/\\\/bboxbeauty.ca\\\/wp-content\\\/uploads\\\/2021\\\/01\\\/B-BOX-Total-pH-Balancing-Essence.jpg\",\"contentUrl\":\"https:\\\/\\\/bboxbeauty.ca\\\/wp-content\\\/uploads\\\/2021\\\/01\\\/B-BOX-Total-pH-Balancing-Essence.jpg\",\"width\":1200,\"height\":1200,\"caption\":\"B-BOX Essence \u00c9quillibrante Total pH\"},{\"@type\":\"BreadcrumbList\",\"@id\":\"https:\\\/\\\/bboxbeauty.ca\\\/fr\\\/produit\\\/b-box-essence-equillibrante-total-ph\\\/#breadcrumb\",\"itemListElement\":[{\"@type\":\"ListItem\",\"position\":1,\"name\":\"Home\",\"item\":\"https:\\\/\\\/bboxbeauty.ca\\\/fr\\\/\"},{\"@type\":\"ListItem\",\"position\":2,\"name\":\"Boutique\",\"item\":\"https:\\\/\\\/bboxbeauty.ca\\\/fr\\\/boutique\\\/\"},{\"@type\":\"ListItem\",\"position\":3,\"name\":\"B-BOX Essence \u00c9quillibrante Total pH\"}]},{\"@type\":\"WebSite\",\"@id\":\"https:\\\/\\\/bboxbeauty.ca\\\/fr\\\/#website\",\"url\":\"https:\\\/\\\/bboxbeauty.ca\\\/fr\\\/\",\"name\":\"B-BOX Beauty\",\"description\":\"Skin Care To The Next Level\",\"publisher\":{\"@id\":\"https:\\\/\\\/bboxbeauty.ca\\\/fr\\\/#organization\"},\"alternateName\":\"B-Box\",\"potentialAction\":[{\"@type\":\"SearchAction\",\"target\":{\"@type\":\"EntryPoint\",\"urlTemplate\":\"https:\\\/\\\/bboxbeauty.ca\\\/fr\\\/?s={search_term_string}\"},\"query-input\":{\"@type\":\"PropertyValueSpecification\",\"valueRequired\":true,\"valueName\":\"search_term_string\"}}],\"inLanguage\":\"fr-FR\"},{\"@type\":\"Organization\",\"@id\":\"https:\\\/\\\/bboxbeauty.ca\\\/fr\\\/#organization\",\"name\":\"B-Box Beauty\",\"alternateName\":\"B-Box\",\"url\":\"https:\\\/\\\/bboxbeauty.ca\\\/fr\\\/\",\"logo\":{\"@type\":\"ImageObject\",\"inLanguage\":\"fr-FR\",\"@id\":\"https:\\\/\\\/bboxbeauty.ca\\\/fr\\\/#\\\/schema\\\/logo\\\/image\\\/\",\"url\":\"https:\\\/\\\/bboxbeauty.ca\\\/wp-content\\\/uploads\\\/2022\\\/11\\\/logo.png\",\"contentUrl\":\"https:\\\/\\\/bboxbeauty.ca\\\/wp-content\\\/uploads\\\/2022\\\/11\\\/logo.png\",\"width\":250,\"height\":87,\"caption\":\"B-Box Beauty\"},\"image\":{\"@id\":\"https:\\\/\\\/bboxbeauty.ca\\\/fr\\\/#\\\/schema\\\/logo\\\/image\\\/\"},\"sameAs\":[\"https:\\\/\\\/www.facebook.com\\\/BBoxBeauty\\\/\",\"https:\\\/\\\/www.instagram.com\\\/bboxbeauty\\\/\",\"https:\\\/\\\/www.linkedin.com\\\/company\\\/b-box-beauty\\\/\"]}]}<\/script>\n<!-- \/ Yoast SEO plugin. -->","yoast_head_json":{"title":"B-BOX Essence \u00c9quillibrante Total pH | B-BOX Beauty","description":"Le B-BOX Essence \u00c9quillibrante Total pH convient \u00e0 tous les types de peau, m\u00eame les plus sensibles. Cette essence est bien plus qu'un simple tonique, c'est un traitement qui am\u00e9liore visiblement les teints ternes avec des taches pigmentaires.","robots":{"index":"index","follow":"follow","max-snippet":"max-snippet:-1","max-image-preview":"max-image-preview:large","max-video-preview":"max-video-preview:-1"},"canonical":"https:\/\/bboxbeauty.ca\/fr\/produit\/b-box-essence-equillibrante-total-ph\/","schema":{"@context":"https:\/\/schema.org","@graph":[{"@type":"WebPage","@id":"https:\/\/bboxbeauty.ca\/fr\/produit\/b-box-essence-equillibrante-total-ph\/","url":"https:\/\/bboxbeauty.ca\/fr\/produit\/b-box-essence-equillibrante-total-ph\/","name":"B-BOX Essence \u00c9quillibrante Total pH | B-BOX Beauty","isPartOf":{"@id":"https:\/\/bboxbeauty.ca\/fr\/#website"},"primaryImageOfPage":{"@id":"https:\/\/bboxbeauty.ca\/fr\/produit\/b-box-essence-equillibrante-total-ph\/#primaryimage"},"image":{"@id":"https:\/\/bboxbeauty.ca\/fr\/produit\/b-box-essence-equillibrante-total-ph\/#primaryimage"},"thumbnailUrl":"https:\/\/bboxbeauty.ca\/wp-content\/uploads\/2021\/01\/B-BOX-Total-pH-Balancing-Essence.jpg","datePublished":"2021-01-27T11:56:21+00:00","dateModified":"2026-03-19T19:31:10+00:00","description":"Le B-BOX Essence \u00c9quillibrante Total pH convient \u00e0 tous les types de peau, m\u00eame les plus sensibles. Cette essence est bien plus qu'un simple tonique, c'est un traitement qui am\u00e9liore visiblement les teints ternes avec des taches pigmentaires.","breadcrumb":{"@id":"https:\/\/bboxbeauty.ca\/fr\/produit\/b-box-essence-equillibrante-total-ph\/#breadcrumb"},"inLanguage":"fr-FR","potentialAction":[{"@type":"ReadAction","target":["https:\/\/bboxbeauty.ca\/fr\/produit\/b-box-essence-equillibrante-total-ph\/"]}]},{"@type":"ImageObject","inLanguage":"fr-FR","@id":"https:\/\/bboxbeauty.ca\/fr\/produit\/b-box-essence-equillibrante-total-ph\/#primaryimage","url":"https:\/\/bboxbeauty.ca\/wp-content\/uploads\/2021\/01\/B-BOX-Total-pH-Balancing-Essence.jpg","contentUrl":"https:\/\/bboxbeauty.ca\/wp-content\/uploads\/2021\/01\/B-BOX-Total-pH-Balancing-Essence.jpg","width":1200,"height":1200,"caption":"B-BOX Essence \u00c9quillibrante Total pH"},{"@type":"BreadcrumbList","@id":"https:\/\/bboxbeauty.ca\/fr\/produit\/b-box-essence-equillibrante-total-ph\/#breadcrumb","itemListElement":[{"@type":"ListItem","position":1,"name":"Home","item":"https:\/\/bboxbeauty.ca\/fr\/"},{"@type":"ListItem","position":2,"name":"Boutique","item":"https:\/\/bboxbeauty.ca\/fr\/boutique\/"},{"@type":"ListItem","position":3,"name":"B-BOX Essence \u00c9quillibrante Total pH"}]},{"@type":"WebSite","@id":"https:\/\/bboxbeauty.ca\/fr\/#website","url":"https:\/\/bboxbeauty.ca\/fr\/","name":"B-BOX Beauty","description":"Skin Care To The Next Level","publisher":{"@id":"https:\/\/bboxbeauty.ca\/fr\/#organization"},"alternateName":"B-Box","potentialAction":[{"@type":"SearchAction","target":{"@type":"EntryPoint","urlTemplate":"https:\/\/bboxbeauty.ca\/fr\/?s={search_term_string}"},"query-input":{"@type":"PropertyValueSpecification","valueRequired":true,"valueName":"search_term_string"}}],"inLanguage":"fr-FR"},{"@type":"Organization","@id":"https:\/\/bboxbeauty.ca\/fr\/#organization","name":"B-Box Beauty","alternateName":"B-Box","url":"https:\/\/bboxbeauty.ca\/fr\/","logo":{"@type":"ImageObject","inLanguage":"fr-FR","@id":"https:\/\/bboxbeauty.ca\/fr\/#\/schema\/logo\/image\/","url":"https:\/\/bboxbeauty.ca\/wp-content\/uploads\/2022\/11\/logo.png","contentUrl":"https:\/\/bboxbeauty.ca\/wp-content\/uploads\/2022\/11\/logo.png","width":250,"height":87,"caption":"B-Box Beauty"},"image":{"@id":"https:\/\/bboxbeauty.ca\/fr\/#\/schema\/logo\/image\/"},"sameAs":["https:\/\/www.facebook.com\/BBoxBeauty\/","https:\/\/www.instagram.com\/bboxbeauty\/","https:\/\/www.linkedin.com\/company\/b-box-beauty\/"]}]}},"_links":{"self":[{"href":"https:\/\/bboxbeauty.ca\/fr\/wp-json\/wp\/v2\/product\/3413","targetHints":{"allow":["GET"]}}],"collection":[{"href":"https:\/\/bboxbeauty.ca\/fr\/wp-json\/wp\/v2\/product"}],"about":[{"href":"https:\/\/bboxbeauty.ca\/fr\/wp-json\/wp\/v2\/types\/product"}],"replies":[{"embeddable":true,"href":"https:\/\/bboxbeauty.ca\/fr\/wp-json\/wp\/v2\/comments?post=3413"}],"wp:featuredmedia":[{"embeddable":true,"href":"https:\/\/bboxbeauty.ca\/fr\/wp-json\/wp\/v2\/media\/3185"}],"wp:attachment":[{"href":"https:\/\/bboxbeauty.ca\/fr\/wp-json\/wp\/v2\/media?parent=3413"}],"wp:term":[{"taxonomy":"product_brand","embeddable":true,"href":"https:\/\/bboxbeauty.ca\/fr\/wp-json\/wp\/v2\/product_brand?post=3413"},{"taxonomy":"product_cat","embeddable":true,"href":"https:\/\/bboxbeauty.ca\/fr\/wp-json\/wp\/v2\/product_cat?post=3413"},{"taxonomy":"product_tag","embeddable":true,"href":"https:\/\/bboxbeauty.ca\/fr\/wp-json\/wp\/v2\/product_tag?post=3413"},{"taxonomy":"giftcard-category","embeddable":true,"href":"https:\/\/bboxbeauty.ca\/fr\/wp-json\/wp\/v2\/giftcard-category?post=3413"}],"curies":[{"name":"wp","href":"https:\/\/api.w.org\/{rel}","templated":true}]}}