{"id":3396,"date":"2021-01-27T06:51:59","date_gmt":"2021-01-27T11:51:59","guid":{"rendered":"https:\/\/bboxbeauty.wpengine.com\/product\/gluco-foam-cleanser\/"},"modified":"2026-04-20T12:04:50","modified_gmt":"2026-04-20T16:04:50","slug":"b-box-nettoyant-moussant-gluco-foam","status":"publish","type":"product","link":"https:\/\/bboxbeauty.ca\/fr\/produit\/b-box-nettoyant-moussant-gluco-foam\/","title":{"rendered":"B-BOX Nettoyant Moussant Gluco-Foam"},"content":{"rendered":"<p>Ce nettoyant moussant hydrate, apaise et \u00e9limine en douceur les impuret\u00e9s sans jamais dess\u00e9cher la peau. Il calme instantan\u00e9ment les sensations d&rsquo;inconfort et contribue \u00e0 rendre le teint plus uniforme et lumineux. Il respecte le PH physiologique des peaux les plus sensibles pour apporter le plus grand confort \u00e0 chaque utilisation.<\/p>\n<p><strong>En quoi est-elle diff\u00e9rente ? <\/strong><\/p>\n<p>La finesse de la mousse est assur\u00e9e par le Decyl-Glucoside. Sa formule sans sulfate \u00e0 base de tensioactifs doux et de gel d&rsquo;Aloe Vera 100% biologique, laisse la peau propre, douce et soyeuse au toucher. L&rsquo;extrait de feuille de busserole am\u00e9liore significativement l&rsquo;apparence des pores.<\/p>\n","protected":false},"excerpt":{"rendered":"<h4>Pour tous les types de peau<\/h4>\n<p>Le B-BOX Nettoyant Moussant Gluco-Foam convient \u00e0 tous les types de peau, m\u00eame les plus sensibles. Un excellent produit pour ceux qui portent des extensions de cils, les adolescents et les sportifs.<\/p>\n<ul>\n<li class=\"bullet-arrow\"><strong>Texture :<\/strong> Mousse l\u00e9g\u00e8re<\/li>\n<li class=\"bullet-arrow\"><strong>Odeur :<\/strong> Plantes fra\u00eeches<\/li>\n<li class=\"bullet-arrow\"><strong>Format :<\/strong> 150 ml \u2013 5.00 fl.oz.<\/li>\n<\/ul>\n","protected":false},"featured_media":3177,"comment_status":"open","ping_status":"closed","template":"","meta":[],"product_brand":[],"product_cat":[105,93,113,115,116],"product_tag":[],"giftcard-category":[],"class_list":{"0":"post-3396","1":"product","2":"type-product","3":"status-publish","4":"has-post-thumbnail","6":"product_cat-b-box-beauty-fr","7":"product_cat-nettoyants","8":"product_cat-peau-grasse","9":"product_cat-peau-sensible","10":"product_cat-rosacee","12":"first","13":"onbackorder","14":"featured","15":"taxable","16":"shipping-taxable","17":"purchasable","18":"product-type-simple"},"yoast_head":"<!-- This site is optimized with the Yoast SEO plugin v27.6 - https:\/\/yoast.com\/product\/yoast-seo-wordpress\/ -->\n<title>B-BOX Nettoyant Moussant Gluco-Foam | B-BOX Beauty<\/title>\n<meta name=\"description\" content=\"Le B-BOX Nettoyant Moussant Gluco-Foam convient \u00e0 tous les types de peau, m\u00eame les plus sensibles. Un excellent produit pour ceux qui portent des extensions de cils, les adolescents et les sportifs.\" \/>\n<meta name=\"robots\" content=\"index, follow, max-snippet:-1, max-image-preview:large, max-video-preview:-1\" \/>\n<link rel=\"canonical\" href=\"https:\/\/bboxbeauty.ca\/fr\/produit\/b-box-nettoyant-moussant-gluco-foam\/\" \/>\n<script type=\"application\/ld+json\" class=\"yoast-schema-graph\">{\"@context\":\"https:\\\/\\\/schema.org\",\"@graph\":[{\"@type\":\"WebPage\",\"@id\":\"https:\\\/\\\/bboxbeauty.ca\\\/fr\\\/produit\\\/b-box-nettoyant-moussant-gluco-foam\\\/\",\"url\":\"https:\\\/\\\/bboxbeauty.ca\\\/fr\\\/produit\\\/b-box-nettoyant-moussant-gluco-foam\\\/\",\"name\":\"B-BOX Nettoyant Moussant Gluco-Foam | B-BOX Beauty\",\"isPartOf\":{\"@id\":\"https:\\\/\\\/bboxbeauty.ca\\\/fr\\\/#website\"},\"primaryImageOfPage\":{\"@id\":\"https:\\\/\\\/bboxbeauty.ca\\\/fr\\\/produit\\\/b-box-nettoyant-moussant-gluco-foam\\\/#primaryimage\"},\"image\":{\"@id\":\"https:\\\/\\\/bboxbeauty.ca\\\/fr\\\/produit\\\/b-box-nettoyant-moussant-gluco-foam\\\/#primaryimage\"},\"thumbnailUrl\":\"https:\\\/\\\/bboxbeauty.ca\\\/wp-content\\\/uploads\\\/2021\\\/01\\\/B-BOX-Gluco-Foam-Bio-Cleanser.jpg\",\"datePublished\":\"2021-01-27T11:51:59+00:00\",\"dateModified\":\"2026-04-20T16:04:50+00:00\",\"description\":\"Le B-BOX Nettoyant Moussant Gluco-Foam convient \u00e0 tous les types de peau, m\u00eame les plus sensibles. Un excellent produit pour ceux qui portent des extensions de cils, les adolescents et les sportifs.\",\"breadcrumb\":{\"@id\":\"https:\\\/\\\/bboxbeauty.ca\\\/fr\\\/produit\\\/b-box-nettoyant-moussant-gluco-foam\\\/#breadcrumb\"},\"inLanguage\":\"fr-FR\",\"potentialAction\":[{\"@type\":\"ReadAction\",\"target\":[\"https:\\\/\\\/bboxbeauty.ca\\\/fr\\\/produit\\\/b-box-nettoyant-moussant-gluco-foam\\\/\"]}]},{\"@type\":\"ImageObject\",\"inLanguage\":\"fr-FR\",\"@id\":\"https:\\\/\\\/bboxbeauty.ca\\\/fr\\\/produit\\\/b-box-nettoyant-moussant-gluco-foam\\\/#primaryimage\",\"url\":\"https:\\\/\\\/bboxbeauty.ca\\\/wp-content\\\/uploads\\\/2021\\\/01\\\/B-BOX-Gluco-Foam-Bio-Cleanser.jpg\",\"contentUrl\":\"https:\\\/\\\/bboxbeauty.ca\\\/wp-content\\\/uploads\\\/2021\\\/01\\\/B-BOX-Gluco-Foam-Bio-Cleanser.jpg\",\"width\":1200,\"height\":1200,\"caption\":\"B-BOX Nettoyant Moussant Gluco-Foam\"},{\"@type\":\"BreadcrumbList\",\"@id\":\"https:\\\/\\\/bboxbeauty.ca\\\/fr\\\/produit\\\/b-box-nettoyant-moussant-gluco-foam\\\/#breadcrumb\",\"itemListElement\":[{\"@type\":\"ListItem\",\"position\":1,\"name\":\"Home\",\"item\":\"https:\\\/\\\/bboxbeauty.ca\\\/fr\\\/\"},{\"@type\":\"ListItem\",\"position\":2,\"name\":\"Boutique\",\"item\":\"https:\\\/\\\/bboxbeauty.ca\\\/fr\\\/boutique\\\/\"},{\"@type\":\"ListItem\",\"position\":3,\"name\":\"B-BOX Nettoyant Moussant Gluco-Foam\"}]},{\"@type\":\"WebSite\",\"@id\":\"https:\\\/\\\/bboxbeauty.ca\\\/fr\\\/#website\",\"url\":\"https:\\\/\\\/bboxbeauty.ca\\\/fr\\\/\",\"name\":\"B-BOX Beauty\",\"description\":\"Skin Care To The Next Level\",\"publisher\":{\"@id\":\"https:\\\/\\\/bboxbeauty.ca\\\/fr\\\/#organization\"},\"alternateName\":\"B-Box\",\"potentialAction\":[{\"@type\":\"SearchAction\",\"target\":{\"@type\":\"EntryPoint\",\"urlTemplate\":\"https:\\\/\\\/bboxbeauty.ca\\\/fr\\\/?s={search_term_string}\"},\"query-input\":{\"@type\":\"PropertyValueSpecification\",\"valueRequired\":true,\"valueName\":\"search_term_string\"}}],\"inLanguage\":\"fr-FR\"},{\"@type\":\"Organization\",\"@id\":\"https:\\\/\\\/bboxbeauty.ca\\\/fr\\\/#organization\",\"name\":\"B-Box Beauty\",\"alternateName\":\"B-Box\",\"url\":\"https:\\\/\\\/bboxbeauty.ca\\\/fr\\\/\",\"logo\":{\"@type\":\"ImageObject\",\"inLanguage\":\"fr-FR\",\"@id\":\"https:\\\/\\\/bboxbeauty.ca\\\/fr\\\/#\\\/schema\\\/logo\\\/image\\\/\",\"url\":\"https:\\\/\\\/bboxbeauty.ca\\\/wp-content\\\/uploads\\\/2022\\\/11\\\/logo.png\",\"contentUrl\":\"https:\\\/\\\/bboxbeauty.ca\\\/wp-content\\\/uploads\\\/2022\\\/11\\\/logo.png\",\"width\":250,\"height\":87,\"caption\":\"B-Box Beauty\"},\"image\":{\"@id\":\"https:\\\/\\\/bboxbeauty.ca\\\/fr\\\/#\\\/schema\\\/logo\\\/image\\\/\"},\"sameAs\":[\"https:\\\/\\\/www.facebook.com\\\/BBoxBeauty\\\/\",\"https:\\\/\\\/www.instagram.com\\\/bboxbeauty\\\/\",\"https:\\\/\\\/www.linkedin.com\\\/company\\\/b-box-beauty\\\/\"]}]}<\/script>\n<!-- \/ Yoast SEO plugin. -->","yoast_head_json":{"title":"B-BOX Nettoyant Moussant Gluco-Foam | B-BOX Beauty","description":"Le B-BOX Nettoyant Moussant Gluco-Foam convient \u00e0 tous les types de peau, m\u00eame les plus sensibles. Un excellent produit pour ceux qui portent des extensions de cils, les adolescents et les sportifs.","robots":{"index":"index","follow":"follow","max-snippet":"max-snippet:-1","max-image-preview":"max-image-preview:large","max-video-preview":"max-video-preview:-1"},"canonical":"https:\/\/bboxbeauty.ca\/fr\/produit\/b-box-nettoyant-moussant-gluco-foam\/","schema":{"@context":"https:\/\/schema.org","@graph":[{"@type":"WebPage","@id":"https:\/\/bboxbeauty.ca\/fr\/produit\/b-box-nettoyant-moussant-gluco-foam\/","url":"https:\/\/bboxbeauty.ca\/fr\/produit\/b-box-nettoyant-moussant-gluco-foam\/","name":"B-BOX Nettoyant Moussant Gluco-Foam | B-BOX Beauty","isPartOf":{"@id":"https:\/\/bboxbeauty.ca\/fr\/#website"},"primaryImageOfPage":{"@id":"https:\/\/bboxbeauty.ca\/fr\/produit\/b-box-nettoyant-moussant-gluco-foam\/#primaryimage"},"image":{"@id":"https:\/\/bboxbeauty.ca\/fr\/produit\/b-box-nettoyant-moussant-gluco-foam\/#primaryimage"},"thumbnailUrl":"https:\/\/bboxbeauty.ca\/wp-content\/uploads\/2021\/01\/B-BOX-Gluco-Foam-Bio-Cleanser.jpg","datePublished":"2021-01-27T11:51:59+00:00","dateModified":"2026-04-20T16:04:50+00:00","description":"Le B-BOX Nettoyant Moussant Gluco-Foam convient \u00e0 tous les types de peau, m\u00eame les plus sensibles. Un excellent produit pour ceux qui portent des extensions de cils, les adolescents et les sportifs.","breadcrumb":{"@id":"https:\/\/bboxbeauty.ca\/fr\/produit\/b-box-nettoyant-moussant-gluco-foam\/#breadcrumb"},"inLanguage":"fr-FR","potentialAction":[{"@type":"ReadAction","target":["https:\/\/bboxbeauty.ca\/fr\/produit\/b-box-nettoyant-moussant-gluco-foam\/"]}]},{"@type":"ImageObject","inLanguage":"fr-FR","@id":"https:\/\/bboxbeauty.ca\/fr\/produit\/b-box-nettoyant-moussant-gluco-foam\/#primaryimage","url":"https:\/\/bboxbeauty.ca\/wp-content\/uploads\/2021\/01\/B-BOX-Gluco-Foam-Bio-Cleanser.jpg","contentUrl":"https:\/\/bboxbeauty.ca\/wp-content\/uploads\/2021\/01\/B-BOX-Gluco-Foam-Bio-Cleanser.jpg","width":1200,"height":1200,"caption":"B-BOX Nettoyant Moussant Gluco-Foam"},{"@type":"BreadcrumbList","@id":"https:\/\/bboxbeauty.ca\/fr\/produit\/b-box-nettoyant-moussant-gluco-foam\/#breadcrumb","itemListElement":[{"@type":"ListItem","position":1,"name":"Home","item":"https:\/\/bboxbeauty.ca\/fr\/"},{"@type":"ListItem","position":2,"name":"Boutique","item":"https:\/\/bboxbeauty.ca\/fr\/boutique\/"},{"@type":"ListItem","position":3,"name":"B-BOX Nettoyant Moussant Gluco-Foam"}]},{"@type":"WebSite","@id":"https:\/\/bboxbeauty.ca\/fr\/#website","url":"https:\/\/bboxbeauty.ca\/fr\/","name":"B-BOX Beauty","description":"Skin Care To The Next Level","publisher":{"@id":"https:\/\/bboxbeauty.ca\/fr\/#organization"},"alternateName":"B-Box","potentialAction":[{"@type":"SearchAction","target":{"@type":"EntryPoint","urlTemplate":"https:\/\/bboxbeauty.ca\/fr\/?s={search_term_string}"},"query-input":{"@type":"PropertyValueSpecification","valueRequired":true,"valueName":"search_term_string"}}],"inLanguage":"fr-FR"},{"@type":"Organization","@id":"https:\/\/bboxbeauty.ca\/fr\/#organization","name":"B-Box Beauty","alternateName":"B-Box","url":"https:\/\/bboxbeauty.ca\/fr\/","logo":{"@type":"ImageObject","inLanguage":"fr-FR","@id":"https:\/\/bboxbeauty.ca\/fr\/#\/schema\/logo\/image\/","url":"https:\/\/bboxbeauty.ca\/wp-content\/uploads\/2022\/11\/logo.png","contentUrl":"https:\/\/bboxbeauty.ca\/wp-content\/uploads\/2022\/11\/logo.png","width":250,"height":87,"caption":"B-Box Beauty"},"image":{"@id":"https:\/\/bboxbeauty.ca\/fr\/#\/schema\/logo\/image\/"},"sameAs":["https:\/\/www.facebook.com\/BBoxBeauty\/","https:\/\/www.instagram.com\/bboxbeauty\/","https:\/\/www.linkedin.com\/company\/b-box-beauty\/"]}]}},"_links":{"self":[{"href":"https:\/\/bboxbeauty.ca\/fr\/wp-json\/wp\/v2\/product\/3396","targetHints":{"allow":["GET"]}}],"collection":[{"href":"https:\/\/bboxbeauty.ca\/fr\/wp-json\/wp\/v2\/product"}],"about":[{"href":"https:\/\/bboxbeauty.ca\/fr\/wp-json\/wp\/v2\/types\/product"}],"replies":[{"embeddable":true,"href":"https:\/\/bboxbeauty.ca\/fr\/wp-json\/wp\/v2\/comments?post=3396"}],"wp:featuredmedia":[{"embeddable":true,"href":"https:\/\/bboxbeauty.ca\/fr\/wp-json\/wp\/v2\/media\/3177"}],"wp:attachment":[{"href":"https:\/\/bboxbeauty.ca\/fr\/wp-json\/wp\/v2\/media?parent=3396"}],"wp:term":[{"taxonomy":"product_brand","embeddable":true,"href":"https:\/\/bboxbeauty.ca\/fr\/wp-json\/wp\/v2\/product_brand?post=3396"},{"taxonomy":"product_cat","embeddable":true,"href":"https:\/\/bboxbeauty.ca\/fr\/wp-json\/wp\/v2\/product_cat?post=3396"},{"taxonomy":"product_tag","embeddable":true,"href":"https:\/\/bboxbeauty.ca\/fr\/wp-json\/wp\/v2\/product_tag?post=3396"},{"taxonomy":"giftcard-category","embeddable":true,"href":"https:\/\/bboxbeauty.ca\/fr\/wp-json\/wp\/v2\/giftcard-category?post=3396"}],"curies":[{"name":"wp","href":"https:\/\/api.w.org\/{rel}","templated":true}]}}