{"id":3394,"date":"2022-06-20T12:04:49","date_gmt":"2022-06-20T16:04:49","guid":{"rendered":"https:\/\/bboxbeauty.wpengine.com\/product\/control-cleansing-gel\/"},"modified":"2026-01-25T17:00:36","modified_gmt":"2026-01-25T22:00:36","slug":"b-box-gel-nettoyant-control","status":"publish","type":"product","link":"https:\/\/bboxbeauty.ca\/fr\/produit\/b-box-gel-nettoyant-control\/","title":{"rendered":"B-BOX Gel Nettoyant Control*"},"content":{"rendered":"<p>Le B-BOX Gel Nettoyant Control* \u00e9limine parfaitement toutes les impuret\u00e9s de la surface de la peau. Il renforce la flore microbienne cutan\u00e9e b\u00e9n\u00e9fique et protectrice, respecte le pH physiologique de la peau et contr\u00f4le le s\u00e9bum sans dess\u00e9cher la peau.<\/p>\n<p><strong>R\u00e9sultats attendus :<\/strong><\/p>\n<ul>\n<li class=\"bullet-arrow\">Le visage appara\u00eet parfaitement propre.<\/li>\n<li class=\"bullet-arrow\">L&rsquo;apparence des pores est r\u00e9duite.<\/li>\n<li class=\"bullet-arrow\">Le grain de peau est visiblement affin\u00e9.<\/li>\n<li class=\"bullet-arrow\">La peau est visiblement fra\u00eeche et lumineuse.<\/li>\n<li class=\"bullet-arrow\">L&rsquo;apparence des papules, pustules et points noirs est significativement r\u00e9duite.<\/li>\n<\/ul>\n","protected":false},"excerpt":{"rendered":"<h4>Pour les peaux \u00e0 tendance acn\u00e9ique<\/h4>\n<p>Le B-BOX Gel Nettoyant Control* est un nettoyant antibact\u00e9rien pour l&rsquo;hygi\u00e8ne des peaux grasses et \u00e0 tendance acn\u00e9ique. Il \u00e9limine parfaitement toutes les impuret\u00e9s de la surface de la peau sans la dess\u00e9cher.<\/p>\n<ul>\n<li class=\"bullet-arrow\"><strong>Texture :<\/strong> Lact\u00e9e<\/li>\n<li class=\"bullet-arrow\"><strong>Odeur :<\/strong> L\u00e9g\u00e8re et fra\u00eeche<\/li>\n<li class=\"bullet-arrow\"><strong>Format :<\/strong> 200 ml \u2013 7.00 fl.oz.<\/li>\n<\/ul>\n","protected":false},"featured_media":3174,"comment_status":"open","ping_status":"closed","template":"","meta":[],"product_brand":[],"product_cat":[105,93,118,113],"product_tag":[],"giftcard-category":[],"class_list":{"0":"post-3394","1":"product","2":"type-product","3":"status-publish","4":"has-post-thumbnail","6":"product_cat-b-box-beauty-fr","7":"product_cat-nettoyants","8":"product_cat-peau-acneique","9":"product_cat-peau-grasse","11":"first","12":"instock","13":"taxable","14":"shipping-taxable","15":"purchasable","16":"product-type-simple"},"yoast_head":"<!-- This site is optimized with the Yoast SEO plugin v27.5 - https:\/\/yoast.com\/product\/yoast-seo-wordpress\/ -->\n<title>B-BOX Gel Nettoyant Control* | B-BOX Beauty<\/title>\n<meta name=\"description\" content=\"Le B-BOX Gel Nettoyant Control* est un nettoyant antibact\u00e9rien pour l&#039;hygi\u00e8ne des peaux grasses et \u00e0 tendance acn\u00e9ique. Il \u00e9limine parfaitement toutes les impuret\u00e9s de la surface de la peau sans la dess\u00e9cher.\" \/>\n<meta name=\"robots\" content=\"index, follow, max-snippet:-1, max-image-preview:large, max-video-preview:-1\" \/>\n<link rel=\"canonical\" href=\"https:\/\/bboxbeauty.ca\/fr\/produit\/b-box-gel-nettoyant-control\/\" \/>\n<script type=\"application\/ld+json\" class=\"yoast-schema-graph\">{\"@context\":\"https:\\\/\\\/schema.org\",\"@graph\":[{\"@type\":\"WebPage\",\"@id\":\"https:\\\/\\\/bboxbeauty.ca\\\/fr\\\/produit\\\/b-box-gel-nettoyant-control\\\/\",\"url\":\"https:\\\/\\\/bboxbeauty.ca\\\/fr\\\/produit\\\/b-box-gel-nettoyant-control\\\/\",\"name\":\"B-BOX Gel Nettoyant Control* | B-BOX Beauty\",\"isPartOf\":{\"@id\":\"https:\\\/\\\/bboxbeauty.ca\\\/fr\\\/#website\"},\"primaryImageOfPage\":{\"@id\":\"https:\\\/\\\/bboxbeauty.ca\\\/fr\\\/produit\\\/b-box-gel-nettoyant-control\\\/#primaryimage\"},\"image\":{\"@id\":\"https:\\\/\\\/bboxbeauty.ca\\\/fr\\\/produit\\\/b-box-gel-nettoyant-control\\\/#primaryimage\"},\"thumbnailUrl\":\"https:\\\/\\\/bboxbeauty.ca\\\/wp-content\\\/uploads\\\/2022\\\/06\\\/B-Box-Control-Cleansing-Gel.jpg\",\"datePublished\":\"2022-06-20T16:04:49+00:00\",\"dateModified\":\"2026-01-25T22:00:36+00:00\",\"description\":\"Le B-BOX Gel Nettoyant Control* est un nettoyant antibact\u00e9rien pour l'hygi\u00e8ne des peaux grasses et \u00e0 tendance acn\u00e9ique. Il \u00e9limine parfaitement toutes les impuret\u00e9s de la surface de la peau sans la dess\u00e9cher.\",\"breadcrumb\":{\"@id\":\"https:\\\/\\\/bboxbeauty.ca\\\/fr\\\/produit\\\/b-box-gel-nettoyant-control\\\/#breadcrumb\"},\"inLanguage\":\"fr-FR\",\"potentialAction\":[{\"@type\":\"ReadAction\",\"target\":[\"https:\\\/\\\/bboxbeauty.ca\\\/fr\\\/produit\\\/b-box-gel-nettoyant-control\\\/\"]}]},{\"@type\":\"ImageObject\",\"inLanguage\":\"fr-FR\",\"@id\":\"https:\\\/\\\/bboxbeauty.ca\\\/fr\\\/produit\\\/b-box-gel-nettoyant-control\\\/#primaryimage\",\"url\":\"https:\\\/\\\/bboxbeauty.ca\\\/wp-content\\\/uploads\\\/2022\\\/06\\\/B-Box-Control-Cleansing-Gel.jpg\",\"contentUrl\":\"https:\\\/\\\/bboxbeauty.ca\\\/wp-content\\\/uploads\\\/2022\\\/06\\\/B-Box-Control-Cleansing-Gel.jpg\",\"width\":1200,\"height\":1200,\"caption\":\"B-BOX Gel Nettoyant Control*\"},{\"@type\":\"BreadcrumbList\",\"@id\":\"https:\\\/\\\/bboxbeauty.ca\\\/fr\\\/produit\\\/b-box-gel-nettoyant-control\\\/#breadcrumb\",\"itemListElement\":[{\"@type\":\"ListItem\",\"position\":1,\"name\":\"Home\",\"item\":\"https:\\\/\\\/bboxbeauty.ca\\\/fr\\\/\"},{\"@type\":\"ListItem\",\"position\":2,\"name\":\"Boutique\",\"item\":\"https:\\\/\\\/bboxbeauty.ca\\\/fr\\\/boutique\\\/\"},{\"@type\":\"ListItem\",\"position\":3,\"name\":\"B-BOX Gel Nettoyant Control*\"}]},{\"@type\":\"WebSite\",\"@id\":\"https:\\\/\\\/bboxbeauty.ca\\\/fr\\\/#website\",\"url\":\"https:\\\/\\\/bboxbeauty.ca\\\/fr\\\/\",\"name\":\"B-BOX Beauty\",\"description\":\"Skin Care To The Next Level\",\"publisher\":{\"@id\":\"https:\\\/\\\/bboxbeauty.ca\\\/fr\\\/#organization\"},\"alternateName\":\"B-Box\",\"potentialAction\":[{\"@type\":\"SearchAction\",\"target\":{\"@type\":\"EntryPoint\",\"urlTemplate\":\"https:\\\/\\\/bboxbeauty.ca\\\/fr\\\/?s={search_term_string}\"},\"query-input\":{\"@type\":\"PropertyValueSpecification\",\"valueRequired\":true,\"valueName\":\"search_term_string\"}}],\"inLanguage\":\"fr-FR\"},{\"@type\":\"Organization\",\"@id\":\"https:\\\/\\\/bboxbeauty.ca\\\/fr\\\/#organization\",\"name\":\"B-Box Beauty\",\"alternateName\":\"B-Box\",\"url\":\"https:\\\/\\\/bboxbeauty.ca\\\/fr\\\/\",\"logo\":{\"@type\":\"ImageObject\",\"inLanguage\":\"fr-FR\",\"@id\":\"https:\\\/\\\/bboxbeauty.ca\\\/fr\\\/#\\\/schema\\\/logo\\\/image\\\/\",\"url\":\"https:\\\/\\\/bboxbeauty.ca\\\/wp-content\\\/uploads\\\/2022\\\/11\\\/logo.png\",\"contentUrl\":\"https:\\\/\\\/bboxbeauty.ca\\\/wp-content\\\/uploads\\\/2022\\\/11\\\/logo.png\",\"width\":250,\"height\":87,\"caption\":\"B-Box Beauty\"},\"image\":{\"@id\":\"https:\\\/\\\/bboxbeauty.ca\\\/fr\\\/#\\\/schema\\\/logo\\\/image\\\/\"},\"sameAs\":[\"https:\\\/\\\/www.facebook.com\\\/BBoxBeauty\\\/\",\"https:\\\/\\\/www.instagram.com\\\/bboxbeauty\\\/\",\"https:\\\/\\\/www.linkedin.com\\\/company\\\/b-box-beauty\\\/\"]}]}<\/script>\n<!-- \/ Yoast SEO plugin. -->","yoast_head_json":{"title":"B-BOX Gel Nettoyant Control* | B-BOX Beauty","description":"Le B-BOX Gel Nettoyant Control* est un nettoyant antibact\u00e9rien pour l'hygi\u00e8ne des peaux grasses et \u00e0 tendance acn\u00e9ique. Il \u00e9limine parfaitement toutes les impuret\u00e9s de la surface de la peau sans la dess\u00e9cher.","robots":{"index":"index","follow":"follow","max-snippet":"max-snippet:-1","max-image-preview":"max-image-preview:large","max-video-preview":"max-video-preview:-1"},"canonical":"https:\/\/bboxbeauty.ca\/fr\/produit\/b-box-gel-nettoyant-control\/","schema":{"@context":"https:\/\/schema.org","@graph":[{"@type":"WebPage","@id":"https:\/\/bboxbeauty.ca\/fr\/produit\/b-box-gel-nettoyant-control\/","url":"https:\/\/bboxbeauty.ca\/fr\/produit\/b-box-gel-nettoyant-control\/","name":"B-BOX Gel Nettoyant Control* | B-BOX Beauty","isPartOf":{"@id":"https:\/\/bboxbeauty.ca\/fr\/#website"},"primaryImageOfPage":{"@id":"https:\/\/bboxbeauty.ca\/fr\/produit\/b-box-gel-nettoyant-control\/#primaryimage"},"image":{"@id":"https:\/\/bboxbeauty.ca\/fr\/produit\/b-box-gel-nettoyant-control\/#primaryimage"},"thumbnailUrl":"https:\/\/bboxbeauty.ca\/wp-content\/uploads\/2022\/06\/B-Box-Control-Cleansing-Gel.jpg","datePublished":"2022-06-20T16:04:49+00:00","dateModified":"2026-01-25T22:00:36+00:00","description":"Le B-BOX Gel Nettoyant Control* est un nettoyant antibact\u00e9rien pour l'hygi\u00e8ne des peaux grasses et \u00e0 tendance acn\u00e9ique. Il \u00e9limine parfaitement toutes les impuret\u00e9s de la surface de la peau sans la dess\u00e9cher.","breadcrumb":{"@id":"https:\/\/bboxbeauty.ca\/fr\/produit\/b-box-gel-nettoyant-control\/#breadcrumb"},"inLanguage":"fr-FR","potentialAction":[{"@type":"ReadAction","target":["https:\/\/bboxbeauty.ca\/fr\/produit\/b-box-gel-nettoyant-control\/"]}]},{"@type":"ImageObject","inLanguage":"fr-FR","@id":"https:\/\/bboxbeauty.ca\/fr\/produit\/b-box-gel-nettoyant-control\/#primaryimage","url":"https:\/\/bboxbeauty.ca\/wp-content\/uploads\/2022\/06\/B-Box-Control-Cleansing-Gel.jpg","contentUrl":"https:\/\/bboxbeauty.ca\/wp-content\/uploads\/2022\/06\/B-Box-Control-Cleansing-Gel.jpg","width":1200,"height":1200,"caption":"B-BOX Gel Nettoyant Control*"},{"@type":"BreadcrumbList","@id":"https:\/\/bboxbeauty.ca\/fr\/produit\/b-box-gel-nettoyant-control\/#breadcrumb","itemListElement":[{"@type":"ListItem","position":1,"name":"Home","item":"https:\/\/bboxbeauty.ca\/fr\/"},{"@type":"ListItem","position":2,"name":"Boutique","item":"https:\/\/bboxbeauty.ca\/fr\/boutique\/"},{"@type":"ListItem","position":3,"name":"B-BOX Gel Nettoyant Control*"}]},{"@type":"WebSite","@id":"https:\/\/bboxbeauty.ca\/fr\/#website","url":"https:\/\/bboxbeauty.ca\/fr\/","name":"B-BOX Beauty","description":"Skin Care To The Next Level","publisher":{"@id":"https:\/\/bboxbeauty.ca\/fr\/#organization"},"alternateName":"B-Box","potentialAction":[{"@type":"SearchAction","target":{"@type":"EntryPoint","urlTemplate":"https:\/\/bboxbeauty.ca\/fr\/?s={search_term_string}"},"query-input":{"@type":"PropertyValueSpecification","valueRequired":true,"valueName":"search_term_string"}}],"inLanguage":"fr-FR"},{"@type":"Organization","@id":"https:\/\/bboxbeauty.ca\/fr\/#organization","name":"B-Box Beauty","alternateName":"B-Box","url":"https:\/\/bboxbeauty.ca\/fr\/","logo":{"@type":"ImageObject","inLanguage":"fr-FR","@id":"https:\/\/bboxbeauty.ca\/fr\/#\/schema\/logo\/image\/","url":"https:\/\/bboxbeauty.ca\/wp-content\/uploads\/2022\/11\/logo.png","contentUrl":"https:\/\/bboxbeauty.ca\/wp-content\/uploads\/2022\/11\/logo.png","width":250,"height":87,"caption":"B-Box Beauty"},"image":{"@id":"https:\/\/bboxbeauty.ca\/fr\/#\/schema\/logo\/image\/"},"sameAs":["https:\/\/www.facebook.com\/BBoxBeauty\/","https:\/\/www.instagram.com\/bboxbeauty\/","https:\/\/www.linkedin.com\/company\/b-box-beauty\/"]}]}},"_links":{"self":[{"href":"https:\/\/bboxbeauty.ca\/fr\/wp-json\/wp\/v2\/product\/3394","targetHints":{"allow":["GET"]}}],"collection":[{"href":"https:\/\/bboxbeauty.ca\/fr\/wp-json\/wp\/v2\/product"}],"about":[{"href":"https:\/\/bboxbeauty.ca\/fr\/wp-json\/wp\/v2\/types\/product"}],"replies":[{"embeddable":true,"href":"https:\/\/bboxbeauty.ca\/fr\/wp-json\/wp\/v2\/comments?post=3394"}],"wp:featuredmedia":[{"embeddable":true,"href":"https:\/\/bboxbeauty.ca\/fr\/wp-json\/wp\/v2\/media\/3174"}],"wp:attachment":[{"href":"https:\/\/bboxbeauty.ca\/fr\/wp-json\/wp\/v2\/media?parent=3394"}],"wp:term":[{"taxonomy":"product_brand","embeddable":true,"href":"https:\/\/bboxbeauty.ca\/fr\/wp-json\/wp\/v2\/product_brand?post=3394"},{"taxonomy":"product_cat","embeddable":true,"href":"https:\/\/bboxbeauty.ca\/fr\/wp-json\/wp\/v2\/product_cat?post=3394"},{"taxonomy":"product_tag","embeddable":true,"href":"https:\/\/bboxbeauty.ca\/fr\/wp-json\/wp\/v2\/product_tag?post=3394"},{"taxonomy":"giftcard-category","embeddable":true,"href":"https:\/\/bboxbeauty.ca\/fr\/wp-json\/wp\/v2\/giftcard-category?post=3394"}],"curies":[{"name":"wp","href":"https:\/\/api.w.org\/{rel}","templated":true}]}}