{"id":3347,"date":"2022-11-02T14:36:32","date_gmt":"2022-11-02T18:36:32","guid":{"rendered":"https:\/\/bboxbeauty.wpengine.com\/univers\/we-are-b-box\/"},"modified":"2026-03-18T15:51:53","modified_gmt":"2026-03-18T19:51:53","slug":"nous-sommes-b-box","status":"publish","type":"page","link":"https:\/\/bboxbeauty.ca\/fr\/univers\/nous-sommes-b-box\/","title":{"rendered":"Nous sommes B-Box"},"content":{"rendered":"<div class=\"row row-collapse row-full-width\"  id=\"row-370558768\">\n\n\t<div id=\"col-137064931\" class=\"col small-12 large-12\"  >\n\t\t\t\t<div class=\"col-inner\"  >\n\t\t\t\n\t\t\t\n\n\t<section class=\"section\" id=\"section_1020606185\">\n\t\t<div class=\"section-bg fill\" >\n\t\t\t<img decoding=\"async\" src=\"https:\/\/bboxbeauty.ca\/wp-content\/uploads\/2026\/03\/Site-internet-we-are-B-Box-Beauty.svg\" class=\"bg attachment-original size-original\" alt=\"\" \/>\t\t\t\t\t\t\n\t\t\t\n\n\t\t<\/div>\n\n\t\t\n\n\t\t<div class=\"section-content relative\">\n\t\t\t\n<div class=\"row row-collapse align-center\" style=\"max-width:\" id=\"row-1626860636\">\n\n\t<div id=\"col-477574706\" class=\"col small-12 large-12\"  >\n\t\t\t\t<div class=\"col-inner text-center dark\"  >\n\t\t\t\n\t\t\t\n\t<div id=\"text-1791288333\" class=\"text\">\n\t\t\n<h1><span style=\"font-size: 250%;\">Nous sommes B-Box Beauty Distribution<\/span><\/h1>\n<p class=\"lead\">\u00a0<\/p>\n\t\t\n<style>\n#text-1791288333 {\n  font-size: 0.75rem;\n  color: #a0835a;\n}\n#text-1791288333 > * {\n  color: #a0835a;\n}\n<\/style>\n\t<\/div>\n\t\n\t\t<\/div>\n\t\t\t\t\n<style>\n#col-477574706 > .col-inner {\n  padding: 100px 0px 100px 0px;\n}\n@media (min-width:550px) {\n  #col-477574706 > .col-inner {\n    padding: 100px 0px 100px 0px;\n  }\n}\n@media (min-width:850px) {\n  #col-477574706 > .col-inner {\n    padding: 100px 0px 200px 0px;\n  }\n}\n<\/style>\n\t<\/div>\n\n\t\n<\/div>\n\t\t<\/div>\n\n\t\t\n<style>\n#section_1020606185 {\n  padding-top: 0px;\n  padding-bottom: 0px;\n  min-height: 0px;\n}\n#section_1020606185 .section-bg img {\n  object-position: 39% 8%;\n}\n@media (min-width:550px) {\n  #section_1020606185 {\n    padding-top: 0px;\n    padding-bottom: 0px;\n  }\n}\n@media (min-width:850px) {\n  #section_1020606185 {\n    padding-top: 100px;\n    padding-bottom: 100px;\n  }\n}\n<\/style>\n\t<\/section>\n\t\n\t\t<\/div>\n\t\t\t\t\t<\/div>\n\n\t\n<\/div>\n\n\t<section class=\"section\" id=\"section_2010136247\">\n\t\t<div class=\"section-bg fill\" >\n\t\t\t\t\t\t\t\t\t\n\t\t\t\n\n\t\t<\/div>\n\n\t\t\n\n\t\t<div class=\"section-content relative\">\n\t\t\t\n<div class=\"row align-center\"  id=\"row-902036704\">\n\n\t<div id=\"col-963638565\" class=\"col medium-12 small-12 large-6\"  >\n\t\t\t\t<div class=\"col-inner\"  >\n\t\t\t\n\t\t\t\n\t<div id=\"gap-228588736\" class=\"gap-element clearfix\" style=\"display:block; height:auto;\">\n\t\t\n<style>\n#gap-228588736 {\n  padding-top: 10px;\n}\n@media (min-width:550px) {\n  #gap-228588736 {\n    padding-top: 20px;\n  }\n}\n@media (min-width:850px) {\n  #gap-228588736 {\n    padding-top: 30px;\n  }\n}\n<\/style>\n\t<\/div>\n\t\n\t<div id=\"text-2365855383\" class=\"text\">\n\t\t\n<h1>Notre mission<\/h1>\n\t\t\n<style>\n#text-2365855383 {\n  font-size: 1.55rem;\n}\n<\/style>\n\t<\/div>\n\t\n<p class=\"lead\"><strong>L&rsquo;Architecture de l&rsquo;Esth\u00e9tique Avanc\u00e9e<\/strong><\/p>\n<p>Notre mission est de red\u00e9finir les standards de l\u2019industrie en b\u00e2tissant un pont direct entre l\u2019innovation scientifique mondiale et la r\u00e9alit\u00e9 des cliniques de haute performance. Chez B-Box, nous ne sommes pas de simples distributeurs ; nous concevons des \u00e9cosyst\u00e8mes o\u00f9 la technologie de pointe rencontre l\u2019expertise de terrain pour garantir des r\u00e9sultats cliniques sup\u00e9rieurs et une croissance d\u2019affaires durable.<\/p>\n\t<div id=\"gap-2336876\" class=\"gap-element clearfix\" style=\"display:block; height:auto;\">\n\t\t\n<style>\n#gap-2336876 {\n  padding-top: 10px;\n}\n@media (min-width:550px) {\n  #gap-2336876 {\n    padding-top: 20px;\n  }\n}\n@media (min-width:850px) {\n  #gap-2336876 {\n    padding-top: 60px;\n  }\n}\n<\/style>\n\t<\/div>\n\t\n\t\t<\/div>\n\t\t\t\t\n<style>\n#col-963638565 > .col-inner {\n  padding: 0px 10% 0px 0px;\n}\n<\/style>\n\t<\/div>\n\n\t\n\n\t<div id=\"col-781017448\" class=\"col medium-12 small-12 large-6\"  >\n\t\t\t\t<div class=\"col-inner\" style=\"background-color:rgb(241, 241, 241);\" >\n\t\t\t\n\t<div class=\"is-border\"\n\t\tstyle=\"border-color:rgb(27, 48, 93);border-width:10px 0px 0px 0px;\">\n\t<\/div>\n\t\t\t\n\t<div id=\"text-2407399146\" class=\"text\">\n\t\t\n<h3>Pourquoi choisir B-Box ?<\/h3>\n\t\t\n<style>\n#text-2407399146 {\n  font-size: 1.25rem;\n  text-align: center;\n}\n<\/style>\n\t<\/div>\n\t\n<p>\u00a0<\/p>\n<p>\u00a0<\/p>\n<p><strong>Innovation Mondiale (K-Beauty &amp; Tech)<\/strong><\/p>\n<ul>\n<li>Un acc\u00e8s privil\u00e9gi\u00e9 aux derni\u00e8res perc\u00e9es technologiques internationales. Nous s\u00e9lectionnons rigoureusement les formulations et les dispositifs qui dictent les tendances de demain.<\/li>\n<\/ul>\n<p>\u00a0<\/p>\n<p><strong>\u00c9ducation Clinique de Haut Niveau<\/strong><\/p>\n<ul>\n<li>Le savoir est notre levier de performance. Nous accompagnons nos partenaires avec des protocoles avanc\u00e9s et une formation continue pour ma\u00eetriser chaque innovation.<\/li>\n<\/ul>\n<p>\u00a0<\/p>\n<p><strong>Synergie et Croissance<\/strong><\/p>\n<ul>\n<li>Un mod\u00e8le d&rsquo;affaires con\u00e7u pour les visionnaires. Nous cr\u00e9ons une collaboration directe entre concepteurs et praticiens pour raffiner les standards de l\u2019excellence esth\u00e9tique.<\/li>\n<\/ul>\n<a href=\"\/pour-professionnels\/\" class=\"button primary\" >\n\t\t<span>Devenir partenaire B-Box<\/span>\n\t<\/a>\n\n\t\t<\/div>\n\t\t\t\t\n<style>\n#col-781017448 > .col-inner {\n  padding: 15% 10% 5% 10%;\n  margin: 0 0px 0px 0px;\n}\n@media (min-width:550px) {\n  #col-781017448 > .col-inner {\n    padding: 10% 10% 8% 10%;\n  }\n}\n@media (min-width:850px) {\n  #col-781017448 > .col-inner {\n    padding: 15% 15% 10% 15%;\n    margin: -172px 0px 0px 0px;\n  }\n}\n<\/style>\n\t<\/div>\n\n\t\n<\/div>\n\t\t<\/div>\n\n\t\t\n<style>\n#section_2010136247 {\n  padding-top: 0px;\n  padding-bottom: 0px;\n}\n<\/style>\n\t<\/section>\n\t\n\n\t<section class=\"section dark\" id=\"section_1280005877\">\n\t\t<div class=\"section-bg fill\" >\n\t\t\t\t\t\t\t\t\t\n\t\t\t\n\n\t\t<\/div>\n\n\t\t\n\n\t\t<div class=\"section-content relative\">\n\t\t\t\n<div class=\"row\"  id=\"row-116573197\">\n\n\t<div id=\"col-636502603\" class=\"col small-12 large-12\"  >\n\t\t\t\t<div class=\"col-inner\"  >\n\t\t\t\n\t\t\t\n\t<div id=\"stack-1783737638\" class=\"stack stack-row justify-between items-stretch\">\n\t\t\n\t<div id=\"text-3967852053\" class=\"text\">\n\t\t\n<h3>Comment est n\u00e9e B-Box<\/h3>\n\t\t\n<style>\n#text-3967852053 {\n  font-size: 2rem;\n  line-height: 0.75;\n}\n<\/style>\n\t<\/div>\n\t\n\t<div id=\"text-653035722\" class=\"text\">\n\t\t\n\t\t\t<\/div>\n\t\n\t\t\n<style>\n#stack-1783737638 > * {\n  --stack-gap: 0rem;\n}\n<\/style>\n\t<\/div>\n\t\n\t\t<\/div>\n\t\t\t\t\t<\/div>\n\n\t\n<\/div>\n<div class=\"row row-large\"  id=\"row-703668739\">\n\n\t<div id=\"col-1367517804\" class=\"col medium-6 small-12 large-6\"  >\n\t\t\t\t<div class=\"col-inner text-center\"  >\n\t\t\t\n\t\t\t\n<p>L\u2019Expertise au Service de la Ma\u00eetrise<\/p>\n<p data-path-to-node=\"18,0\">B-Box est n\u00e9 d\u2019une conviction profonde, forg\u00e9e par des ann\u00e9es d\u2019immersion au c\u0153ur de l\u2019industrie esth\u00e9tique, tant sur le terrain clinique qu\u2019au sein des plus hauts standards d\u2019\u00e9ducation.<\/p>\n<p data-path-to-node=\"18,1\">Ayant consacr\u00e9 une partie de mon parcours \u00e0 former la prochaine g\u00e9n\u00e9ration de professionnels, j\u2019ai compris que la technologie la plus avanc\u00e9e n\u2019est rien sans la connaissance pour la porter. J&rsquo;ai vu trop de praticiens chercher le \u00ab maillon manquant \u00bb entre l&rsquo;innovation pure et le r\u00e9sultat r\u00e9el en cabine.<\/p>\n<p data-path-to-node=\"18,2\">C\u2019est pour combler ce vide que j\u2019ai fond\u00e9 B-Box. Mon double r\u00f4le de curatrice et de p\u00e9dagogue me permet de filtrer les perc\u00e9es mondiales sp\u00e9cifiquement la K-Beauty et les technologies de pointe pour ne vous livrer que la performance pure, appuy\u00e9e par un transfert de comp\u00e9tences rigoureux.<\/p>\n<p data-path-to-node=\"18,3\">Chez B-Box Beauty, nous ne distribuons pas seulement l\u2019architecture de l\u2019esth\u00e9tique de demain ; nous vous donnons les cl\u00e9s pour la b\u00e2tir.<\/p>\n\t<div class=\"img has-hover text-right x md-x lg-x y md-y lg-y\" id=\"image_67965828\">\n\t\t\t\t\t\t\t\t<div class=\"img-inner box-shadow-2-hover dark\" >\n\t\t\t<img loading=\"lazy\" decoding=\"async\" width=\"300\" height=\"76\" src=\"https:\/\/bboxbeauty.ca\/wp-content\/uploads\/2022\/11\/annie-trottier.png\" class=\"attachment-1536x1536 size-1536x1536\" alt=\"\" srcset=\"https:\/\/bboxbeauty.ca\/wp-content\/uploads\/2022\/11\/annie-trottier.png 300w, https:\/\/bboxbeauty.ca\/wp-content\/uploads\/2022\/11\/annie-trottier-60x15.png 60w\" sizes=\"auto, (max-width: 300px) 100vw, 300px\" \/>\t\t\t\t\t\t\n\t\t\t\t\t<\/div>\n\t\t\t\t\t\t\t\t\n<style>\n#image_67965828 {\n  width: 50%;\n}\n<\/style>\n\t<\/div>\n\t\n<a href=\"\/pour-professionnels\/\" class=\"button white\" >\n\t\t<span>Devenir partenaire B-Box<\/span>\n\t<\/a>\n\n\t\t<\/div>\n\t\t\t\t\t<\/div>\n\n\t\n<\/div>\n\t\t<\/div>\n\n\t\t\n<style>\n#section_1280005877 {\n  padding-top: 50px;\n  padding-bottom: 50px;\n  background-color: #1b305d;\n}\n<\/style>\n\t<\/section>\n\t\n","protected":false},"excerpt":{"rendered":"","protected":false},"author":1,"featured_media":0,"parent":3340,"menu_order":0,"comment_status":"closed","ping_status":"closed","template":"page-blank.php","meta":{"footnotes":""},"class_list":["post-3347","page","type-page","status-publish","hentry"],"yoast_head":"<!-- This site is optimized with the Yoast SEO plugin v27.4 - https:\/\/yoast.com\/product\/yoast-seo-wordpress\/ -->\n<title>Nous sommes B-Box | B-BOX Beauty<\/title>\n<meta name=\"robots\" content=\"index, follow, max-snippet:-1, max-image-preview:large, max-video-preview:-1\" \/>\n<link rel=\"canonical\" href=\"https:\/\/bboxbeauty.ca\/fr\/univers\/nous-sommes-b-box\/\" \/>\n<script type=\"application\/ld+json\" class=\"yoast-schema-graph\">{\"@context\":\"https:\\\/\\\/schema.org\",\"@graph\":[{\"@type\":\"WebPage\",\"@id\":\"https:\\\/\\\/bboxbeauty.ca\\\/fr\\\/univers\\\/nous-sommes-b-box\\\/\",\"url\":\"https:\\\/\\\/bboxbeauty.ca\\\/fr\\\/univers\\\/nous-sommes-b-box\\\/\",\"name\":\"Nous sommes B-Box | B-BOX Beauty\",\"isPartOf\":{\"@id\":\"https:\\\/\\\/bboxbeauty.ca\\\/fr\\\/#website\"},\"datePublished\":\"2022-11-02T18:36:32+00:00\",\"dateModified\":\"2026-03-18T19:51:53+00:00\",\"breadcrumb\":{\"@id\":\"https:\\\/\\\/bboxbeauty.ca\\\/fr\\\/univers\\\/nous-sommes-b-box\\\/#breadcrumb\"},\"inLanguage\":\"fr-FR\",\"potentialAction\":[{\"@type\":\"ReadAction\",\"target\":[\"https:\\\/\\\/bboxbeauty.ca\\\/fr\\\/univers\\\/nous-sommes-b-box\\\/\"]}]},{\"@type\":\"BreadcrumbList\",\"@id\":\"https:\\\/\\\/bboxbeauty.ca\\\/fr\\\/univers\\\/nous-sommes-b-box\\\/#breadcrumb\",\"itemListElement\":[{\"@type\":\"ListItem\",\"position\":1,\"name\":\"Home\",\"item\":\"https:\\\/\\\/bboxbeauty.ca\\\/fr\\\/\"},{\"@type\":\"ListItem\",\"position\":2,\"name\":\"Univers\",\"item\":\"https:\\\/\\\/bboxbeauty.ca\\\/fr\\\/univers\\\/\"},{\"@type\":\"ListItem\",\"position\":3,\"name\":\"Nous sommes B-Box\"}]},{\"@type\":\"WebSite\",\"@id\":\"https:\\\/\\\/bboxbeauty.ca\\\/fr\\\/#website\",\"url\":\"https:\\\/\\\/bboxbeauty.ca\\\/fr\\\/\",\"name\":\"B-BOX Beauty\",\"description\":\"Skin Care To The Next Level\",\"publisher\":{\"@id\":\"https:\\\/\\\/bboxbeauty.ca\\\/fr\\\/#organization\"},\"alternateName\":\"B-Box\",\"potentialAction\":[{\"@type\":\"SearchAction\",\"target\":{\"@type\":\"EntryPoint\",\"urlTemplate\":\"https:\\\/\\\/bboxbeauty.ca\\\/fr\\\/?s={search_term_string}\"},\"query-input\":{\"@type\":\"PropertyValueSpecification\",\"valueRequired\":true,\"valueName\":\"search_term_string\"}}],\"inLanguage\":\"fr-FR\"},{\"@type\":\"Organization\",\"@id\":\"https:\\\/\\\/bboxbeauty.ca\\\/fr\\\/#organization\",\"name\":\"B-Box Beauty\",\"alternateName\":\"B-Box\",\"url\":\"https:\\\/\\\/bboxbeauty.ca\\\/fr\\\/\",\"logo\":{\"@type\":\"ImageObject\",\"inLanguage\":\"fr-FR\",\"@id\":\"https:\\\/\\\/bboxbeauty.ca\\\/fr\\\/#\\\/schema\\\/logo\\\/image\\\/\",\"url\":\"https:\\\/\\\/bboxbeauty.ca\\\/wp-content\\\/uploads\\\/2022\\\/11\\\/logo.png\",\"contentUrl\":\"https:\\\/\\\/bboxbeauty.ca\\\/wp-content\\\/uploads\\\/2022\\\/11\\\/logo.png\",\"width\":250,\"height\":87,\"caption\":\"B-Box Beauty\"},\"image\":{\"@id\":\"https:\\\/\\\/bboxbeauty.ca\\\/fr\\\/#\\\/schema\\\/logo\\\/image\\\/\"},\"sameAs\":[\"https:\\\/\\\/www.facebook.com\\\/BBoxBeauty\\\/\",\"https:\\\/\\\/www.instagram.com\\\/bboxbeauty\\\/\",\"https:\\\/\\\/www.linkedin.com\\\/company\\\/b-box-beauty\\\/\"]}]}<\/script>\n<!-- \/ Yoast SEO plugin. -->","yoast_head_json":{"title":"Nous sommes B-Box | B-BOX Beauty","robots":{"index":"index","follow":"follow","max-snippet":"max-snippet:-1","max-image-preview":"max-image-preview:large","max-video-preview":"max-video-preview:-1"},"canonical":"https:\/\/bboxbeauty.ca\/fr\/univers\/nous-sommes-b-box\/","schema":{"@context":"https:\/\/schema.org","@graph":[{"@type":"WebPage","@id":"https:\/\/bboxbeauty.ca\/fr\/univers\/nous-sommes-b-box\/","url":"https:\/\/bboxbeauty.ca\/fr\/univers\/nous-sommes-b-box\/","name":"Nous sommes B-Box | B-BOX Beauty","isPartOf":{"@id":"https:\/\/bboxbeauty.ca\/fr\/#website"},"datePublished":"2022-11-02T18:36:32+00:00","dateModified":"2026-03-18T19:51:53+00:00","breadcrumb":{"@id":"https:\/\/bboxbeauty.ca\/fr\/univers\/nous-sommes-b-box\/#breadcrumb"},"inLanguage":"fr-FR","potentialAction":[{"@type":"ReadAction","target":["https:\/\/bboxbeauty.ca\/fr\/univers\/nous-sommes-b-box\/"]}]},{"@type":"BreadcrumbList","@id":"https:\/\/bboxbeauty.ca\/fr\/univers\/nous-sommes-b-box\/#breadcrumb","itemListElement":[{"@type":"ListItem","position":1,"name":"Home","item":"https:\/\/bboxbeauty.ca\/fr\/"},{"@type":"ListItem","position":2,"name":"Univers","item":"https:\/\/bboxbeauty.ca\/fr\/univers\/"},{"@type":"ListItem","position":3,"name":"Nous sommes B-Box"}]},{"@type":"WebSite","@id":"https:\/\/bboxbeauty.ca\/fr\/#website","url":"https:\/\/bboxbeauty.ca\/fr\/","name":"B-BOX Beauty","description":"Skin Care To The Next Level","publisher":{"@id":"https:\/\/bboxbeauty.ca\/fr\/#organization"},"alternateName":"B-Box","potentialAction":[{"@type":"SearchAction","target":{"@type":"EntryPoint","urlTemplate":"https:\/\/bboxbeauty.ca\/fr\/?s={search_term_string}"},"query-input":{"@type":"PropertyValueSpecification","valueRequired":true,"valueName":"search_term_string"}}],"inLanguage":"fr-FR"},{"@type":"Organization","@id":"https:\/\/bboxbeauty.ca\/fr\/#organization","name":"B-Box Beauty","alternateName":"B-Box","url":"https:\/\/bboxbeauty.ca\/fr\/","logo":{"@type":"ImageObject","inLanguage":"fr-FR","@id":"https:\/\/bboxbeauty.ca\/fr\/#\/schema\/logo\/image\/","url":"https:\/\/bboxbeauty.ca\/wp-content\/uploads\/2022\/11\/logo.png","contentUrl":"https:\/\/bboxbeauty.ca\/wp-content\/uploads\/2022\/11\/logo.png","width":250,"height":87,"caption":"B-Box Beauty"},"image":{"@id":"https:\/\/bboxbeauty.ca\/fr\/#\/schema\/logo\/image\/"},"sameAs":["https:\/\/www.facebook.com\/BBoxBeauty\/","https:\/\/www.instagram.com\/bboxbeauty\/","https:\/\/www.linkedin.com\/company\/b-box-beauty\/"]}]}},"_links":{"self":[{"href":"https:\/\/bboxbeauty.ca\/fr\/wp-json\/wp\/v2\/pages\/3347","targetHints":{"allow":["GET"]}}],"collection":[{"href":"https:\/\/bboxbeauty.ca\/fr\/wp-json\/wp\/v2\/pages"}],"about":[{"href":"https:\/\/bboxbeauty.ca\/fr\/wp-json\/wp\/v2\/types\/page"}],"author":[{"embeddable":true,"href":"https:\/\/bboxbeauty.ca\/fr\/wp-json\/wp\/v2\/users\/1"}],"replies":[{"embeddable":true,"href":"https:\/\/bboxbeauty.ca\/fr\/wp-json\/wp\/v2\/comments?post=3347"}],"version-history":[{"count":0,"href":"https:\/\/bboxbeauty.ca\/fr\/wp-json\/wp\/v2\/pages\/3347\/revisions"}],"up":[{"embeddable":true,"href":"https:\/\/bboxbeauty.ca\/fr\/wp-json\/wp\/v2\/pages\/3340"}],"wp:attachment":[{"href":"https:\/\/bboxbeauty.ca\/fr\/wp-json\/wp\/v2\/media?parent=3347"}],"curies":[{"name":"wp","href":"https:\/\/api.w.org\/{rel}","templated":true}]}}