{"id":3342,"date":"2022-11-02T17:03:35","date_gmt":"2022-11-02T17:03:35","guid":{"rendered":"https:\/\/bboxbeauty.wpengine.com\/univers\/b-box-loyalty-program\/"},"modified":"2023-06-01T13:25:21","modified_gmt":"2023-06-01T17:25:21","slug":"programme-de-fidelite-b-box","status":"publish","type":"page","link":"https:\/\/bboxbeauty.ca\/fr\/univers\/programme-de-fidelite-b-box\/","title":{"rendered":"Programme de Fid\u00e9lit\u00e9 B-Box"},"content":{"rendered":"\n\t<section class=\"section\" id=\"section_240532132\">\n\t\t<div class=\"section-bg fill\" >\n\t\t\t<img loading=\"lazy\" decoding=\"async\" width=\"1900\" height=\"800\" src=\"https:\/\/bboxbeauty.ca\/wp-content\/uploads\/2022\/11\/header-img-3.jpg\" class=\"bg attachment-original size-original\" alt=\"\" \/>\t\t\t\t\t\t<div class=\"section-bg-overlay absolute fill\"><\/div>\n\t\t\t\n\n\t\t<\/div>\n\n\t\t\n\n\t\t<div class=\"section-content relative\">\n\t\t\t\n<div class=\"row row-collapse row-full-width align-middle align-center\"  id=\"row-839186534\">\n\n\t<div id=\"col-583425208\" class=\"col medium-12 small-12 large-6 medium-col-first\"  >\n\t\t\t\t<div class=\"col-inner\"  >\n\t\t\t\n\t\t\t\n\n  <div class=\"banner has-hover\" id=\"banner-2133748410\">\n          <div class=\"banner-inner fill\">\n        <div class=\"banner-bg fill\" >\n                                                \n                    <\/div>\n\t\t\n        <div class=\"banner-layers container\">\n            <div class=\"fill banner-link\"><\/div>            \n        <\/div>\n      <\/div>\n\n            \n<style>\n#banner-2133748410 {\n  padding-top: 300px;\n  background-color: rgba(255, 255, 255, 0);\n}\n@media (min-width:550px) {\n  #banner-2133748410 {\n    padding-top: 400px;\n  }\n}\n@media (min-width:850px) {\n  #banner-2133748410 {\n    padding-top: 550px;\n  }\n}\n<\/style>\n  <\/div>\n\n\n\t\t<\/div>\n\t\t\t\t\t<\/div>\n\n\t\n\n\t<div id=\"col-514950870\" class=\"col index-up medium-12 small-11 large-6\"  >\n\t\t\t\t<div class=\"col-inner\"  >\n\t\t\t\n\t\t\t\n\t<div id=\"gap-1543153574\" class=\"gap-element clearfix\" style=\"display:block; height:auto;\">\n\t\t\n<style>\n#gap-1543153574 {\n  padding-top: 30px;\n}\n<\/style>\n\t<\/div>\n\t\n<div class=\"row align-center\"  id=\"row-548743513\">\n\n\t<div id=\"col-60382936\" class=\"col index-up medium-11 small-12 large-12\"  >\n\t\t\t\t<div class=\"col-inner text-center\" style=\"background-color:#1b305d;\" >\n\t\t\t\n\t\t\t\n\t<div id=\"text-3119711390\" class=\"text\">\n\t\t\n<h2>Programme de points de r\u00e9compense<\/h2>\n<p><strong>Gagnez des points de r\u00e9compense B-Box<\/strong> \u00e0 chaque fois que vous achetez. B-Box propose un programme de points de r\u00e9compense pour remercier ses clients de leur fid\u00e9lit\u00e9. Vous pouvez utiliser vos points pour tout achat, \u00e0 tout moment, pour n&rsquo;importe lequel de nos produits en ligne. Pas de minimum*, pas de commandes multiples, pas de d\u00e9sordre. C&rsquo;est simple et clair. Lors du passage de la commande, il vous suffit de choisir le nombre de points que vous souhaitez utiliser pour votre commande et la valeur sera d\u00e9duite du montant total avant taxes, frais d&rsquo;exp\u00e9dition et remises.<\/p>\n\t\t\n<style>\n#text-3119711390 {\n  color: rgb(255, 255, 255);\n}\n#text-3119711390 > * {\n  color: rgb(255, 255, 255);\n}\n<\/style>\n\t<\/div>\n\t\n\t\t<\/div>\n\t\t\t\t\n<style>\n#col-60382936 > .col-inner {\n  padding: 15% 10% 15% 10%;\n  margin: -100px 0px 0px 0px;\n  border-radius: 5px;\n}\n@media (min-width:550px) {\n  #col-60382936 > .col-inner {\n    padding: 6% 6% 6% 6%;\n    margin: -150px 0px 0px 0px;\n  }\n}\n@media (min-width:850px) {\n  #col-60382936 > .col-inner {\n    padding: 10% 10% 10% 10%;\n    margin: 0px 0px 0px -100px;\n  }\n}\n<\/style>\n\t<\/div>\n\n\t\n<\/div>\n\t\t<\/div>\n\t\t\t\t\n<style>\n#col-514950870 > .col-inner {\n  padding: 10px 0px 20px 0px;\n}\n@media (min-width:550px) {\n  #col-514950870 > .col-inner {\n    padding: 35px 0px 30px 0px;\n  }\n}\n@media (min-width:850px) {\n  #col-514950870 > .col-inner {\n    padding: 0 0px 0px 0px;\n  }\n}\n<\/style>\n\t<\/div>\n\n\t\n<\/div>\n\t\t<\/div>\n\n\t\t\n<style>\n#section_240532132 {\n  padding-top: 0px;\n  padding-bottom: 0px;\n  margin-bottom: 0px;\n  min-height: 620px;\n  background-color: #1b305d;\n}\n#section_240532132 .section-bg-overlay {\n  background-color: rgba(255,255,255,.5);\n}\n#section_240532132 .section-bg img {\n  object-position: 30% 52%;\n}\n@media (min-width:550px) {\n  #section_240532132 {\n    padding-top: 0px;\n    padding-bottom: 0px;\n  }\n}\n<\/style>\n\t<\/section>\n\t\n\n\t<section class=\"section\" id=\"section_197117562\">\n\t\t<div class=\"section-bg fill\" >\n\t\t\t\t\t\t\t\t\t\n\t\t\t\n\n\t\t<\/div>\n\n\t\t\n\n\t\t<div class=\"section-content relative\">\n\t\t\t\n\t<div id=\"gap-617390213\" class=\"gap-element clearfix\" style=\"display:block; height:auto;\">\n\t\t\n<style>\n#gap-617390213 {\n  padding-top: 30px;\n}\n<\/style>\n\t<\/div>\n\t\n<div class=\"row\"  id=\"row-1403855544\">\n\n\t<div id=\"col-1114828456\" class=\"col medium-4 small-12 large-4\"  >\n\t\t\t\t<div class=\"col-inner\"  >\n\t\t\t\n\t\t\t\n\t<div id=\"text-793274187\" class=\"text\">\n\t\t\n<h5>Pourquoi adh\u00e9rer ?<\/h5>\n\t\t\n<style>\n#text-793274187 {\n  font-size: 1.75rem;\n}\n<\/style>\n\t<\/div>\n\t\n\t\t<\/div>\n\t\t\t\t\t<\/div>\n\n\t\n\n\t<div id=\"col-2051709054\" class=\"col medium-8 small-12 large-8\"  >\n\t\t\t\t<div class=\"col-inner\"  >\n\t\t\t\n\t\t\t\n<p>Recevez des points <strong>B-Box<\/strong> \u00e0 chaque achat. C&rsquo;est <strong>GRATUIT<\/strong> et c&rsquo;est <strong>FACILE !<\/strong> Les points peuvent \u00eatre utilis\u00e9s pour obtenir des r\u00e9ductions sur n&rsquo;importe quel produit \u00e9ligible.<\/p>\n\t\t<\/div>\n\t\t\t\t\t<\/div>\n\n\t\n<\/div>\n<div class=\"row\"  id=\"row-866400262\">\n\n\t<div id=\"col-231846130\" class=\"col medium-4 small-12 large-4\"  >\n\t\t\t\t<div class=\"col-inner\"  >\n\t\t\t\n\t\t\t\n\t<div id=\"text-2245974549\" class=\"text\">\n\t\t\n<h5>Comment cela fonctionne-t-il ?<\/h5>\n\t\t\n<style>\n#text-2245974549 {\n  font-size: 1.75rem;\n}\n<\/style>\n\t<\/div>\n\t\n\t\t<\/div>\n\t\t\t\t\t<\/div>\n\n\t\n\n\t<div id=\"col-489071587\" class=\"col medium-8 small-12 large-8\"  >\n\t\t\t\t<div class=\"col-inner\"  >\n\t\t\t\n\t\t\t\n<p>Vous devez avoir cr\u00e9\u00e9 un compte pour pouvoir participer au <strong>programme de fid\u00e9lisation B-Box<\/strong>.<\/p>\n<p>Recevez 1 point pour chaque dollar d\u00e9pens\u00e9. Les points sont calcul\u00e9s sur la base du prix de d\u00e9tail avant taxes, frais d&rsquo;exp\u00e9dition et apr\u00e8s remises. Si vous \u00eates un client existant, il vous suffit de vous connecter et de commencer vos achats. Les points seront attribu\u00e9s une fois que le statut de la commande aura atteint Termin\u00e9.<\/p>\n\t\t<\/div>\n\t\t\t\t\t<\/div>\n\n\t\n<\/div>\n<div class=\"row\"  id=\"row-1829022372\">\n\n\t<div id=\"col-680788539\" class=\"col medium-4 small-12 large-4\"  >\n\t\t\t\t<div class=\"col-inner\"  >\n\t\t\t\n\t\t\t\n\t<div id=\"text-4277210839\" class=\"text\">\n\t\t\n<h5>Formulaire de conversion<\/h5>\n\t\t\n<style>\n#text-4277210839 {\n  font-size: 1.75rem;\n}\n<\/style>\n\t<\/div>\n\t\n\t\t<\/div>\n\t\t\t\t\t<\/div>\n\n\t\n\n\t<div id=\"col-1474673757\" class=\"col medium-8 small-12 large-8\"  >\n\t\t\t\t<div class=\"col-inner\"  >\n\t\t\t\n\t\t\t\n<p>Les points B-Box valent 1$ chacun :<\/p>\n<ul>\n<li class=\"bullet-arrow\">1$ d\u00e9pens\u00e9 = 0.10 points de r\u00e9compense (0.10$)<\/li>\n<li class=\"bullet-arrow\">100 points de r\u00e9compense = 10$ de cr\u00e9dit<\/li>\n<\/ul>\n<p>Pour ceux d&rsquo;entre vous qui n&rsquo;aiment pas les math\u00e9matiques, notre syst\u00e8me de r\u00e9compense est un syst\u00e8me de <strong>retour de 10%<\/strong>. De temps en temps, nous pouvons proposer des offres sp\u00e9ciales, notamment des journ\u00e9es o\u00f9 les points de r\u00e9compense sont doubl\u00e9s ou tripl\u00e9s, des points suppl\u00e9mentaires sur certains produits, etc.<\/p>\n\t\t<\/div>\n\t\t\t\t\t<\/div>\n\n\t\n<\/div>\n<div class=\"row\"  id=\"row-1224610209\">\n\n\t<div id=\"col-367245130\" class=\"col medium-4 small-12 large-4\"  >\n\t\t\t\t<div class=\"col-inner\"  >\n\t\t\t\n\t\t\t\n\t<div id=\"text-627188681\" class=\"text\">\n\t\t\n<h5>Comment puis-je \u00e9changer mes points ?<\/h5>\n\t\t\n<style>\n#text-627188681 {\n  font-size: 1.75rem;\n}\n<\/style>\n\t<\/div>\n\t\n\t\t<\/div>\n\t\t\t\t\t<\/div>\n\n\t\n\n\t<div id=\"col-1028105085\" class=\"col medium-8 small-12 large-8\"  >\n\t\t\t\t<div class=\"col-inner\"  >\n\t\t\t\n\t\t\t\n<p>Les points B-Box peuvent \u00eatre \u00e9chang\u00e9s lors du processus de paiement. Il suffit d&rsquo;entrer le nombre de points que vous souhaitez utiliser pour votre achat et le prix sera automatiquement ajust\u00e9 en cons\u00e9quence.<\/p>\n\t\t<\/div>\n\t\t\t\t\t<\/div>\n\n\t\n<\/div>\n<div class=\"row\"  id=\"row-800617335\">\n\n\t<div id=\"col-2012151487\" class=\"col medium-4 small-12 large-4\"  >\n\t\t\t\t<div class=\"col-inner\"  >\n\t\t\t\n\t\t\t\n\t<div id=\"text-3506984752\" class=\"text\">\n\t\t\n<h5>Conditions<\/h5>\n\t\t\n<style>\n#text-3506984752 {\n  font-size: 1.75rem;\n}\n<\/style>\n\t<\/div>\n\t\n\t\t<\/div>\n\t\t\t\t\t<\/div>\n\n\t\n\n\t<div id=\"col-433321308\" class=\"col medium-8 small-12 large-8\"  >\n\t\t\t\t<div class=\"col-inner\"  >\n\t\t\t\n\t\t\t\n<ul>\n<li class=\"bullet-arrow\">Les points B-Box sont uniquement pour vous ! Ils ne peuvent \u00eatre vendus, transf\u00e9r\u00e9s ou \u00e9chang\u00e9s.<\/li>\n<li class=\"bullet-arrow\">Les points B-Box n&rsquo;ont aucune valeur mon\u00e9taire et ne peuvent \u00eatre \u00e9chang\u00e9s contre de l&rsquo;argent.<\/li>\n<li class=\"bullet-arrow\">Recevez un point B-Box pour chaque dollar d\u00e9pens\u00e9 avant taxes, frais de port et apr\u00e8s remises.<\/li>\n<li class=\"bullet-arrow\">Les points B-Box ne peuvent pas \u00eatre utilis\u00e9s pour les frais d&rsquo;exp\u00e9dition et les taxes.<\/li>\n<li class=\"bullet-arrow\">Les coupons ne seront pas appliqu\u00e9s si des points B-Box sont \u00e9chang\u00e9s sur une commande.<\/li>\n<li class=\"bullet-arrow\">Les points B-Box seront attribu\u00e9s une fois que la commande aura atteint le statut \u00ab\u00a0Termin\u00e9\u00a0\u00bb.<\/li>\n<li class=\"bullet-arrow\">Les points B-Box ne seront pas gagn\u00e9s sur les articles qui ont \u00e9t\u00e9 retourn\u00e9s. Les points gagn\u00e9s sur cette commande seront retir\u00e9s du solde de points de l&rsquo;utilisateur.<\/li>\n<\/ul>\n<p>Veuillez <a href=\"\/fr\/contact\/\"><strong>nous contacter<\/strong><\/a> pour toute question ou demande.<\/p>\n\t\t<\/div>\n\t\t\t\t\t<\/div>\n\n\t\n<\/div>\n\t\t<\/div>\n\n\t\t\n<style>\n#section_197117562 {\n  padding-top: 30px;\n  padding-bottom: 30px;\n}\n<\/style>\n\t<\/section>\n\t\n","protected":false},"excerpt":{"rendered":"","protected":false},"author":1,"featured_media":0,"parent":3340,"menu_order":0,"comment_status":"closed","ping_status":"closed","template":"page-blank.php","meta":{"footnotes":""},"class_list":["post-3342","page","type-page","status-publish","hentry"],"yoast_head":"<!-- This site is optimized with the Yoast SEO plugin v27.5 - https:\/\/yoast.com\/product\/yoast-seo-wordpress\/ -->\n<title>Programme de Fid\u00e9lit\u00e9 B-Box | B-BOX Beauty<\/title>\n<meta name=\"robots\" content=\"index, follow, max-snippet:-1, max-image-preview:large, max-video-preview:-1\" \/>\n<link rel=\"canonical\" href=\"https:\/\/bboxbeauty.ca\/fr\/univers\/programme-de-fidelite-b-box\/\" \/>\n<script type=\"application\/ld+json\" class=\"yoast-schema-graph\">{\"@context\":\"https:\\\/\\\/schema.org\",\"@graph\":[{\"@type\":\"WebPage\",\"@id\":\"https:\\\/\\\/bboxbeauty.ca\\\/fr\\\/univers\\\/programme-de-fidelite-b-box\\\/\",\"url\":\"https:\\\/\\\/bboxbeauty.ca\\\/fr\\\/univers\\\/programme-de-fidelite-b-box\\\/\",\"name\":\"Programme de Fid\u00e9lit\u00e9 B-Box | B-BOX Beauty\",\"isPartOf\":{\"@id\":\"https:\\\/\\\/bboxbeauty.ca\\\/fr\\\/#website\"},\"datePublished\":\"2022-11-02T17:03:35+00:00\",\"dateModified\":\"2023-06-01T17:25:21+00:00\",\"breadcrumb\":{\"@id\":\"https:\\\/\\\/bboxbeauty.ca\\\/fr\\\/univers\\\/programme-de-fidelite-b-box\\\/#breadcrumb\"},\"inLanguage\":\"fr-FR\",\"potentialAction\":[{\"@type\":\"ReadAction\",\"target\":[\"https:\\\/\\\/bboxbeauty.ca\\\/fr\\\/univers\\\/programme-de-fidelite-b-box\\\/\"]}]},{\"@type\":\"BreadcrumbList\",\"@id\":\"https:\\\/\\\/bboxbeauty.ca\\\/fr\\\/univers\\\/programme-de-fidelite-b-box\\\/#breadcrumb\",\"itemListElement\":[{\"@type\":\"ListItem\",\"position\":1,\"name\":\"Home\",\"item\":\"https:\\\/\\\/bboxbeauty.ca\\\/fr\\\/\"},{\"@type\":\"ListItem\",\"position\":2,\"name\":\"Univers\",\"item\":\"https:\\\/\\\/bboxbeauty.ca\\\/fr\\\/univers\\\/\"},{\"@type\":\"ListItem\",\"position\":3,\"name\":\"Programme de Fid\u00e9lit\u00e9 B-Box\"}]},{\"@type\":\"WebSite\",\"@id\":\"https:\\\/\\\/bboxbeauty.ca\\\/fr\\\/#website\",\"url\":\"https:\\\/\\\/bboxbeauty.ca\\\/fr\\\/\",\"name\":\"B-BOX Beauty\",\"description\":\"Skin Care To The Next Level\",\"publisher\":{\"@id\":\"https:\\\/\\\/bboxbeauty.ca\\\/fr\\\/#organization\"},\"alternateName\":\"B-Box\",\"potentialAction\":[{\"@type\":\"SearchAction\",\"target\":{\"@type\":\"EntryPoint\",\"urlTemplate\":\"https:\\\/\\\/bboxbeauty.ca\\\/fr\\\/?s={search_term_string}\"},\"query-input\":{\"@type\":\"PropertyValueSpecification\",\"valueRequired\":true,\"valueName\":\"search_term_string\"}}],\"inLanguage\":\"fr-FR\"},{\"@type\":\"Organization\",\"@id\":\"https:\\\/\\\/bboxbeauty.ca\\\/fr\\\/#organization\",\"name\":\"B-Box Beauty\",\"alternateName\":\"B-Box\",\"url\":\"https:\\\/\\\/bboxbeauty.ca\\\/fr\\\/\",\"logo\":{\"@type\":\"ImageObject\",\"inLanguage\":\"fr-FR\",\"@id\":\"https:\\\/\\\/bboxbeauty.ca\\\/fr\\\/#\\\/schema\\\/logo\\\/image\\\/\",\"url\":\"https:\\\/\\\/bboxbeauty.ca\\\/wp-content\\\/uploads\\\/2022\\\/11\\\/logo.png\",\"contentUrl\":\"https:\\\/\\\/bboxbeauty.ca\\\/wp-content\\\/uploads\\\/2022\\\/11\\\/logo.png\",\"width\":250,\"height\":87,\"caption\":\"B-Box Beauty\"},\"image\":{\"@id\":\"https:\\\/\\\/bboxbeauty.ca\\\/fr\\\/#\\\/schema\\\/logo\\\/image\\\/\"},\"sameAs\":[\"https:\\\/\\\/www.facebook.com\\\/BBoxBeauty\\\/\",\"https:\\\/\\\/www.instagram.com\\\/bboxbeauty\\\/\",\"https:\\\/\\\/www.linkedin.com\\\/company\\\/b-box-beauty\\\/\"]}]}<\/script>\n<!-- \/ Yoast SEO plugin. -->","yoast_head_json":{"title":"Programme de Fid\u00e9lit\u00e9 B-Box | B-BOX Beauty","robots":{"index":"index","follow":"follow","max-snippet":"max-snippet:-1","max-image-preview":"max-image-preview:large","max-video-preview":"max-video-preview:-1"},"canonical":"https:\/\/bboxbeauty.ca\/fr\/univers\/programme-de-fidelite-b-box\/","schema":{"@context":"https:\/\/schema.org","@graph":[{"@type":"WebPage","@id":"https:\/\/bboxbeauty.ca\/fr\/univers\/programme-de-fidelite-b-box\/","url":"https:\/\/bboxbeauty.ca\/fr\/univers\/programme-de-fidelite-b-box\/","name":"Programme de Fid\u00e9lit\u00e9 B-Box | B-BOX Beauty","isPartOf":{"@id":"https:\/\/bboxbeauty.ca\/fr\/#website"},"datePublished":"2022-11-02T17:03:35+00:00","dateModified":"2023-06-01T17:25:21+00:00","breadcrumb":{"@id":"https:\/\/bboxbeauty.ca\/fr\/univers\/programme-de-fidelite-b-box\/#breadcrumb"},"inLanguage":"fr-FR","potentialAction":[{"@type":"ReadAction","target":["https:\/\/bboxbeauty.ca\/fr\/univers\/programme-de-fidelite-b-box\/"]}]},{"@type":"BreadcrumbList","@id":"https:\/\/bboxbeauty.ca\/fr\/univers\/programme-de-fidelite-b-box\/#breadcrumb","itemListElement":[{"@type":"ListItem","position":1,"name":"Home","item":"https:\/\/bboxbeauty.ca\/fr\/"},{"@type":"ListItem","position":2,"name":"Univers","item":"https:\/\/bboxbeauty.ca\/fr\/univers\/"},{"@type":"ListItem","position":3,"name":"Programme de Fid\u00e9lit\u00e9 B-Box"}]},{"@type":"WebSite","@id":"https:\/\/bboxbeauty.ca\/fr\/#website","url":"https:\/\/bboxbeauty.ca\/fr\/","name":"B-BOX Beauty","description":"Skin Care To The Next Level","publisher":{"@id":"https:\/\/bboxbeauty.ca\/fr\/#organization"},"alternateName":"B-Box","potentialAction":[{"@type":"SearchAction","target":{"@type":"EntryPoint","urlTemplate":"https:\/\/bboxbeauty.ca\/fr\/?s={search_term_string}"},"query-input":{"@type":"PropertyValueSpecification","valueRequired":true,"valueName":"search_term_string"}}],"inLanguage":"fr-FR"},{"@type":"Organization","@id":"https:\/\/bboxbeauty.ca\/fr\/#organization","name":"B-Box Beauty","alternateName":"B-Box","url":"https:\/\/bboxbeauty.ca\/fr\/","logo":{"@type":"ImageObject","inLanguage":"fr-FR","@id":"https:\/\/bboxbeauty.ca\/fr\/#\/schema\/logo\/image\/","url":"https:\/\/bboxbeauty.ca\/wp-content\/uploads\/2022\/11\/logo.png","contentUrl":"https:\/\/bboxbeauty.ca\/wp-content\/uploads\/2022\/11\/logo.png","width":250,"height":87,"caption":"B-Box Beauty"},"image":{"@id":"https:\/\/bboxbeauty.ca\/fr\/#\/schema\/logo\/image\/"},"sameAs":["https:\/\/www.facebook.com\/BBoxBeauty\/","https:\/\/www.instagram.com\/bboxbeauty\/","https:\/\/www.linkedin.com\/company\/b-box-beauty\/"]}]}},"_links":{"self":[{"href":"https:\/\/bboxbeauty.ca\/fr\/wp-json\/wp\/v2\/pages\/3342","targetHints":{"allow":["GET"]}}],"collection":[{"href":"https:\/\/bboxbeauty.ca\/fr\/wp-json\/wp\/v2\/pages"}],"about":[{"href":"https:\/\/bboxbeauty.ca\/fr\/wp-json\/wp\/v2\/types\/page"}],"author":[{"embeddable":true,"href":"https:\/\/bboxbeauty.ca\/fr\/wp-json\/wp\/v2\/users\/1"}],"replies":[{"embeddable":true,"href":"https:\/\/bboxbeauty.ca\/fr\/wp-json\/wp\/v2\/comments?post=3342"}],"version-history":[{"count":0,"href":"https:\/\/bboxbeauty.ca\/fr\/wp-json\/wp\/v2\/pages\/3342\/revisions"}],"up":[{"embeddable":true,"href":"https:\/\/bboxbeauty.ca\/fr\/wp-json\/wp\/v2\/pages\/3340"}],"wp:attachment":[{"href":"https:\/\/bboxbeauty.ca\/fr\/wp-json\/wp\/v2\/media?parent=3342"}],"curies":[{"name":"wp","href":"https:\/\/api.w.org\/{rel}","templated":true}]}}